{"id":11593,"date":"2020-11-19T23:02:34","date_gmt":"2020-11-19T22:02:34","guid":{"rendered":"https:\/\/wartapoznan.pl\/?page_id=11593"},"modified":"2020-11-30T21:09:23","modified_gmt":"2020-11-30T20:09:23","slug":"newsletter","status":"publish","type":"page","link":"https:\/\/wartapoznan.pl\/index.php\/newsletter\/","title":{"rendered":"Newsletter"},"content":{"rendered":"<p>Chcesz by\u0107 bli\u017cej Warty Pozna\u0144 i pozna\u0107 Klub od \u015brodka? Zapisz si\u0119 na newsletter &#8211; to obowi\u0105zkowa pozycja dla ka\u017cdego kibica Warty Pozna\u0144.<\/p>\n<p>Co miesi\u0105c dostaniesz wyj\u0105tkowe materia\u0142y podane w stylu retro! Ka\u017cdy numer newslettera Warty Pozna\u0144 zawiera tre\u015bci dost\u0119pne tylko dla wybranych. B\u0105d\u017a jedn\u0105 z takich os\u00f3b i poznaj bli\u017cej pi\u0142karzy, trener\u00f3w, ludzi, kt\u00f3rzy tworz\u0105 Zielon\u0105 Rodzin\u0119 Warty Pozna\u0144. Dowiedz si\u0119 te\u017c wi\u0119cej o partnerach &#8222;Zielonych&#8221;, zajrzyj za kulisy Klubu i skorzystaj ze specjalnych rabat\u00f3w w sklepie internetowym.<\/p>\n<p>Zapisz si\u0119 ju\u017c dzi\u015b do newslettera. Wi\u0119kszo\u015b\u0107 Zielonej Rodziny Warty Pozna\u0144 ju\u017c go ma.<\/p>\n<p>#WARTOwiedzie\u0107 <script src=\"https:\/\/cdnjs.cloudflare.com\/ajax\/libs\/jquery\/2.2.4\/jquery.min.js\"><\/script><br \/>\n<!-- Intum Sugester Forms Formularz   newsletter --><br \/>\n<script><br \/>\n        \/\/var IntumFormOptions = {\"email\": \"\", \"client_id\": \"\", \"contact_id\": \"\", \"category_id\": \"\", \"deal_name\": \"\"}<br \/>\n        <\/script><br \/>\n<script src=\"https:\/\/cdn.intum.com\/0\/w\/wartapoznan\/form\/ro9lxe3oJI4wM6wCwlk\/form.js\"><\/script><br \/>\n<!-- sugester.com forms END --><\/p>\n","protected":false},"excerpt":{"rendered":"<p>Chcesz by\u0107 bli\u017cej Warty Pozna\u0144 i pozna\u0107 Klub od \u015brodka? Zapisz si\u0119 na newsletter &#8211; to obowi\u0105zkowa pozycja dla ka\u017cdego&#8230;<\/p>\n","protected":false},"author":36,"featured_media":0,"parent":0,"menu_order":0,"comment_status":"closed","ping_status":"closed","template":"","meta":{"om_disable_all_campaigns":false,"inline_featured_image":false,"footnotes":"","_links_to":"","_links_to_target":""},"categories":[],"tags":[],"aioseo_notices":[],"_links":{"self":[{"href":"https:\/\/wartapoznan.pl\/index.php\/wp-json\/wp\/v2\/pages\/11593"}],"collection":[{"href":"https:\/\/wartapoznan.pl\/index.php\/wp-json\/wp\/v2\/pages"}],"about":[{"href":"https:\/\/wartapoznan.pl\/index.php\/wp-json\/wp\/v2\/types\/page"}],"author":[{"embeddable":true,"href":"https:\/\/wartapoznan.pl\/index.php\/wp-json\/wp\/v2\/users\/36"}],"replies":[{"embeddable":true,"href":"https:\/\/wartapoznan.pl\/index.php\/wp-json\/wp\/v2\/comments?post=11593"}],"version-history":[{"count":15,"href":"https:\/\/wartapoznan.pl\/index.php\/wp-json\/wp\/v2\/pages\/11593\/revisions"}],"predecessor-version":[{"id":11723,"href":"https:\/\/wartapoznan.pl\/index.php\/wp-json\/wp\/v2\/pages\/11593\/revisions\/11723"}],"wp:attachment":[{"href":"https:\/\/wartapoznan.pl\/index.php\/wp-json\/wp\/v2\/media?parent=11593"}],"wp:term":[{"taxonomy":"category","embeddable":true,"href":"https:\/\/wartapoznan.pl\/index.php\/wp-json\/wp\/v2\/categories?post=11593"},{"taxonomy":"post_tag","embeddable":true,"href":"https:\/\/wartapoznan.pl\/index.php\/wp-json\/wp\/v2\/tags?post=11593"}],"curies":[{"name":"wp","href":"https:\/\/api.w.org\/{rel}","templated":true}]}}