{"id":15145,"date":"2021-10-14T14:02:18","date_gmt":"2021-10-14T12:02:18","guid":{"rendered":"https:\/\/wartapoznan.pl\/?page_id=15145"},"modified":"2023-09-26T15:09:53","modified_gmt":"2023-09-26T13:09:53","slug":"warta-poznan-kobiety","status":"publish","type":"page","link":"https:\/\/wartapoznan.pl\/index.php\/warta-poznan-kobiety\/","title":{"rendered":"Warta Pozna\u0144 Kobiety"},"content":{"rendered":"<p>[vc_section full_width=&#8221;stretch_row&#8221; el_class=&#8221;mb-0&#8243;][vc_row el_id=&#8221;nav-1&#8243;][vc_column el_class=&#8221;team_spacer&#8221;][vc_custom_heading text=&#8221;Sekcja kobiet Warty Pozna\u0144&#8221; font_container=&#8221;tag:h3|font_size:36px|text_align:center|color:%230d7646&#8243; use_theme_fonts=&#8221;yes&#8221; el_class=&#8221;global__heading energy_switcher&#8211;heading&#8221;][vc_column_text]<\/p>\n<p class=\"history_quote\">Stworzenie sekcji pi\u0142karskiej kobiet by\u0142o jednym z wa\u017cniejszych punkt\u00f3w w \u201ePlanie rozwoju 2020-23\u201d. Latem 2020 roku dosz\u0142o do po\u0142\u0105czenia si\u0142 \u201eZielonych\u201d i Lejdis Lubo\u0144 \u2013 w ten spos\u00f3b powsta\u0142y w lipcu tego roku grupy szkoleniowe w Akademii Warty Pozna\u0144, a ponadto dru\u017cyna zosta\u0142a zg\u0142oszona do rozgrywek IV ligi.<\/p>\n<p>[\/vc_column_text][vc_single_image image=&#8221;15148&#8243; img_size=&#8221;full&#8221; alignment=&#8221;center&#8221;][vc_column_text]<\/p>\n<p class=\"history_quote\">W ten spos\u00f3b Warta Pozna\u0144 wr\u00f3ci\u0142a do \u017ce\u0144skiej ligi po 18 latach. Sekcja kobiet powsta\u0142a w 2000 roku, a Warta jako pierwszy pozna\u0144ski klub przyst\u0105pi\u0142a w\u00f3wczas do rozgrywek ligowych. Swoje mecze rozgrywa\u0142a na stadionie przy Drodze D\u0119bi\u0144skiej. W pierwszym sezonie zesp\u00f3\u0142 awansowa\u0142a do I ligi, a w 2002 roku odni\u00f3s\u0142 sw\u00f3j najwi\u0119kszy sukces, gdy pod szyldem Atena Pozna\u0144 (zmiana nazwy nast\u0105pi\u0142a w trakcie sezonu) si\u0119gn\u0105\u0142 po br\u0105zowe medale mistrzostw Polski.<\/p>\n<p>[\/vc_column_text][\/vc_column][\/vc_row][\/vc_section][vc_section full_width=&#8221;stretch_row&#8221; css=&#8221;.vc_custom_1634214949931{background-color: #0d7646 !important;}&#8221; el_class=&#8221;mb-0&#8243;][vc_row][vc_column][vc_custom_heading text=&#8221;Chcia\u0142aby\u015b zagra\u0107 w Warcie Pozna\u0144? Napisz do nas.&#8221; font_container=&#8221;tag:h3|font_size:36px|text_align:center|color:%23ffffff&#8221; use_theme_fonts=&#8221;yes&#8221; el_class=&#8221;global__heading energy_switcher&#8211;heading&#8221; css=&#8221;.vc_custom_1642677220375{margin-top: 60px !important;margin-bottom: 40px !important;}&#8221;]\n<div class=\"wpcf7 no-js\" id=\"wpcf7-f15126-o1\" lang=\"pl-PL\" dir=\"ltr\">\n<div class=\"screen-reader-response\"><p role=\"status\" aria-live=\"polite\" aria-atomic=\"true\"><\/p> <ul><\/ul><\/div>\n<form action=\"\/index.php\/wp-json\/wp\/v2\/pages\/15145#wpcf7-f15126-o1\" method=\"post\" class=\"wpcf7-form init\" aria-label=\"Formularz kontaktowy\" novalidate=\"novalidate\" data-status=\"init\">\n<div style=\"display: none;\">\n<input type=\"hidden\" name=\"_wpcf7\" value=\"15126\" \/>\n<input type=\"hidden\" name=\"_wpcf7_version\" value=\"5.9.8\" \/>\n<input type=\"hidden\" name=\"_wpcf7_locale\" value=\"pl_PL\" \/>\n<input type=\"hidden\" name=\"_wpcf7_unit_tag\" value=\"wpcf7-f15126-o1\" \/>\n<input type=\"hidden\" name=\"_wpcf7_container_post\" value=\"0\" \/>\n<input type=\"hidden\" name=\"_wpcf7_posted_data_hash\" value=\"\" \/>\n<input type=\"hidden\" name=\"_wpcf7_recaptcha_response\" value=\"\" \/>\n<\/div>\n<div class=\"row\">\n\t<div class=\"col-md-12 business-form\">\n\t\t<div class=\"form-group\">\n\t\t\t<p><label for \"imieinazwisko\">Imi\u0119 i nazwisko <span class=\"required\"><\/span><\/label><br \/>\n<span class=\"wpcf7-form-control-wrap\" data-name=\"input-name\"><input size=\"40\" maxlength=\"25\" class=\"wpcf7-form-control wpcf7-text wpcf7-validates-as-required form-control\" id=\"imieinazwisko\" aria-required=\"true\" aria-invalid=\"false\" value=\"\" type=\"text\" name=\"input-name\" \/><\/span>\n\t\t\t<\/p>\n\t\t<\/div>\n\t<\/div>\n\t<div class=\"col-md-6 business-form\">\n\t\t<div class=\"form-group\">\n\t\t\t<p><label for \"numertelefonu\">Numer telefonu <span class=\"required\"><\/span><\/label><br \/>\n<span class=\"wpcf7-form-control-wrap\" data-name=\"input-brand\"><input size=\"40\" maxlength=\"25\" class=\"wpcf7-form-control wpcf7-text wpcf7-validates-as-required form-control\" id=\"numertelefonu\" aria-required=\"true\" aria-invalid=\"false\" value=\"\" type=\"text\" name=\"input-brand\" \/><\/span>\n\t\t\t<\/p>\n\t\t<\/div>\n\t<\/div>\n\t<div class=\"col-md-6 business-form\">\n\t\t<div class=\"form-group\">\n\t\t\t<p><label for \"adresemail\">Adres e-mail <span class=\"required\"><\/span><\/label><br \/>\n<span class=\"wpcf7-form-control-wrap\" data-name=\"input-email\"><input size=\"40\" maxlength=\"25\" class=\"wpcf7-form-control wpcf7-text wpcf7-validates-as-required form-control\" id=\"adresemail\" aria-required=\"true\" aria-invalid=\"false\" value=\"\" type=\"text\" name=\"input-email\" \/><\/span>\n\t\t\t<\/p>\n\t\t<\/div>\n\t<\/div>\n\t<div class=\"col-md-12 business-form\">\n\t\t<div class=\"form-group\">\n\t\t\t<p><label for \"textarea\">Tre\u015b\u0107 wiadomo\u015bci <span class=\"required\"><\/span><\/label><br \/>\n<span class=\"wpcf7-form-control-wrap\" data-name=\"textarea-427\"><textarea cols=\"40\" rows=\"10\" maxlength=\"500\" minlength=\"10\" class=\"wpcf7-form-control wpcf7-textarea form-control\" id=\"textarea\" aria-invalid=\"false\" name=\"textarea-427\">Wpisz tre\u015b\u0107 wiadomo\u015bci...<\/textarea><\/span>\n\t\t\t<\/p>\n\t\t<\/div>\n\t<\/div>\n\t<div class=\"col-md-12 business-form\">\n\t\t<div class=\"form-group\">\n\t\t\t<p><span class=\"wpcf7-form-control-wrap\" data-name=\"acceptance-568\"><span class=\"wpcf7-form-control wpcf7-acceptance\"><span class=\"wpcf7-list-item\"><label><input type=\"checkbox\" name=\"acceptance-568\" value=\"1\" aria-invalid=\"false\" \/><span class=\"wpcf7-list-item-label\">Uwaga! Przesy\u0142aj\u0105c formularz wyra\u017casz zgod\u0119 na \u015bwiadczenie us\u0142ug drog\u0105 elektroniczn\u0105, a tak\u017ce na przetwarzanie danych osobowych. Polityka prywatno\u015bci dost\u0119pna pod <a href=\"\/index.php\/polityka-prywatnosci\/\">tym linkiem<\/a><\/span><\/label><\/span><\/span><\/span>\n\t\t\t<\/p>\n\t\t<\/div>\n\t<\/div>\n\t<div class=\"col-md-12 text-center mt-5\">\n\t\t<div class=\"form-group\">\n\t\t\t<p><button type=\"submit\" class=\"wpcf7-submit business-form_button\">Wy\u015blij formularz<\/button><br \/>\n<img decoding=\"async\" class=\"ajax-loader\" src=\"\/wp-content\/plugins\/contact-form-7\/images\/ajax-loader.gif\" alt=\"Sending ...\" style=\"visibility: hidden; opacity: 1;\" \/>\n\t\t\t<\/p>\n\t\t<\/div>\n\t<\/div>\n<\/div><div class=\"wpcf7-response-output\" aria-hidden=\"true\"><\/div>\n<\/form>\n<\/div>\n[\/vc_column][\/vc_row][\/vc_section][vc_section full_width=&#8221;stretch_row&#8221; el_class=&#8221;mb-0 special_background&#8221;][vc_row el_class=&#8221;amp-posts-row&#8221;][vc_column css=&#8221;.vc_custom_1634214634444{margin-bottom: 80px !important;}&#8221;][vc_custom_heading text=&#8221;Warta Pozna\u0144 Kobiety &#8211; aktualno\u015bci&#8221; font_container=&#8221;tag:h3|font_size:36px|text_align:center|color:%230d7646&#8243; use_theme_fonts=&#8221;yes&#8221; el_class=&#8221;global__heading energy_switcher&#8211;heading&#8221; css=&#8221;.vc_custom_1634214554264{margin-top: 50px !important;margin-bottom: 60px !important;}&#8221;][alc_post_loop items_per_page=&#8221;3&#8243; taxonomies_categories=&#8221;warta-poznan-kobiety&#8221;][vc_column_text]<\/p>\n<div class=\"btn-container\" style=\"text-align: center;\"><a class=\"btn btn-green\" href=\"\/index.php\/wpisy\">POKAZ WI\u0118CEJ ARTYKU\u0141\u00d3W<\/a><\/div>\n<p>[\/vc_column_text][\/vc_column][\/vc_row][\/vc_section]<\/p>\n","protected":false},"excerpt":{"rendered":"<p>[vc_section full_width=&#8221;stretch_row&#8221; el_class=&#8221;mb-0&#8243;][vc_row el_id=&#8221;nav-1&#8243;][vc_column el_class=&#8221;team_spacer&#8221;][vc_custom_heading text=&#8221;Sekcja kobiet Warty Pozna\u0144&#8221; font_container=&#8221;tag:h3|font_size:36px|text_align:center|color:%230d7646&#8243; use_theme_fonts=&#8221;yes&#8221; el_class=&#8221;global__heading energy_switcher&#8211;heading&#8221;][vc_column_text] Stworzenie sekcji pi\u0142karskiej kobiet by\u0142o jednym z&#8230;<\/p>\n","protected":false},"author":36,"featured_media":0,"parent":0,"menu_order":0,"comment_status":"closed","ping_status":"closed","template":"templates\/kobiety.php","meta":{"om_disable_all_campaigns":false,"inline_featured_image":false,"footnotes":"","_links_to":"","_links_to_target":""},"categories":[],"tags":[],"aioseo_notices":[],"_links":{"self":[{"href":"https:\/\/wartapoznan.pl\/index.php\/wp-json\/wp\/v2\/pages\/15145"}],"collection":[{"href":"https:\/\/wartapoznan.pl\/index.php\/wp-json\/wp\/v2\/pages"}],"about":[{"href":"https:\/\/wartapoznan.pl\/index.php\/wp-json\/wp\/v2\/types\/page"}],"author":[{"embeddable":true,"href":"https:\/\/wartapoznan.pl\/index.php\/wp-json\/wp\/v2\/users\/36"}],"replies":[{"embeddable":true,"href":"https:\/\/wartapoznan.pl\/index.php\/wp-json\/wp\/v2\/comments?post=15145"}],"version-history":[{"count":14,"href":"https:\/\/wartapoznan.pl\/index.php\/wp-json\/wp\/v2\/pages\/15145\/revisions"}],"predecessor-version":[{"id":27193,"href":"https:\/\/wartapoznan.pl\/index.php\/wp-json\/wp\/v2\/pages\/15145\/revisions\/27193"}],"wp:attachment":[{"href":"https:\/\/wartapoznan.pl\/index.php\/wp-json\/wp\/v2\/media?parent=15145"}],"wp:term":[{"taxonomy":"category","embeddable":true,"href":"https:\/\/wartapoznan.pl\/index.php\/wp-json\/wp\/v2\/categories?post=15145"},{"taxonomy":"post_tag","embeddable":true,"href":"https:\/\/wartapoznan.pl\/index.php\/wp-json\/wp\/v2\/tags?post=15145"}],"curies":[{"name":"wp","href":"https:\/\/api.w.org\/{rel}","templated":true}]}}