{"id":1812,"date":"2018-07-03T10:44:07","date_gmt":"2018-07-03T08:44:07","guid":{"rendered":"http:\/\/familyhousepl.home.pl\/wartapoznan\/?page_id=1812"},"modified":"2019-01-28T09:34:11","modified_gmt":"2019-01-28T08:34:11","slug":"regulamin-stadionu","status":"publish","type":"page","link":"https:\/\/wartapoznan.pl\/index.php\/regulamin-stadionu\/","title":{"rendered":"Regulamin stadionu"},"content":{"rendered":"<p>[vc_row css=&#8221;.vc_custom_1529321831178{margin-top: 20px !important;margin-bottom: 60px !important;}&#8221;][vc_column][alc_box title=&#8221;Regulamin stadionu pi\u0142karskiego Warty Pozna\u0144&#8221;][vc_row_inner][vc_column_inner][vc_column_text]\u00a7 1.<br \/>\nStadion jest w\u0142asno\u015bci\u0105 miasta Poznania.<\/p>\n<p>\u00a7 2.<br \/>\nNa Stadionie organizowane s\u0105 imprezy sportowe, artystyczne, rozrywkowe i inne.\u00a0Wej\u015bcie na Stadion oznacza automatycznie bezwzgl\u0119dn\u0105 akceptacj\u0119 przepis\u00f3w\u00a0zawartych w niniejszym Regulaminie.<\/p>\n<p>\u00a7 3.<br \/>\nCelem Regulaminu jest zapewnienie bezpiecze\u0144stwa uczestnikom imprez\u00a0organizowanych na terenie Stadionu, a w szczeg\u00f3lno\u015bci:<br \/>\n1. okre\u015blenie zasad korzystania ze Stadionu i urz\u0105dze\u0144 znajduj\u0105cych si\u0119 na nim oraz\u00a0zachowania si\u0119 os\u00f3b obecnych na imprezie;<br \/>\n2. okre\u015bleniu praw i obowi\u0105zk\u00f3w uczestnik\u00f3w imprezy.<\/p>\n<p>\u00a7 4.<br \/>\nImprezy organizowane na Stadionie mog\u0105 by\u0107 monitorowane i podlega\u0107 zapisowi za\u00a0pomoc\u0105 urz\u0105dze\u0144 rejestruj\u0105cych obraz oraz d\u017awi\u0119k.<\/p>\n<p>\u00a7 5.<br \/>\nWst\u0119p na imprez\u0119 osoby niepe\u0142noletniej do lat 13 mo\u017ce nast\u0105pi\u0107 wy\u0142\u0105cznie pod opiek\u0105\u00a0osoby pe\u0142noletniej.<\/p>\n<p>\u00a7 6.<br \/>\nW czasie, kiedy na Stadionie nie odbywaj\u0105 si\u0119 imprezy, do wej\u015bcia i przebywania na\u00a0terenie obiektu s\u0105 uprawnione osoby umieszczone na imiennej li\u015bcie zatwierdzonej przez Warta Pozna\u0144 S.A. i\/lub Klub Sportowy \u201eWarta\u201d.<\/p>\n<p>\u00a7 7.<br \/>\nDzia\u0142alno\u015b\u0107 handlowa, gastronomiczna, us\u0142ugowa, artystyczna, marketingowa, w tym:\u00a0transmisje, nagrania radiowe i telewizyjne, filmowanie i wykonywanie zdj\u0119\u0107 na obiekcie\u00a0w czasie trwania imprez mo\u017ce odbywa\u0107 si\u0119 tylko i wy\u0142\u0105cznie za zgod\u0105 organizatora\u00a0imprezy.<\/p>\n<p>\u00a7 8.<br \/>\nW przestrzeni pomi\u0119dzy muraw\u0105 boiska, a ogrodzeniem trybun, tj. w strefie buforowej stadionu,\u00a0obowi\u0105zuj\u0105 nast\u0119puj\u0105ce zasady:<br \/>\n1. wej\u015bcie z trybun na p\u0142yt\u0119 stadionu w trakcie trwania imprezy i poza ni\u0105 odbywa si\u0119\u00a0ka\u017cdorazowo za zgod\u0105 Warta Pozna\u0144 S.A. i wy\u0142\u0105cznie wskazanymi przez Warta Pozna\u0144 S.A. bramkami;<br \/>\n2. przebywanie w strefie buforowej stadionu kibic\u00f3w, organizator\u00f3w konkurs\u00f3w, a tak\u017ce\u00a0prowadzenie w strefie buforowej jakiejkolwiek innej dzia\u0142alno\u015bci promocyjnej w trakcie\u00a0trwania imprezy, mo\u017cliwe jest wy\u0142\u0105cznie w wytyczonych przez Warta Pozna\u0144 S.A. strefach i po wej\u015bciu jedn\u0105, ustalon\u0105 przez Warta Pozna\u0144 S.A. bramk\u0105.<\/p>\n<p>\u00a7 9.<br \/>\nW obr\u0119bie ca\u0142ego Stadionu obowi\u0105zuje bezwzgl\u0119dny zakaz ustawiania jakichkolwiek\u00a0rekwizyt\u00f3w i urz\u0105dze\u0144 bez zgody Warta Pozna\u0144 S.A. Dotyczy to w szczeg\u00f3lno\u015bci murawy boiska i teren\u00f3w wok\u00f3\u0142 niej, do kt\u00f3rych dost\u0119p okre\u015bla \u00a7 8.<\/p>\n<p>\u00a7 10.<br \/>\nWarta Pozna\u0144 S.A. zastrzega sobie prawo do zmian og\u0142oszonych przez siebie termin\u00f3w imprez organizowanych na Stadionie bez zapowiedzi i z wy\u0142\u0105czeniem odpowiedzialno\u015bci.<\/p>\n<p>\u00a7 11.<br \/>\n1. Do wej\u015bcia na Stadion i korzystania z urz\u0105dze\u0144 stadionowych w czasie trwania\u00a0imprezy uprawnione s\u0105 wy\u0142\u0105cznie osoby posiadaj\u0105ce przy sobie wa\u017cny bilet\u00a0(abonament lub inny dokument wydany przez organizatora), identyfikator lub inny\u00a0dokument ustalony przez Warta Pozna\u0144 S.A. oraz dow\u00f3d to\u017csamo\u015bci ze zdj\u0119ciem.<br \/>\n2. W szczeg\u00f3lnych przypadkach Warta Pozna\u0144 S.A. jest uprawniona do zmiany zasad wchodzenia i przebywania na Stadionie, o czym informowa\u0142 b\u0119dzie w spos\u00f3b og\u00f3lnie przyj\u0119ty, w tym przez media, Internet itd.<\/p>\n<p>\u00a7 12.<br \/>\nUczestnik imprezy organizowanej na Stadionie \u2013 wchodz\u0105cy lub przebywaj\u0105cy na terenie\u00a0obiektu \u2013 ma obowi\u0105zek na ka\u017cde \u017c\u0105danie s\u0142u\u017cby porz\u0105dkowej okaza\u0107 dokumenty\u00a0uprawniaj\u0105ce do przebywania na imprezie oraz podda\u0107 si\u0119 przeszukaniu baga\u017cu i\u00a0odzie\u017cy.<\/p>\n<p>\u00a7 13.<br \/>\nUczestnik imprezy organizowanej na Stadionie ma obowi\u0105zek w czasie jej trwania (z\u00a0wy\u0142\u0105czeniem przerwy) przebywa\u0107 na miejscu zgodnym z oznaczeniem wskazanym na\u00a0bilecie lub abonamencie oraz stosowa\u0107 si\u0119 do zarz\u0105dze\u0144 Policji, s\u0142u\u017cb porz\u0105dkowych oraz\u00a0komunikat\u00f3w og\u0142aszanych przez spikera.<\/p>\n<p>\u00a7 14.<br \/>\nZabrania si\u0119 wnoszenia i posiadania na terenie Stadionu:<br \/>\n1. broni palnej, gazowej i innej nawet, gdy osoba jest uprawniona do jej posiadania,\u00a0z wy\u0142\u0105czeniem odpowiednich s\u0142u\u017cb;<br \/>\n2. pojemnik\u00f3w do rozpylania gazu, substancji \u017cr\u0105cych lub farbuj\u0105cych;<br \/>\n3. r\u00f3\u017cnego rodzaju pa\u0142ek, kij\u00f3w, pr\u0119t\u00f3w oraz innych przedmiot\u00f3w, kt\u00f3re mog\u0105\u00a0pos\u0142u\u017cy\u0107 do zachowania sprzecznego z prawem;<br \/>\n4. innych przedmiot\u00f3w mog\u0105cych w ocenie organizatora stanowi\u0107 zagro\u017cenie, w\u00a0szczeg\u00f3lno\u015bci: butelek, puszek, przedmiot\u00f3w z nap\u0119dem mechanicznym,\u00a0materia\u0142\u00f3w wybuchowych, wyrob\u00f3w pirotechnicznych, materia\u0142\u00f3w po\u017carowo\u00a0niebezpiecznych, napoj\u00f3w alkoholowych, narkotyk\u00f3w, \u015brodk\u00f3w odurzaj\u0105cych,\u00a0psychotropowych lub innych \u015brodk\u00f3w odurzaj\u0105cych lub o podobnym dzia\u0142aniu.<\/p>\n<p>\u00a7 15.<br \/>\nPrzedmioty wymienione w \u00a7 14 ulegaj\u0105 konfiskacie b\u0105d\u017a przekazaniu odpowiednim\u00a0s\u0142u\u017cbom.<\/p>\n<p>\u00a7 16.<br \/>\nZabrania si\u0119 wchodzenia i przebywania na terenie Stadionu osobom b\u0119d\u0105cym pod\u00a0wp\u0142ywem alkoholu, narkotyk\u00f3w lub podobnie dzia\u0142aj\u0105cych \u015brodk\u00f3w odurzaj\u0105cych.<\/p>\n<p>\u00a7 17.<br \/>\nUczestnikom imprez organizowanych na Stadionie, pod rygorem obj\u0119cia czasowym lub\u00a0sta\u0142ym zakazem wchodzenia na Stadion, zakazuje si\u0119:<br \/>\n1. wchodzenia na obszary nie przeznaczone dla uczestnik\u00f3w imprezy tj. p\u0142yt\u0119 boiska,\u00a0pomieszczenia s\u0142u\u017cbowe, p\u0142oty, maszty, wydzielone tereny budowy itp.;<br \/>\n2. opuszczania w czasie trwania imprezy sektora oznaczonego na bilecie lub\u00a0abonamencie bez zgody s\u0142u\u017cby porz\u0105dkowej;<br \/>\n3. rzucania jakimikolwiek przedmiotami, szczeg\u00f3lnie na p\u0142yt\u0119 boiska lub w innych\u00a0uczestnik\u00f3w;<br \/>\n4. wzniecania ognia, zapalania petard, fajerwerk\u00f3w, itp.;<br \/>\n5. u\u017cywania nakry\u0107 g\u0142owy lub innych przedmiot\u00f3w utrudniaj\u0105cych identyfikacj\u0119;<br \/>\n6. wywieszania i g\u0142oszenia hase\u0142 (symboli, pie\u015bni) o tre\u015bciach obscenicznych,\u00a0wulgarnych, obra\u017aliwych, rasistowskich<br \/>\n7. za\u0142atwiania potrzeb fizjologicznych poza toaletami, za\u015bmiecania Stadionu,\u00a0niszczenia jego urz\u0105dze\u0144 poprzez malowanie, oklejanie, uszkadzanie;<br \/>\n8. uczestniczenia w imprezie osobom, wobec kt\u00f3rych zosta\u0142 orzeczony przez S\u0105d\u00a0zakaz wst\u0119pu na imprezy masowe.<\/p>\n<p>\u00a7 18.<br \/>\nKa\u017cdorazowy przypadek naruszenia przepis\u00f3w prawa, postanowie\u0144 regulaminu Stadionu\u00a0lub imprezy skutkuje niezw\u0142ocznym usuni\u0119ciem uczestnika ze Stadionu bez prawa\u00a0zwrotu za bilet, a wobec sprawcy naruszenia mo\u017ce zosta\u0107 orzeczony czasowy lub\u00a0ca\u0142kowity zakaz wst\u0119pu na Stadion.<\/p>\n<p>\u00a7 19.<br \/>\nWarta Pozna\u0144 S.A. zastrzega sobie prawo dochodzenia odszkodowania za wyrz\u0105dzone na Stadionie szkody, w tym tak\u017ce naruszenie dobrego wizerunku obiektu lub spowodowanie\u00a0zamieszek albo w nich uczestniczenie.<\/p>\n<p>\u00a7 20.<br \/>\nPoniesione szkody uczestnik imprezy organizowanej na Stadionie jest zobowi\u0105zany\u00a0zg\u0142osi\u0107 w Warta Pozna\u0144 S.A. niezw\u0142ocznie po ich zaistnieniu, a w szczeg\u00f3lnie uzasadnionych przypadkach nie p\u00f3\u017aniej ni\u017c 30 minut po zako\u0144czeniu imprezy.<\/p>\n<p>\u00a7 21.<br \/>\nWarta Pozna\u0144 S.A. zastrzega sobie prawo uniewa\u017cnienia identyfikator\u00f3w, abonament\u00f3w lub innych dokument\u00f3w uprawniaj\u0105cych do wej\u015bcia na Stadion w przypadku wniosku Policji lub innych organ\u00f3w porz\u0105dku publicznego.<\/p>\n<p>\u00a7 22.<br \/>\nNiniejszy regulamin wchodzi w \u017cycie z dniem podpisania[\/vc_column_text][\/vc_column_inner][\/vc_row_inner][\/alc_box][\/vc_column][\/vc_row]<\/p>\n","protected":false},"excerpt":{"rendered":"<p>[vc_row css=&#8221;.vc_custom_1529321831178{margin-top: 20px !important;margin-bottom: 60px !important;}&#8221;][vc_column][alc_box title=&#8221;Regulamin stadionu pi\u0142karskiego Warty Pozna\u0144&#8221;][vc_row_inner][vc_column_inner][vc_column_text]\u00a7 1. Stadion jest w\u0142asno\u015bci\u0105 miasta Poznania. \u00a7 2. Na&#8230;<\/p>\n","protected":false},"author":36,"featured_media":0,"parent":0,"menu_order":0,"comment_status":"closed","ping_status":"closed","template":"","meta":{"om_disable_all_campaigns":false,"inline_featured_image":false,"footnotes":"","_links_to":"","_links_to_target":""},"categories":[],"tags":[],"aioseo_notices":[],"_links":{"self":[{"href":"https:\/\/wartapoznan.pl\/index.php\/wp-json\/wp\/v2\/pages\/1812"}],"collection":[{"href":"https:\/\/wartapoznan.pl\/index.php\/wp-json\/wp\/v2\/pages"}],"about":[{"href":"https:\/\/wartapoznan.pl\/index.php\/wp-json\/wp\/v2\/types\/page"}],"author":[{"embeddable":true,"href":"https:\/\/wartapoznan.pl\/index.php\/wp-json\/wp\/v2\/users\/36"}],"replies":[{"embeddable":true,"href":"https:\/\/wartapoznan.pl\/index.php\/wp-json\/wp\/v2\/comments?post=1812"}],"version-history":[{"count":6,"href":"https:\/\/wartapoznan.pl\/index.php\/wp-json\/wp\/v2\/pages\/1812\/revisions"}],"predecessor-version":[{"id":3522,"href":"https:\/\/wartapoznan.pl\/index.php\/wp-json\/wp\/v2\/pages\/1812\/revisions\/3522"}],"wp:attachment":[{"href":"https:\/\/wartapoznan.pl\/index.php\/wp-json\/wp\/v2\/media?parent=1812"}],"wp:term":[{"taxonomy":"category","embeddable":true,"href":"https:\/\/wartapoznan.pl\/index.php\/wp-json\/wp\/v2\/categories?post=1812"},{"taxonomy":"post_tag","embeddable":true,"href":"https:\/\/wartapoznan.pl\/index.php\/wp-json\/wp\/v2\/tags?post=1812"}],"curies":[{"name":"wp","href":"https:\/\/api.w.org\/{rel}","templated":true}]}}