{"id":1820,"date":"2025-09-18T12:47:14","date_gmt":"2025-09-18T10:47:14","guid":{"rendered":"http:\/\/familyhousepl.home.pl\/wartapoznan\/?page_id=1820"},"modified":"2025-09-18T12:51:34","modified_gmt":"2025-09-18T10:51:34","slug":"akredytacje","status":"publish","type":"page","link":"https:\/\/wartapoznan.pl\/index.php\/akredytacje\/","title":{"rendered":"akredytacje"},"content":{"rendered":"<p>[vc_row css=&#8221;.vc_custom_1529321831178{margin-top: 20px !important;margin-bottom: 60px !important;}&#8221;][vc_column][alc_box title=&#8221;Hymn Warty Pozna\u0144&#8221;][vc_row_inner][vc_column_inner][vc_column_text]<\/p>\n<h2><b>REGULAMIN PRZYZNAWANIA AKREDYTACJI MEDIALNYCH NA MECZE DOMOWE WARTY POZNA\u0143<\/b><\/h2>\n<h3><b>\u00a71. Postanowienia og\u00f3lne<\/b><\/h3>\n<ol>\n<li style=\"font-weight: 400;\" aria-level=\"1\"><span style=\"font-weight: 400;\">Regulamin okre\u015bla zasady przyznawania akredytacji medialnych na mecze domowe Warty Pozna\u0144.<\/span><\/li>\n<li style=\"font-weight: 400;\" aria-level=\"1\"><span style=\"font-weight: 400;\">Akredytacje maj\u0105 na celu umo\u017cliwienie przedstawicielom medi\u00f3w wykonywania obowi\u0105zk\u00f3w zawodowych w wyznaczonych strefach stadionu, zgodnie z przepisami prawa i regulaminem obiektu.<\/span><\/li>\n<li style=\"font-weight: 400;\" aria-level=\"1\"><span style=\"font-weight: 400;\">Organizatorem procesu akredytacyjnego jest Warta Pozna\u0144 SA.<\/span><\/li>\n<\/ol>\n<h3><b>\u00a72. Rodzaje akredytacji<\/b><\/h3>\n<ol>\n<li style=\"font-weight: 400;\" aria-level=\"1\"><span style=\"font-weight: 400;\">Wyr\u00f3\u017cnia si\u0119 dwa typy akredytacji:<\/span>\n<ul>\n<li style=\"font-weight: 400;\" aria-level=\"2\"><b>PRASA<\/b><span style=\"font-weight: 400;\"> \u2013 dla przedstawicieli medi\u00f3w drukowanych, internetowych i radia. Uprawnia do wej\u015bcia na trybun\u0119 prasow\u0105 (na miejsca wyznaczone i oznaczone przez organizatora).<\/span><\/li>\n<li style=\"font-weight: 400;\" aria-level=\"2\"><b>FOTO\/VIDEO<\/b><span style=\"font-weight: 400;\"> \u2013 dla akredytowanych fotoreporter\u00f3w i operator\u00f3w video. Uprawnia do przebywania w wyznaczonych strefach za bramkami oraz <\/span><b>poruszania si\u0119 w przerwie meczu<\/b><span style=\"font-weight: 400;\"> mi\u0119dzy strefami FOTO <\/span><b>wy\u0142\u0105cznie wzd\u0142u\u017c trybuny od strony ul. Droga D\u0119bi\u0144ska<\/b><span style=\"font-weight: 400;\">.\u00a0<\/span><\/li>\n<\/ul>\n<\/li>\n<\/ol>\n<h3><b>\u00a73. Procedura sk\u0142adania wniosku<\/b><\/h3>\n<ol>\n<li style=\"font-weight: 400;\" aria-level=\"1\"><span style=\"font-weight: 400;\">Wnioski o akredytacj\u0119 nale\u017cy sk\u0142ada\u0107 wy\u0142\u0105cznie za po\u015brednictwem platformy Accredito: accredito.com\/pl\/warta-poznan.<\/span><\/li>\n<li style=\"font-weight: 400;\" aria-level=\"1\"><span style=\"font-weight: 400;\">Wnioski przes\u0142ane inn\u0105 drog\u0105 (np. e-mailem, telefonicznie) lub po terminie <\/span><b>nie b\u0119d\u0105 rozpatrywane<\/b><span style=\"font-weight: 400;\">.<\/span><\/li>\n<li style=\"font-weight: 400;\" aria-level=\"1\"><span style=\"font-weight: 400;\">Termin sk\u0142adania wniosk\u00f3w up\u0142ywa o godzinie 12:00 ostatniego dnia roboczego przed meczem, chyba \u017ce Biuro Prasowe og\u0142osi inny termin.<\/span><\/li>\n<li style=\"font-weight: 400;\" aria-level=\"1\"><span style=\"font-weight: 400;\">Z\u0142o\u017cenie wniosku <\/span><b>nie oznacza<\/b><span style=\"font-weight: 400;\"> automatycznego przyznania akredytacji.<\/span><\/li>\n<li style=\"font-weight: 400;\" aria-level=\"1\"><span style=\"font-weight: 400;\">Informacja o decyzji zostanie przes\u0142ana drog\u0105 mailow\u0105 oraz opublikowana w systemie Accredito.<\/span><\/li>\n<li style=\"font-weight: 400;\" aria-level=\"1\"><span style=\"font-weight: 400;\">Warta Pozna\u0144 SA zastrzega sobie prawo do odmowy przyznania akredytacji <\/span><b>bez podawania przyczyny<\/b><span style=\"font-weight: 400;\">, a decyzje s\u0105 ostateczne.<\/span><\/li>\n<li style=\"font-weight: 400;\" aria-level=\"1\"><span style=\"font-weight: 400;\">Ze wzgl\u0119du na pojemno\u015b\u0107 stadionu<\/span><b> maksymalna liczba akredytacji jest ograniczona<\/b><span style=\"font-weight: 400;\"> do 10 (prasa\/radio) oraz 10 (foto\/video). W wyj\u0105tkowych sytuacjach organizator mo\u017ce zwi\u0119kszy\u0107 lub zmniejszy\u0107 liczb\u0119 dost\u0119pnych akredytacji.\u00a0 <\/span><\/li>\n<\/ol>\n<h3><b>\u00a74. Kryteria przyznawania<\/b><\/h3>\n<ol>\n<li style=\"font-weight: 400;\" aria-level=\"1\"><span style=\"font-weight: 400;\">Akredytacje przyznawane s\u0105 wy\u0142\u0105cznie osobom pe\u0142noletnim.<\/span><\/li>\n<li style=\"font-weight: 400;\" aria-level=\"1\"><span style=\"font-weight: 400;\">Pierwsze\u0144stwo maj\u0105 dziennikarze reprezentuj\u0105cy <\/span><b>profesjonalne media sportowe<\/b><span style=\"font-weight: 400;\">.<\/span><\/li>\n<li style=\"font-weight: 400;\" aria-level=\"1\"><span style=\"font-weight: 400;\">Wnioski od medi\u00f3w amatorskich, p\u00f3\u0142profesjonalnych, bloger\u00f3w czy freelancer\u00f3w b\u0119d\u0105 rozpatrywane indywidualnie.<\/span><\/li>\n<li style=\"font-weight: 400;\" aria-level=\"1\"><span style=\"font-weight: 400;\">Dziennikarz mo\u017ce zosta\u0107 poproszony o udost\u0119pnienie pr\u00f3bek swojej pracy (np. link\u00f3w do relacji lub zdj\u0119\u0107 z poprzednich wydarze\u0144).<\/span><\/li>\n<\/ol>\n<h3><b>\u00a75. Zasady korzystania z akredytacji<\/b><\/h3>\n<ol>\n<li style=\"font-weight: 400;\" aria-level=\"1\"><span style=\"font-weight: 400;\">Akredytacja:<\/span>\n<ul>\n<li style=\"font-weight: 400;\" aria-level=\"1\"><span style=\"font-weight: 400;\">jest <\/span><b>przyznawana konkretnej osobie<\/b><span style=\"font-weight: 400;\">,\u00a0<\/span><\/li>\n<li style=\"font-weight: 400;\" aria-level=\"2\"><span style=\"font-weight: 400;\">jest <\/span><b>wa\u017cna tylko na jeden, wskazany mecz<\/b><span style=\"font-weight: 400;\">,<\/span><\/li>\n<li style=\"font-weight: 400;\" aria-level=\"2\"><b>nie jest wa\u017cna bez dokumentu to\u017csamo\u015bci<\/b><span style=\"font-weight: 400;\">.<\/span><\/li>\n<\/ul>\n<\/li>\n<li style=\"font-weight: 400;\" aria-level=\"1\"><span style=\"font-weight: 400;\">Akredytacji <\/span><b>nie mo\u017cna przekazywa\u0107 osobom trzecim<\/b><span style=\"font-weight: 400;\">.<\/span><\/li>\n<li style=\"font-weight: 400;\" aria-level=\"1\"><span style=\"font-weight: 400;\">Przedstawiciel medi\u00f3w odbiera akredytacj\u0119 <\/span><b>po okazaniu dokumentu to\u017csamo\u015bci<\/b><span style=\"font-weight: 400;\"> i <\/span><b>podaniu imienia oraz nazwiska<\/b><span style=\"font-weight: 400;\">.<\/span><\/li>\n<li style=\"font-weight: 400;\" aria-level=\"1\"><span style=\"font-weight: 400;\">Po zako\u0144czeniu meczu akredytacj\u0119 nale\u017cy <\/span><b>zwr\u00f3ci\u0107 w sali konferencyjnej<\/b><span style=\"font-weight: 400;\">.<\/span><\/li>\n<li style=\"font-weight: 400;\" aria-level=\"1\"><span style=\"font-weight: 400;\">Akredytacj\u0119 nale\u017cy <\/span><b>nosi\u0107 w widocznym miejscu<\/b><span style=\"font-weight: 400;\"> przez ca\u0142y czas przebywania na stadionie i okazywa\u0107 j\u0105 na ka\u017cde \u017c\u0105danie s\u0142u\u017cb porz\u0105dkowych, Biura Prasowego lub organizatora.<\/span><\/li>\n<li style=\"font-weight: 400;\" aria-level=\"1\"><b>Dziennikarze prasowi<\/b><span style=\"font-weight: 400;\"> mog\u0105 zajmowa\u0107 wy\u0142\u0105cznie miejsca wyznaczone na trybunie prasowej.<\/span><\/li>\n<li style=\"font-weight: 400;\" aria-level=\"1\"><b>Fotoreporterzy i operatorzy video<\/b><span style=\"font-weight: 400;\"> mog\u0105 przebywa\u0107 tylko w wyznaczonych strefach FOTO \u2013 za bramkami. <\/span><b>Dozwolone jest przemieszczanie si\u0119 mi\u0119dzy strefami FOTO w przerwie meczu<\/b><span style=\"font-weight: 400;\">, <\/span><b>wy\u0142\u0105cznie wzd\u0142u\u017c trybuny od strony ul. Droga D\u0119bi\u0144ska<\/b><span style=\"font-weight: 400;\">.<\/span><\/li>\n<li style=\"font-weight: 400;\" aria-level=\"1\"><span style=\"font-weight: 400;\">Osoby przebywaj\u0105ce w strefie FOTO\/VIDEO s\u0105 zobowi\u0105zane do noszenia <\/span><b>kamizelek FOTO<\/b><span style=\"font-weight: 400;\">.<\/span><\/li>\n<li style=\"font-weight: 400;\" aria-level=\"1\"><span style=\"font-weight: 400;\">Kamizelki mo\u017cna <\/span><b>wypo\u017cyczy\u0107 przy recepcji medi\u00f3w<\/b><span style=\"font-weight: 400;\">, po podpisaniu si\u0119 na li\u015bcie wypo\u017cycze\u0144. Ka\u017cda kamizelka jest <\/span><b>numerowana<\/b><span style=\"font-weight: 400;\">.<\/span><\/li>\n<li style=\"font-weight: 400;\" aria-level=\"1\"><span style=\"font-weight: 400;\">Po zako\u0144czeniu meczu kamizelki nale\u017cy <\/span><b>zwr\u00f3ci\u0107 do sali konferencyjnej<\/b><span style=\"font-weight: 400;\">.<\/span><\/li>\n<li style=\"font-weight: 400;\" aria-level=\"1\"><b>Osoba, kt\u00f3rej dwukrotnie przyznano akredytacj\u0119, a nie pojawi\u0142a si\u0119 na meczu i nie poinformowa\u0142a o rezygnacji z udzia\u0142u przynajmniej z 12-godzinnym wyprzedzeniem, nie b\u0119dzie mog\u0142a otrzyma\u0107 kolejnych akredytacji do ko\u0144ca bie\u017c\u0105cej rundy rozgrywkowej.<\/b><\/li>\n<\/ol>\n<h3><b>\u00a76. Wej\u015bcie na stadion<\/b><\/h3>\n<ol>\n<li style=\"font-weight: 400;\" aria-level=\"1\"><span style=\"font-weight: 400;\">Wej\u015bcie dla przedstawicieli medi\u00f3w odbywa si\u0119 przez <\/span><b>bram\u0119 nr 24<\/b><span style=\"font-weight: 400;\">, zlokalizowan\u0105 przy ul. Droga D\u0119bi\u0144ska.<\/span><\/li>\n<li style=\"font-weight: 400;\" aria-level=\"1\"><span style=\"font-weight: 400;\">Akredytacje oraz kamizelki FOTO wydawane s\u0105 w punkcie wskazanym przez Biuro Prasowe.<\/span><\/li>\n<li style=\"font-weight: 400;\" aria-level=\"1\"><span style=\"font-weight: 400;\">Przedstawiciele medi\u00f3w s\u0105 zobowi\u0105zani do przestrzegania zasady <\/span><b>\u201eprzepustka na wierzchu\u201d<\/b><span style=\"font-weight: 400;\"> \u2013 przez ca\u0142y czas trwania wydarzenia.<\/span><\/li>\n<\/ol>\n<p><span style=\"font-weight: 400;\">\ud83d\udce9 W razie pyta\u0144 lub w\u0105tpliwo\u015bci prosimy o kontakt z Biurem Prasowym Warty Pozna\u0144.<\/span>[\/vc_column_text][\/vc_column_inner][\/vc_row_inner][\/alc_box][\/vc_column][\/vc_row]<\/p>\n","protected":false},"excerpt":{"rendered":"<p>[vc_row css=&#8221;.vc_custom_1529321831178{margin-top: 20px !important;margin-bottom: 60px !important;}&#8221;][vc_column][alc_box title=&#8221;Hymn Warty Pozna\u0144&#8221;][vc_row_inner][vc_column_inner][vc_column_text] REGULAMIN PRZYZNAWANIA AKREDYTACJI MEDIALNYCH NA MECZE DOMOWE WARTY POZNA\u0143 \u00a71. Postanowienia&#8230;<\/p>\n","protected":false},"author":36,"featured_media":0,"parent":0,"menu_order":0,"comment_status":"closed","ping_status":"closed","template":"","meta":{"om_disable_all_campaigns":false,"inline_featured_image":false,"footnotes":"","_links_to":"","_links_to_target":""},"categories":[],"tags":[],"aioseo_notices":[],"_links":{"self":[{"href":"https:\/\/wartapoznan.pl\/index.php\/wp-json\/wp\/v2\/pages\/1820"}],"collection":[{"href":"https:\/\/wartapoznan.pl\/index.php\/wp-json\/wp\/v2\/pages"}],"about":[{"href":"https:\/\/wartapoznan.pl\/index.php\/wp-json\/wp\/v2\/types\/page"}],"author":[{"embeddable":true,"href":"https:\/\/wartapoznan.pl\/index.php\/wp-json\/wp\/v2\/users\/36"}],"replies":[{"embeddable":true,"href":"https:\/\/wartapoznan.pl\/index.php\/wp-json\/wp\/v2\/comments?post=1820"}],"version-history":[{"count":7,"href":"https:\/\/wartapoznan.pl\/index.php\/wp-json\/wp\/v2\/pages\/1820\/revisions"}],"predecessor-version":[{"id":43167,"href":"https:\/\/wartapoznan.pl\/index.php\/wp-json\/wp\/v2\/pages\/1820\/revisions\/43167"}],"wp:attachment":[{"href":"https:\/\/wartapoznan.pl\/index.php\/wp-json\/wp\/v2\/media?parent=1820"}],"wp:term":[{"taxonomy":"category","embeddable":true,"href":"https:\/\/wartapoznan.pl\/index.php\/wp-json\/wp\/v2\/categories?post=1820"},{"taxonomy":"post_tag","embeddable":true,"href":"https:\/\/wartapoznan.pl\/index.php\/wp-json\/wp\/v2\/tags?post=1820"}],"curies":[{"name":"wp","href":"https:\/\/api.w.org\/{rel}","templated":true}]}}