{"id":18674,"date":"2022-04-28T13:08:52","date_gmt":"2022-04-28T11:08:52","guid":{"rendered":"https:\/\/wartapoznan.pl\/?page_id=18674"},"modified":"2024-06-13T10:10:45","modified_gmt":"2024-06-13T08:10:45","slug":"dzieci-i-mlodziez","status":"publish","type":"page","link":"https:\/\/wartapoznan.pl\/index.php\/warto-wspierac\/dzieci-i-mlodziez\/","title":{"rendered":"Dzieci i m\u0142odzie\u017c"},"content":{"rendered":"<p>[vc_section][vc_row][vc_column][vc_column_text css=&#8221;.vc_custom_1651145134139{margin-top: 60px !important;}&#8221;]<\/p>\n<p class=\"history_quote\"><strong>Od wielu lat stawiamy na szkolenie m\u0142odzie\u017cy, kt\u00f3ra jest si\u0142\u0105 i najwi\u0119ksz\u0105 warto\u015bci\u0105 Klubu. Kszta\u0142cenie m\u0142odych talent\u00f3w i wspieranie ich na \u015bcie\u017cce kariery buduje bezcenne wi\u0119zi, b\u0119d\u0105ce podstaw\u0105 tradycji i historii Warty Pozna\u0144.<br \/>\n<\/strong><\/p>\n<p>[\/vc_column_text][vc_custom_heading text=&#8221;Akademia Warty Pozna\u0144&#8221; font_container=&#8221;tag:h2|font_size:36px|text_align:center|color:%230d7646|line_height:47px&#8221; use_theme_fonts=&#8221;yes&#8221; el_class=&#8221;global__heading&#8221; css=&#8221;.vc_custom_1651143783369{margin-top: 60px !important;margin-bottom: 60px !important;}&#8221;][vc_single_image image=&#8221;18675&#8243; img_size=&#8221;full&#8221; alignment=&#8221;center&#8221;][vc_column_text css=&#8221;.vc_custom_1718266220017{margin-top: 30px !important;}&#8221;]<\/p>\n<p class=\"history_quote\">Obecnie w Akademii trenuje ponad 360 dzieci, ch\u0142opc\u00f3w i dziewczynek. Nad ich rozwojem czuwa szeroka kadra specjalist\u00f3w. Spo\u015br\u00f3d ponad 30 os\u00f3b zaanga\u017cowanych w funkcjonowanie Akademii wi\u0119kszo\u015b\u0107 stanowi\u0105 trenerzy, kt\u00f3rzy maj\u0105 odpowiednie kwalifikacje, zdobyte m.in. podczas kurs\u00f3w UEFA A Elite Youth, UEFA A, UEFA B, UEFA C. S\u0105 te\u017c fizjoterapeuci, kt\u00f3rzy obowi\u0105zki w Klubie traktuj\u0105 jako realizacj\u0119 swojej pasji.<\/p>\n<p class=\"history_quote\">Szkolenie w Akademii Warty Pozna\u0144 odbywa si\u0119 wed\u0142ug autorskiego modelu pracy. Jest on stale udoskonalany i rozwijany, m.in. dzi\u0119ki dokszta\u0142caniu si\u0119 trener\u00f3w, ich udzia\u0142 w kursach i konferencjach trenerskich oraz wyjazdach na zagraniczne sta\u017ce szkoleniowe do znanych, europejskich klub\u00f3w. Dzia\u0142amy wed\u0142ug jasno sprecyzowanych standard\u00f3w organizacyjno-szkoleniowych, co pozwala nam zapewni\u0107 wysok\u0105 jako\u015b\u0107 kszta\u0142cenia przysz\u0142ych pi\u0142karzy.<\/p>\n<p>[\/vc_column_text][\/vc_column][\/vc_row][\/vc_section][vc_section full_width=&#8221;stretch_row&#8221; css=&#8221;.vc_custom_1651144130516{background-color: #ffffff !important;}&#8221;][vc_row][vc_column][vc_custom_heading text=&#8221;Programy szkoleniowe&#8221; font_container=&#8221;tag:h2|font_size:36px|text_align:center|color:%230d7646|line_height:47px&#8221; use_theme_fonts=&#8221;yes&#8221; el_class=&#8221;global__heading&#8221; css=&#8221;.vc_custom_1651143794885{margin-top: 60px !important;margin-bottom: 60px !important;}&#8221;][vc_single_image image=&#8221;18676&#8243; img_size=&#8221;full&#8221; alignment=&#8221;center&#8221;][vc_column_text css=&#8221;.vc_custom_1718266227490{margin-top: 30px !important;}&#8221;]<\/p>\n<p class=\"history_quote\">Dla wychowank\u00f3w utworzone zosta\u0142y specjalne projekty, kt\u00f3re maj\u0105 prowadzi\u0107 wyr\u00f3\u017cniaj\u0105cych si\u0119 zawodnik\u00f3w do pierwszego zespo\u0142u Warty Pozna\u0144. Tacy gracze obj\u0119ci s\u0105 programami \u201cWarta Talent\u201d, \u201cWarta Talencik\u201d oraz \u201cSzko\u0142a Bramkarzy\u201d, dzi\u0119ki kt\u00f3rym mog\u0105 bra\u0107 udzia\u0142 w dodatkowych treningach i doskonali\u0107 swoje indywidualne umiej\u0119tno\u015bci.<\/p>\n<p class=\"history_quote\">Wychowanie m\u0142odych sportowc\u00f3w to nie tylko rozw\u00f3j fizyczny, ale r\u00f3wnie\u017c nieustanna edukacja. Aby \u0142\u0105czy\u0107 nauk\u0119 ze sportem, Akademia Warty Pozna\u0144 podj\u0119\u0142a wsp\u00f3\u0142prac\u0119 z pozna\u0144skimi szko\u0142ami, tworz\u0105c w nich klasy sportowe. Dzi\u0119ki specjalnie przygotowanemu harmonogramowi zaj\u0119\u0107, uczniowie mog\u0105 godzi\u0107 treningi z pozosta\u0142ymi lekcjami, a tak\u017ce bra\u0107 udzia\u0142 w zaj\u0119ciach sportowych prowadzonych przez trener\u00f3w pozna\u0144skiej Akademii. Do patronackich plac\u00f3wek nale\u017c\u0105 Szko\u0142a Podstawowa nr 21 oraz Szko\u0142a Podstawowa nr 15, a tak\u017ce Liceum Og\u00f3lnokszta\u0142c\u0105ce Mistrzostwa Sportowego.<\/p>\n<p>[\/vc_column_text][\/vc_column][\/vc_row][\/vc_section][vc_section][vc_row][vc_column][vc_custom_heading text=&#8221;Wsp\u00f3\u0142praca i edukacja&#8221; font_container=&#8221;tag:h2|font_size:36px|text_align:center|color:%230d7646|line_height:47px&#8221; use_theme_fonts=&#8221;yes&#8221; el_class=&#8221;global__heading&#8221; css=&#8221;.vc_custom_1651143950587{margin-top: 60px !important;margin-bottom: 60px !important;}&#8221;][vc_single_image image=&#8221;18677&#8243; img_size=&#8221;full&#8221; alignment=&#8221;center&#8221;][vc_column_text css=&#8221;.vc_custom_1718266252080{margin-top: 30px !important;}&#8221;]<\/p>\n<p class=\"history_quote\">Akademia Warty Pozna\u0144 swoim do\u015bwiadczeniem w szkoleniu m\u0142odzie\u017cy chce wspiera\u0107 tak\u017ce mniejsze kluby, by wsp\u00f3lnie podnosi\u0107 poziom pi\u0142karski w ca\u0142ym wojew\u00f3dztwie. W tym celu powsta\u0142a idea Klub\u00f3w Partnerskich, kt\u00f3re obj\u0119te s\u0105 patronatem Warty Pozna\u0144 i mog\u0105 korzysta\u0107 z pomocy w zakresie metodologii, analizy i organizacji szkolenia swoich wychowank\u00f3w. To r\u00f3wnie\u017c szansa dla m\u0142odych zawodnik\u00f3w z ma\u0142ych o\u015brodk\u00f3w pi\u0142karskich na gr\u0119 w stolicy Wielkopolski.<\/p>\n<p class=\"history_quote\">Aby aktywizowa\u0107 dzieci ju\u017c od najm\u0142odszych lat, powsta\u0142 program \u201cWarciaki Przedszkolaki\u201d. Trenerzy z Akademii Warty Pozna\u0144 prowadz\u0105 zaj\u0119cia ruchowe dla przedszkolak\u00f3w z pozna\u0144skich plac\u00f3wek i ucz\u0105 ich czerpania rado\u015bci z uprawiania sportu. Na etapie rozwoju dziecka przekonanie do aktywno\u015bci fizycznej jest niezwykle wa\u017cne, a dzi\u0119ki takim \u0107wiczeniom podopieczni oswajaj\u0105 si\u0119 ze sportem i stawiaj\u0105 pierwsze kroki w przygodzie z pi\u0142k\u0105 no\u017cn\u0105.<\/p>\n<p class=\"history_quote\">Anga\u017cujemy si\u0119 r\u00f3wnie\u017c w promocj\u0119 sportu i zdrowego trybu \u017cycia w\u015br\u00f3d uczni\u00f3w szk\u00f3\u0142 podstawowych. W ramach akcji \u201cEnea Akademia Sportu\u201d przygotowanej wsp\u00f3lnie ze sponsorem g\u0142\u00f3wnym pozna\u0144skiej szk\u00f3\u0142ki, sp\u00f3\u0142k\u0105 Enea, przeprowadzamy warsztaty zach\u0119caj\u0105ce do aktywno\u015bci fizycznej. Ka\u017cde zaj\u0119cia obejmuj\u0105 zagadnienia teoretyczne zwi\u0105zane z prawid\u0142owym od\u017cywianiem, a tak\u017ce trening z pi\u0142k\u0105. Do tej pory ju\u017c kilkadziesi\u0105t uczni\u00f3w wzi\u0119\u0142o udzia\u0142 w zaj\u0119ciach z trenerem Akademii Warty Pozna\u0144, a b\u0119dzie ich jeszcze wi\u0119cej! Efekty naszej pracy s\u0105 dost\u0119pne tutaj, na kanale Warta TV.<\/p>\n<p class=\"history_quote\">Liczne projekty to nie wszystko. Ca\u0142y czas dbamy o rozw\u00f3j naszych wychowank\u00f3w, dlatego tworzymy dla nich materia\u0142y pomagaj\u0105ce im w treningach i \u0107wiczeniach indywidualnych. Wsp\u00f3lnie z fizjoterapeut\u0105 i osteopat\u0105 dr hab. S\u0142awomirem Marsza\u0142kiem przygotowali\u015bmy cykl video, kt\u00f3ry pomo\u017ce m\u0142odym sportowcom na radzenie sobie z kontuzjami i lekkimi urazami mi\u0119\u015bniowymi w domowych warunkach. Dzi\u0119ki temu zawodnicy b\u0119d\u0105 wiedzieli jak zadba\u0107 o swoje cia\u0142o i uchroni\u0107 je przed przeci\u0105\u017ceniami.<\/p>\n<p class=\"history_quote\">Akademia Warty Pozna\u0144 ca\u0142y czas si\u0119 rozwija, z my\u015bl\u0105 o jak najlepszym szkoleniu m\u0142odzie\u017cy. Metody treningowe oraz jako\u015bciowa edukacja przek\u0142adaj\u0105 si\u0119 na efektywne wyniki, kt\u00f3re stawiaj\u0105 naszych podopiecznych w\u015br\u00f3d czo\u0142owych zespo\u0142\u00f3w w wojew\u00f3dztwie. Tworzymy r\u00f3wnie\u017c wi\u0119zi z wychowankami, bo wierzymy, \u017ce klubowa to\u017csamo\u015b\u0107 i lojalne warto\u015bci to najcenniejsze, co mo\u017cemy otrzyma\u0107 w zamian.<\/p>\n<p>[\/vc_column_text][\/vc_column][\/vc_row][\/vc_section][vc_section full_width=&#8221;stretch_row&#8221; el_class=&#8221;mb-0&#8243; css=&#8221;.vc_custom_1651145338386{background-color: #0d7646 !important;}&#8221;][vc_row][vc_column][vc_custom_heading text=&#8221;Masz wi\u0119cej pyta\u0144? Chcesz z nami wsp\u00f3\u0142pracowa\u0107? Napisz!&#8221; font_container=&#8221;tag:h3|font_size:36px|text_align:center|color:%23ffffff&#8221; use_theme_fonts=&#8221;yes&#8221; el_class=&#8221;global__heading energy_switcher&#8211;heading&#8221; css=&#8221;.vc_custom_1651145384841{margin-top: 60px !important;}&#8221;]\n<div class=\"wpcf7 no-js\" id=\"wpcf7-f15126-o1\" lang=\"pl-PL\" dir=\"ltr\">\n<div class=\"screen-reader-response\"><p role=\"status\" aria-live=\"polite\" aria-atomic=\"true\"><\/p> <ul><\/ul><\/div>\n<form action=\"\/index.php\/wp-json\/wp\/v2\/pages\/18674#wpcf7-f15126-o1\" method=\"post\" class=\"wpcf7-form init\" aria-label=\"Formularz kontaktowy\" novalidate=\"novalidate\" data-status=\"init\">\n<div style=\"display: none;\">\n<input type=\"hidden\" name=\"_wpcf7\" value=\"15126\" \/>\n<input type=\"hidden\" name=\"_wpcf7_version\" value=\"5.9.8\" \/>\n<input type=\"hidden\" name=\"_wpcf7_locale\" value=\"pl_PL\" \/>\n<input type=\"hidden\" name=\"_wpcf7_unit_tag\" value=\"wpcf7-f15126-o1\" \/>\n<input type=\"hidden\" name=\"_wpcf7_container_post\" value=\"0\" \/>\n<input type=\"hidden\" name=\"_wpcf7_posted_data_hash\" value=\"\" \/>\n<input type=\"hidden\" name=\"_wpcf7_recaptcha_response\" value=\"\" \/>\n<\/div>\n<div class=\"row\">\n\t<div class=\"col-md-12 business-form\">\n\t\t<div class=\"form-group\">\n\t\t\t<p><label for \"imieinazwisko\">Imi\u0119 i nazwisko <span class=\"required\"><\/span><\/label><br \/>\n<span class=\"wpcf7-form-control-wrap\" data-name=\"input-name\"><input size=\"40\" maxlength=\"25\" class=\"wpcf7-form-control wpcf7-text wpcf7-validates-as-required form-control\" id=\"imieinazwisko\" aria-required=\"true\" aria-invalid=\"false\" value=\"\" type=\"text\" name=\"input-name\" \/><\/span>\n\t\t\t<\/p>\n\t\t<\/div>\n\t<\/div>\n\t<div class=\"col-md-6 business-form\">\n\t\t<div class=\"form-group\">\n\t\t\t<p><label for \"numertelefonu\">Numer telefonu <span class=\"required\"><\/span><\/label><br \/>\n<span class=\"wpcf7-form-control-wrap\" data-name=\"input-brand\"><input size=\"40\" maxlength=\"25\" class=\"wpcf7-form-control wpcf7-text wpcf7-validates-as-required form-control\" id=\"numertelefonu\" aria-required=\"true\" aria-invalid=\"false\" value=\"\" type=\"text\" name=\"input-brand\" \/><\/span>\n\t\t\t<\/p>\n\t\t<\/div>\n\t<\/div>\n\t<div class=\"col-md-6 business-form\">\n\t\t<div class=\"form-group\">\n\t\t\t<p><label for \"adresemail\">Adres e-mail <span class=\"required\"><\/span><\/label><br \/>\n<span class=\"wpcf7-form-control-wrap\" data-name=\"input-email\"><input size=\"40\" maxlength=\"25\" class=\"wpcf7-form-control wpcf7-text wpcf7-validates-as-required form-control\" id=\"adresemail\" aria-required=\"true\" aria-invalid=\"false\" value=\"\" type=\"text\" name=\"input-email\" \/><\/span>\n\t\t\t<\/p>\n\t\t<\/div>\n\t<\/div>\n\t<div class=\"col-md-12 business-form\">\n\t\t<div class=\"form-group\">\n\t\t\t<p><label for \"textarea\">Tre\u015b\u0107 wiadomo\u015bci <span class=\"required\"><\/span><\/label><br \/>\n<span class=\"wpcf7-form-control-wrap\" data-name=\"textarea-427\"><textarea cols=\"40\" rows=\"10\" maxlength=\"500\" minlength=\"10\" class=\"wpcf7-form-control wpcf7-textarea form-control\" id=\"textarea\" aria-invalid=\"false\" name=\"textarea-427\">Wpisz tre\u015b\u0107 wiadomo\u015bci...<\/textarea><\/span>\n\t\t\t<\/p>\n\t\t<\/div>\n\t<\/div>\n\t<div class=\"col-md-12 business-form\">\n\t\t<div class=\"form-group\">\n\t\t\t<p><span class=\"wpcf7-form-control-wrap\" data-name=\"acceptance-568\"><span class=\"wpcf7-form-control wpcf7-acceptance\"><span class=\"wpcf7-list-item\"><label><input type=\"checkbox\" name=\"acceptance-568\" value=\"1\" aria-invalid=\"false\" \/><span class=\"wpcf7-list-item-label\">Uwaga! Przesy\u0142aj\u0105c formularz wyra\u017casz zgod\u0119 na \u015bwiadczenie us\u0142ug drog\u0105 elektroniczn\u0105, a tak\u017ce na przetwarzanie danych osobowych. Polityka prywatno\u015bci dost\u0119pna pod <a href=\"\/index.php\/polityka-prywatnosci\/\">tym linkiem<\/a><\/span><\/label><\/span><\/span><\/span>\n\t\t\t<\/p>\n\t\t<\/div>\n\t<\/div>\n\t<div class=\"col-md-12 text-center mt-5\">\n\t\t<div class=\"form-group\">\n\t\t\t<p><button type=\"submit\" class=\"wpcf7-submit business-form_button\">Wy\u015blij formularz<\/button><br \/>\n<img decoding=\"async\" class=\"ajax-loader\" src=\"\/wp-content\/plugins\/contact-form-7\/images\/ajax-loader.gif\" alt=\"Sending ...\" style=\"visibility: hidden; opacity: 1;\" \/>\n\t\t\t<\/p>\n\t\t<\/div>\n\t<\/div>\n<\/div><div class=\"wpcf7-response-output\" aria-hidden=\"true\"><\/div>\n<\/form>\n<\/div>\n[\/vc_column][\/vc_row][\/vc_section]<\/p>\n","protected":false},"excerpt":{"rendered":"<p>[vc_section][vc_row][vc_column][vc_column_text css=&#8221;.vc_custom_1651145134139{margin-top: 60px !important;}&#8221;] Od wielu lat stawiamy na szkolenie m\u0142odzie\u017cy, kt\u00f3ra jest si\u0142\u0105 i najwi\u0119ksz\u0105 warto\u015bci\u0105 Klubu. Kszta\u0142cenie m\u0142odych&#8230;<\/p>\n","protected":false},"author":36,"featured_media":0,"parent":18646,"menu_order":0,"comment_status":"closed","ping_status":"closed","template":"templates\/widok-podstron-fundacji.php","meta":{"om_disable_all_campaigns":false,"inline_featured_image":false,"footnotes":"","_links_to":"","_links_to_target":""},"categories":[],"tags":[],"aioseo_notices":[],"_links":{"self":[{"href":"https:\/\/wartapoznan.pl\/index.php\/wp-json\/wp\/v2\/pages\/18674"}],"collection":[{"href":"https:\/\/wartapoznan.pl\/index.php\/wp-json\/wp\/v2\/pages"}],"about":[{"href":"https:\/\/wartapoznan.pl\/index.php\/wp-json\/wp\/v2\/types\/page"}],"author":[{"embeddable":true,"href":"https:\/\/wartapoznan.pl\/index.php\/wp-json\/wp\/v2\/users\/36"}],"replies":[{"embeddable":true,"href":"https:\/\/wartapoznan.pl\/index.php\/wp-json\/wp\/v2\/comments?post=18674"}],"version-history":[{"count":9,"href":"https:\/\/wartapoznan.pl\/index.php\/wp-json\/wp\/v2\/pages\/18674\/revisions"}],"predecessor-version":[{"id":30152,"href":"https:\/\/wartapoznan.pl\/index.php\/wp-json\/wp\/v2\/pages\/18674\/revisions\/30152"}],"up":[{"embeddable":true,"href":"https:\/\/wartapoznan.pl\/index.php\/wp-json\/wp\/v2\/pages\/18646"}],"wp:attachment":[{"href":"https:\/\/wartapoznan.pl\/index.php\/wp-json\/wp\/v2\/media?parent=18674"}],"wp:term":[{"taxonomy":"category","embeddable":true,"href":"https:\/\/wartapoznan.pl\/index.php\/wp-json\/wp\/v2\/categories?post=18674"},{"taxonomy":"post_tag","embeddable":true,"href":"https:\/\/wartapoznan.pl\/index.php\/wp-json\/wp\/v2\/tags?post=18674"}],"curies":[{"name":"wp","href":"https:\/\/api.w.org\/{rel}","templated":true}]}}