{"id":18688,"date":"2022-04-28T14:14:31","date_gmt":"2022-04-28T12:14:31","guid":{"rendered":"https:\/\/wartapoznan.pl\/?page_id=18688"},"modified":"2022-04-29T12:41:42","modified_gmt":"2022-04-29T10:41:42","slug":"ekologia","status":"publish","type":"page","link":"https:\/\/wartapoznan.pl\/index.php\/warto-wspierac\/ekologia\/","title":{"rendered":"Ekologia"},"content":{"rendered":"<p>[vc_section][vc_row][vc_column][vc_column_text css=&#8221;.vc_custom_1651148336099{margin-top: 60px !important;}&#8221;]<\/p>\n<p class=\"history_quote\"><strong>Uwa\u017camy, \u017ce barwy zobowi\u0105zuj\u0105 \u2013 jeste\u015bmy Zieloni, wi\u0119c wspieramy ekologi\u0119! Obszar ten jest wa\u017cnym punktem dzia\u0142aniu Klubu, kt\u00f3ry poza sportem stawia r\u00f3wnie\u017c na rozw\u00f3j w zakresie odpowiedzialno\u015bci biznesu. Do tej pory przeprowadzili\u015bmy kilka akcji na rzecz \u015brodowiska i ekologii.<br \/>\n<\/strong><\/p>\n<p>[\/vc_column_text][vc_custom_heading text=&#8221;Eko Klub&#8221; font_container=&#8221;tag:h2|font_size:36px|text_align:center|color:%230d7646|line_height:47px&#8221; use_theme_fonts=&#8221;yes&#8221; el_class=&#8221;global__heading&#8221; css=&#8221;.vc_custom_1651147811095{margin-top: 60px !important;margin-bottom: 60px !important;}&#8221;][vc_single_image image=&#8221;18690&#8243; img_size=&#8221;full&#8221; alignment=&#8221;center&#8221;][vc_column_text css=&#8221;.vc_custom_1651148330350{margin-top: 30px !important;margin-bottom: 30px !important;}&#8221;]<\/p>\n<p class=\"history_quote\">Nasze dzia\u0142ania zacz\u0119li\u015bmy od posprz\u0105tania okolicy, kt\u00f3ra obejmuje tereny nadwarcia\u0144skie \u2013 szczeg\u00f3lnie obfite w \u015bmieci i odpady. Do akcji do\u0142\u0105czyli wychowankowie z Akademii Warty Pozna\u0144, a tak\u017ce wolontariusze z Rady Osiedla Wilda oraz Urz\u0119du Miasta Poznania. Akcja mia\u0142a nie tylko praktyczny rezultat, ale te\u017c stanowi\u0142a lekcj\u0119 dla dzieci dotycz\u0105c\u0105 dbania o \u015brodowisko. Podczas sprz\u0105tania m\u0142odzie\u017c nauczy\u0142a si\u0119 segregowa\u0107 \u015bmieci i pozna\u0142a zagro\u017cenia, jakie niesie za sob\u0105 nieprawid\u0142owa utylizacja odpad\u00f3w.<\/p>\n<p class=\"history_quote\">Z kolei w pa\u017adzierniku w Parku Jana Paw\u0142a II posadzili\u015bmy drzewko, kt\u00f3re zapocz\u0105tkowa\u0142o planowan\u0105 \u201cAlej\u0119 Warciarzy\u201d i w przysz\u0142o\u015bci stworzy rz\u0105d drzew pod patronatem os\u00f3b zas\u0142u\u017conych dla Klubu. Sadzonka platana klonolistnego odnosi si\u0119 do korzeni Warty Pozna\u0144, bowiem to w\u0142a\u015bnie na wildeckich b\u0142oniach pierwsze pi\u0142karskie kroki stawiali zawodnicy \u201cZielonych\u201d. Idea \u0142\u0105czy wi\u0119c tradycj\u0119 Klubu z dba\u0142o\u015bci\u0105 o \u015brodowisko naturalne, a tak\u017ce jest okazj\u0105 do tego, aby by\u0107 bli\u017cej mieszka\u0144c\u00f3w Wildy. Jest to r\u00f3wnie\u017c efekt dobrej wsp\u00f3\u0142pracy Klubu z Zarz\u0105dem Zieleni Miejskiej w Poznaniu, z kt\u00f3rym Warta chce regularnie dzia\u0142a\u0107 na rzecz ekologii i \u015brodowiska.<\/p>\n<p>[\/vc_column_text][vc_single_image image=&#8221;18691&#8243; img_size=&#8221;full&#8221; alignment=&#8221;center&#8221;][vc_column_text css=&#8221;.vc_custom_1651148346754{margin-top: 30px !important;margin-bottom: 30px !important;}&#8221;]<\/p>\n<p class=\"history_quote\">Warta Pozna\u0144 podj\u0119\u0142a wyzwanie wraz z Regionaln\u0105 Dyrekcj\u0105 Las\u00f3w Pa\u0144stwowych w Poznaniu. Za ka\u017cd\u0105 bramk\u0119 zdobyt\u0105 przez \u201eWarciarzy\u201d obiecali\u015bmy posadzi\u0107 sto dziesi\u0119\u0107 drzew. Fina\u0142 akcji \u201eAle zasadzi\u0142!\u201d przybierze form\u0119 pikniku z udzia\u0142em przedstawicieli pierwszej dru\u017cyny oraz zawodniczek i zawodnik\u00f3w z Akademii Warty Pozna\u0144 \u2013 s\u0142owem ca\u0142ej Zielonej Rodziny. Odb\u0119dzie si\u0119 on w jednym z pozna\u0144skich nadle\u015bnictw. Mamy nadziej\u0119, \u017ce uda si\u0119 wykona\u0107 tyle nasadze\u0144, \u017ce w przysz\u0142o\u015bci powstanie z nich okaza\u0142y las!<\/p>\n<p class=\"history_quote\">Staramy si\u0119 r\u00f3wnie\u017c zach\u0119ca\u0107 naszych kibic\u00f3w do ekologicznej postawy, dlatego wprowadzili\u015bmy specjalne produkty do oferty w sklepie internetowym. W zak\u0142adce \u201ceko\u201d dost\u0119pne s\u0105 m.in. akcesoria z drewna oraz gad\u017cety z materia\u0142\u00f3w opartych na surowcach wt\u00f3rnych. Asortyment obejmuje nawet certyfikowan\u0105 kaw\u0119, r\u0119cznie zbieran\u0105 na tradycyjnych plantacjach. Wprowadzili\u015bmy r\u00f3wnie\u017c koszulki meczowe w ca\u0142o\u015bci pochodz\u0105ce z recyklingu, aby jeszcze bardziej podkre\u015bla\u0107 ekologiczne warto\u015bci.<\/p>\n<p class=\"history_quote\">Wierzymy, \u017ce aby zmienia\u0107 \u015bwiat, nale\u017cy dzia\u0142a\u0107. Chcemy robi\u0107 jeszcze wi\u0119cej i b\u0119dziemy wdra\u017ca\u0107 kolejne pomys\u0142y, zgodnie z naszym has\u0142em #SzanujZiele\u0144!<\/p>\n<p>[\/vc_column_text][vc_btn title=&#8221;ODWIED\u0179 STRON\u0118 ALEJ\u0118 WARCIARZY&#8221; style=&#8221;custom&#8221; custom_background=&#8221;#0d7646&#8243; custom_text=&#8221;#ffffff&#8221; shape=&#8221;square&#8221; align=&#8221;center&#8221; el_class=&#8221;business_specialbutton button_white&#8211;arrow button_shirt&#8221; css=&#8221;.vc_custom_1651228899302{margin-top: 60px !important;margin-bottom: 60px !important;}&#8221; link=&#8221;url:http%3A%2F%2Falejawarciarzy.pl%2F||target:%20_blank|&#8221;][\/vc_column][\/vc_row][\/vc_section][vc_section full_width=&#8221;stretch_row&#8221; css=&#8221;.vc_custom_1651148068805{background-color: #0d7646 !important;}&#8221;][vc_row][vc_column][vc_custom_heading text=&#8221;Chcia\u0142by\u015b nam pom\u00f3c? Masz ciekawy pomys\u0142? Napisz do nas!&#8221; font_container=&#8221;tag:h3|font_size:36px|text_align:center|color:%23ffffff&#8221; use_theme_fonts=&#8221;yes&#8221; el_class=&#8221;global__heading energy_switcher&#8211;heading&#8221; css=&#8221;.vc_custom_1651148171814{margin-top: 60px !important;}&#8221;]\n<div class=\"wpcf7 no-js\" id=\"wpcf7-f15126-o1\" lang=\"pl-PL\" dir=\"ltr\">\n<div class=\"screen-reader-response\"><p role=\"status\" aria-live=\"polite\" aria-atomic=\"true\"><\/p> <ul><\/ul><\/div>\n<form action=\"\/index.php\/wp-json\/wp\/v2\/pages\/18688#wpcf7-f15126-o1\" method=\"post\" class=\"wpcf7-form init\" aria-label=\"Formularz kontaktowy\" novalidate=\"novalidate\" data-status=\"init\">\n<div style=\"display: none;\">\n<input type=\"hidden\" name=\"_wpcf7\" value=\"15126\" \/>\n<input type=\"hidden\" name=\"_wpcf7_version\" value=\"5.9.8\" \/>\n<input type=\"hidden\" name=\"_wpcf7_locale\" value=\"pl_PL\" \/>\n<input type=\"hidden\" name=\"_wpcf7_unit_tag\" value=\"wpcf7-f15126-o1\" \/>\n<input type=\"hidden\" name=\"_wpcf7_container_post\" value=\"0\" \/>\n<input type=\"hidden\" name=\"_wpcf7_posted_data_hash\" value=\"\" \/>\n<input type=\"hidden\" name=\"_wpcf7_recaptcha_response\" value=\"\" \/>\n<\/div>\n<div class=\"row\">\n\t<div class=\"col-md-12 business-form\">\n\t\t<div class=\"form-group\">\n\t\t\t<p><label for \"imieinazwisko\">Imi\u0119 i nazwisko <span class=\"required\"><\/span><\/label><br \/>\n<span class=\"wpcf7-form-control-wrap\" data-name=\"input-name\"><input size=\"40\" maxlength=\"25\" class=\"wpcf7-form-control wpcf7-text wpcf7-validates-as-required form-control\" id=\"imieinazwisko\" aria-required=\"true\" aria-invalid=\"false\" value=\"\" type=\"text\" name=\"input-name\" \/><\/span>\n\t\t\t<\/p>\n\t\t<\/div>\n\t<\/div>\n\t<div class=\"col-md-6 business-form\">\n\t\t<div class=\"form-group\">\n\t\t\t<p><label for \"numertelefonu\">Numer telefonu <span class=\"required\"><\/span><\/label><br \/>\n<span class=\"wpcf7-form-control-wrap\" data-name=\"input-brand\"><input size=\"40\" maxlength=\"25\" class=\"wpcf7-form-control wpcf7-text wpcf7-validates-as-required form-control\" id=\"numertelefonu\" aria-required=\"true\" aria-invalid=\"false\" value=\"\" type=\"text\" name=\"input-brand\" \/><\/span>\n\t\t\t<\/p>\n\t\t<\/div>\n\t<\/div>\n\t<div class=\"col-md-6 business-form\">\n\t\t<div class=\"form-group\">\n\t\t\t<p><label for \"adresemail\">Adres e-mail <span class=\"required\"><\/span><\/label><br \/>\n<span class=\"wpcf7-form-control-wrap\" data-name=\"input-email\"><input size=\"40\" maxlength=\"25\" class=\"wpcf7-form-control wpcf7-text wpcf7-validates-as-required form-control\" id=\"adresemail\" aria-required=\"true\" aria-invalid=\"false\" value=\"\" type=\"text\" name=\"input-email\" \/><\/span>\n\t\t\t<\/p>\n\t\t<\/div>\n\t<\/div>\n\t<div class=\"col-md-12 business-form\">\n\t\t<div class=\"form-group\">\n\t\t\t<p><label for \"textarea\">Tre\u015b\u0107 wiadomo\u015bci <span class=\"required\"><\/span><\/label><br \/>\n<span class=\"wpcf7-form-control-wrap\" data-name=\"textarea-427\"><textarea cols=\"40\" rows=\"10\" maxlength=\"500\" minlength=\"10\" class=\"wpcf7-form-control wpcf7-textarea form-control\" id=\"textarea\" aria-invalid=\"false\" name=\"textarea-427\">Wpisz tre\u015b\u0107 wiadomo\u015bci...<\/textarea><\/span>\n\t\t\t<\/p>\n\t\t<\/div>\n\t<\/div>\n\t<div class=\"col-md-12 business-form\">\n\t\t<div class=\"form-group\">\n\t\t\t<p><span class=\"wpcf7-form-control-wrap\" data-name=\"acceptance-568\"><span class=\"wpcf7-form-control wpcf7-acceptance\"><span class=\"wpcf7-list-item\"><label><input type=\"checkbox\" name=\"acceptance-568\" value=\"1\" aria-invalid=\"false\" \/><span class=\"wpcf7-list-item-label\">Uwaga! Przesy\u0142aj\u0105c formularz wyra\u017casz zgod\u0119 na \u015bwiadczenie us\u0142ug drog\u0105 elektroniczn\u0105, a tak\u017ce na przetwarzanie danych osobowych. Polityka prywatno\u015bci dost\u0119pna pod <a href=\"\/index.php\/polityka-prywatnosci\/\">tym linkiem<\/a><\/span><\/label><\/span><\/span><\/span>\n\t\t\t<\/p>\n\t\t<\/div>\n\t<\/div>\n\t<div class=\"col-md-12 text-center mt-5\">\n\t\t<div class=\"form-group\">\n\t\t\t<p><button type=\"submit\" class=\"wpcf7-submit business-form_button\">Wy\u015blij formularz<\/button><br \/>\n<img decoding=\"async\" class=\"ajax-loader\" src=\"\/wp-content\/plugins\/contact-form-7\/images\/ajax-loader.gif\" alt=\"Sending ...\" style=\"visibility: hidden; opacity: 1;\" \/>\n\t\t\t<\/p>\n\t\t<\/div>\n\t<\/div>\n<\/div><div class=\"wpcf7-response-output\" aria-hidden=\"true\"><\/div>\n<\/form>\n<\/div>\n[\/vc_column][\/vc_row][\/vc_section]<\/p>\n","protected":false},"excerpt":{"rendered":"<p>[vc_section][vc_row][vc_column][vc_column_text css=&#8221;.vc_custom_1651148336099{margin-top: 60px !important;}&#8221;] Uwa\u017camy, \u017ce barwy zobowi\u0105zuj\u0105 \u2013 jeste\u015bmy Zieloni, wi\u0119c wspieramy ekologi\u0119! Obszar ten jest wa\u017cnym punktem dzia\u0142aniu&#8230;<\/p>\n","protected":false},"author":36,"featured_media":0,"parent":18646,"menu_order":0,"comment_status":"closed","ping_status":"closed","template":"templates\/widok-podstron-fundacji.php","meta":{"om_disable_all_campaigns":false,"inline_featured_image":false,"footnotes":"","_links_to":"","_links_to_target":""},"categories":[],"tags":[],"aioseo_notices":[],"_links":{"self":[{"href":"https:\/\/wartapoznan.pl\/index.php\/wp-json\/wp\/v2\/pages\/18688"}],"collection":[{"href":"https:\/\/wartapoznan.pl\/index.php\/wp-json\/wp\/v2\/pages"}],"about":[{"href":"https:\/\/wartapoznan.pl\/index.php\/wp-json\/wp\/v2\/types\/page"}],"author":[{"embeddable":true,"href":"https:\/\/wartapoznan.pl\/index.php\/wp-json\/wp\/v2\/users\/36"}],"replies":[{"embeddable":true,"href":"https:\/\/wartapoznan.pl\/index.php\/wp-json\/wp\/v2\/comments?post=18688"}],"version-history":[{"count":9,"href":"https:\/\/wartapoznan.pl\/index.php\/wp-json\/wp\/v2\/pages\/18688\/revisions"}],"predecessor-version":[{"id":18848,"href":"https:\/\/wartapoznan.pl\/index.php\/wp-json\/wp\/v2\/pages\/18688\/revisions\/18848"}],"up":[{"embeddable":true,"href":"https:\/\/wartapoznan.pl\/index.php\/wp-json\/wp\/v2\/pages\/18646"}],"wp:attachment":[{"href":"https:\/\/wartapoznan.pl\/index.php\/wp-json\/wp\/v2\/media?parent=18688"}],"wp:term":[{"taxonomy":"category","embeddable":true,"href":"https:\/\/wartapoznan.pl\/index.php\/wp-json\/wp\/v2\/categories?post=18688"},{"taxonomy":"post_tag","embeddable":true,"href":"https:\/\/wartapoznan.pl\/index.php\/wp-json\/wp\/v2\/tags?post=18688"}],"curies":[{"name":"wp","href":"https:\/\/api.w.org\/{rel}","templated":true}]}}