{"id":18701,"date":"2022-04-28T14:30:11","date_gmt":"2022-04-28T12:30:11","guid":{"rendered":"https:\/\/wartapoznan.pl\/?page_id=18701"},"modified":"2022-04-28T14:30:11","modified_gmt":"2022-04-28T12:30:11","slug":"osoby-z-niepelnosprawnosciami","status":"publish","type":"page","link":"https:\/\/wartapoznan.pl\/index.php\/warto-wspierac\/osoby-z-niepelnosprawnosciami\/","title":{"rendered":"Osoby z niepe\u0142nosprawno\u015bciami"},"content":{"rendered":"<p>[vc_section][vc_row][vc_column][vc_column_text css=&#8221;.vc_custom_1651148584089{margin-top: 60px !important;}&#8221;]<\/p>\n<p class=\"history_quote\"><strong>Wierzymy w to, \u017ce wszyscy jeste\u015bmy r\u00f3wni, niezale\u017cnie od naszych przekona\u0144, wygl\u0105du, czy stopnia sprawno\u015bci. Niestety, wiele os\u00f3b w Polsce spotyka si\u0119 z nies\u0142usznym wykluczeniem, na podstawie pobie\u017cnego os\u0105du lub stereotypu. Nasz\u0105 misj\u0105 jest u\u015bwiadamianie spo\u0142ecze\u0144stwa na potrzeby os\u00f3b z niepe\u0142nosprawno\u015bciami, wychodzenie im naprzeciw oraz tworzenie warunk\u00f3w, by mogli funkcjonowa\u0107 w naszej Zielonej Rodzinie.<br \/>\n<\/strong><\/p>\n<p>[\/vc_column_text][vc_custom_heading text=&#8221;Amp futbol&#8221; font_container=&#8221;tag:h2|font_size:36px|text_align:center|color:%230d7646|line_height:47px&#8221; use_theme_fonts=&#8221;yes&#8221; el_class=&#8221;global__heading&#8221; css=&#8221;.vc_custom_1651148592045{margin-top: 60px !important;margin-bottom: 60px !important;}&#8221;][vc_single_image image=&#8221;18706&#8243; img_size=&#8221;full&#8221; alignment=&#8221;center&#8221;][vc_column_text css=&#8221;.vc_custom_1651148652848{margin-top: 30px !important;margin-bottom: 30px !important;}&#8221;]<\/p>\n<p class=\"history_quote\">Utworzyli\u015bmy w Klubie sekcj\u0119 pi\u0142ki no\u017cnej dla os\u00f3b po amputacji ko\u0144czyn. Futbol \u201co kulach\u201d istnieje w Polsce od kilku lat i pokazuje, \u017ce nie ma rzeczy niemo\u017cliwych. Coraz wi\u0119ksza popularno\u015b\u0107 tej dyscypliny sprawia, \u017ce kolejne czo\u0142owe kluby pi\u0142karskie otwieraj\u0105 sekcje i zrzeszaj\u0105 amp futbolist\u00f3w, kt\u00f3rzy p\u00f3\u017aniej maj\u0105 szans\u0119 reprezentowa\u0107 barwy kraju. A przede wszystkim odnale\u017a\u0107 si\u0119 w sytuacji \u017cyciowej, z kt\u00f3r\u0105 wcze\u015bniej nie mieli do czynienia.<\/p>\n<p class=\"history_quote\">Chcemy promowa\u0107 ten sport, aby podnosi\u0107 \u015bwiadomo\u015b\u0107 spo\u0142ecze\u0144stwa na temat funkcjonowania os\u00f3b z niepe\u0142nosprawno\u015bci\u0105 ruchow\u0105. W tym celu powsta\u0142a tak\u017ce wystawa zdj\u0119\u0107 naszej dru\u017cyny, kt\u00f3r\u0105 mogli ogl\u0105da\u0107 mieszka\u0144cy miasta przy Rondzie Kaponiera. Dzi\u0119ki temu mogli przekona\u0107 si\u0119, \u017ce amp futbol to nie tylko sport, ale niezwyk\u0142a pasja i zaanga\u017cowanie zawodnik\u00f3w, kt\u00f3rzy pokazuj\u0105, \u017ce nie mo\u017cna si\u0119 poddawa\u0107.<\/p>\n<p class=\"history_quote\">Po zako\u0144czonym sezonie Amp Futbol Ekstraklasy, w kt\u00f3rym zawodnicy Warty Pozna\u0144 wystartowali po raz pierwszy, przygotowali\u015bmy dedykowane materia\u0142y na kanale Warta TV, kt\u00f3re pokazuj\u0105, \u017ce na boisku wszyscy jeste\u015bmy r\u00f3wni.<\/p>\n<p>[\/vc_column_text][\/vc_column][\/vc_row][\/vc_section][vc_section full_width=&#8221;stretch_row&#8221; css=&#8221;.vc_custom_1651148846944{background-color: #ffffff !important;}&#8221;][vc_row][vc_column][vc_custom_heading text=&#8221;Polityka dost\u0119pno\u015bci&#8221; font_container=&#8221;tag:h2|font_size:36px|text_align:center|color:%230d7646|line_height:47px&#8221; use_theme_fonts=&#8221;yes&#8221; el_class=&#8221;global__heading&#8221; css=&#8221;.vc_custom_1651148858671{margin-top: 60px !important;margin-bottom: 60px !important;}&#8221;][vc_single_image image=&#8221;18707&#8243; img_size=&#8221;full&#8221; alignment=&#8221;center&#8221;][vc_column_text css=&#8221;.vc_custom_1651148696485{margin-top: 30px !important;margin-bottom: 30px !important;}&#8221;]<\/p>\n<p class=\"history_quote\">Stopniowo pracujemy nad dostosowaniem naszych kana\u0142\u00f3w komunikacji do os\u00f3b niewidomych i nies\u0142ysz\u0105cych, aby wygodnie i komfortowo mogli uczestniczy\u0107 w \u017cyciu naszego Klubu. Wprowadzili\u015bmy zmiany na stronie internetowej. Dodali\u015bmy mo\u017cliwo\u015b\u0107 powi\u0119kszenia czcionki oraz u\u017cycia kontrastu. Dost\u0119pny jest r\u00f3wnie\u017c ods\u0142uch, kt\u00f3ry u\u0142atwia zrozumienie tekstu.<\/p>\n<p class=\"history_quote\">Planujemy r\u00f3wnie\u017c wdro\u017cy\u0107 udogodnienia podczas meczu, kt\u00f3re pozwol\u0105 osobom niedowidz\u0105cym na \u015bledzenie boiskowych wydarze\u0144. W tym celu przygotowujemy relacj\u0119 z audiodeskrypcj\u0105, z udzia\u0142em najlepszych pozna\u0144skich komentator\u00f3w radiowych w roli narrator\u00f3w. Ju\u017c teraz my\u015blimy r\u00f3wnie\u017c o specjalnie przystosowanych punktach i miejscach dla os\u00f3b z niepe\u0142nosprawno\u015bci\u0105 ruchow\u0105 na naszym nowym stadionie.<\/p>\n<p>[\/vc_column_text][\/vc_column][\/vc_row][\/vc_section][vc_section full_width=&#8221;stretch_row&#8221; css=&#8221;.vc_custom_1651148068805{background-color: #0d7646 !important;}&#8221;][vc_row][vc_column][vc_custom_heading text=&#8221;Chcia\u0142by\u015b nam pom\u00f3c w realizacji cel\u00f3w? Napisz do nas!&#8221; font_container=&#8221;tag:h3|font_size:36px|text_align:center|color:%23ffffff&#8221; use_theme_fonts=&#8221;yes&#8221; el_class=&#8221;global__heading energy_switcher&#8211;heading&#8221; css=&#8221;.vc_custom_1651148706153{margin-top: 60px !important;}&#8221;]\n<div class=\"wpcf7 no-js\" id=\"wpcf7-f15126-o1\" lang=\"pl-PL\" dir=\"ltr\">\n<div class=\"screen-reader-response\"><p role=\"status\" aria-live=\"polite\" aria-atomic=\"true\"><\/p> <ul><\/ul><\/div>\n<form action=\"\/index.php\/wp-json\/wp\/v2\/pages\/18701#wpcf7-f15126-o1\" method=\"post\" class=\"wpcf7-form init\" aria-label=\"Formularz kontaktowy\" novalidate=\"novalidate\" data-status=\"init\">\n<div style=\"display: none;\">\n<input type=\"hidden\" name=\"_wpcf7\" value=\"15126\" \/>\n<input type=\"hidden\" name=\"_wpcf7_version\" value=\"5.9.8\" \/>\n<input type=\"hidden\" name=\"_wpcf7_locale\" value=\"pl_PL\" \/>\n<input type=\"hidden\" name=\"_wpcf7_unit_tag\" value=\"wpcf7-f15126-o1\" \/>\n<input type=\"hidden\" name=\"_wpcf7_container_post\" value=\"0\" \/>\n<input type=\"hidden\" name=\"_wpcf7_posted_data_hash\" value=\"\" \/>\n<input type=\"hidden\" name=\"_wpcf7_recaptcha_response\" value=\"\" \/>\n<\/div>\n<div class=\"row\">\n\t<div class=\"col-md-12 business-form\">\n\t\t<div class=\"form-group\">\n\t\t\t<p><label for \"imieinazwisko\">Imi\u0119 i nazwisko <span class=\"required\"><\/span><\/label><br \/>\n<span class=\"wpcf7-form-control-wrap\" data-name=\"input-name\"><input size=\"40\" maxlength=\"25\" class=\"wpcf7-form-control wpcf7-text wpcf7-validates-as-required form-control\" id=\"imieinazwisko\" aria-required=\"true\" aria-invalid=\"false\" value=\"\" type=\"text\" name=\"input-name\" \/><\/span>\n\t\t\t<\/p>\n\t\t<\/div>\n\t<\/div>\n\t<div class=\"col-md-6 business-form\">\n\t\t<div class=\"form-group\">\n\t\t\t<p><label for \"numertelefonu\">Numer telefonu <span class=\"required\"><\/span><\/label><br \/>\n<span class=\"wpcf7-form-control-wrap\" data-name=\"input-brand\"><input size=\"40\" maxlength=\"25\" class=\"wpcf7-form-control wpcf7-text wpcf7-validates-as-required form-control\" id=\"numertelefonu\" aria-required=\"true\" aria-invalid=\"false\" value=\"\" type=\"text\" name=\"input-brand\" \/><\/span>\n\t\t\t<\/p>\n\t\t<\/div>\n\t<\/div>\n\t<div class=\"col-md-6 business-form\">\n\t\t<div class=\"form-group\">\n\t\t\t<p><label for \"adresemail\">Adres e-mail <span class=\"required\"><\/span><\/label><br \/>\n<span class=\"wpcf7-form-control-wrap\" data-name=\"input-email\"><input size=\"40\" maxlength=\"25\" class=\"wpcf7-form-control wpcf7-text wpcf7-validates-as-required form-control\" id=\"adresemail\" aria-required=\"true\" aria-invalid=\"false\" value=\"\" type=\"text\" name=\"input-email\" \/><\/span>\n\t\t\t<\/p>\n\t\t<\/div>\n\t<\/div>\n\t<div class=\"col-md-12 business-form\">\n\t\t<div class=\"form-group\">\n\t\t\t<p><label for \"textarea\">Tre\u015b\u0107 wiadomo\u015bci <span class=\"required\"><\/span><\/label><br \/>\n<span class=\"wpcf7-form-control-wrap\" data-name=\"textarea-427\"><textarea cols=\"40\" rows=\"10\" maxlength=\"500\" minlength=\"10\" class=\"wpcf7-form-control wpcf7-textarea form-control\" id=\"textarea\" aria-invalid=\"false\" name=\"textarea-427\">Wpisz tre\u015b\u0107 wiadomo\u015bci...<\/textarea><\/span>\n\t\t\t<\/p>\n\t\t<\/div>\n\t<\/div>\n\t<div class=\"col-md-12 business-form\">\n\t\t<div class=\"form-group\">\n\t\t\t<p><span class=\"wpcf7-form-control-wrap\" data-name=\"acceptance-568\"><span class=\"wpcf7-form-control wpcf7-acceptance\"><span class=\"wpcf7-list-item\"><label><input type=\"checkbox\" name=\"acceptance-568\" value=\"1\" aria-invalid=\"false\" \/><span class=\"wpcf7-list-item-label\">Uwaga! Przesy\u0142aj\u0105c formularz wyra\u017casz zgod\u0119 na \u015bwiadczenie us\u0142ug drog\u0105 elektroniczn\u0105, a tak\u017ce na przetwarzanie danych osobowych. Polityka prywatno\u015bci dost\u0119pna pod <a href=\"\/index.php\/polityka-prywatnosci\/\">tym linkiem<\/a><\/span><\/label><\/span><\/span><\/span>\n\t\t\t<\/p>\n\t\t<\/div>\n\t<\/div>\n\t<div class=\"col-md-12 text-center mt-5\">\n\t\t<div class=\"form-group\">\n\t\t\t<p><button type=\"submit\" class=\"wpcf7-submit business-form_button\">Wy\u015blij formularz<\/button><br \/>\n<img decoding=\"async\" class=\"ajax-loader\" src=\"\/wp-content\/plugins\/contact-form-7\/images\/ajax-loader.gif\" alt=\"Sending ...\" style=\"visibility: hidden; opacity: 1;\" \/>\n\t\t\t<\/p>\n\t\t<\/div>\n\t<\/div>\n<\/div><div class=\"wpcf7-response-output\" aria-hidden=\"true\"><\/div>\n<\/form>\n<\/div>\n[\/vc_column][\/vc_row][\/vc_section]<\/p>\n","protected":false},"excerpt":{"rendered":"<p>[vc_section][vc_row][vc_column][vc_column_text css=&#8221;.vc_custom_1651148584089{margin-top: 60px !important;}&#8221;] Wierzymy w to, \u017ce wszyscy jeste\u015bmy r\u00f3wni, niezale\u017cnie od naszych przekona\u0144, wygl\u0105du, czy stopnia sprawno\u015bci. Niestety,&#8230;<\/p>\n","protected":false},"author":36,"featured_media":0,"parent":18646,"menu_order":0,"comment_status":"closed","ping_status":"closed","template":"templates\/widok-podstron-fundacji.php","meta":{"om_disable_all_campaigns":false,"inline_featured_image":false,"footnotes":"","_links_to":"","_links_to_target":""},"categories":[],"tags":[],"aioseo_notices":[],"_links":{"self":[{"href":"https:\/\/wartapoznan.pl\/index.php\/wp-json\/wp\/v2\/pages\/18701"}],"collection":[{"href":"https:\/\/wartapoznan.pl\/index.php\/wp-json\/wp\/v2\/pages"}],"about":[{"href":"https:\/\/wartapoznan.pl\/index.php\/wp-json\/wp\/v2\/types\/page"}],"author":[{"embeddable":true,"href":"https:\/\/wartapoznan.pl\/index.php\/wp-json\/wp\/v2\/users\/36"}],"replies":[{"embeddable":true,"href":"https:\/\/wartapoznan.pl\/index.php\/wp-json\/wp\/v2\/comments?post=18701"}],"version-history":[{"count":2,"href":"https:\/\/wartapoznan.pl\/index.php\/wp-json\/wp\/v2\/pages\/18701\/revisions"}],"predecessor-version":[{"id":18711,"href":"https:\/\/wartapoznan.pl\/index.php\/wp-json\/wp\/v2\/pages\/18701\/revisions\/18711"}],"up":[{"embeddable":true,"href":"https:\/\/wartapoznan.pl\/index.php\/wp-json\/wp\/v2\/pages\/18646"}],"wp:attachment":[{"href":"https:\/\/wartapoznan.pl\/index.php\/wp-json\/wp\/v2\/media?parent=18701"}],"wp:term":[{"taxonomy":"category","embeddable":true,"href":"https:\/\/wartapoznan.pl\/index.php\/wp-json\/wp\/v2\/categories?post=18701"},{"taxonomy":"post_tag","embeddable":true,"href":"https:\/\/wartapoznan.pl\/index.php\/wp-json\/wp\/v2\/tags?post=18701"}],"curies":[{"name":"wp","href":"https:\/\/api.w.org\/{rel}","templated":true}]}}