{"id":18712,"date":"2022-04-28T14:36:11","date_gmt":"2022-04-28T12:36:11","guid":{"rendered":"https:\/\/wartapoznan.pl\/?page_id=18712"},"modified":"2022-04-28T15:03:05","modified_gmt":"2022-04-28T13:03:05","slug":"sport-kobiet","status":"publish","type":"page","link":"https:\/\/wartapoznan.pl\/index.php\/warto-wspierac\/sport-kobiet\/","title":{"rendered":"Sport kobiet"},"content":{"rendered":"<p>[vc_section][vc_row][vc_column][vc_column_text css=&#8221;.vc_custom_1651149452657{margin-top: 60px !important;margin-bottom: 60px !important;}&#8221;]<\/p>\n<p class=\"history_quote\"><strong>W sierpniu 2020 roku powsta\u0142a pierwsza historyczna sekcja pi\u0142ki no\u017cnej kobiet w Warcie Pozna\u0144. To wa\u017cny krok w kierunku rozwoju \u017ce\u0144skiego futbolu w naszym Klubie.<br \/>\n<\/strong><\/p>\n<p>[\/vc_column_text][vc_single_image image=&#8221;18717&#8243; img_size=&#8221;full&#8221; alignment=&#8221;center&#8221;][vc_column_text css=&#8221;.vc_custom_1651149178756{margin-top: 30px !important;margin-bottom: 30px !important;}&#8221;]<\/p>\n<p class=\"history_quote\">Powstanie sekcji kobiecego futbolu i zg\u0142oszenie dru\u017cyny seniorek do rozgrywek ligowych to jedne z kluczowych kwestii w planach rozwoju Warty Pozna\u0144. Z my\u015bl\u0105 o ich realizacji ju\u017c kilka miesi\u0119cy temu zapad\u0142a decyzja o stworzeniu grup szkoleniowych dla dziewczynek w Akademii Warty Pozna\u0144. Klub po\u0142\u0105czy\u0142 si\u0142y z podpozna\u0144skim Lejdis Lubo\u0144, w wyniku czego do stolicy Wielkopolski przenios\u0142o si\u0119 ponad 50 zawodniczek wraz z trener Ann\u0105 Jankowsk\u0105, kt\u00f3ra jest r\u00f3wnie\u017c selekcjonerem kadry wojew\u00f3dzkiej. Sztab szkoleniowy uzupe\u0142nili trener Violetta Biega\u0144ska oraz \u0141ukasz Nowak. Dziewczynki trenuj\u0105 w czterech grupach, od Orliczek do Juniorek Starszych.<\/p>\n<p>[\/vc_column_text][\/vc_column][\/vc_row][\/vc_section][vc_section full_width=&#8221;stretch_row&#8221; css=&#8221;.vc_custom_1651149443009{background-color: #ffffff !important;}&#8221;][vc_row][vc_column][vc_custom_heading text=&#8221;Popularyzacja Pi\u0142ki Kobiecej&#8221; font_container=&#8221;tag:h2|font_size:36px|text_align:center|color:%230d7646|line_height:47px&#8221; use_theme_fonts=&#8221;yes&#8221; el_class=&#8221;global__heading&#8221; css=&#8221;.vc_custom_1651149512957{margin-top: 60px !important;margin-bottom: 60px !important;}&#8221;][vc_single_image image=&#8221;18718&#8243; img_size=&#8221;full&#8221; alignment=&#8221;center&#8221;][vc_column_text css=&#8221;.vc_custom_1651149247396{margin-top: 30px !important;margin-bottom: 30px !important;}&#8221;]<\/p>\n<p class=\"history_quote\">Na pocz\u0105tku stycznia rusza kampania UEFA Playmakers, do kt\u00f3rej do\u0142\u0105czy\u0142a r\u00f3wnie\u017c Warta Pozna\u0144. Jest to innowacyjny program skierowany do grupy dziewczynek pomi\u0119dzy 5 a 8 rokiem \u017cycia, kt\u00f3ry ma zach\u0119ci\u0107 je do uprawiania sportu i gry w pi\u0142k\u0119 no\u017cn\u0105. Zaj\u0119cia oparte s\u0105 na scenariuszu bajek Disneya, dzi\u0119ki czemu pocz\u0105tkuj\u0105ce sportowczynie poprzez zabaw\u0119 i ciekawe opowie\u015bci mog\u0105 zbli\u017cy\u0107 si\u0119 do futbolu.<\/p>\n<p class=\"history_quote\">Ca\u0142y czas prowadzimy r\u00f3wnie\u017c otwarte nabory do sekcji kobiecej pi\u0142ki no\u017cnej, obejmuj\u0105ce wszystkie roczniki. Chcemy dawa\u0107 szans\u0119 do rozwoju ka\u017cdej ch\u0119tnej dziewczynce, kt\u00f3ra marzy o byciu pi\u0142kark\u0105. D\u0105\u017cymy do tego, aby szkolenie zawodniczek by\u0142o na jak najlepszym poziomie i stwarza\u0142o warunki do zawodowej kariery, tak jak si\u0119 to dzieje w przypadku sekcji ch\u0142opi\u0119cej.<\/p>\n<p>[\/vc_column_text][\/vc_column][\/vc_row][\/vc_section][vc_section full_width=&#8221;stretch_row&#8221; css=&#8221;.vc_custom_1651148068805{background-color: #0d7646 !important;}&#8221;][vc_row][vc_column][vc_custom_heading text=&#8221;Chcia\u0142by\u015b nam pom\u00f3c? Masz ciekawy pomys\u0142? Napisz do nas!&#8221; font_container=&#8221;tag:h3|font_size:36px|text_align:center|color:%23ffffff&#8221; use_theme_fonts=&#8221;yes&#8221; el_class=&#8221;global__heading energy_switcher&#8211;heading&#8221; css=&#8221;.vc_custom_1651148171814{margin-top: 60px !important;}&#8221;]\n<div class=\"wpcf7 no-js\" id=\"wpcf7-f15126-o1\" lang=\"pl-PL\" dir=\"ltr\">\n<div class=\"screen-reader-response\"><p role=\"status\" aria-live=\"polite\" aria-atomic=\"true\"><\/p> <ul><\/ul><\/div>\n<form action=\"\/index.php\/wp-json\/wp\/v2\/pages\/18712#wpcf7-f15126-o1\" method=\"post\" class=\"wpcf7-form init\" aria-label=\"Formularz kontaktowy\" novalidate=\"novalidate\" data-status=\"init\">\n<div style=\"display: none;\">\n<input type=\"hidden\" name=\"_wpcf7\" value=\"15126\" \/>\n<input type=\"hidden\" name=\"_wpcf7_version\" value=\"5.9.8\" \/>\n<input type=\"hidden\" name=\"_wpcf7_locale\" value=\"pl_PL\" \/>\n<input type=\"hidden\" name=\"_wpcf7_unit_tag\" value=\"wpcf7-f15126-o1\" \/>\n<input type=\"hidden\" name=\"_wpcf7_container_post\" value=\"0\" \/>\n<input type=\"hidden\" name=\"_wpcf7_posted_data_hash\" value=\"\" \/>\n<input type=\"hidden\" name=\"_wpcf7_recaptcha_response\" value=\"\" \/>\n<\/div>\n<div class=\"row\">\n\t<div class=\"col-md-12 business-form\">\n\t\t<div class=\"form-group\">\n\t\t\t<p><label for \"imieinazwisko\">Imi\u0119 i nazwisko <span class=\"required\"><\/span><\/label><br \/>\n<span class=\"wpcf7-form-control-wrap\" data-name=\"input-name\"><input size=\"40\" maxlength=\"25\" class=\"wpcf7-form-control wpcf7-text wpcf7-validates-as-required form-control\" id=\"imieinazwisko\" aria-required=\"true\" aria-invalid=\"false\" value=\"\" type=\"text\" name=\"input-name\" \/><\/span>\n\t\t\t<\/p>\n\t\t<\/div>\n\t<\/div>\n\t<div class=\"col-md-6 business-form\">\n\t\t<div class=\"form-group\">\n\t\t\t<p><label for \"numertelefonu\">Numer telefonu <span class=\"required\"><\/span><\/label><br \/>\n<span class=\"wpcf7-form-control-wrap\" data-name=\"input-brand\"><input size=\"40\" maxlength=\"25\" class=\"wpcf7-form-control wpcf7-text wpcf7-validates-as-required form-control\" id=\"numertelefonu\" aria-required=\"true\" aria-invalid=\"false\" value=\"\" type=\"text\" name=\"input-brand\" \/><\/span>\n\t\t\t<\/p>\n\t\t<\/div>\n\t<\/div>\n\t<div class=\"col-md-6 business-form\">\n\t\t<div class=\"form-group\">\n\t\t\t<p><label for \"adresemail\">Adres e-mail <span class=\"required\"><\/span><\/label><br \/>\n<span class=\"wpcf7-form-control-wrap\" data-name=\"input-email\"><input size=\"40\" maxlength=\"25\" class=\"wpcf7-form-control wpcf7-text wpcf7-validates-as-required form-control\" id=\"adresemail\" aria-required=\"true\" aria-invalid=\"false\" value=\"\" type=\"text\" name=\"input-email\" \/><\/span>\n\t\t\t<\/p>\n\t\t<\/div>\n\t<\/div>\n\t<div class=\"col-md-12 business-form\">\n\t\t<div class=\"form-group\">\n\t\t\t<p><label for \"textarea\">Tre\u015b\u0107 wiadomo\u015bci <span class=\"required\"><\/span><\/label><br \/>\n<span class=\"wpcf7-form-control-wrap\" data-name=\"textarea-427\"><textarea cols=\"40\" rows=\"10\" maxlength=\"500\" minlength=\"10\" class=\"wpcf7-form-control wpcf7-textarea form-control\" id=\"textarea\" aria-invalid=\"false\" name=\"textarea-427\">Wpisz tre\u015b\u0107 wiadomo\u015bci...<\/textarea><\/span>\n\t\t\t<\/p>\n\t\t<\/div>\n\t<\/div>\n\t<div class=\"col-md-12 business-form\">\n\t\t<div class=\"form-group\">\n\t\t\t<p><span class=\"wpcf7-form-control-wrap\" data-name=\"acceptance-568\"><span class=\"wpcf7-form-control wpcf7-acceptance\"><span class=\"wpcf7-list-item\"><label><input type=\"checkbox\" name=\"acceptance-568\" value=\"1\" aria-invalid=\"false\" \/><span class=\"wpcf7-list-item-label\">Uwaga! Przesy\u0142aj\u0105c formularz wyra\u017casz zgod\u0119 na \u015bwiadczenie us\u0142ug drog\u0105 elektroniczn\u0105, a tak\u017ce na przetwarzanie danych osobowych. Polityka prywatno\u015bci dost\u0119pna pod <a href=\"\/index.php\/polityka-prywatnosci\/\">tym linkiem<\/a><\/span><\/label><\/span><\/span><\/span>\n\t\t\t<\/p>\n\t\t<\/div>\n\t<\/div>\n\t<div class=\"col-md-12 text-center mt-5\">\n\t\t<div class=\"form-group\">\n\t\t\t<p><button type=\"submit\" class=\"wpcf7-submit business-form_button\">Wy\u015blij formularz<\/button><br \/>\n<img decoding=\"async\" class=\"ajax-loader\" src=\"\/wp-content\/plugins\/contact-form-7\/images\/ajax-loader.gif\" alt=\"Sending ...\" style=\"visibility: hidden; opacity: 1;\" \/>\n\t\t\t<\/p>\n\t\t<\/div>\n\t<\/div>\n<\/div><div class=\"wpcf7-response-output\" aria-hidden=\"true\"><\/div>\n<\/form>\n<\/div>\n[\/vc_column][\/vc_row][\/vc_section]<\/p>\n","protected":false},"excerpt":{"rendered":"<p>[vc_section][vc_row][vc_column][vc_column_text css=&#8221;.vc_custom_1651149452657{margin-top: 60px !important;margin-bottom: 60px !important;}&#8221;] W sierpniu 2020 roku powsta\u0142a pierwsza historyczna sekcja pi\u0142ki no\u017cnej kobiet w Warcie Pozna\u0144&#8230;.<\/p>\n","protected":false},"author":36,"featured_media":0,"parent":18646,"menu_order":0,"comment_status":"closed","ping_status":"closed","template":"templates\/widok-podstron-fundacji.php","meta":{"om_disable_all_campaigns":false,"inline_featured_image":false,"footnotes":"","_links_to":"","_links_to_target":""},"categories":[],"tags":[],"aioseo_notices":[],"_links":{"self":[{"href":"https:\/\/wartapoznan.pl\/index.php\/wp-json\/wp\/v2\/pages\/18712"}],"collection":[{"href":"https:\/\/wartapoznan.pl\/index.php\/wp-json\/wp\/v2\/pages"}],"about":[{"href":"https:\/\/wartapoznan.pl\/index.php\/wp-json\/wp\/v2\/types\/page"}],"author":[{"embeddable":true,"href":"https:\/\/wartapoznan.pl\/index.php\/wp-json\/wp\/v2\/users\/36"}],"replies":[{"embeddable":true,"href":"https:\/\/wartapoznan.pl\/index.php\/wp-json\/wp\/v2\/comments?post=18712"}],"version-history":[{"count":3,"href":"https:\/\/wartapoznan.pl\/index.php\/wp-json\/wp\/v2\/pages\/18712\/revisions"}],"predecessor-version":[{"id":18722,"href":"https:\/\/wartapoznan.pl\/index.php\/wp-json\/wp\/v2\/pages\/18712\/revisions\/18722"}],"up":[{"embeddable":true,"href":"https:\/\/wartapoznan.pl\/index.php\/wp-json\/wp\/v2\/pages\/18646"}],"wp:attachment":[{"href":"https:\/\/wartapoznan.pl\/index.php\/wp-json\/wp\/v2\/media?parent=18712"}],"wp:term":[{"taxonomy":"category","embeddable":true,"href":"https:\/\/wartapoznan.pl\/index.php\/wp-json\/wp\/v2\/categories?post=18712"},{"taxonomy":"post_tag","embeddable":true,"href":"https:\/\/wartapoznan.pl\/index.php\/wp-json\/wp\/v2\/tags?post=18712"}],"curies":[{"name":"wp","href":"https:\/\/api.w.org\/{rel}","templated":true}]}}