{"id":19001,"date":"2022-05-11T08:12:22","date_gmt":"2022-05-11T06:12:22","guid":{"rendered":"https:\/\/wartapoznan.pl\/?page_id=19001"},"modified":"2022-05-11T08:15:45","modified_gmt":"2022-05-11T06:15:45","slug":"program-partnerski","status":"publish","type":"page","link":"https:\/\/wartapoznan.pl\/index.php\/program-partnerski\/","title":{"rendered":"Program Partnerski"},"content":{"rendered":"<p>[vc_section][vc_row][vc_column][vc_custom_heading text=&#8221;Warciaki Przedszkolaki&#8221; font_container=&#8221;tag:h2|font_size:36px|text_align:center|color:%230d7646|line_height:47px&#8221; use_theme_fonts=&#8221;yes&#8221; el_class=&#8221;global__heading&#8221; css=&#8221;.vc_custom_1652248525868{margin-top: 60px !important;margin-bottom: 60px !important;}&#8221;][vc_column_text css=&#8221;.vc_custom_1652248558047{margin-top: 60px !important;}&#8221;]<\/p>\n<p class=\"history_quote\"><strong>W 2020 roku wystartowali\u015bmy z projektem Warciaki Przedszkolaki. Zosta\u0142 on stworzony z my\u015bl\u0105 o dzieciach w wieku przedszkolnym i ma na celu zach\u0119cenie najm\u0142odszych do rozpocz\u0119cia trening\u00f3w pi\u0142karskich pod patronatem Akademii Warty Pozna\u0144.<br \/>\n<\/strong><\/p>\n<p>[\/vc_column_text][vc_column_text css=&#8221;.vc_custom_1652248630632{margin-top: 30px !important;margin-bottom: 30px !important;}&#8221;]<\/p>\n<p class=\"history_quote\">W projekcie Warciaki Przedszkolaki mog\u0105 uczestniczy\u0107 dzieci ju\u017c od 4. roku \u017cycia. W ten spos\u00f3b powi\u0119kszamy Zielon\u0105 Rodzin\u0119 Warty Pozna\u0144 o najm\u0142odszych pi\u0142karzy. Dzieci zdobywaj\u0105 podstawow\u0105 wiedz\u0119 pi\u0142karsk\u0105, a jednocze\u015bnie poprawiaj\u0105 swoj\u0105 og\u00f3ln\u0105 sprawno\u015b\u0107 fizyczn\u0105. Wszystko pod okiem do\u015bwiadczonej kadry trenerskiej Akademii Warty Pozna\u0144.<\/p>\n<p class=\"history_quote\">Zaj\u0119cia w ramach programu Warciaki Przedszkolaki odbywaj\u0105 si\u0119 raz w tygodniu na terenie przedszkola i trwaj\u0105 30 minut. Wyr\u00f3\u017cniaj\u0105cy si\u0119 m\u0142odzi zawodnicy b\u0119d\u0105 zapraszani do grup wiod\u0105cych Akademii Warty Pozna\u0144 \u2013 Skrzat\u00f3w U-6\/U-7.<\/p>\n<p>[\/vc_column_text][vc_single_image image=&#8221;19003&#8243; img_size=&#8221;full&#8221; alignment=&#8221;center&#8221;][vc_column_text css=&#8221;.vc_custom_1652248759851{margin-top: 30px !important;margin-bottom: 30px !important;}&#8221;]<\/p>\n<p class=\"history_quote\"><strong>Warciaki Przedszkolaki to:<br \/>\n<\/strong><\/p>\n<p class=\"history_quote\">\u2013 zaj\u0119cia og\u00f3lnorozwojowe z elementami pi\u0142ki no\u017cnej<br \/>\n\u2013 zaj\u0119cia realizowane g\u0142\u00f3wnie w formie gier i zabawa ruchowych, opowie\u015bci ruchowych<br \/>\n\u2013 zaj\u0119cia gwarantuj\u0105ce kompleksowy rozw\u00f3j motoryczny dziecka, kszta\u0142towanie zdolno\u015bci motorycznych takich jak: rytmizacja, r\u00f3wnowaga, \u0142\u0105czenie ruch\u00f3w, postrzeganie<br \/>\n\u2013 kszta\u0142towanie nawyk\u00f3w prawid\u0142owej postawy cia\u0142a<br \/>\n\u2013 kszta\u0142towanie w\u0142a\u015bciwych postaw i zachowa\u0144 podczas wsp\u00f3\u0142pracy w grupie.<\/p>\n<p>[\/vc_column_text][vc_btn title=&#8221;POBIERZ ULOTK\u0118 W PDF&#8221; style=&#8221;custom&#8221; custom_background=&#8221;#0d7646&#8243; custom_text=&#8221;#ffffff&#8221; shape=&#8221;square&#8221; align=&#8221;center&#8221; el_class=&#8221;business_specialbutton button_white&#8211;arrow button_shirt&#8221; css=&#8221;.vc_custom_1652248773976{margin-top: 60px !important;margin-bottom: 60px !important;}&#8221;][\/vc_column][\/vc_row][\/vc_section][vc_section full_width=&#8221;stretch_row&#8221; css=&#8221;.vc_custom_1652249144212{background-color: #ffffff !important;}&#8221; el_class=&#8221;mb-0&#8243;][vc_row el_class=&#8221;mb-0 pb-0&#8243;][vc_column][vc_custom_heading text=&#8221;Szko\u0142y Warty Pozna\u0144&#8221; font_container=&#8221;tag:h3|font_size:36px|text_align:center|color:%230d7646&#8243; use_theme_fonts=&#8221;yes&#8221; el_class=&#8221;global__heading energy_switcher&#8211;heading&#8221; css=&#8221;.vc_custom_1652249133903{margin-top: 60px !important;}&#8221;][vc_column_text css=&#8221;.vc_custom_1652248871233{margin-top: 60px !important;}&#8221;]<\/p>\n<p class=\"history_quote\"><strong>Wiemy, \u017ce nie ka\u017cdy zawodnik Akademii Warty Pozna\u0144 b\u0119dzie zawodowo gra\u0142 w pi\u0142k\u0119 no\u017cn\u0105. Dlatego dbamy nie tylko o ich rozw\u00f3j sportowy, ale staramy si\u0119 stworzy\u0107 m\u0142odym pi\u0142karzom jak najlepsze warunki do tego, by mogli zdobywa\u0107 wiedz\u0119 w szkole.<br \/>\n<\/strong><\/p>\n<p>[\/vc_column_text][vc_column_text css=&#8221;.vc_custom_1652248890451{margin-top: 30px !important;margin-bottom: 30px !important;}&#8221;]<\/p>\n<p class=\"history_quote\">M\u0142odsi zawodnicy Akademii Warty Pozna\u0144 chodz\u0105 do Szko\u0142y Podstawowej nr 21 przy ul. \u0141ozowej 77. Uczniowie klas VII i VIII chodz\u0105 do jednej klasy w danym roczniku. Maj\u0105 plan lekcji \u015bci\u015ble dopasowany do zaj\u0119\u0107 treningowych. Treningi pi\u0142karskie odbywaj\u0105 si\u0119 na boisku szkolnym ze sztuczn\u0105 nawierzchni\u0105, kt\u00f3re w ch\u0142odne miesi\u0105ce znajduje si\u0119 w hali pneumatycznej, czyli pod tzw. balonem.<\/p>\n<p>[\/vc_column_text][vc_single_image image=&#8221;19004&#8243; img_size=&#8221;full&#8221; alignment=&#8221;center&#8221;][vc_column_text css=&#8221;.vc_custom_1652248936707{margin-top: 30px !important;margin-bottom: 30px !important;}&#8221;]<\/p>\n<p class=\"history_quote\">Opr\u00f3cz plac\u00f3wki przy ul. \u0141ozowej, dzia\u0142a r\u00f3wnie\u017c szko\u0142a patronacka Warty Pozna\u0144 \u2013 SP 15 na os. Jana III Sobieskiego 105 w Poznaniu. Jest ona nadzorowana przez trener\u00f3w Akademii Warty Pozna\u0144 pod k\u0105tem programu szkoleniowego. Na obiektach szkolnych odbywaj\u0105 si\u0119 codziennie zaj\u0119cia sportowe. Wyr\u00f3\u017cniaj\u0105cy si\u0119 ch\u0142opcy s\u0105 kierowani na treningi Akademii Warty Pozna\u0144.<\/p>\n<p class=\"history_quote\">Absolwenci szk\u00f3\u0142 podstawowych trenuj\u0105cy w Akademii Warty Pozna\u0144 rozpoczynaj\u0105 nauk\u0119 w Liceum Og\u00f3lnokszta\u0142c\u0105cym Mistrzostwa Sportowego w Poznaniu na os. Tysi\u0105clecia 43. Tam r\u00f3wnie\u017c plan trening\u00f3w pi\u0142karskich ma wp\u0142yw na ustalanie programu zaj\u0119\u0107 szkolnych.<\/p>\n<p class=\"history_quote\">Ponadto, m\u0142odzi pi\u0142karze, kt\u00f3rzy znajduj\u0105 si\u0119 w kadrze pierwszego zespo\u0142u senior\u00f3w Warty Pozna\u0144 i uczestnicz\u0105 w codziennych treningach, s\u0105 obj\u0119ci indywidualnym tokiem nauczania.<\/p>\n<p>[\/vc_column_text][\/vc_column][\/vc_row][\/vc_section]<\/p>\n","protected":false},"excerpt":{"rendered":"<p>[vc_section][vc_row][vc_column][vc_custom_heading text=&#8221;Warciaki Przedszkolaki&#8221; font_container=&#8221;tag:h2|font_size:36px|text_align:center|color:%230d7646|line_height:47px&#8221; use_theme_fonts=&#8221;yes&#8221; el_class=&#8221;global__heading&#8221; css=&#8221;.vc_custom_1652248525868{margin-top: 60px !important;margin-bottom: 60px !important;}&#8221;][vc_column_text css=&#8221;.vc_custom_1652248558047{margin-top: 60px !important;}&#8221;] W 2020 roku wystartowali\u015bmy z projektem&#8230;<\/p>\n","protected":false},"author":36,"featured_media":0,"parent":0,"menu_order":0,"comment_status":"closed","ping_status":"closed","template":"templates\/widokakademii.php","meta":{"om_disable_all_campaigns":false,"inline_featured_image":false,"footnotes":"","_links_to":"","_links_to_target":""},"categories":[],"tags":[],"aioseo_notices":[],"_links":{"self":[{"href":"https:\/\/wartapoznan.pl\/index.php\/wp-json\/wp\/v2\/pages\/19001"}],"collection":[{"href":"https:\/\/wartapoznan.pl\/index.php\/wp-json\/wp\/v2\/pages"}],"about":[{"href":"https:\/\/wartapoznan.pl\/index.php\/wp-json\/wp\/v2\/types\/page"}],"author":[{"embeddable":true,"href":"https:\/\/wartapoznan.pl\/index.php\/wp-json\/wp\/v2\/users\/36"}],"replies":[{"embeddable":true,"href":"https:\/\/wartapoznan.pl\/index.php\/wp-json\/wp\/v2\/comments?post=19001"}],"version-history":[{"count":4,"href":"https:\/\/wartapoznan.pl\/index.php\/wp-json\/wp\/v2\/pages\/19001\/revisions"}],"predecessor-version":[{"id":19015,"href":"https:\/\/wartapoznan.pl\/index.php\/wp-json\/wp\/v2\/pages\/19001\/revisions\/19015"}],"wp:attachment":[{"href":"https:\/\/wartapoznan.pl\/index.php\/wp-json\/wp\/v2\/media?parent=19001"}],"wp:term":[{"taxonomy":"category","embeddable":true,"href":"https:\/\/wartapoznan.pl\/index.php\/wp-json\/wp\/v2\/categories?post=19001"},{"taxonomy":"post_tag","embeddable":true,"href":"https:\/\/wartapoznan.pl\/index.php\/wp-json\/wp\/v2\/tags?post=19001"}],"curies":[{"name":"wp","href":"https:\/\/api.w.org\/{rel}","templated":true}]}}