{"id":19024,"date":"2022-05-11T11:57:22","date_gmt":"2022-05-11T09:57:22","guid":{"rendered":"https:\/\/wartapoznan.pl\/?page_id=19024"},"modified":"2025-03-06T15:46:18","modified_gmt":"2025-03-06T14:46:18","slug":"projekty-akademii","status":"publish","type":"page","link":"https:\/\/wartapoznan.pl\/index.php\/projekty-akademii\/","title":{"rendered":"Projekty Akademii"},"content":{"rendered":"<p>[vc_section full_width=&#8221;stretch_row_content&#8221; el_class=&#8221;pb-0 mb-0&#8243;][vc_row][vc_column][vc_raw_html]JTNDZGl2JTIwY2xhc3MlM0QlMjJwb3N0c19tZW51JTIwcHJvamVjdF9tZW51LS1hY2MlMjIlM0UlMEElM0NuYXYlMjBjbGFzcyUzRCUyMm5hdmJhciUyMG5hdmJhci1leHBhbmQtbGclMjBuYXZiYXItbGlnaHQlMjIlM0UlMEElMjAlMjAlM0NidXR0b24lMjBjbGFzcyUzRCUyMm5hdmJhci10b2dnbGVyJTIyJTIwdHlwZSUzRCUyMmJ1dHRvbiUyMiUyMGRhdGEtdG9nZ2xlJTNEJTIyY29sbGFwc2UlMjIlMjBkYXRhLXRhcmdldCUzRCUyMiUyM25hdmJhck5hdkRyb3Bkb3duJTIyJTIwYXJpYS1jb250cm9scyUzRCUyMm5hdmJhck5hdkRyb3Bkb3duJTIyJTIwYXJpYS1leHBhbmRlZCUzRCUyMmZhbHNlJTIyJTIwYXJpYS1sYWJlbCUzRCUyMlRvZ2dsZSUyMG5hdmlnYXRpb24lMjIlM0UlMEElMjAlMjAlMjAlMjAlM0NzcGFuJTIwY2xhc3MlM0QlMjJtb2JpbGVfcG9zdHNfbWVudS0taGVhZGluZyUyMiUzRUpha2llJTIwcHJvamVrdHklMjBjaGNlc3olMjB6b2JhY3p5JUM0JTg3JTNGJTIwJTNDaSUyMGNsYXNzJTNEJTIyZmEtc29saWQlMjBmYS1jaXJjbGUtY2hldnJvbi1kb3duJTIyJTNFJTNDJTJGaSUzRSUzQyUyRnNwYW4lM0UlMEElMjAlMjAlM0MlMkZidXR0b24lM0UlMEElMjAlMjAlM0NkaXYlMjBjbGFzcyUzRCUyMmNvbGxhcHNlJTIwbmF2YmFyLWNvbGxhcHNlJTIyJTIwaWQlM0QlMjJuYXZiYXJOYXZEcm9wZG93biUyMiUzRSUwQSUyMCUyMCUyMCUyMCUzQ3VsJTIwY2xhc3MlM0QlMjJuYXZiYXItbmF2JTIyJTNFJTBBJTIwJTIwJTIwJTIwJTIwJTIwJTNDbGklMjBjbGFzcyUzRCUyMm5hdi1pdGVtJTIwYWN0aXZlJTIyJTNFJTBBJTIwJTIwJTIwJTIwJTIwJTIwJTIwJTIwJTNDYSUyMGNsYXNzJTNEJTIybmF2LWxpbmslMjBhbGwtbGluayUyMiUyMGhyZWYlM0QlMjIlMjN0YWxlbnQlMjIlM0VXYXJ0YSUyMFRhbGVudCUzQyUyRnNwYW4lM0UlM0MlMkZhJTNFJTBBJTIwJTIwJTIwJTIwJTIwJTIwJTNDJTJGbGklM0UlMEElMjAlMjAlMjAlMjAlMjAlMjAlM0NsaSUyMGNsYXNzJTNEJTIybmF2LWl0ZW0lMjIlM0UlMEElMjAlMjAlMjAlMjAlMjAlMjAlMjAlMjAlM0NhJTIwY2xhc3MlM0QlMjJuYXYtbGluayUyMGFrYWRlbWlhLWxpbmslMjIlMjBocmVmJTNEJTIyJTIzdGFsZW5jaWslMjIlM0VXYXJ0YSUyMFRhbGVuY2lrJTNDJTJGYSUzRSUwQSUyMCUyMCUyMCUyMCUyMCUyMCUzQyUyRmxpJTNFJTBBJTIwJTIwJTIwJTIwJTIwJTIwJTNDbGklMjBjbGFzcyUzRCUyMm5hdi1pdGVtJTIyJTNFJTBBJTIwJTIwJTIwJTIwJTIwJTIwJTIwJTIwJTNDYSUyMGNsYXNzJTNEJTIybmF2LWxpbmslMjBhbXAtbGluayUyMiUyMGhyZWYlM0QlMjIlMjNzemtvbGElMjIlM0VTemtvJUM1JTgyYSUyMEJyYW1rYXJ6YSUzQyUyRmElM0UlMEElMjAlMjAlMjAlMjAlMjAlMjAlM0MlMkZsaSUzRSUwQSUyMCUyMCUyMCUyMCUyMCUyMCUzQ2xpJTIwY2xhc3MlM0QlMjJuYXYtaXRlbSUyMiUzRSUwQSUyMCUyMCUyMCUyMCUyMCUyMCUyMCUyMCUzQ2ElMjBjbGFzcyUzRCUyMm5hdi1saW5rJTIwZmlyc3QtbGluayUyMiUyMGhyZWYlM0QlMjIlMjNrbHVieSUyMiUzRUtsdWJ5JTIwcGFydG5lcnNraWUlM0MlMkZhJTNFJTBBJTIwJTIwJTIwJTIwJTIwJTIwJTNDJTJGbGklM0UlMEElMjAlMjAlMjAlMjAlM0MlMkZ1bCUzRSUwQSUyMCUyMCUzQyUyRmRpdiUzRSUwQSUzQyUyRm5hdiUzRQ==[\/vc_raw_html][\/vc_column][\/vc_row][\/vc_section][vc_section el_id=&#8221;talent&#8221; el_class=&#8221;pb-0 mb-0&#8243;][vc_row][vc_column][vc_custom_heading text=&#8221;Warta Talent&#8221; font_container=&#8221;tag:h2|font_size:36px|text_align:center|color:%230d7646|line_height:28px&#8221; use_theme_fonts=&#8221;yes&#8221; el_class=&#8221;global__heading&#8221; css=&#8221;.vc_custom_1653299209168{margin-top: 50px !important;margin-bottom: 50px !important;}&#8221;][vc_column_text css=&#8221;.vc_custom_1652261007913{margin-top: 60px !important;}&#8221;]<\/p>\n<p class=\"history_quote\"><strong>Celem programu Warta Talent jest wprowadzenie jak najwi\u0119kszej liczby wychowank\u00f3w Akademii Warty Pozna\u0144 do pierwszej dru\u017cyny \u201eZielonych\u201d. W ka\u017cdym roku obj\u0119tych nim jest ponad 20 najbardziej obiecuj\u0105cych zawodnik\u00f3w z pola oraz bramkarzy \u2013 z najstarszych rocznik\u00f3w Akademii.<br \/>\n<\/strong><\/p>\n<p>[\/vc_column_text][vc_single_image image=&#8221;19179&#8243; img_size=&#8221;full&#8221; alignment=&#8221;center&#8221; css=&#8221;.vc_custom_1653306484108{margin-top: 30px !important;margin-bottom: 30px !important;}&#8221;][vc_column_text css=&#8221;.vc_custom_1652261301892{margin-top: 30px !important;margin-bottom: 30px !important;}&#8221;]<\/p>\n<p class=\"history_quote\">Na specjalnych treningach z m\u0142odymi zawodnikami pracuje sze\u015bciu klubowych trener\u00f3w. Pi\u0142karze s\u0105 dzieleni na cztery grupy w zale\u017cno\u015bci od pozycji na boisku. Osobno trenuj\u0105 wi\u0119c: bramkarze, obro\u0144cy, pomocnicy i napastnicy. W ka\u017cdej formacji jest to po 5-6 zawodnik\u00f3w.<\/p>\n<p class=\"history_quote\">\u2013 Zale\u017cy nam na tym, \u017ceby wyselekcjonowa\u0107 najzdolniejszych graczy z Akademii Warty Pozna\u0144 i zaprosi\u0107 ich na dodatkowe treningi. S\u0105 na nich obecni r\u00f3wnie\u017c przedstawiciele sztabu pierwszego zespo\u0142u i przygl\u0105daj\u0105 si\u0119 wybranym zawodnikom \u2013 t\u0142umaczy Wojciech Tomaszewski, dyrektor Akademii Warty Pozna\u0144 \u2013 Ci, kt\u00f3rzy b\u0119d\u0105 si\u0119 wyr\u00f3\u017cniali w tym projekcie, maj\u0105 szans\u0105 w nied\u0142ugim czasie dosta\u0107 zaproszenie na wybrane zaj\u0119cia z dru\u017cyn\u0105 senior\u00f3w.<\/p>\n<p class=\"history_quote\">Podstawowym celem projektu jest przygotowanie m\u0142odych zawodnik\u00f3w do gry na konkretnych pozycjach, tak, aby nauczyli si\u0119 odpowiednich zachowa\u0144 i poznali specyfik\u0119 danego ustawienia. Kluczowy jest w tym przypadku rozw\u00f3j techniczno-taktyczny, ale te\u017c poprawa zdolno\u015bci motorycznych oraz pog\u0142\u0119bianie wiedzy na temat odpowiednich nawyk\u00f3w, zdrowego \u017cywienia itp. Dodatkowe treningi to praca w ma\u0142ych grupach, a wi\u0119c efektywniejsza gra i rozw\u00f3j pod okiem trenera. Dzi\u0119ki temu pi\u0142karze realizuj\u0105 program zespo\u0142owy, jednocze\u015bnie kszta\u0142tuj\u0105c swoje indywidualne umiej\u0119tno\u015bci. Dodatkowym aspektem jest wzmacnianie identyfikacji z Klubem. Dla wychowank\u00f3w jest to szansa, aby wyci\u0105gn\u0105\u0107 dla siebie maksymalne korzy\u015bci z zaj\u0119\u0107.<\/p>\n<p class=\"history_quote\">\u2013 Sygna\u0142 jest prosty: je\u015bli b\u0119dziesz pracowa\u0142 nad sob\u0105, chcia\u0142 si\u0119 rozwija\u0107, to masz szans\u0119 trafi\u0107 do pierwszego zespo\u0142u Warty Pozna\u0144. Ten cel jest realny i osi\u0105galny. \u2013 podsumowuje Wojciech Tomaszewski. \u2013 W ca\u0142ym procesie szkolenia przej\u015bcie z pi\u0142ki juniorskiej do seniorskiej jest najwi\u0119kszym problemem. Robimy jednak wszystko, \u017ceby pom\u00f3c ch\u0142opcom postawi\u0107 ten wa\u017cny krok.<\/p>\n<p>[\/vc_column_text][\/vc_column][\/vc_row][\/vc_section][vc_section el_id=&#8221;talencik&#8221; el_class=&#8221;pb-0 mb-0&#8243;][vc_row][vc_column][vc_custom_heading text=&#8221;Warta Talencik&#8221; font_container=&#8221;tag:h2|font_size:36px|text_align:center|color:%230d7646|line_height:28px&#8221; use_theme_fonts=&#8221;yes&#8221; el_class=&#8221;global__heading&#8221; css=&#8221;.vc_custom_1653300226267{margin-top: 20px !important;margin-bottom: 50px !important;}&#8221;][vc_column_text css=&#8221;.vc_custom_1652435131797{margin-top: 60px !important;}&#8221;]<\/p>\n<p class=\"history_quote\"><strong>Za\u0142o\u017ceniem projektu Warta Talencik jest wyselekcjonowanie najzdolniejszych 10-, 11- i 12-letnich zawodnik\u00f3w Akademii Warty Pozna\u0144, cotygodniowa praca z nimi na dodatkowych treningach i wzmacnianie u m\u0142odych pi\u0142karzy wi\u0119zi z Klubem.<br \/>\n<\/strong><\/p>\n<p>[\/vc_column_text][vc_single_image image=&#8221;19181&#8243; img_size=&#8221;full&#8221; alignment=&#8221;center&#8221; css=&#8221;.vc_custom_1653306491648{margin-top: 30px !important;margin-bottom: 30px !important;}&#8221;][vc_column_text css=&#8221;.vc_custom_1652435120975{margin-top: 30px !important;margin-bottom: 30px !important;}&#8221;]<\/p>\n<p class=\"history_quote\">Program Warta Talencik powsta\u0142 z my\u015bl\u0105 o wyr\u00f3\u017cniaj\u0105cych si\u0119 m\u0142odych pi\u0142karzach Akademii Warty Pozna\u0144. Wybrani zawodnicy z trzech rocznik\u00f3w (po sze\u015bciu graczy z grup 10-, 11- i 12-latk\u00f3w) uczestnicz\u0105 w dodatkowych zaj\u0119ciach treningowych, w trakcie kt\u00f3rych pracuj\u0105 nad doskonaleniem umiej\u0119tno\u015bci technicznych, ucz\u0105 si\u0119 podejmowania optymalnych dzia\u0142a\u0144 na boisku i tzw. rozumienia gry.<\/p>\n<p class=\"history_quote\">Treningi dla najzdolniejszych ch\u0142opc\u00f3w, obj\u0119tych programem \u201eWarta Talencik\u201d trwaj\u0105 75 minut i odbywaj\u0105 si\u0119 raz w tygodniu. W zakresie doskonalenia umiej\u0119tno\u015bci technicznych k\u0142adzie si\u0119 nacisk na spos\u00f3b prowadzenia pi\u0142ki (kontrola nad ni\u0105), technik\u0119 przyj\u0119cia, podania i strza\u0142u, technik\u0119 zwod\u00f3w i dryblingu. Jednocze\u015bnie odbywa si\u0119 praca w ramach poszerzania wiedzy taktycznej u m\u0142odych graczy \u2013 zar\u00f3wno w fazie atakowania, jak i bronienia. Aby rozw\u00f3j zawodnik\u00f3w by\u0142 kompletny \u2013 uczestnicz\u0105 oni r\u00f3wnie\u017c w warsztatach szkoleniowych, kt\u00f3re poprawiaj\u0105 ich wiedz\u0119 teoretyczn\u0105.<\/p>\n<p class=\"history_quote\">Treningi s\u0105 prowadzone przez trener\u00f3w Akademii Warty Pozna\u0144, ale nie tylko, bo go\u015b\u0107mi na zaj\u0119ciach s\u0105 r\u00f3wnie\u017c przedstawiciele sztabu szkoleniowego I zespo\u0142u \u201eZielonych\u201d, jak r\u00f3wnie\u017c pi\u0142karze dru\u017cyny senior\u00f3w. Wszystko po to, by wzmocni\u0107 wi\u0119\u017a mi\u0119dzy m\u0142odymi Warciarzami i Klubem.<\/p>\n<p>[\/vc_column_text][\/vc_column][\/vc_row][\/vc_section][vc_section el_class=&#8221;pb-0 mb-0&#8243; el_id=&#8221;szkola&#8221;][vc_row][vc_column][vc_custom_heading text=&#8221;Szko\u0142a Bramkarza&#8221; font_container=&#8221;tag:h2|font_size:36px|text_align:center|color:%230d7646|line_height:28px&#8221; use_theme_fonts=&#8221;yes&#8221; el_class=&#8221;global__heading&#8221; css=&#8221;.vc_custom_1653301127187{margin-top: 20px !important;margin-bottom: 50px !important;}&#8221;][vc_column_text css=&#8221;.vc_custom_1652435167378{margin-top: 60px !important;}&#8221;]<\/p>\n<p class=\"history_quote\"><strong>W ramach Szko\u0142y Bramkarzy odbywaj\u0105 si\u0119 regularne treningi indywidualne, maj\u0105ce na celu popraw\u0119 zdolno\u015bci techniczno-taktycznych wychowank\u00f3w Akademii Warty Pozna\u0144.<\/strong><\/p>\n<p>[\/vc_column_text][vc_single_image image=&#8221;19182&#8243; img_size=&#8221;full&#8221; alignment=&#8221;center&#8221; css=&#8221;.vc_custom_1653306500336{margin-top: 30px !important;margin-bottom: 30px !important;}&#8221;][vc_column_text css=&#8221;.vc_custom_1652435161798{margin-top: 30px !important;margin-bottom: 30px !important;}&#8221;]<\/p>\n<p class=\"history_quote\">W projekcie, kt\u00f3ry zosta\u0142 przygotowany na podstawie autorskiego programu, bior\u0105 udzia\u0142 bramkarze Akademii Warty Pozna\u0144 w wieku od 10 do 18 lat. Na zaj\u0119ciach pracuje z nimi 4 trener\u00f3w. Podczas trening\u00f3w m\u0142odzi bramkarze ucz\u0105 si\u0119 lepszego rozumienia gry oraz podejmowania w\u0142a\u015bciwych decyzji w trakcie gry. Specjalne \u0107wiczenia maj\u0105 r\u00f3wnie\u017c pom\u00f3c w doskonaleniu techniki oraz sprawnemu zdobywaniu prawid\u0142owych nawyk\u00f3w, niezb\u0119dnych dla gracza na tej wyj\u0105tkowej pozycji na boisku.<\/p>\n<p class=\"history_quote\">Opr\u00f3cz zaj\u0119\u0107 praktycznych w Szkole Bramkarzy k\u0142adziemy r\u00f3wnie\u017c du\u017cy nacisk na analiz\u0119 gry oraz trening\u00f3w. Indywidualna praca z trenerami odbywa si\u0119 w oparciu o materia\u0142y wideo z mecz\u00f3w ligowych i kontrolnych. Dzi\u0119ki takiemu podej\u015bciu m\u0142odzi bramkarze Akademii Warty Pozna\u0144 maj\u0105 mo\u017cliwo\u015b\u0107 oceny swojej pracy z innej perspektywy, co pomaga im w szybszym doskonaleniu umiej\u0119tno\u015bci bramkarskich.<\/p>\n<p>[\/vc_column_text][\/vc_column][\/vc_row][\/vc_section][vc_section el_id=&#8221;kluby&#8221; el_class=&#8221;pb-0 mb-0&#8243;][vc_row][vc_column][vc_custom_heading text=&#8221;Kluby Partnerskie&#8221; font_container=&#8221;tag:h2|font_size:36px|text_align:center|color:%230d7646|line_height:28px&#8221; use_theme_fonts=&#8221;yes&#8221; el_class=&#8221;global__heading&#8221; css=&#8221;.vc_custom_1653300235021{margin-top: 20px !important;margin-bottom: 50px !important;}&#8221;][vc_column_text css=&#8221;.vc_custom_1652435189281{margin-top: 60px !important;}&#8221;]<\/p>\n<p class=\"history_quote\"><strong>Wraz z rozpocz\u0119ciem sezonu 2020\/21 wystartowa\u0142 program Klub\u00f3w Partnerskich Warty Pozna\u0144, w kt\u00f3rym bardzo istotn\u0105 rol\u0119 odgrywa Akademia \u201eZielonych\u201d.<\/strong><\/p>\n<p>[\/vc_column_text][vc_single_image image=&#8221;19180&#8243; img_size=&#8221;full&#8221; alignment=&#8221;center&#8221; css=&#8221;.vc_custom_1653306507273{margin-top: 30px !important;margin-bottom: 30px !important;}&#8221;][vc_column_text]<\/p>\n<p class=\"history_quote\">Program Klub\u00f3w Partnerskich Warty Pozna\u0144 polega na nawi\u0105zaniu wsp\u00f3\u0142pracy z klubami pi\u0142karskimi z wojew\u00f3dztw: wielkopolskiego, lubuskiego i kujawsko-pomorskiego. Partnerzy \u201eZielonych\u201d zyskaj\u0105 miano oficjalnego Klubu Partnerskiego i jedn\u0105 z trzech gwiazdek \u2013 z\u0142ot\u0105, srebrn\u0105 i br\u0105zow\u0105 \u2013 w zale\u017cno\u015bci od poziomu zaanga\u017cowania si\u0119 we wsp\u00f3\u0142prac\u0119. Osobn\u0105 kategori\u0105 b\u0119d\u0105 Kluby Wsp\u00f3\u0142pracuj\u0105ce.<\/p>\n<p class=\"history_quote\">W ramach kooperacji najzdolniejsi zawodnicy z klub\u00f3w partnerskich i wsp\u00f3\u0142pracuj\u0105cych zostan\u0105 obj\u0119ci obserwacj\u0105 przez sztab szkoleniowy Akademii Warty Pozna\u0144. Umowa przewiduj\u0119 te\u017c wymian\u0119 zawodnik\u00f3w mi\u0119dzy klubami tak, aby m\u0142odzi gracze mogli w nowym otoczeniu realizowa\u0107 przewidzian\u0105 dla nich \u015bcie\u017ck\u0119 rozwoju sportowego.<\/p>\n<p class=\"history_quote\">Ponadto kluby zobowi\u0105zuj\u0105 si\u0119 do wymiany wiedzy i do\u015bwiadcze\u0144 w obszarach organizacji, marketingu, promocji, a tak\u017ce wsp\u00f3\u0142pracy z mediami. Organizowane s\u0105 r\u00f3wnie\u017c szkolenia, zebrania, turnieje pi\u0142karskie itp.<\/p>\n<p class=\"history_quote\">Warto podkre\u015bli\u0107, \u017ce wsp\u00f3lne dzia\u0142anie odbywa si\u0119 nie tylko na poziomie klubowych akademii, ale tak\u017ce pierwszych zespo\u0142\u00f3w senior\u00f3w; przewiduje wsp\u00f3\u0142prac\u0119 sztab\u00f3w szkoleniowych, jak i os\u00f3b zarz\u0105dzaj\u0105cych klubami. Wszystko to dla obop\u00f3lnych korzy\u015bci.<\/p>\n<p>[\/vc_column_text][vc_custom_heading text=&#8221;Do Klub\u00f3w Partnerskich Warty Pozna\u0144 do\u0142\u0105czyli:&#8221; font_container=&#8221;tag:h2|font_size:36px|text_align:center|color:%230d7646|line_height:28px&#8221; use_theme_fonts=&#8221;yes&#8221; el_class=&#8221;global__heading&#8221; css=&#8221;.vc_custom_1652264606091{margin-top: 50px !important;margin-bottom: 50px !important;}&#8221; el_id=&#8221;kluby&#8221;][vc_row_inner][vc_column_inner width=&#8221;1\/2&#8243;][vc_column_text css=&#8221;.vc_custom_1666785005099{margin-top: 30px !important;margin-bottom: 30px !important;}&#8221;]<\/p>\n<p class=\"history_quote\" style=\"color: #0d7646; font-weight: 500;\">\u2013 Akademia Talent\u00f3w Krotoszyn<br \/>\n\u2013 Football Academy Fair-Play Z\u0142ot\u00f3w<br \/>\n\u2013 TMS Suchary Suchy Las<br \/>\n\u2013 Szko\u0142a Pi\u0142ki No\u017cnej Szamotu\u0142y<br \/>\n\u2013 Warta \u015arem<br \/>\n\u2013 Lubuszanin Trzcianka<\/p>\n<p>[\/vc_column_text][\/vc_column_inner][vc_column_inner width=&#8221;1\/2&#8243;][vc_column_text css=&#8221;.vc_custom_1741272376771{margin-top: 30px !important;margin-bottom: 30px !important;}&#8221;]<\/p>\n<p class=\"history_quote\" style=\"color: #0d7646; font-weight: 500;\">\u2013 GSP S\u0105topy<br \/>\n\u2013 Calcio W\u0105growiec<br \/>\n\u2013 UKS GOL Brodnica<br \/>\n\u2013 MKS Przemys\u0142aw Pozna\u0144<br \/>\n\u2013 Canarinhos Sk\u00f3rzewo<\/p>\n<p>[\/vc_column_text][\/vc_column_inner][\/vc_row_inner][\/vc_column][\/vc_row][\/vc_section]<\/p>\n","protected":false},"excerpt":{"rendered":"<p>[vc_section full_width=&#8221;stretch_row_content&#8221; el_class=&#8221;pb-0 mb-0&#8243;][vc_row][vc_column][vc_raw_html]JTNDZGl2JTIwY2xhc3MlM0QlMjJwb3N0c19tZW51JTIwcHJvamVjdF9tZW51LS1hY2MlMjIlM0UlMEElM0NuYXYlMjBjbGFzcyUzRCUyMm5hdmJhciUyMG5hdmJhci1leHBhbmQtbGclMjBuYXZiYXItbGlnaHQlMjIlM0UlMEElMjAlMjAlM0NidXR0b24lMjBjbGFzcyUzRCUyMm5hdmJhci10b2dnbGVyJTIyJTIwdHlwZSUzRCUyMmJ1dHRvbiUyMiUyMGRhdGEtdG9nZ2xlJTNEJTIyY29sbGFwc2UlMjIlMjBkYXRhLXRhcmdldCUzRCUyMiUyM25hdmJhck5hdkRyb3Bkb3duJTIyJTIwYXJpYS1jb250cm9scyUzRCUyMm5hdmJhck5hdkRyb3Bkb3duJTIyJTIwYXJpYS1leHBhbmRlZCUzRCUyMmZhbHNlJTIyJTIwYXJpYS1sYWJlbCUzRCUyMlRvZ2dsZSUyMG5hdmlnYXRpb24lMjIlM0UlMEElMjAlMjAlMjAlMjAlM0NzcGFuJTIwY2xhc3MlM0QlMjJtb2JpbGVfcG9zdHNfbWVudS0taGVhZGluZyUyMiUzRUpha2llJTIwcHJvamVrdHklMjBjaGNlc3olMjB6b2JhY3p5JUM0JTg3JTNGJTIwJTNDaSUyMGNsYXNzJTNEJTIyZmEtc29saWQlMjBmYS1jaXJjbGUtY2hldnJvbi1kb3duJTIyJTNFJTNDJTJGaSUzRSUzQyUyRnNwYW4lM0UlMEElMjAlMjAlM0MlMkZidXR0b24lM0UlMEElMjAlMjAlM0NkaXYlMjBjbGFzcyUzRCUyMmNvbGxhcHNlJTIwbmF2YmFyLWNvbGxhcHNlJTIyJTIwaWQlM0QlMjJuYXZiYXJOYXZEcm9wZG93biUyMiUzRSUwQSUyMCUyMCUyMCUyMCUzQ3VsJTIwY2xhc3MlM0QlMjJuYXZiYXItbmF2JTIyJTNFJTBBJTIwJTIwJTIwJTIwJTIwJTIwJTNDbGklMjBjbGFzcyUzRCUyMm5hdi1pdGVtJTIwYWN0aXZlJTIyJTNFJTBBJTIwJTIwJTIwJTIwJTIwJTIwJTIwJTIwJTNDYSUyMGNsYXNzJTNEJTIybmF2LWxpbmslMjBhbGwtbGluayUyMiUyMGhyZWYlM0QlMjIlMjN0YWxlbnQlMjIlM0VXYXJ0YSUyMFRhbGVudCUzQyUyRnNwYW4lM0UlM0MlMkZhJTNFJTBBJTIwJTIwJTIwJTIwJTIwJTIwJTNDJTJGbGklM0UlMEElMjAlMjAlMjAlMjAlMjAlMjAlM0NsaSUyMGNsYXNzJTNEJTIybmF2LWl0ZW0lMjIlM0UlMEElMjAlMjAlMjAlMjAlMjAlMjAlMjAlMjAlM0NhJTIwY2xhc3MlM0QlMjJuYXYtbGluayUyMGFrYWRlbWlhLWxpbmslMjIlMjBocmVmJTNEJTIyJTIzdGFsZW5jaWslMjIlM0VXYXJ0YSUyMFRhbGVuY2lrJTNDJTJGYSUzRSUwQSUyMCUyMCUyMCUyMCUyMCUyMCUzQyUyRmxpJTNFJTBBJTIwJTIwJTIwJTIwJTIwJTIwJTNDbGklMjBjbGFzcyUzRCUyMm5hdi1pdGVtJTIyJTNFJTBBJTIwJTIwJTIwJTIwJTIwJTIwJTIwJTIwJTNDYSUyMGNsYXNzJTNEJTIybmF2LWxpbmslMjBhbXAtbGluayUyMiUyMGhyZWYlM0QlMjIlMjNzemtvbGElMjIlM0VTemtvJUM1JTgyYSUyMEJyYW1rYXJ6YSUzQyUyRmElM0UlMEElMjAlMjAlMjAlMjAlMjAlMjAlM0MlMkZsaSUzRSUwQSUyMCUyMCUyMCUyMCUyMCUyMCUzQ2xpJTIwY2xhc3MlM0QlMjJuYXYtaXRlbSUyMiUzRSUwQSUyMCUyMCUyMCUyMCUyMCUyMCUyMCUyMCUzQ2ElMjBjbGFzcyUzRCUyMm5hdi1saW5rJTIwZmlyc3QtbGluayUyMiUyMGhyZWYlM0QlMjIlMjNrbHVieSUyMiUzRUtsdWJ5JTIwcGFydG5lcnNraWUlM0MlMkZhJTNFJTBBJTIwJTIwJTIwJTIwJTIwJTIwJTNDJTJGbGklM0UlMEElMjAlMjAlMjAlMjAlM0MlMkZ1bCUzRSUwQSUyMCUyMCUzQyUyRmRpdiUzRSUwQSUzQyUyRm5hdiUzRQ==[\/vc_raw_html][\/vc_column][\/vc_row][\/vc_section][vc_section el_id=&#8221;talent&#8221; el_class=&#8221;pb-0 mb-0&#8243;][vc_row][vc_column][vc_custom_heading text=&#8221;Warta Talent&#8221; font_container=&#8221;tag:h2|font_size:36px|text_align:center|color:%230d7646|line_height:28px&#8221; use_theme_fonts=&#8221;yes&#8221; el_class=&#8221;global__heading&#8221; css=&#8221;.vc_custom_1653299209168{margin-top: 50px !important;margin-bottom: 50px !important;}&#8221;][vc_column_text css=&#8221;.vc_custom_1652261007913{margin-top: 60px !important;}&#8221;]&#8230;<\/p>\n","protected":false},"author":36,"featured_media":0,"parent":0,"menu_order":0,"comment_status":"closed","ping_status":"closed","template":"templates\/widokakademii.php","meta":{"om_disable_all_campaigns":false,"inline_featured_image":false,"footnotes":"","_links_to":"","_links_to_target":""},"categories":[],"tags":[],"aioseo_notices":[],"_links":{"self":[{"href":"https:\/\/wartapoznan.pl\/index.php\/wp-json\/wp\/v2\/pages\/19024"}],"collection":[{"href":"https:\/\/wartapoznan.pl\/index.php\/wp-json\/wp\/v2\/pages"}],"about":[{"href":"https:\/\/wartapoznan.pl\/index.php\/wp-json\/wp\/v2\/types\/page"}],"author":[{"embeddable":true,"href":"https:\/\/wartapoznan.pl\/index.php\/wp-json\/wp\/v2\/users\/36"}],"replies":[{"embeddable":true,"href":"https:\/\/wartapoznan.pl\/index.php\/wp-json\/wp\/v2\/comments?post=19024"}],"version-history":[{"count":27,"href":"https:\/\/wartapoznan.pl\/index.php\/wp-json\/wp\/v2\/pages\/19024\/revisions"}],"predecessor-version":[{"id":41497,"href":"https:\/\/wartapoznan.pl\/index.php\/wp-json\/wp\/v2\/pages\/19024\/revisions\/41497"}],"wp:attachment":[{"href":"https:\/\/wartapoznan.pl\/index.php\/wp-json\/wp\/v2\/media?parent=19024"}],"wp:term":[{"taxonomy":"category","embeddable":true,"href":"https:\/\/wartapoznan.pl\/index.php\/wp-json\/wp\/v2\/categories?post=19024"},{"taxonomy":"post_tag","embeddable":true,"href":"https:\/\/wartapoznan.pl\/index.php\/wp-json\/wp\/v2\/tags?post=19024"}],"curies":[{"name":"wp","href":"https:\/\/api.w.org\/{rel}","templated":true}]}}