{"id":19039,"date":"2022-05-11T13:23:17","date_gmt":"2022-05-11T11:23:17","guid":{"rendered":"https:\/\/wartapoznan.pl\/?page_id=19039"},"modified":"2024-10-30T14:07:51","modified_gmt":"2024-10-30T13:07:51","slug":"jak-szkolimy","status":"publish","type":"page","link":"https:\/\/wartapoznan.pl\/index.php\/akademia-warty-poznan\/jak-szkolimy\/","title":{"rendered":"Jak szkolimy?"},"content":{"rendered":"<p>[vc_section][vc_row][vc_column][vc_column_text css=&#8221;.vc_custom_1652267566088{margin-top: 60px !important;}&#8221;]<\/p>\n<p class=\"history_quote\"><strong>Przez ponad 100 lat historii Warty Pozna\u0144 praca z m\u0142odzie\u017c\u0105 i wprowadzanie wychowank\u00f3w do sk\u0142adu pierwszej dru\u017cyny by\u0142y w\u015br\u00f3d podstaw dzia\u0142alno\u015bci klubu. W Akademii Warty Pozna\u0144 nie zapominamy o tej tradycji. Jednocze\u015bnie dbamy o najwy\u017csze standardy i jako\u015b\u0107 szkolenia.<\/strong><\/p>\n<p>[\/vc_column_text][vc_column_text css=&#8221;.vc_custom_1652267601910{margin-top: 30px !important;margin-bottom: 30px !important;}&#8221;]<\/p>\n<p class=\"history_quote\">Pi\u0142karze Warty Pozna\u0144 dwa razy zdobyli mistrzostwo Polski. W dru\u017cynach z 1929 i 1947 roku nie brakowa\u0142o zawodnik\u00f3w, kt\u00f3rych droga do pierwszej jedenastki wiod\u0142a przez zespo\u0142y juniorskie \u201eZielonych\u201d. Dobra praca z m\u0142odzie\u017c\u0105 by\u0142a i jest powodem do dumy naszego klubu.<\/p>\n<p class=\"history_quote\">W Warcie Pozna\u0144 wychowali\u015bmy pi\u0142karzy, kt\u00f3rzy grali i strzelali gole w reprezentacji Polski, wyst\u0119powali na najwa\u017cniejszych imprezach pi\u0142karskich i na najwi\u0119kszych stadionach. Najbardziej znanym dzi\u015b wychowankiem klubu jest Maciej \u017burawski, uczestnik mistrzostw \u015bwiata w 2002 i 2006 roku, kapitan kadry narodowej na Euro 2008, autor 17 goli w 72 wyst\u0119pach w bia\u0142o-czerwonych barwach.<\/p>\n<p>[\/vc_column_text][vc_custom_heading text=&#8221;\u015aladami Macieja \u017burawskiego&#8221; font_container=&#8221;tag:h2|font_size:36px|text_align:center|color:%230d7646|line_height:47px&#8221; use_theme_fonts=&#8221;yes&#8221; el_class=&#8221;global__heading&#8221; css=&#8221;.vc_custom_1652267620580{margin-top: 60px !important;margin-bottom: 60px !important;}&#8221;][vc_column_text css=&#8221;.vc_custom_1652267649528{margin-top: 30px !important;margin-bottom: 30px !important;}&#8221;]<\/p>\n<p class=\"history_quote\">W \u015blady Macieja \u017burawskiego chc\u0105 i\u015b\u0107 kolejni zawodnicy Akademii Warty Pozna\u0144. Ka\u017cdy z ch\u0142opc\u00f3w trenuj\u0105cych w Klubie marzy te\u017c o debiucie w pierwszym zespole \u201eZielonych\u201d. I taki w\u0142a\u015bnie cel stawiamy sobie w Akademii \u2013 przygotowujemy m\u0142odych zawodnik\u00f3w do gry w najwa\u017cniejszej dru\u017cynie Warty Pozna\u0144.<\/p>\n<p>[\/vc_column_text][vc_single_image image=&#8221;19042&#8243; img_size=&#8221;full&#8221; alignment=&#8221;center&#8221;][vc_column_text css=&#8221;.vc_custom_1708943064017{margin-top: 30px !important;margin-bottom: 30px !important;}&#8221;]<\/p>\n<p class=\"history_quote\">Nie jest to \u0142atwe zadanie. Potrzeba wielu wyrzecze\u0144 i zaanga\u017cowania zar\u00f3wno samych graczy, ich rodzic\u00f3w, opiekun\u00f3w oraz kadry szkoleniowej, kt\u00f3ra do pracy w Akademii Warty Pozna\u0144 przygotowywa\u0142a si\u0119 przez wiele lat. Spo\u015br\u00f3d ponad 50 os\u00f3b zaanga\u017cowanych w funkcjonowanie Akademii wi\u0119kszo\u015b\u0107 stanowi\u0105 trenerzy, kt\u00f3rzy maj\u0105 odpowiednie kwalifikacje, zdobyte m.in. podczas kurs\u00f3w UEFA A Elite Youth, UEFA A, UEFA B, UEFA C. S\u0105 te\u017c fizjoterapeuci, kt\u00f3rzy obowi\u0105zki w Klubie traktuj\u0105 jako realizacj\u0119 swojej pasji.<\/p>\n<p>[\/vc_column_text][vc_custom_heading text=&#8221;Autorski model szkolenia Akademii Warty Pozna\u0144&#8221; font_container=&#8221;tag:h2|font_size:36px|text_align:center|color:%230d7646|line_height:47px&#8221; use_theme_fonts=&#8221;yes&#8221; el_class=&#8221;global__heading&#8221; css=&#8221;.vc_custom_1652267730109{margin-top: 60px !important;margin-bottom: 60px !important;}&#8221;][vc_column_text css=&#8221;.vc_custom_1706183451807{margin-top: 30px !important;margin-bottom: 30px !important;}&#8221;]<\/p>\n<p class=\"history_quote\">Od wrze\u015bnia 2019 roku dyrektorem Akademii Warty Pozna\u0144 jest Wojciech Tomaszewski, jeden z najlepszych fachowc\u00f3w od pi\u0142ki m\u0142odzie\u017cowej w kraju. Jako trener prowadzi zaj\u0119cia z zawodnikami w ramach projekt\u00f3w realizowanych dla jeszcze lepszego rozwoju m\u0142odych pi\u0142karzy. Ponadto rol\u0119 zast\u0119pcy dyrektora pe\u0142ni Miros\u0142aw W\u00f3dkowski. Za dzia\u0142ania organizacyjne odpowiada Wiktor Kopczy\u0144ski, mened\u017cer Akademii Warty Pozna\u0144, od lat zwi\u0105zany z klubem.<\/p>\n<p>[\/vc_column_text][vc_single_image image=&#8221;19040&#8243; img_size=&#8221;full&#8221; alignment=&#8221;center&#8221;][vc_column_text css=&#8221;.vc_custom_1652267819633{margin-top: 30px !important;margin-bottom: 30px !important;}&#8221;]<\/p>\n<p class=\"history_quote\">Szkolenie w Akademii Warty Pozna\u0144 odbywa si\u0119 wed\u0142ug autorskiego modelu pracy. Jest on stale udoskonalany i rozwijany, m.in. dzi\u0119ki dokszta\u0142caniu si\u0119 trener\u00f3w, ich udzia\u0142 w kursach i konferencjach trenerskich oraz wyjazdach na zagraniczne sta\u017ce szkoleniowe do znanych, europejskich klub\u00f3w. Dzia\u0142amy wed\u0142ug jasno sprecyzowanych standard\u00f3w organizacyjno-szkoleniowych, co pozwala nam zapewni\u0107 wysok\u0105 jako\u015b\u0107 kszta\u0142cenia przysz\u0142ych pi\u0142karzy.<\/p>\n<p>[\/vc_column_text][vc_custom_heading text=&#8221;Szkolimy w duchu Fair Play&#8221; font_container=&#8221;tag:h2|font_size:36px|text_align:center|color:%230d7646|line_height:47px&#8221; use_theme_fonts=&#8221;yes&#8221; el_class=&#8221;global__heading&#8221; css=&#8221;.vc_custom_1652267897863{margin-top: 60px !important;margin-bottom: 60px !important;}&#8221;][vc_single_image image=&#8221;28462&#8243; img_size=&#8221;full&#8221; alignment=&#8221;center&#8221;][vc_column_text css=&#8221;.vc_custom_1652268007849{margin-top: 30px !important;margin-bottom: 30px !important;}&#8221;]<\/p>\n<p class=\"history_quote\">Dla wyr\u00f3\u017cniaj\u0105cych si\u0119 zawodnik\u00f3w prowadzimy 4 ciekawe projekty: Warta Talent, Warta Talenciki, Warciarz Miesi\u0105ca oraz Szko\u0142a Bramkarzy. Warto postawi\u0107 na Akademi\u0119 Warty Pozna\u0144 i to z ni\u0105 rozpocz\u0105\u0107 pi\u0142karsk\u0105 przygod\u0119. Do\u0142\u0105cz do Zielonej Rodziny. Zapraszamy!<\/p>\n<p>[\/vc_column_text][vc_single_image image=&#8221;19043&#8243; img_size=&#8221;full&#8221; alignment=&#8221;center&#8221;][vc_custom_heading text=&#8221;Polityka Bezpiecze\u0144stwa Dzieci&#8221; font_container=&#8221;tag:h2|font_size:36px|text_align:center|color:%230d7646|line_height:47px&#8221; use_theme_fonts=&#8221;yes&#8221; el_class=&#8221;global__heading&#8221; css=&#8221;.vc_custom_1730291042085{margin-top: 60px !important;margin-bottom: 60px !important;}&#8221;][vc_column_text css=&#8221;.vc_custom_1730293607771{margin-top: 30px !important;margin-bottom: 30px !important;}&#8221;]<\/p>\n<p class=\"history_quote\">Zgodnie z aktualizacj\u0105 Polityki przez PZPN o wymogi Ustawy w zakresie standard\u00f3w ochrony dzieci, Klub Warta Pozna\u0144 wdro\u017cy\u0142 procedury zwi\u0105zane z zapewnieniem bezpiecze\u0144stwa dzieci zgodnie z wszelkimi normami.<\/p>\n<p>[\/vc_column_text][vc_custom_heading text=&#8221;Koordynator ds. Bezpiecze\u0144stwa Dzieci: Wiktor Kopczy\u0144ski<br \/>\nKontakt: w.kopczynski@wartapoznan.pl&#8221; font_container=&#8221;tag:p|font_size:20px|text_align:left|color:%230d7646&#8243; use_theme_fonts=&#8221;yes&#8221; el_class=&#8221;global__heading&#8221; css=&#8221;.vc_custom_1730293666486{margin-top: 60px !important;margin-bottom: 60px !important;}&#8221;][vc_column_text]Za\u0142\u0105czniki:<br \/>\n<a href=\"https:\/\/wartapoznan.pl\/wp-content\/uploads\/2024\/10\/2024-08-14-Standardy-Ochrony-Maloletnich-Klub.pdf\">Standardy Ochrony Ma\u0142oletnich<\/a>[\/vc_column_text][\/vc_column][\/vc_row][\/vc_section]<\/p>\n","protected":false},"excerpt":{"rendered":"<p>[vc_section][vc_row][vc_column][vc_column_text css=&#8221;.vc_custom_1652267566088{margin-top: 60px !important;}&#8221;] Przez ponad 100 lat historii Warty Pozna\u0144 praca z m\u0142odzie\u017c\u0105 i wprowadzanie wychowank\u00f3w do sk\u0142adu pierwszej&#8230;<\/p>\n","protected":false},"author":36,"featured_media":0,"parent":19078,"menu_order":0,"comment_status":"closed","ping_status":"closed","template":"templates\/widokpodstronakademii.php","meta":{"om_disable_all_campaigns":false,"inline_featured_image":false,"footnotes":"","_links_to":"","_links_to_target":""},"categories":[],"tags":[],"aioseo_notices":[],"_links":{"self":[{"href":"https:\/\/wartapoznan.pl\/index.php\/wp-json\/wp\/v2\/pages\/19039"}],"collection":[{"href":"https:\/\/wartapoznan.pl\/index.php\/wp-json\/wp\/v2\/pages"}],"about":[{"href":"https:\/\/wartapoznan.pl\/index.php\/wp-json\/wp\/v2\/types\/page"}],"author":[{"embeddable":true,"href":"https:\/\/wartapoznan.pl\/index.php\/wp-json\/wp\/v2\/users\/36"}],"replies":[{"embeddable":true,"href":"https:\/\/wartapoznan.pl\/index.php\/wp-json\/wp\/v2\/comments?post=19039"}],"version-history":[{"count":23,"href":"https:\/\/wartapoznan.pl\/index.php\/wp-json\/wp\/v2\/pages\/19039\/revisions"}],"predecessor-version":[{"id":40462,"href":"https:\/\/wartapoznan.pl\/index.php\/wp-json\/wp\/v2\/pages\/19039\/revisions\/40462"}],"up":[{"embeddable":true,"href":"https:\/\/wartapoznan.pl\/index.php\/wp-json\/wp\/v2\/pages\/19078"}],"wp:attachment":[{"href":"https:\/\/wartapoznan.pl\/index.php\/wp-json\/wp\/v2\/media?parent=19039"}],"wp:term":[{"taxonomy":"category","embeddable":true,"href":"https:\/\/wartapoznan.pl\/index.php\/wp-json\/wp\/v2\/categories?post=19039"},{"taxonomy":"post_tag","embeddable":true,"href":"https:\/\/wartapoznan.pl\/index.php\/wp-json\/wp\/v2\/tags?post=19039"}],"curies":[{"name":"wp","href":"https:\/\/api.w.org\/{rel}","templated":true}]}}