{"id":19053,"date":"2022-05-11T13:55:15","date_gmt":"2022-05-11T11:55:15","guid":{"rendered":"https:\/\/wartapoznan.pl\/?page_id=19053"},"modified":"2025-04-01T12:23:12","modified_gmt":"2025-04-01T10:23:12","slug":"platnosci","status":"publish","type":"page","link":"https:\/\/wartapoznan.pl\/index.php\/akademia-warty-poznan\/platnosci\/","title":{"rendered":"P\u0142atno\u015bci"},"content":{"rendered":"<p>[vc_section][vc_row][vc_column][vc_column_text css=&#8221;.vc_custom_1652270060222{margin-top: 60px !important;}&#8221;]<\/p>\n<p class=\"history_quote\" style=\"text-align: center;\"><span style=\"color: #0d7646;\"><strong>Warta Pozna\u0144 Sp\u00f3\u0142ka Akcyjna<\/strong><\/span><br \/>\nul. Jana Spychalskiego 34, 61-553 Pozna\u0144<br \/>\nT: +48 512 482 203 E: akademia@wartapoznan.pl<\/p>\n<p class=\"history_quote\" style=\"text-align: center;\">NIP: 783-167-64-94 REGON: 301775099 KRS: 0000394512<\/p>\n<p class=\"history_quote\" style=\"text-align: center;\">Nr konta: PKO BP: 78 1020 4027 0000 1602 1497 4853<br \/>\nIBAN: PL78 1020 4027 0000 1602 1497 4853<br \/>\nSWIFT: BPKOPLPW<\/p>\n<p>[\/vc_column_text][\/vc_column][\/vc_row][vc_row][vc_column][vc_column_text css=&#8221;.vc_custom_1652269633297{margin-top: 60px !important;}&#8221;]<\/p>\n<p class=\"history_quote\"><strong>Kr\u00f3tki opis dzia\u0142alno\u015bci:<br \/>\n<\/strong><\/p>\n<p class=\"history_quote\">Akademia Warty Pozna\u0144 realizuje treningi pi\u0142karskie dla dzieci i m\u0142odzie\u017cy.<\/p>\n<p>[\/vc_column_text][vc_column_text css=&#8221;.vc_custom_1652269662756{margin-top: 60px !important;}&#8221;]<\/p>\n<p class=\"history_quote\"><strong>Warunki realizacji us\u0142ugi:<br \/>\n<\/strong><\/p>\n<p class=\"history_quote\">Przedmiotem us\u0142ug Akademii s\u0105 szkolenia i treningi z zakresu rozwijania umiej\u0119tno\u015bci gry w pi\u0142k\u0119 no\u017cn\u0105.<\/p>\n<p>[\/vc_column_text][vc_column_text css=&#8221;.vc_custom_1743502932782{margin-top: 60px !important;}&#8221;]<\/p>\n<p class=\"history_quote\"><strong>Cennik:<br \/>\n<\/strong><\/p>\n<p class=\"history_quote\">Op\u0142ata miesi\u0119czna za zaj\u0119cia wynosi 220 z\u0142.<\/p>\n<p>[\/vc_column_text][vc_column_text css=&#8221;.vc_custom_1743502986206{margin-top: 60px !important;}&#8221;]<\/p>\n<p class=\"history_quote\"><strong>Spos\u00f3b p\u0142atno\u015bci:<br \/>\n<\/strong><\/p>\n<p class=\"history_quote\">P\u0142atno\u015bci za wszystkie programy szkoleniowe odbywaj\u0105 si\u0119 poprzez aplikacj\u0119 Sport BM po wcze\u015bniejszym zarejestrowaniu konta dziecka.<br \/>\nPreferowan\u0105 form\u0105 p\u0142atno\u015bci jest technologia p\u0142atno\u015bci cyklicznych poprzez zapisanie tokenu karty p\u0142atniczej, co umo\u017cliwia okresowe i automatyczne pobieranie sk\u0142adek. Klienci mog\u0105 skorzysta\u0107 z p\u0142atno\u015bci jednorazowych (p\u0142atno\u015b\u0107 kart\u0105, przelew lub p\u0142atno\u015b\u0107 BLIK).<br \/>\nWy\u0142\u0105czenie p\u0142atno\u015bci cyklicznych nast\u0119puje poprzez napisanie wiadomo\u015bci na adres mailowy akademia@wartapoznan.pl z pro\u015bb\u0105 o usuni\u0119cie tokenu karty.<\/p>\n<p>[\/vc_column_text][vc_column_text css=&#8221;.vc_custom_1652269745326{margin-top: 60px !important;}&#8221;]<\/p>\n<p class=\"history_quote\"><strong>Polityka zwrot\u00f3w:<br \/>\n<\/strong><\/p>\n<p class=\"history_quote\">Zwroty s\u0105 mo\u017cliwe na podstawie reklamacji klienta rozpatrywanej indywidualnie, zgodnie z regulaminem danego programu, kt\u00f3ry ka\u017cdy uczestnik podpisuje w wersji papierowej przed przyst\u0105pieniem do szkolenia w danym programie.<\/p>\n<p>[\/vc_column_text][vc_column_text css=&#8221;.vc_custom_1652269784447{margin-top: 60px !important;}&#8221;]<\/p>\n<p class=\"history_quote\"><strong>Polityka reklamacji:<br \/>\n<\/strong><\/p>\n<p class=\"history_quote\">Reklamacje s\u0105 mo\u017cliwe na podstawie z\u0142o\u017cenia przez klienta reklamacji dot. ca\u0142o\u015bci lub cz\u0119\u015bci realizacji us\u0142ugi, kt\u00f3ra to reklamacja rozpatrywana jest indywidualnie, zgodnie z regulaminem danego programu, kt\u00f3ry ka\u017cdy uczestnik podpisuje w wersji papierowej przed przyst\u0105pieniem do szkolenia w danym programie. Jej z\u0142o\u017cenie jest mo\u017cliwe drog\u0105 mailow\u0105 pod adresem akademia@wartapoznan.pl, a jej rozpatrzenie trwa 30 dni.<\/p>\n<p>[\/vc_column_text][vc_column_text css=&#8221;.vc_custom_1652269820651{margin-top: 60px !important;}&#8221;]<\/p>\n<p class=\"history_quote\"><strong>Polityka ochrony danych osobowych:<br \/>\n<\/strong><\/p>\n<p class=\"history_quote\">W celu zapisu dziecka nale\u017cy wyrazi\u0107 zgod\u0119 na przechowywanie i przetwarzanie podanych danych osobowych. Zgoda wyra\u017cana jest przy podpisaniu formularza uczestnictwa.<\/p>\n<p class=\"history_quote\">Podanie danych osobowych jest dobrowolne, lecz jest niezb\u0119dnym warunkiem uczestnictwa w programach szkolenia. Informujemy, \u017ce ka\u017cdemu Klientowi przys\u0142uguje prawo dost\u0119pu do tre\u015bci danych oraz ich sprostowania, usuni\u0119cia, ograniczenia przetwarzania, a tak\u017ce prawo sprzeciwu, za\u017c\u0105dania zaprzestania przetwarzania i przenoszenia danych, jak r\u00f3wnie\u017c prawo do cofni\u0119cia zgody w dowolnym momencie oraz prawo do wniesienia skargi do organu nadzorczego \u2013 Prezesa Urz\u0119du Ochrony Danych Osobowych.<\/p>\n<p>[\/vc_column_text][\/vc_column][\/vc_row][\/vc_section]<\/p>\n","protected":false},"excerpt":{"rendered":"<p>[vc_section][vc_row][vc_column][vc_column_text css=&#8221;.vc_custom_1652270060222{margin-top: 60px !important;}&#8221;] Warta Pozna\u0144 Sp\u00f3\u0142ka Akcyjna ul. Jana Spychalskiego 34, 61-553 Pozna\u0144 T: +48 512 482 203 E:&#8230;<\/p>\n","protected":false},"author":36,"featured_media":0,"parent":19078,"menu_order":0,"comment_status":"closed","ping_status":"closed","template":"templates\/widokpodstronakademii.php","meta":{"om_disable_all_campaigns":false,"inline_featured_image":false,"footnotes":"","_links_to":"","_links_to_target":""},"categories":[],"tags":[],"aioseo_notices":[],"_links":{"self":[{"href":"https:\/\/wartapoznan.pl\/index.php\/wp-json\/wp\/v2\/pages\/19053"}],"collection":[{"href":"https:\/\/wartapoznan.pl\/index.php\/wp-json\/wp\/v2\/pages"}],"about":[{"href":"https:\/\/wartapoznan.pl\/index.php\/wp-json\/wp\/v2\/types\/page"}],"author":[{"embeddable":true,"href":"https:\/\/wartapoznan.pl\/index.php\/wp-json\/wp\/v2\/users\/36"}],"replies":[{"embeddable":true,"href":"https:\/\/wartapoznan.pl\/index.php\/wp-json\/wp\/v2\/comments?post=19053"}],"version-history":[{"count":5,"href":"https:\/\/wartapoznan.pl\/index.php\/wp-json\/wp\/v2\/pages\/19053\/revisions"}],"predecessor-version":[{"id":41660,"href":"https:\/\/wartapoznan.pl\/index.php\/wp-json\/wp\/v2\/pages\/19053\/revisions\/41660"}],"up":[{"embeddable":true,"href":"https:\/\/wartapoznan.pl\/index.php\/wp-json\/wp\/v2\/pages\/19078"}],"wp:attachment":[{"href":"https:\/\/wartapoznan.pl\/index.php\/wp-json\/wp\/v2\/media?parent=19053"}],"wp:term":[{"taxonomy":"category","embeddable":true,"href":"https:\/\/wartapoznan.pl\/index.php\/wp-json\/wp\/v2\/categories?post=19053"},{"taxonomy":"post_tag","embeddable":true,"href":"https:\/\/wartapoznan.pl\/index.php\/wp-json\/wp\/v2\/tags?post=19053"}],"curies":[{"name":"wp","href":"https:\/\/api.w.org\/{rel}","templated":true}]}}