{"id":22767,"date":"2022-10-26T15:36:25","date_gmt":"2022-10-26T13:36:25","guid":{"rendered":"https:\/\/wartapoznan.pl\/?page_id=22767"},"modified":"2022-10-26T15:43:13","modified_gmt":"2022-10-26T13:43:13","slug":"regulamin-wygraj-fife-23","status":"publish","type":"page","link":"https:\/\/wartapoznan.pl\/index.php\/regulamin-wygraj-fife-23\/","title":{"rendered":"Regulamin konkursu \u201eWygraj FIF\u0118 23\u201d"},"content":{"rendered":"<p>&nbsp;<\/p>\n<p class=\"p1\"><b>\u00a7 1.POSTANOWIENIA OG\u00d3LNE<\/b><\/p>\n<p class=\"p1\">1. Organizatorem konkursu jest Warta Pozna\u0144 Sp\u00f3\u0142ka Akcyjna z siedzib\u0105 w Poznaniu przy ul. Spychalskiego 34, wpisana do rejestru Krajowego Rejestru S\u0105dowego prowadzonego przez S\u0105d Rejonowy m. st. Warszawy, VIII Wydzia\u0142 Gospodarczy Krajowego Rejestru S\u0105dowego, pod numerem KRS 0000394512, REGON 301775099, NIP: 7831676494 (dalej: \u201eOrganizator\u201d).<\/p>\n<p class=\"p1\">2. Konkurs prowadzony jest na terytorium Rzeczypospolitej Polskiej.<\/p>\n<p class=\"p1\"><b>\u00a72.WARUNKI UCZESTNICTWA W KONKURSIE<\/b><\/p>\n<p class=\"p1\">1. Uczestnikiem Konkursu mog\u0105 by\u0107 wy\u0142\u0105cznie osoby pe\u0142noletnie, posiadaj\u0105ce pe\u0142n\u0105 zdolno\u015b\u0107 do czynno\u015bci prawnych z zastrze\u017ceniem \u00a7 2 ust. 2. W razie ch\u0119ci uczestnictwa os\u00f3b niepe\u0142noletnich, ich udzia\u0142 powinien by\u0107 potwierdzony przez ich opiekuna prawnego.<\/p>\n<p class=\"p1\">2. W Konkursie nie mog\u0105 uczestniczy\u0107 pracownicy Organizatora oraz ich ma\u0142\u017conkowie, krewni lub powinowaci w linii prostej, a tak\u017ce osoby zwi\u0105zane z nimi tytu\u0142em przysposobienia, opieki lub kurateli oraz osoby zamieszkuj\u0105ce z nimi we wsp\u00f3lnym gospodarstwie domowym.<\/p>\n<p class=\"p1\">3. Udzia\u0142 w Konkursie jest dobrowolny.<\/p>\n<p class=\"p1\">4. Przyst\u0105pienie do Konkursu oznacza, \u017ce uczestnik Konkursu zapozna\u0142 si\u0119 i akceptuje udost\u0119pnione mu zasady Konkursu, okre\u015blone w Regulaminie.<\/p>\n<p class=\"p1\"><b>\u00a73.ZASADY KONKURSU<\/b><\/p>\n<p class=\"p1\">1. Konkurs trwa\u0107 b\u0119dzie od dnia 26.10.2022 do dnia 11.11.2022 Powy\u017cszy okres nie obejmuje okresu trwania ewentualnych post\u0119powa\u0144 reklamacyjnych.<\/p>\n<p class=\"p1\">2. Warunkiem wzi\u0119cia udzia\u0142u w Konkursie jest udzielenie odpowiedzi w formularzu sponsorowanym (konkurs b\u0119dzie prowadzony na stronie Organizatora na facebooku pod adresem https:\/\/www.facebook.com\/wartapoznan. Pod uwag\u0119 b\u0119d\u0105 brane tylko spe\u0142niaj\u0105ce wymogi Konkursu odpowiedzi, kt\u00f3re zostan\u0105 opublikowane do dnia 11.11.2022, do godziny 20:45.<\/p>\n<p class=\"p1\">3. W konkursowym komentarzu nale\u017cy odpowiedzie\u0107 na pytanie \u201eKto jest najlepszym pi\u0142karzem w historii Warty Pozna\u0144 i dlaczego?&#8221;.<\/p>\n<p class=\"p1\">4. Zwyci\u0119zc\u0119 wybierze komisja z\u0142o\u017cona z przedstawicieli Organizatora (dalej \u201eKomisja\u201d). Zadecyduj\u0105 najciekawsze uzasadnienia wyboru. <span class=\"Apple-converted-space\">\u00a0<\/span><\/p>\n<p class=\"p1\">5. Ka\u017cdy uczestnik mo\u017ce wype\u0142ni\u0107\u00a0formularz maksymalnie jeden raz. Wype\u0142nienie formularza wi\u0119cej razy pozbawia ich autora mo\u017cliwo\u015bci uczestnictwa w Konkursie.<\/p>\n<p class=\"p1\">6. Ka\u017cdy uczestnik zaznacza w formularzu na jak\u0105 platform\u0119 ma by\u0107 przeznaczona FIFA 23.<\/p>\n<p class=\"p1\"><span class=\"s1\">7<\/span>. Komisja wy\u0142oni dw\u00f3ch zwyci\u0119zc\u00f3w na ka\u017cd\u0105 platform\u0119.<\/p>\n<p class=\"p1\">8. Odpowiedzi konkursowe zawieraj\u0105ce tre\u015bci sprzeczne z przepisami prawa powszechnie obowi\u0105zuj\u0105cego lub tre\u015bci wulgarne, drastyczne, propaguj\u0105ce nienawi\u015b\u0107, nie b\u0119d\u0105 brane pod uwag\u0119 w Konkursie.<\/p>\n<p class=\"p1\">9. Odpowiedzi, opr\u00f3cz wymaga\u0144 przewidzianych w Regulaminie, powinny spe\u0142nia\u0107 wymagania przewidziane w regulaminach i zasadach portalu Facebook. Odpowiedzi niespe\u0142niaj\u0105ce standard\u00f3w portalu Facebook nie b\u0119d\u0105 brane pod uwag\u0119 w Konkursie.<\/p>\n<p class=\"p1\"><b>\u00a74.ROZSTRZYGNIE\u0328CIE KONKURSU. NAGRODY<\/b><\/p>\n<p class=\"p1\">1. Nad prawid\u0142owym przebiegiem Konkursu czuwa\u0107 b\u0119dzie komisja konkursowa z\u0142o\u017cona z przedstawicieli Organizatora (dalej \u201eKomisja\u201d). Komisja decydowa\u0107 b\u0119dzie o ostatecznym wyniku rywalizacji konkursowej oraz o przyznaniu nagr\u00f3d uczestnikom spe\u0142niaj\u0105cym warunki Konkursu.<\/p>\n<p class=\"p1\">2. Wyniki Konkursu zostan\u0105 og\u0142oszone drog\u0105 mailow\u0105 najp\u00f3\u017aniej do dnia 18.11.2022 r.<\/p>\n<p class=\"p1\">3. Nagroda\u0328 w Konkursie jest gra FIFA 23 na wybran\u0105 przez zwyci\u0119zc\u0119 platform\u0119 (PC, PlayStation 4, PlayStation 5, Xbox One, Xbox Series X) spo\u015br\u00f3d platform wspieranych przez wydawc\u0119 gry.<\/p>\n<p class=\"p1\">4. Zwyci\u0119zcy nie przys\u0142uguje prawo przeniesienia prawa do otrzymania Nagrody na osoby trzecie.<\/p>\n<p class=\"p1\">5. Koszty wysy\u0142ki nagrody na terenie Polski pokrywa Organizator. Koszty wysy\u0142ki nagrody za granic\u0119 pokrywa zwyci\u0119zca.<\/p>\n<p class=\"p1\"><b>\u00a75.POSTE\u0328POWANIE REKLAMACYJNE<\/b><\/p>\n<p class=\"p1\">1. Reklamacje zg\u0142asza\u0107 nale\u017cy droga\u0328 e-mail na adres: a.szczepaniak@wartapoznan.pl, nie p\u00f3\u017aniej ni\u017c\u0307 w terminie 14 dni od dnia zako\u0144czenia Konkursu lub w terminie 14 dni od dnia dor\u0119czenia przesy\u0142ki (w przypadku reklamowania nagrody), podaj\u0105c dok\u0142adny opis i pow\u00f3d reklamacji oraz dane osoby zg\u0142aszaj\u0105cej, wraz ze zdj\u0119ciami lub innymi dowodami.<\/p>\n<p class=\"p1\">2. Podstaw\u0105 reklamacji mog\u0105 by\u0107 nieprawid\u0142owo\u015bci w przeprowadzeniu Konkursu lub wady nagrody istniej\u0105ce w chwili wydania nagrody zwyci\u0119zcy.<\/p>\n<p class=\"p1\">3. Reklamacje rozpatrywane b\u0119d\u0105 przez Organizatora na podstawie niniejszego regulaminu w terminie do 14 dni od ich otrzymania.<\/p>\n<p class=\"p1\">4. Uczestnik promocji zostanie powiadomiony o decyzji Organizatora droga\u0328 e-mail, w terminie 3 dni od daty rozpatrzenia reklamacji.<\/p>\n<p class=\"p1\">5. Organizator nie odpowiada za prawid\u0142owe dzia\u0142anie gry w razie niespe\u0142nienia przez zwyci\u0119zc\u0119 minimalnych wymaga\u0144 sprz\u0119towych dla gry FIFA 23.<\/p>\n<p class=\"p1\"><b>\u00a76.POSTANOWIENIA KON\u0301COWE<\/b><\/p>\n<p class=\"p1\">1. Zasady konkursu okre\u015bla wy\u0142\u0105cznie niniejszy regulamin. W kwestiach nie uregulowanych regulaminem stosuje si\u0119 odpowiednie przepisy Kodeksu cywilnego, ustawy o grach hazardowych, regulaminy obowi\u0105zuj\u0105ce u Organizatora oraz postanowienia Organizatora.<\/p>\n<p class=\"p1\">2. Wszelkie materia\u0142y reklamowe lub promocyjne rozpowszechniane w zwi\u0105zku z Konkursem maja\u0328 charakter wy\u0142\u0105cznie informacyjny.<\/p>\n<p class=\"p1\">3. Regulamin konkursu dost\u0119pny jest w siedzibie Organizatora oraz na stronie internetowej Organizatora.<\/p>\n<p class=\"p1\">4. Organizator zastrzega sobie prawo do wprowadzenia zmian w niniejszym regulaminie w dowolnym czasie w przypadku zmiany terminu Konkursu, sprostowania oczywistych omy\u0142ek pisarskich lub u\u015bci\u015blenia niejasnych zapis\u00f3w regulaminu. Zmiany wchodz\u0105 w \u017cycie w dniu nast\u0119pnym od ich og\u0142oszenia na kanale<\/p>\n<p class=\"p1\">5. Organizator zastrzega sobie prawo podejmowania indywidualnych decyzji wykluczaj\u0105cych poszczeg\u00f3lnych klient\u00f3w z udzia\u0142u w konkursie lub dopuszczaj\u0105cych do udzia\u0142u w konkursie.<\/p>\n<p class=\"p1\"><b>PRZETWARZANIE DANYCH OSOBOWYCH \u2013 KLAUZULA INFORMACYJNA<\/b><\/p>\n<p class=\"p1\">1. Administratorem danych osobowych uczestnik\u00f3w jest Warta Pozna\u0144 S.A., ul. Spychalskiego 34, 61-555 Pozna\u0144.<\/p>\n<p class=\"p1\">2. Podstaw\u0105 przetwarzania danych osobowych jest zgoda na przetwarzanie danych osobowych i swobodnego przep\u0142ywu takich danych, to jest art. 6 ust. 1 lit. a Rozporz\u0105dzenia Parlamentu Europejskiego i Rady (UE) 2016\/679 z dnia 27 kwietnia 2016 r. oraz uchylenia dyrektywy 95\/46\/WE (\u201eRODO\u201d).Zgoda wyra\u017cana jest w zwi\u0105zku z udzia\u0142em w Konkursie na zasadach i w trybie okre\u015blonym w Regulaminie.<\/p>\n<p class=\"p1\">3. Dane osobowe Uczestnik\u00f3w b\u0119d\u0105 przetwarzane w celach zwi\u0105zanych przedmiotowo z Konkursem, tj. w celach zwi\u0105zanych z ustaleniem prawa danego Uczestnika do uzyskania nagrody, wydania nagrody, przygotowania statystyk i zestawie\u0144 podsumowuj\u0105cych, rozpatrzenia ew. reklamacji oraz sprawozdawczo\u015bci ksi\u0119gowej i podatkowej oraz w celach marketingowych, w szczeg\u00f3lno\u015bci publicznego poinformowania o wygranej oraz zamieszczenia zawarto\u015bci zwyci\u0119skiego komentarza na fanpage Warty Pozna\u0144.<\/p>\n<p class=\"p1\">4. Na podstawie wyra\u017conej zgody Organizator przetwarza nast\u0119puj\u0105ce dane: imi\u0119 i nazwisko, wizerunek (zgodnie z zamieszczonym zdj\u0119ciem konkursowym), wiek, adres zamieszkania (dotyczy zwyci\u0119zc\u00f3w Konkursu).<\/p>\n<p class=\"p1\">5. Wy\u0142\u0105cznym odbiorc\u0105 przetwarzanych danych osobowych jest Warta Pozna\u0144 S.A. oraz osoby upowa\u017cnione do przetwarzania danych osobowych w jego imieniu, a tak\u017ce podmioty, z kt\u00f3rymi Warta Pozna\u0144 S.A zawar\u0142 umow\u0119 o powierzeniu przetwarzania danych osobowych. Dane osobowe przetwarzane na podstawie wyra\u017conej przez Pa\u0144stwa zgody w celach marketingowych mog\u0105 by\u0107 udost\u0119pniane do publicznej wiadomo\u015bci osobom trzecim, w szczeg\u00f3lno\u015bci na stronach internetowych i mediach spo\u0142eczno\u015bciowych Klubu.<\/p>\n<p class=\"p1\">6. Wyra\u017cenie zgody na przetwarzanie danych osobowych jest warunkiem uczestnictwa w Konkursie.<\/p>\n<p class=\"p1\">7. Ponadto informujemy, \u017ce posiadaj\u0105 Pa\u0144stwo prawo dost\u0119pu do przekazanych danych osobowych, prawo do ich sprostowania, usuni\u0119cia oraz prawo do ograniczenia ich przetwarzania, prawo do przenoszenia danych oraz prawo do wniesienia sprzeciwu wobec przetwarzania danych osobowych, prawo do wniesienia skargi do Prezesa Urz\u0119du Ochrony Danych Osobowych, w przypadku uznania, \u017ce przetwarzanie danych osobowych narusza przepisy RODO oraz prawo do cofni\u0119cia tej\u017ce zgody w dowolnym momencie bez wp\u0142ywu na zgodno\u015b\u0107 z prawem przetwarzania, kt\u00f3rego dokonano na podstawie zgody przed jej cofni\u0119ciem.<\/p>\n<p class=\"p1\">8. Dane osobowe nie b\u0119d\u0105 przetwarzane w spos\u00f3b zautomatyzowany ani nie b\u0119d\u0105 wysy\u0142ane do pa\u0144stwa trzeciego lub organizacji mi\u0119dzynarodowej.<\/p>\n<p class=\"p4\">9. Niniejszy regulamin okre\u015bla zasady przetwarzania danych osobowych wy\u0142\u0105cznie w zwi\u0105zku z uczestnictwem w Konkursie.<\/p>\n<p>&nbsp;<\/p>\n","protected":false},"excerpt":{"rendered":"<p>&nbsp; \u00a7 1.POSTANOWIENIA OG\u00d3LNE 1. Organizatorem konkursu jest Warta Pozna\u0144 Sp\u00f3\u0142ka Akcyjna z siedzib\u0105 w Poznaniu przy ul. Spychalskiego 34,&#8230;<\/p>\n","protected":false},"author":36,"featured_media":0,"parent":0,"menu_order":0,"comment_status":"closed","ping_status":"closed","template":"","meta":{"om_disable_all_campaigns":false,"inline_featured_image":false,"footnotes":"","_links_to":"","_links_to_target":""},"categories":[],"tags":[],"aioseo_notices":[],"_links":{"self":[{"href":"https:\/\/wartapoznan.pl\/index.php\/wp-json\/wp\/v2\/pages\/22767"}],"collection":[{"href":"https:\/\/wartapoznan.pl\/index.php\/wp-json\/wp\/v2\/pages"}],"about":[{"href":"https:\/\/wartapoznan.pl\/index.php\/wp-json\/wp\/v2\/types\/page"}],"author":[{"embeddable":true,"href":"https:\/\/wartapoznan.pl\/index.php\/wp-json\/wp\/v2\/users\/36"}],"replies":[{"embeddable":true,"href":"https:\/\/wartapoznan.pl\/index.php\/wp-json\/wp\/v2\/comments?post=22767"}],"version-history":[{"count":8,"href":"https:\/\/wartapoznan.pl\/index.php\/wp-json\/wp\/v2\/pages\/22767\/revisions"}],"predecessor-version":[{"id":22775,"href":"https:\/\/wartapoznan.pl\/index.php\/wp-json\/wp\/v2\/pages\/22767\/revisions\/22775"}],"wp:attachment":[{"href":"https:\/\/wartapoznan.pl\/index.php\/wp-json\/wp\/v2\/media?parent=22767"}],"wp:term":[{"taxonomy":"category","embeddable":true,"href":"https:\/\/wartapoznan.pl\/index.php\/wp-json\/wp\/v2\/categories?post=22767"},{"taxonomy":"post_tag","embeddable":true,"href":"https:\/\/wartapoznan.pl\/index.php\/wp-json\/wp\/v2\/tags?post=22767"}],"curies":[{"name":"wp","href":"https:\/\/api.w.org\/{rel}","templated":true}]}}