{"id":23775,"date":"2023-01-28T11:21:56","date_gmt":"2023-01-28T10:21:56","guid":{"rendered":"https:\/\/wartapoznan.pl\/?page_id=23775"},"modified":"2023-01-28T11:25:36","modified_gmt":"2023-01-28T10:25:36","slug":"regulamin-konkursu-jestem-z-klubem-w-domu-i-na-wyjezdzie","status":"publish","type":"page","link":"https:\/\/wartapoznan.pl\/index.php\/regulamin-konkursu-jestem-z-klubem-w-domu-i-na-wyjezdzie\/","title":{"rendered":"Regulamin konkursu \u201eJestem z klubem \u2013 w domu i na wyje\u017adzie\u201d"},"content":{"rendered":"<h5><strong>1. <\/strong>Postanowienia og\u00f3lne<\/h5>\n<p>1.1. Niniejszy regulamin (zwany dalej \u201eRegulaminem\u201d) okre\u015bla zasady przeprowadzenia konkursu pod nazw\u0105 \u201eJestem z klubem \u2013 w domu i na wyje\u017adzie\u201d (zwanego dalej \u201eKonkursem\u201d).<br \/>\n1.2. Organizatorem Konkursu jest Warta Pozna\u0144 Sp\u00f3\u0142ka Akcyjna z siedzib\u0105 w Poznaniu przy ul. Spychalskiego 34, wpisana do rejestru przedsi\u0119biorc\u00f3w Krajowego Rejestru S\u0105dowego prowadzonego przez S\u0105d Rejonowy m.st. Warszawy, VIII Wydzia\u0142 Gospodarczy Krajowego Rejestru S\u0105dowego, pod numerem KRS 0000394512, REGON 301775099, NIP 7831676494 (zwana dalej \u201eOrganizatorem\u201d).<br \/>\n1.3. Uczestnictwo w Konkursie jest dobrowolne oraz mo\u017ce odbywa\u0107 si\u0119 wy\u0142\u0105cznie na zasadach okre\u015blonych w Regulaminie.<br \/>\n1.4. Konkurs prowadzony jest na terytorium Rzeczypospolitej Polskiej.<br \/>\n1.5. W Konkursie mo\u017ce bra\u0107 udzia\u0142 osoba, kt\u00f3ra:<br \/>\n1) sko\u0144czy\u0142a 18 lat;<br \/>\n2) posiada pe\u0142n\u0105 zdolno\u015b\u0107 do czynno\u015bci prawnych;<br \/>\n3) posiada w\u0142asne konto w serwisie Facebook;<br \/>\n4) uczestniczy w Konkursie w charakterze konsumenta w rozumieniu przepisu<br \/>\nart. 22[1] ustawy z dnia 23 kwietnia 1964 r. Kodeks cywilny (Dz.U.2017.459 t.j. z dnia 2017.03.02 z p\u00f3\u017an. zm.) (zwana dalej \u201eKodeksem cywilnym\u201d),<br \/>\n5) ma miejsce zamieszkania w Rzeczpospolitej Polskiej,<br \/>\n6) nie jest zarejestrowana jako u\u017cytkownik platformy CANAL+ Online (tj. nie posiada konta na CANAL+ Online),<br \/>\n7) by\u0142a obecna na ostatnim meczu domowym klubu pi\u0142karskiego Organizatora &#8211; Warta Pozna\u0144 &#8211; Rak\u00f3w Cz\u0119stochowa (zwanym dalej: \u201eOstatnim Meczem Domowym\u201d) i zachowa\u0142a bilet lub posiada karnet uprawniaj\u0105cy do obecno\u015bci na tym meczu;<br \/>\nzwana dalej \u201eUczestnikiem\u201d.<br \/>\n1.6. W Konkursie nie mog\u0105 bra\u0107 udzia\u0142u pracownicy Organizatora oraz ich krewni lub powinowaci, w tym ich wst\u0119pni, zst\u0119pni, ma\u0142\u017conkowie, rodze\u0144stwo, a tak\u017ce osoby pozostaj\u0105ce z tymi pracownikami w stosunku przysposobienia.<br \/>\n1.7. Konkurs nie jest przeprowadzany przez serwis Facebook ani nie jest z nim zwi\u0105zany.<\/p>\n<h5><strong>2. Zg\u0142oszenie udzia\u0142u w Konkursie<\/strong><\/h5>\n<p>2.1. Konkurs b\u0119dzie trwa\u0142 w okresie od 28 stycznia 2023 r. do 29 stycznia 2023 r. do godziny 15:00. Z Uczestnikami, kt\u00f3rzy kwalifikuj\u0105 si\u0119 do Nagrody &#8211; w celu potwierdzenia obecno\u015bci na Ostatnim Meczu Domowym &#8211; skontaktujemy si\u0119 30 stycznia 2023 r.<br \/>\n2.2. Konkurs b\u0119dzie prowadzony przy wykorzystaniu fanpage Warty Pozna\u0144 na Facebooku prowadzonej przez Organizatora pod adresem https:\/\/www.facebook.com\/wartapoznan (zwana dalej \u201eStrona FB\u201d).<br \/>\n2.3. Osoba bior\u0105ca udzia\u0142 w Konkursie: zapozna\u0142a si\u0119 z niniejszym Regulaminem i zobowi\u0105zuje si\u0119 do jego przestrzegania, b\u0119dzie powstrzymywa\u0107 si\u0119 od dzia\u0142a\u0144 mog\u0105cych utrudni\u0107 lub zak\u0142\u00f3ci\u0107 branie udzia\u0142u w Konkursie przez inne osoby; b\u0119dzie powstrzymywa\u0107 si\u0119 od dzia\u0142a\u0144 ingeruj\u0105cych lub zmierzaj\u0105cych do ingerencji w przebieg Konkursu.<br \/>\n2.4. Organizator zastrzega prawo od wykluczenia z uczestnictwa w Konkursie os\u00f3b, je\u015bli nie b\u0119d\u0105 stosowa\u0107 si\u0119 do postanowie\u0144 Regulaminu.<\/p>\n<h5><strong>3. Przebieg konkursu<\/strong><\/h5>\n<p>3.1. Zadanie konkursowe polega na opublikowania postu &#8211; w postaci komentarza do postu konkursowego opublikowanego na Stronie FB &#8211; jako odpowiedzi na zadane pytanie konkursowe.<br \/>\n3.2. Organizator zamie\u015bci post publikuj\u0105cy pytanie konkursowe najp\u00f3\u017aniej w ci\u0105gu 2h od momentu zako\u0144czenia meczu domowego. Uczestnik musi udzieli\u0107 odpowiedzi w terminie do dnia 29 stycznia 2023 r. do godziny 15:00. W po\u015bcie publikuj\u0105cym pytanie konkursowe r\u00f3wnie\u017c b\u0119dzie podana informacja do kiedy nale\u017cy udzieli\u0107 odpowiedzi.<br \/>\n3.3. W celu wy\u0142onienia 5 zwyci\u0119zc\u00f3w Konkursu oraz w celu zapewnienia nadzoru nad prawid\u0142owym jego przebiegiem, Organizator powo\u0142a 3-osobow\u0105 komisj\u0119 konkursow\u0105 (zwan\u0105 dalej \u201eKomisj\u0105\u201d). Komisja wy\u0142oni zwyci\u0119zc\u00f3w, kt\u00f3rzy otrzymaj\u0105 Nagrody.<br \/>\n3.4. Nagrod\u0105 dla ka\u017cdego z 5 zwyci\u0119zc\u00f3w jest Voucher umo\u017cliwiaj\u0105cy dost\u0119p do platformy CANAL+ online przez okres jednego miesi\u0105ca od dnia zarejestrowania i zalogowania w systemie CANAL+ online, do wykorzystania do dnia 01 lutego 2023 r. (zwany dalej: \u201eVoucherem\u201d).<br \/>\n3.5. Uczestnik mo\u017ce otrzyma\u0107 tylko jedn\u0105 Nagrod\u0119 w Konkursie.<br \/>\n3.6. Kryteriami oceny odpowiedzi przez Komisj\u0119 b\u0119dzie oryginalno\u015b\u0107 oraz pomys\u0142owo\u015b\u0107 odpowiedzi.<br \/>\n3.7. Komisja b\u0119dzie dokonywa\u0142a oceny wed\u0142ug w\u0142asnego uznania.<br \/>\n3.8. Komisja wy\u0142oni zwyci\u0119zc\u00f3w wed\u0142ug nast\u0119puj\u0105cej procedury \u2013 Komisja najpierw wytypuje Uczestnik\u00f3w, kt\u00f3rzy kwalifikuj\u0105 si\u0119 do Nagrody, na podstawie oceny przes\u0142anych odpowiedzi. Nast\u0119pnie Komisja skontaktuje z tymi Uczestnikami w dniu 30 stycznia 2023 r. w wiadomo\u015bci prywatnej przes\u0142anej za pomoc\u0105 serwisu Facebook i &#8211; w celu weryfikacji obecno\u015bci na Ostatnim Meczu Domowym &#8211; poprosi o podanie numeru karnety lub biletu uprawniaj\u0105cego Uczestnika do wej\u015bcia na Ostatni Mecz Domowy. Brak informacji zwrotnej we wskazanym terminie powoduje utrat\u0119 uprawnienia do Nagrody przez Uczestnika. W takiej sytuacji prawo do Nagrody przechodzi na kolejnego uprawionego Uczestnika Konkursu.<br \/>\n3.9. W razie pozytywnej weryfikacji obecno\u015bci na Ostatnim Meczu Domowym, Uczestnik wytypowany do Nagrody staje si\u0119 zwyci\u0119zc\u0105 i zostanie poinformowani o zwyci\u0119stwie w Konkursie w wiadomo\u015bci prywatnej przes\u0142anej za pomoc\u0105 serwisu Facebook.<\/p>\n<h5><strong>4. Nagrody<\/strong><\/h5>\n<p>4.1. Organizator wyda Nagrody zwyci\u0119zcom w ten spos\u00f3b, \u017ce przeka\u017ce ka\u017cdemu zwyci\u0119zcy Voucher w wiadomo\u015bci o zwyci\u0119stwie w Konkursie, przes\u0142anej za pomoc\u0105 serwisu Facebook na zasadach opisanych w art. 3 ust. 3.8 niniejszego Regulaminu.<br \/>\n4.2. Uczestnikom- zwyci\u0119zcom, kt\u00f3rym zostan\u0105 przyznane Nagrody nie przys\u0142uguje prawo do ich wymiany na inne nagrody lub inny rodzaj przysporzenia lub \u015bwiadczenia, w szczeg\u00f3lno\u015bci nie jest dopuszczalna wyp\u0142ata warto\u015bci nagrody w formie pieni\u0119\u017cnej. W przypadku nieskorzystania przez zwyci\u0119zc\u0119, z dowolnej przyczyny, z nagrody w ca\u0142o\u015bci lub w cz\u0119\u015bci, zwyci\u0119zca nie jest uprawniony do jakiegokolwiek \u015bwiadczenia z tego tytu\u0142u, w szczeg\u00f3lno\u015bci do wyp\u0142aty niewykorzystanej cz\u0119\u015bci w pieni\u0105dzu.<br \/>\n4.3. W przypadku braku przyznania Nagrody przez Komisj\u0119, Nagrody przechodz\u0105 na rzecz Organizatora Konkursu.<\/p>\n<h5><strong>5. Prawa w\u0142asno\u015bci intelektualnej<\/strong><\/h5>\n<p>5.1. Uczestnik musi by\u0107 wy\u0142\u0105cznym autorem odpowiedzi zg\u0142oszonej w Konkursie. Uczestnik musi posiada\u0107 uprawnienia do rozporz\u0105dzania i korzystania z odpowiedzi na potrzeby uczestnictwa w Konkursie zgodnie z Regulaminem.<br \/>\n5.2. Odpowiedzi nie mog\u0105 zawiera\u0107 tre\u015bci bezprawnych, wulgarnych, obra\u017aliwych, sprzecznych z dobrymi obyczajami, niniejszym Regulaminem, regulaminem Facebooka lub zasadami wsp\u00f3\u0142\u017cycia spo\u0142ecznego, tre\u015bci naruszaj\u0105cych przepisy prawa, prawa os\u00f3b trzecich, w tym prawa osobiste os\u00f3b trzecich a tak\u017ce tre\u015bci niezwi\u0105zanych z Konkursem.<br \/>\n5.3. Uczestnik nie otrzyma \u017cadnego wynagrodzenia, rekompensaty lub zwrotu koszt\u00f3w w zwi\u0105zku z udzia\u0142em w Konkursie oraz udzieleniem uprawnie\u0144 i zg\u00f3d okre\u015blonych Regulaminem.<br \/>\n5.4. \u015awiadczeniem wzajemnym Organizatora w zamian za udzielenie przez Uczestnika uprawnie\u0144 i zg\u00f3d okre\u015blonych Regulaminem jest mo\u017cliwo\u015b\u0107 udzia\u0142u w Konkursie.<br \/>\n5.5. Uczestnik ponosi pe\u0142n\u0105 odpowiedzialno\u015b\u0107 za wszelkie tre\u015bci i materia\u0142y podane przez niego w zg\u0142oszeniu konkursowym lub publikowane w ramach Konkursu jako realizacja zadania konkursowego. W szczeg\u00f3lno\u015bci publikuj\u0105c jakiekolwiek tre\u015bci lub materia\u0142y w ramach Konkursu Uczestnik o\u015bwiadcza, \u017ce posiada do nich uprawnienia w zakresie pozwalaj\u0105cym na wykorzystanie w Konkursie zgodnie z Regulaminem, a publikacja tych tre\u015bci w ramach Konkursu nie narusza praw lub d\u00f3br osobistych os\u00f3b trzecich.<\/p>\n<h5><strong>6. Post\u0119powanie reklamacyjne \/ postanowienie ko\u0144cowe<\/strong><\/h5>\n<p>6.1. Reklamacje zwi\u0105zane z uczestnictwem w Konkursie mog\u0105 by\u0107 zg\u0142aszane do Organizatora poprzez przes\u0142anie wiadomo\u015bci e-mail na adres: k.berda@wartapoznan.pl<br \/>\n6.2. Reklamacja powinna zawiera\u0107 imi\u0119, nazwisko, pocztowy adres zwrotny lub adres zwrotny e- mail osoby sk\u0142adaj\u0105cej reklamacj\u0119 oraz wskazanie przyczyny reklamacji.<br \/>\n6.3. Osoba, kt\u00f3ra z\u0142o\u017cy\u0142a reklamacj\u0119 otrzyma odpowied\u017a na reklamacj\u0119 w terminie do 14 dni od otrzymania reklamacji przez Organizatora.<br \/>\n6.4. Organizator zastrzega sobie prawo wprowadzenia zmian do Regulaminu z wa\u017cnej przyczyny.<br \/>\n6.5. Do zmian znajduj\u0105 zastosowanie nast\u0119puj\u0105ce postanowienia: Wprowadzenie zmian nie narusza i nie ogranicza praw nabytych tych Uczestnik\u00f3w, kt\u00f3rzy przyst\u0105pili do Konkursu przed publikacj\u0105 zmian.<br \/>\n6.6. Pod poj\u0119ciem wa\u017cnej przyczyny nale\u017cy rozumie\u0107 w szczeg\u00f3lno\u015bci: konieczno\u015b\u0107 modyfikacji system\u00f3w informatycznych; dostosowanie Regulaminu do wymog\u00f3w prawnych, w szczeg\u00f3lno\u015bci zmian w przepisach, uzasadnione uwagi zg\u0142aszane przez Uczestnik\u00f3w; wprowadzenie nowych nagr\u00f3d.<br \/>\n6.7. Do Uczestnik\u00f3w, kt\u00f3rzy dokonaj\u0105 zg\u0142oszenia udzia\u0142u w Konkursie w okresie od momentu publikacji zmian Regulaminu do momentu ich wej\u015bcia w \u017cycie, w okresie tym znajduj\u0105 zastosowanie postanowienia dotychczasowego Regulaminu, a w okresie pocz\u0105wszy od dnia wej\u015bcia w \u017cycie zmian &#8211; postanowienia zmienionego Regulaminu.<br \/>\n6.8. Niniejszy Regulamin i inne stosunki prawne w nim uregulowane podlegaj\u0105 prawu Rzeczypospolitej Polskiej.<\/p>\n<h5><strong>7. Ochrona Danych Osobowych<\/strong><\/h5>\n<p>7.1. Administratorem danych osobowych Uczestnik\u00f3w Konkursu jest Warta Pozna\u0144 S.A. ul. Spychalskiego 34, 61-553 Pozna\u0144 z dopiskiem \u201eOchrona danych osobowych\u201d (dalej jako: \u201eAdministrator\u201d).<br \/>\n7.2. Dane osobowe b\u0119d\u0105 przetwarzane przez Administratora:<br \/>\n7.2.1. na podstawie art. 6 ust. 1 lit. b) RODO w celu umo\u017cliwienia wzi\u0119cia udzia\u0142u w Konkursie oraz realizacji postanowie\u0144 Regulaminu,<br \/>\n7.2.2. na podstawie art. 6 ust. 1 lit. f) RODO (tj. prawnie uzasadnionego interesu Administratora) w celu ustalenia, zabezpieczenia, dochodzenia lub obrony ewentualnych roszcze\u0144,<br \/>\n7.2.3. na podstawie art. 6 ust. 1 lit. c) RODO w celu wype\u0142nienia obowi\u0105zku prawnego ci\u0105\u017c\u0105cego na Administratorze (np. wynikaj\u0105cego z przepis\u00f3w podatkowych, rachunkowych lub konsumenckich).<br \/>\n7.3. Okres, przez kt\u00f3ry dane osobowe b\u0119d\u0105 przechowywane:<br \/>\nAdministrator b\u0119dzie przetwarza\u0142 dane osobowe Uczestnik\u00f3w przez okres trwania Konkursu, a po jego up\u0142ywie przez okres niezb\u0119dny do rozpatrzenia ewentualnych reklamacji, wydania nagrody oraz ustalenia, zabezpieczenia, dochodzenia lub obrony ewentualnych roszcze\u0144, jak r\u00f3wnie\u017c przez okres niezb\u0119dny do wype\u0142nienia obowi\u0105zk\u00f3w prawnych ci\u0105\u017c\u0105cych na Administratorze (np. wynikaj\u0105cych z przepis\u00f3w podatkowych lub rachunkowych).<br \/>\n7.5. Prawa osoby, kt\u00f3rej dane osobowe dotycz\u0105:<br \/>\n7.5.1 prawo do dost\u0119pu do tre\u015bci swoich danych osobowych, czyli prawo do uzyskania potwierdzenia czy Administrator przetwarza dane, informacji dotycz\u0105cych takiego przetwarzania oraz do otrzymania ich kopii (przy czym pierwsza kopia wydawana jest bezp\u0142atnie),<br \/>\n7.5.2. prawo do sprostowania oraz uzupe\u0142nienia danych, je\u017celi dane przetwarzane przez Administratora s\u0105 nieprawid\u0142owe lub niekompletne,<br \/>\n7.5.3 prawo do \u017c\u0105dania od Administratora usuni\u0119cia danych,<br \/>\n7.5.4 prawo do \u017c\u0105dania od Administratora ograniczenia przetwarzania danych,<br \/>\n7.5.5. prawo do przenoszenia danych, czyli prawo do otrzymania dostarczonych Administratorowi danych osobowych oraz przes\u0142ania ich innemu administratorowi, o ile jest to technicznie mo\u017cliwe,<br \/>\n7.5.6. prawo do wniesienia sprzeciwu wobec przetwarzania danych osobowych.<br \/>\n7.5.7. prawo do wniesienia skargi do polskiego organu nadzorczego tj. do Prezesa Urz\u0119du Ochrony Danych Osobowych (na adres Urz\u0119du Ochrony Danych Osobowych: ul. Stawki 2, 00-193 Warszawa lub elektronicznie za po\u015brednictwem Elektronicznej Skrzynki Podawczej UODO zgodnie z informacjami dost\u0119pnymi na stronie internetowej: www.uodo.gov.pl).<br \/>\n7.4. Prawa wymienione w pkt. 7.5.1. \u2013 7.5.6 powy\u017cej mo\u017cna zrealizowa\u0107 m.in. poprzez kontakt z Inspektorem Ochrony Danych wskazanym w art. 7 ust. 7.2 niniejszego Regulaminu lub poprzez kontakt z Administratorem wskazanym w art. 7 ust. 7.1 niniejszego Regulaminu.<br \/>\n7.5. Kategorie odbiorc\u00f3w danych (podmiot\u00f3w przetwarzaj\u0105cych dane osobowe w imieniu Administratora): operatorzy pocztowi, przewo\u017anicy, firmy drukuj\u0105ce korespondencj\u0119 lub obs\u0142uguj\u0105ce korespondencj\u0119 otrzymywan\u0105 od klient\u00f3w, firmy archiwizuj\u0105ce dokumenty, partnerzy \u015bwiadcz\u0105cy us\u0142ugi techniczne (np. rozwijanie i utrzymywanie system\u00f3w informatycznych i serwis\u00f3w internetowych).<\/p>\n<p><a href=\"#_ftnref1\" name=\"_ftn1\">[1]<\/a> Rozporz\u0105dzenie Parlamentu Europejskiego i Rady (UE) 2016\/679 z dnia 27 kwietnia 2016 r. w sprawie ochrony os\u00f3b fizycznych w zwi\u0105zku z przetwarzaniem danych osobowych i w sprawie swobodnego przep\u0142ywu takich danych oraz uchylenia dyrektywy 95\/46\/WE (og\u00f3lne rozporz\u0105dzenie o ochronie danych, dalej jako: \u201eRODO\u201d).<\/p>\n","protected":false},"excerpt":{"rendered":"<p>1. Postanowienia og\u00f3lne 1.1. Niniejszy regulamin (zwany dalej \u201eRegulaminem\u201d) okre\u015bla zasady przeprowadzenia konkursu pod nazw\u0105 \u201eJestem z klubem \u2013 w&#8230;<\/p>\n","protected":false},"author":36,"featured_media":0,"parent":0,"menu_order":0,"comment_status":"closed","ping_status":"closed","template":"","meta":{"om_disable_all_campaigns":false,"inline_featured_image":false,"footnotes":"","_links_to":"","_links_to_target":""},"categories":[],"tags":[],"aioseo_notices":[],"_links":{"self":[{"href":"https:\/\/wartapoznan.pl\/index.php\/wp-json\/wp\/v2\/pages\/23775"}],"collection":[{"href":"https:\/\/wartapoznan.pl\/index.php\/wp-json\/wp\/v2\/pages"}],"about":[{"href":"https:\/\/wartapoznan.pl\/index.php\/wp-json\/wp\/v2\/types\/page"}],"author":[{"embeddable":true,"href":"https:\/\/wartapoznan.pl\/index.php\/wp-json\/wp\/v2\/users\/36"}],"replies":[{"embeddable":true,"href":"https:\/\/wartapoznan.pl\/index.php\/wp-json\/wp\/v2\/comments?post=23775"}],"version-history":[{"count":4,"href":"https:\/\/wartapoznan.pl\/index.php\/wp-json\/wp\/v2\/pages\/23775\/revisions"}],"predecessor-version":[{"id":23779,"href":"https:\/\/wartapoznan.pl\/index.php\/wp-json\/wp\/v2\/pages\/23775\/revisions\/23779"}],"wp:attachment":[{"href":"https:\/\/wartapoznan.pl\/index.php\/wp-json\/wp\/v2\/media?parent=23775"}],"wp:term":[{"taxonomy":"category","embeddable":true,"href":"https:\/\/wartapoznan.pl\/index.php\/wp-json\/wp\/v2\/categories?post=23775"},{"taxonomy":"post_tag","embeddable":true,"href":"https:\/\/wartapoznan.pl\/index.php\/wp-json\/wp\/v2\/tags?post=23775"}],"curies":[{"name":"wp","href":"https:\/\/api.w.org\/{rel}","templated":true}]}}