{"id":24059,"date":"2023-02-22T14:59:38","date_gmt":"2023-02-22T13:59:38","guid":{"rendered":"https:\/\/wartapoznan.pl\/?page_id=24059"},"modified":"2023-02-22T14:59:38","modified_gmt":"2023-02-22T13:59:38","slug":"regulamin-imprezy-masowej","status":"publish","type":"page","link":"https:\/\/wartapoznan.pl\/index.php\/regulamin-imprezy-masowej\/","title":{"rendered":"Regulamin imprezy masowej"},"content":{"rendered":"<p><strong>Na podstawie art. 6 ust. 3 ustawy z dnia 20 marca 2009 r. o bezpiecze\u0144stwie imprez masowych (Dz. U. Nr 62, poz. 504), zwanej dalej \u201eUstaw\u0105\u201d, wprowadza si\u0119 niniejszy regulamin imprez masowych &#8211; mecz\u00f3w pi\u0142ki no\u017cnej:<\/strong><\/p>\n<p style=\"text-align: center;\"><strong>Rozdzia\u0142 I<\/strong><br \/>\n<strong>Zakres obowi\u0105zywania<\/strong><br \/>\n<strong>\u00a7 1<\/strong><\/p>\n<p>1. Regulamin dotyczy imprez masowych &#8211; mecz\u00f3w pi\u0142ki no\u017cnej, organizowanych przez Warta Pozna\u0144 S.A., na terenie stadionu usytuowanego przy ul. Powsta\u0144c\u00f3w Chocieszy\u0144skich 53 w Grodzisku Wielkopolskim.<br \/>\n2. Regulamin okre\u015bla prawa i obowi\u0105zki Organizatora, warunki udzia\u0142u i zasady zachowania si\u0119 uczestnik\u00f3w imprezy masowej, w tym w szczeg\u00f3lno\u015bci postanowienia reguluj\u0105ce:<br \/>\na. spos\u00f3b organizacji imprezy masowej,<br \/>\nb. obowi\u0105zki uczestnik\u00f3w imprezy masowej;<br \/>\nc. warunki uczestnictwa w imprezie masowej;<br \/>\nd. uprawnienia uczestnik\u00f3w imprezy masowej;<br \/>\ne. zasady odpowiedzialno\u015bci uczestnik\u00f3w imprezy masowej za zachowanie niezgodne z regulaminem<\/p>\n<p style=\"text-align: center;\"><strong>Rozdzia\u0142 II<\/strong><br \/>\n<strong>Spos\u00f3b organizacji imprezy masowej \u2013 meczu pi\u0142ki no\u017cnej<\/strong><br \/>\n<strong>\u00a7 2<\/strong><\/p>\n<p>1. Za bezpiecze\u0144stwo imprezy masowej w miejscu i w czasie jej trwania odpowiada Organizator imprezy.<br \/>\n2. Impreza jest odp\u0142atna i dost\u0119pna dla os\u00f3b posiadaj\u0105cych karty wst\u0119pu na imprez\u0119 masow\u0105 &#8211; mecze pi\u0142ki no\u017cnej (bilety jednorazowe, karnety, imienne zaproszenia itp.) oraz w przypadku wprowadzenia, imienne karty kibica, wydane zgodnie z w\u0142a\u015bciwo\u015bci\u0105 przez Organizatora imprezy, podmiot zarz\u0105dzaj\u0105cy rozgrywkami ligi zawodowej, b\u0105d\u017a w uzgodnieniu z nim przez klub.<br \/>\n3. Do zakupu lub bezp\u0142atnego otrzymania kart wst\u0119pu, o kt\u00f3rych mowa w ust. 2, uprawnione s\u0105 osoby, kt\u00f3re pod- czas zakupu oka\u017c\u0105 dokument potwierdzaj\u0105cy to\u017csamo\u015b\u0107 lub w przypadku wprowadzenia, posiadaj\u0105ce imienn\u0105 kart\u0119 kibica.<br \/>\n4. Dokumenty uprawniaj\u0105ce do wej\u015bcia na teren imprezy masowej, s\u0105 imienne i nie podlegaj\u0105 przekazywaniu lub odsprzeda\u017cy.<br \/>\n5. Przyjmowanie zorganizowanych grup kibic\u00f3w go\u015bci odbywa si\u0119 zgodnie z odr\u0119bnymi regulacjami Polskiego Zwi\u0105zku Pi\u0142ki No\u017cnej i\/lub Pierwszej Ligi Polskiej.<\/p>\n<p style=\"text-align: center;\"><strong>Rozdzia\u0142 III<\/strong><br \/>\n<strong>Obowi\u0105zki uczestnika imprezy masowej &#8211; meczu pi\u0142ki no\u017cnej<\/strong><br \/>\n<strong>\u00a7 3<\/strong><\/p>\n<p>1. Uczestnik imprezy jest obowi\u0105zany:<br \/>\na. nie zak\u0142\u00f3ca\u0107 porz\u0105dku publicznego;<br \/>\nb. przestrzega\u0107 postanowie\u0144 niniejszego regulaminu oraz regulaminu obiektu;<br \/>\nc. posiada\u0107 przy sobie i okazywa\u0107 ka\u017cdorazowo na \u017c\u0105danie s\u0142u\u017cb porz\u0105dkowych lub s\u0142u\u017cb informacyjnych zabezpieczaj\u0105cych imprez\u0119 masow\u0105 dokument uprawniaj\u0105cy do wej\u015bcia i przebywania na imprezie, dokument to\u017csamo\u015bci oraz w przypadku wydania, kart\u0119 kibica;<br \/>\nd. zajmowa\u0107 miejsce okre\u015blone w dokumencie uprawniaj\u0105cym do wej\u015bcia na imprez\u0119 masow\u0105;<br \/>\ne. nie zagra\u017ca\u0107 bezpiecze\u0144stwu innych os\u00f3b obecnych na imprezie masowej;<br \/>\nf. stosowa\u0107 si\u0119 do polece\u0144 porz\u0105dkowych wydawanych przez s\u0142u\u017cby porz\u0105dkowe i s\u0142u\u017cby informacyjne Organizatora imprezy masowej (w tym spikera zawod\u00f3w), a w przypadku interwencji funkcjonariuszy Policji, Pa\u0144stwowej Stra\u017cy Po\u017carnej, Stra\u017cy Granicznej, \u017bandarmerii Wojskowej lub pracownik\u00f3w innych uprawnionych s\u0142u\u017cb i organ\u00f3w \u2013 do wykonywania ich polece\u0144;<br \/>\n2. Ze wzgl\u0119du na bezpiecze\u0144stwo imprezy masowej uczestnicy imprezy masowej, na \u017c\u0105danie s\u0142u\u017cby porz\u0105dkowej lub s\u0142u\u017cby informacyjnej, zobowi\u0105zani s\u0105 zajmowa\u0107 miejsca inne ni\u017c okre\u015blone w dokumencie uprawniaj\u0105cym do wej\u015bcia na obiekt lub powstrzyma\u0107 si\u0119 od opuszczenia zajmowanego miejsca po zako\u0144czeniu zawod\u00f3w.<\/p>\n<p style=\"text-align: center;\"><strong>Rozdzia\u0142 IV<\/strong><br \/>\n<strong>Warunki uczestnictwa w imprezie masowej \u2013 meczu pi\u0142ki no\u017cnej<\/strong><br \/>\n<strong>\u00a7 4<\/strong><\/p>\n<p>1. Zakazuje si\u0119 wst\u0119pu na imprez\u0119 masow\u0105 \u2013 mecze pi\u0142ki no\u017cnej osobie:<br \/>\na. wobec kt\u00f3rej zosta\u0142o wydane orzeczenie zakazuj\u0105ce wst\u0119pu na imprez\u0119 masow\u0105 lub zobowi\u0105zuj\u0105ce do po- wstrzymania si\u0119 od przebywania w miejscach przeprowadzanych imprez masowych;<br \/>\nb. wobec kt\u00f3rej wydano zakaz zagraniczny lub zakaz klubowy;<br \/>\nc. odmawiaj\u0105cej poddania si\u0119 czynno\u015bciom okre\u015blonym w art. 20 ustawy o bezpiecze\u0144stwie imprez masowych;<br \/>\nd. znajduj\u0105cej si\u0119 pod widocznym wp\u0142ywem alkoholu, \u015brodk\u00f3w odurzaj\u0105cych, psychotropowych lub innych po- dobnie dzia\u0142aj\u0105cych \u015brodk\u00f3w;<br \/>\ne. zachowuj\u0105cej si\u0119 agresywnie, prowokacyjnie albo w inny spos\u00f3b stwarzaj\u0105cej zagro\u017cenie dla bezpiecze\u0144stwa lub porz\u0105dku publicznego;<br \/>\nf. ma\u0142oletniej do lat 13, nie b\u0119d\u0105cej pod opiek\u0105 osoby pe\u0142noletniej.<br \/>\n2. Podczas imprezy masowej \u2013 meczu pi\u0142ki no\u017cnej zabrania si\u0119 w szczeg\u00f3lno\u015bci:<br \/>\na. u\u017cywania element\u00f3w odzie\u017cy lub przedmiotu s\u0142u\u017c\u0105cych do zakrycia twarzy lub do uniemo\u017cliwienia lub utrudnienia identyfikacji;<br \/>\nb. g\u0142oszenia i wywieszania hase\u0142 o tre\u015bciach obscenicznych, obra\u017aliwych, wulgarnych, rasistowskich, nawo\u0142ywania do wa\u015bni na tle narodowo\u015bciowym, religijnym, spo\u0142ecznym, \u015bwiatopogl\u0105dowym, itp.; a tak\u017ce sk\u0142aniania innych uczestnik\u00f3w imprezy masowej do g\u0142oszenia takich tre\u015bci, m.in. poprzez intonowanie pie\u015bni lub okrzyk\u00f3w;<br \/>\nc. rzucania przedmiotami;<br \/>\nd. wnoszenia, posiadania oraz spo\u017cywania alkoholu poza miejscami do tego wyznaczonymi przez Organizatora;<br \/>\ne. za\u017cywania \u015brodk\u00f3w odurzaj\u0105cych lub psychotropowych;<br \/>\nf. uporczywego stania poza miejscami w sektorach wskazanych przez Organizatora;<br \/>\ng. rozniecania i podsycania ognia oraz palenia tytoniu poza miejscami do tego wyznaczonymi;<br \/>\nh. posiadania materia\u0142\u00f3w wybuchowych, wyrob\u00f3w pirotechnicznych oraz innych substancji o podobnym dzia\u0142aniu.;<br \/>\ni. umieszczania transparent\u00f3w, flag lub element\u00f3w opraw w spos\u00f3b ograniczaj\u0105cy widoczno\u015b\u0107 innym uczestnikom imprezy lub w spos\u00f3b ograniczaj\u0105cy widoczno\u015b\u0107 materia\u0142\u00f3w reklamowych lub blokuj\u0105cych wyj\u015bcia i bramy ewakuacyjne;<br \/>\nj. za\u0142atwiania potrzeb fizjologicznych poza toaletami i za\u015bmiecania terenu stadionu, a tak\u017ce niszczenia infrastruktury obiektu;<br \/>\nk. nieuzasadnionego zajmowania miejsc w ci\u0105gach komunikacyjnych oraz na drogach ewakuacyjnych.<br \/>\nl. u\u017cywania urz\u0105dze\u0144 obiektu w spos\u00f3b niezgodny z nich przeznaczeniem;<br \/>\nm. stosowania przemocy fizycznej lub formu\u0142owania gr\u00f3\u017ab pod adresem innych uczestnik\u00f3w imprezy masowej.<br \/>\n3. Zabrania si\u0119 wnoszenia i posiadania na imprezie masowej \u2013 meczu pi\u0142ki no\u017cnej:<br \/>\na. broni, amunicji oraz innych niebezpiecznych przedmiot\u00f3w, mog\u0105cych by\u0107 u\u017cytych jako bro\u0144;<br \/>\nb. materia\u0142\u00f3w wybuchowych, wyrob\u00f3w pirotechnicznych oraz substancji o podobnym dzia\u0142aniu oraz wszelkiego rodzaju materia\u0142\u00f3w po\u017carowo niebezpiecznych;<br \/>\nc. pojemnik\u00f3w na p\u0142yny lub produkty, w tym produkty spo\u017cywcze. W uzasadnionych przypadkach Organizator mo\u017ce wyrazi\u0107 zgod\u0119 na wnoszenie przedmiot\u00f3w, o kt\u00f3rych mowa w niniejszym punkcie;<br \/>\nd. \u015brodk\u00f3w odurzaj\u0105cych, psychotropowych lub innych podobnie dzia\u0142aj\u0105cych \u015brodk\u00f3w;<br \/>\ne. kask\u00f3w oraz parasoli;<br \/>\nf. materia\u0142\u00f3w, zawieraj\u0105cych tre\u015bci rasistowskie, obra\u017aliwe, polityczne, ksenofobiczne lub wulgarne;<br \/>\ng. pojemnik\u00f3w do rozpylania gazu, substancji \u017cr\u0105cych lub farbuj\u0105cych;<br \/>\nh. przedmiot\u00f3w, kt\u00f3re z uwagi na swe kszta\u0142ty lub\/i rozmiary nie mog\u0105 by\u0107 schowane pod siedzenie;<br \/>\ni. tr\u0105bek oraz instrument\u00f3w z nap\u0119dem mechanicznym lub elektrycznym.<br \/>\nj. wska\u017anik\u00f3w laserowych;<br \/>\nk. materia\u0142\u00f3w reklamowych z wyj\u0105tkiem dopuszczonych za pisemn\u0105 zgod\u0105 Organizatora imprezy\/ w\u0142a\u015bciciela\/ zarz\u0105dcy\/ u\u017cytkownika obiektu;<br \/>\nl. wprowadzania zwierz\u0105t, z wyj\u0105tkiem ps\u00f3w \u2013 przewodnik\u00f3w;<br \/>\n4. Organizator zastrzega sobie prawo odmowy wyra\u017cenia zgody na wnoszenie kamer, aparat\u00f3w fotograficznych oraz innych tego typu urz\u0105dze\u0144 rejestruj\u0105cych d\u017awi\u0119k lub obraz jak r\u00f3wnie\u017c urz\u0105dze\u0144 s\u0142u\u017c\u0105cych do przesy\u0142ania w celach komercyjnych obrazu, d\u017awi\u0119ku, opis\u00f3w wydarze\u0144 poprzez Internet.<br \/>\n5. Organizator zastrzega sobie prawo odmowy wyra\u017cenia zgody na wniesienie przedmiotu, je\u017celi istnieje uzasadnione podejrzenie, i\u017c mo\u017ce on by\u0107 u\u017cyty w celu pope\u0142nienia czynu zabronionego, okre\u015blonego ustaw\u0105 lub niniejszym regulaminem.<br \/>\n6. Zabrania si\u0119 wchodzenia w miejsca nieprzeznaczone dla publiczno\u015bci. Zakaz dotyczy w szczeg\u00f3lno\u015bci: terenu, na kt\u00f3rym rozgrywane s\u0105 zawody sportowe, budowli i urz\u0105dze\u0144 nieprzeznaczonych dla powszechnego u\u017cytku, fasady obiektu, p\u0142ot\u00f3w, mur\u00f3w, ogrodze\u0144, dach\u00f3w stadionu, urz\u0105dze\u0144 o\u015bwietleniowych, pomost\u00f3w kamerowych, drzew, wszelkiego rodzaju maszt\u00f3w oraz wej\u015bcia do innych miejsc, urz\u0105dze\u0144 i pomieszcze\u0144, do kt\u00f3rych dost\u0119p maj\u0105 wy\u0142\u0105cznie s\u0142u\u017cby specjalistyczne lub przedstawiciele Organizatora imprezy.<br \/>\n7. Wsp\u00f3\u0142sprawstwo oraz pomocnictwo w czynach, kt\u00f3re s\u0105 zabronione zgodnie z ust. 2-3 oraz ust.6 powy\u017cej, r\u00f3wnie\u017c b\u0119d\u0105 traktowane jako naruszenie niniejszego regulaminu.<\/p>\n<p style=\"text-align: center;\"><strong>Rozdzia\u0142 V<\/strong><br \/>\n<strong>Uprawnienia uczestnika imprezy masowej \u2013 meczu pi\u0142ki no\u017cnej<\/strong><br \/>\n<strong>\u00a7 5<\/strong><\/p>\n<p>1. Uczestnik imprezy masowej ma prawo:<br \/>\na. przebywa\u0107 na terenie stadionu w czasie trwania imprezy, tj. od chwili udost\u0119pnienia obiektu przez Organizatora do czasu zako\u0144czenia imprezy masowej;<br \/>\nb. w nieskr\u0119powany spos\u00f3b uczestniczy\u0107 w meczu wyra\u017caj\u0105c swoje emocje, co jest ograniczone jedynie konieczno\u015bci\u0105 przestrzegania og\u00f3lnie obowi\u0105zuj\u0105cych przepis\u00f3w prawa oraz postanowie\u0144 okre\u015blonych niniejszym regulaminem a tak\u017ce konieczno\u015bci\u0105 poszanowania praw i godno\u015bci osobistej innych uczestnik\u00f3w imprezy masowej;<br \/>\nc. do informacji o umiejscowieniu punkt\u00f3w medycznych, informacyjnych, gastronomicznych i sanitarnych oraz udogodnieniach, a tak\u017ce wymogach bezpiecze\u0144stwa okre\u015blonych przez Organizatora lub s\u0142u\u017cby ratownicze;<br \/>\nd. korzysta\u0107 z urz\u0105dze\u0144, w tym z zaplecza higieniczno-sanitarnego, kt\u00f3re s\u0105 udost\u0119pnione do og\u00f3lnego u\u017cytku, w spos\u00f3b zgodny z ich przeznaczeniem;<br \/>\ne. korzysta\u0107 z pomocy medycznej na imprezie;<br \/>\nf. korzysta\u0107 z punktu depozytowego po uprzednim zg\u0142oszeniu s\u0142u\u017cbom porz\u0105dkowym lub s\u0142u\u017cbom informacyjnym Organizatora.<br \/>\n2. Uczestnik imprezy jest uprawniony tak\u017ce do:<br \/>\na. niezw\u0142ocznego zg\u0142oszenia Organizatorowi informacji i ewentualnych roszcze\u0144 na temat poniesionych przez niego szk\u00f3d powsta\u0142ych w trakcie i na terenie imprezy masowej,<br \/>\nb. \u017c\u0105dania od Organizatora zwrotu koszt\u00f3w, za niewykorzystane bilety lub karty wst\u0119pu uprawniaj\u0105ce do udzia\u0142u w imprezie masowej na zasadach okre\u015blonych przez Organizatora w odr\u0119bnych regulaminach,<br \/>\nc. sk\u0142adania skarg i wniosk\u00f3w.<\/p>\n<p style=\"text-align: center;\">\n<strong>Rozdzia\u0142 VI<\/strong><br \/>\n<strong>Postanowienia szczeg\u00f3lne dotycz\u0105ce rozgrywek ligi zawodowej<\/strong><br \/>\n<strong>\u00a7 6<\/strong><\/p>\n<p>1. Poprzez zakup karty kibica, biletu, karnetu, wej\u015bcie w posiadanie dokumentu uprawniaj\u0105cego do uczestnictwa w imprezie masowej \u2013 meczu pi\u0142ki no\u017cnej uczestnik imprezy udziela automatycznej zgody na przetwarzanie przez Organizatora, podmiot zarz\u0105dzaj\u0105cy rozgrywkami ligi zawodowej, jego sp\u00f3\u0142ki zale\u017cne b\u0105d\u017a stowarzyszone kluby pi\u0142karskie, danych osobowych niezb\u0119dnych do spe\u0142nienia wymog\u00f3w ustawy o bezpiecze\u0144stwie imprez masowych, a tak\u017ce do przekazywania tych danych innym podmiotom na zasadach i w zakresie wskazanym w w\/w Ustawie.<br \/>\n2. Dane, o kt\u00f3rych mowa w ust. 1 musz\u0105 by\u0107 przetwarzane zgodnie z przepisami ustawy o ochronie danych osobowych.<br \/>\n3. Dane, o kt\u00f3rych mowa powy\u017cej przetwarzane s\u0105 nie d\u0142u\u017cej ni\u017c przez okres dw\u00f3ch lat od daty ostatniego imprezy masowej \u2013 meczu pi\u0142ki no\u017cnej, w kt\u00f3rym uczestnik bra\u0142 udzia\u0142.<\/p>\n<p style=\"text-align: center;\"><strong>Rozdzia\u0142 VII<\/strong><br \/>\n<strong>Przepisy ko\u0144cowe<\/strong><br \/>\n<strong>\u00a7 7<\/strong><\/p>\n<p>1. Wej\u015bcie na teren obiektu stanowi jednoczesn\u0105 zgod\u0119 na u\u017cycie swojego wizerunku w zwi\u0105zku z produkcj\u0105, prezentowaniem, reklamowaniem lub u\u017cywaniem filmu, zapisu wideo i audio z imprezy masowej i\/lub ka\u017cdego elementu meczu prezentowanego w przekazach medialnych na ca\u0142ym \u015bwiecie.<br \/>\n2. Osoby zak\u0142\u00f3caj\u0105ce porz\u0105dek publiczny lub zachowuj\u0105ce si\u0119 niezgodnie z regulaminem imprezy masowej mog\u0105 by\u0107 usuni\u0119te z terenu imprezy masowej.<br \/>\n3. Wobec sprawcy naruszenia regulaminu Organizator imprezy masowej b\u0119d\u0105cej meczem pi\u0142ki no\u017cnej mo\u017ce stosowa\u0107 zakaz klubowy, polegaj\u0105cy na zakazie uczestnictwa w kolejnych imprezach masowych przeprowadzanych przez tego Organizatora. Od zastosowania zakazu klubowego osobie ukaranej s\u0142u\u017cy prawo do z\u0142o\u017cenia odwo\u0142ania do w\u0142a\u015bciwego podmiotu zarz\u0105dzaj\u0105cego rozgrywkami w terminie i w trybie przez niego okre\u015blonym.<br \/>\n4. W przypadkach okre\u015blonych w ustawie o bezpiecze\u0144stwie imprez masowych s\u0142u\u017cby Organizatora uprawnione s\u0105 do uj\u0119cia, w celu niezw\u0142ocznego przekazania Policji os\u00f3b stwarzaj\u0105cych bezpo\u015brednie zagro\u017cenie dla d\u00f3br powierzonych ochronie oraz os\u00f3b dopuszczaj\u0105cych si\u0119 czyn\u00f3w zabronionych.<br \/>\n5. Niezale\u017cnie od postanowie\u0144 niniejszego regulaminu s\u0142u\u017cby Organizatora odmawiaj\u0105 osobie wst\u0119pu na imprez\u0119 masow\u0105 w przypadkach okre\u015blonych w art. 22.1 ustawy o bezpiecze\u0144stwie imprez masowych<br \/>\n6. W przypadku zatrzymania uczestnika imprezy masowej \u2013 meczu pi\u0142ki no\u017cnej przez s\u0142u\u017cby informacyjne lub s\u0142u\u017c- by porz\u0105dkowe Organizatora imprezy masowej, w zwi\u0105zku ze z\u0142amaniem przez uczestnika postanowie\u0144 niniejszego regulaminu, Organizator imprezy masowej zastrzega sobie prawo tymczasowego zatrzymania i\/lub za- blokowania dokumentu upowa\u017cniaj\u0105cego do wst\u0119pu na imprez\u0119 masow\u0105. Dokument taki zostanie uczestnikowi zwr\u00f3cony i\/lub odblokowany na jego wniosek, niezw\u0142ocznie w przypadku odst\u0105pienia od na\u0142o\u017cenia przez Organizatora kary zakazu klubowego, a w przypadku na\u0142o\u017cenia takiej kary, w terminie 3 dni od dnia jej wykonania.<br \/>\n7. Organizator zastrzega sobie prawo do:<br \/>\na. zmiany terminu imprezy, gwarantuj\u0105c mo\u017cliwo\u015b\u0107 zwrotu pieni\u0119dzy za zakupione wcze\u015bniej karty wst\u0119pu z zastrze\u017ceniem, \u017ce zmiana b\u0119dzie og\u0142aszana przez Organizatora niezw\u0142ocznie po podj\u0119ciu informacji o konieczno\u015bci jej dokonania<br \/>\nb. stosowania atestowanych urz\u0105dze\u0144 technicznych, s\u0142u\u017c\u0105cych do pomiaru alkoholu w wydychanym powietrzu.<br \/>\nc. dochodzenia roszcze\u0144 za wyrz\u0105dzone przez uczestnika imprezy szkody,<br \/>\nd. uniewa\u017cnienia karty kibica, identyfikatora, abonamentu lub innego dokumentu uprawniaj\u0105cego do wej\u015bcia na imprez\u0119 masow\u0105, zgodnie z przepisami obowi\u0105zuj\u0105cego prawa.<br \/>\n8. Regulamin imprezy masowej \u2013 meczu pi\u0142ki no\u017cnej wchodzi w \u017cycie z dniem 1.05.2019 r.<\/p>\n<p style=\"text-align: right;\">Organizator<\/p>\n","protected":false},"excerpt":{"rendered":"<p>Na podstawie art. 6 ust. 3 ustawy z dnia 20 marca 2009 r. o bezpiecze\u0144stwie imprez masowych (Dz. U. Nr&#8230;<\/p>\n","protected":false},"author":36,"featured_media":0,"parent":0,"menu_order":0,"comment_status":"closed","ping_status":"closed","template":"","meta":{"om_disable_all_campaigns":false,"inline_featured_image":false,"footnotes":"","_links_to":"","_links_to_target":""},"categories":[],"tags":[],"aioseo_notices":[],"_links":{"self":[{"href":"https:\/\/wartapoznan.pl\/index.php\/wp-json\/wp\/v2\/pages\/24059"}],"collection":[{"href":"https:\/\/wartapoznan.pl\/index.php\/wp-json\/wp\/v2\/pages"}],"about":[{"href":"https:\/\/wartapoznan.pl\/index.php\/wp-json\/wp\/v2\/types\/page"}],"author":[{"embeddable":true,"href":"https:\/\/wartapoznan.pl\/index.php\/wp-json\/wp\/v2\/users\/36"}],"replies":[{"embeddable":true,"href":"https:\/\/wartapoznan.pl\/index.php\/wp-json\/wp\/v2\/comments?post=24059"}],"version-history":[{"count":1,"href":"https:\/\/wartapoznan.pl\/index.php\/wp-json\/wp\/v2\/pages\/24059\/revisions"}],"predecessor-version":[{"id":24060,"href":"https:\/\/wartapoznan.pl\/index.php\/wp-json\/wp\/v2\/pages\/24059\/revisions\/24060"}],"wp:attachment":[{"href":"https:\/\/wartapoznan.pl\/index.php\/wp-json\/wp\/v2\/media?parent=24059"}],"wp:term":[{"taxonomy":"category","embeddable":true,"href":"https:\/\/wartapoznan.pl\/index.php\/wp-json\/wp\/v2\/categories?post=24059"},{"taxonomy":"post_tag","embeddable":true,"href":"https:\/\/wartapoznan.pl\/index.php\/wp-json\/wp\/v2\/tags?post=24059"}],"curies":[{"name":"wp","href":"https:\/\/api.w.org\/{rel}","templated":true}]}}