{"id":24063,"date":"2023-02-22T15:08:22","date_gmt":"2023-02-22T14:08:22","guid":{"rendered":"https:\/\/wartapoznan.pl\/?page_id=24063"},"modified":"2023-02-22T15:08:22","modified_gmt":"2023-02-22T14:08:22","slug":"regulamin-przekazywania-rzeczy-ruchomych-do-depozytu-na-stadionie-warty-poznan-s-a","status":"publish","type":"page","link":"https:\/\/wartapoznan.pl\/index.php\/regulamin-przekazywania-rzeczy-ruchomych-do-depozytu-na-stadionie-warty-poznan-s-a\/","title":{"rendered":"Regulamin przekazywania rzeczy ruchomych do depozytu na stadionie Warty Pozna\u0144 S.A."},"content":{"rendered":"<p style=\"text-align: center;\"><strong>\u00a71.<\/strong><\/p>\n<p>1. Niniejszy Regulamin okre\u015bla zasady przekazania do depozytu rzeczy ruchomych na czas trwania imprezy masowej organizowanej na Stadionie Warty Pozna\u0144 S.A. w Grodzisku Wielkopolskim przy ul. Powsta\u0144c\u00f3w Chocieszy\u0144skich 53, zwanej dalej Stadionem.<br \/>\n2. Przechowawc\u0105 jest Warta Pozna\u0144 Sp\u00f3\u0142ka Akcyjna z siedzib\u0105 w Poznaniu, ul. Jana Spychalskiego 34, 61-553 Pozna\u0144, wpisana do rejestru przedsi\u0119biorc\u00f3w prowadzonego przez S\u0105d Rejonowy Pozna\u0144 \u2013 Nowe Miasto i Wilda w Poznaniu VIII Wydzia\u0142 Gospodarczy Krajowego Rejestru S\u0105dowego pod numerem KRS: 0000394512.<br \/>\n3. Klientem jest osoba fizyczna posiadaj\u0105ca wa\u017cny karnet lub bilet na imprez\u0119 masow\u0105 organizowan\u0105 w danym dniu na Stadionie, kt\u00f3ra chce w ww. dniu skorzysta\u0107 z Depozytu. Warunkiem przy- j\u0119cia rzeczy do depozytu jest posiadanie przez Klienta wa\u017cnego biletu lub karnetu na mecz Przechowawcy rozgrywany na Stadio- nie w tym samym w dniu, co dzie\u0144 z\u0142o\u017cenia rzeczy do Depozytu. Obs\u0142uga Depozytu jest uprawniona do weryfikacji wa\u017cno\u015bci bile- tu i \u017c\u0105dania okazania dokumentu to\u017csamo\u015bci.<br \/>\n4. W rozumieniu niniejszego Regulaminu, Depozyt jest to miejsce usytuowane na Stadionie, przeznaczone na przechowanie rzeczy ruchomych przekazanych przez uczestnik\u00f3w imprezy masowej organizowanej przez Przechowawc\u0119.<\/p>\n<p style=\"text-align: center;\"><strong>\u00a72.<\/strong><\/p>\n<p>1. Na czas udzia\u0142u w imprezie masowej organizowanej przez Przechowawc\u0119 na Stadionie Klient posiadaj\u0105cy wa\u017cny karnet lub bilet na imprez\u0119 masow\u0105 organizowan\u0105 w danym dniu na Stadionie mo\u017ce pozostawi\u0107 rzeczy ruchome na przechowanie w Depozycie znajduj\u0105cym si\u0119 w lokalizacji wskazanej w \u00a71 ust. 3 niniejszego Regulaminu.<br \/>\n2. Przyj\u0119cie i wydanie rzeczy z Depozytu jest bezp\u0142atne.<br \/>\n3. Depozyt dost\u0119pny jest w okresie od 2 godzin przed rozpocz\u0119ciem do 30 minut po zako\u0144czeniu trwania imprezy masowej organizowanej przez Przechowawc\u0119 na Stadionie. W pozosta\u0142ym czasie Depozyt jest nieczynny.<br \/>\n4. Do Depozytu nie przyjmuje si\u0119 w szczeg\u00f3lno\u015bci:<br \/>\na. przedmiot\u00f3w uznanych przez organizatora za niebezpieczne, w szczeg\u00f3lno\u015bci wyrob\u00f3w pirotechnicznych, wybuchowych oraz po\u017carowo niebezpiecznych, wyrob\u00f3w tytoniowych, napoj\u00f3w alkoholowych, broni oraz innych przedmiot\u00f3w niebezpiecznych wskazanych w formie piktogram\u00f3w przy wej\u015bciu na teren Stadionu i Depozycie;<br \/>\nb. przedmiot\u00f3w o wymiarach przekraczaj\u0105cych 1,5m x 1,5,<br \/>\nc. kruszc\u00f3w szlachetnych i wyrob\u00f3w z tych kruszc\u00f3w oraz drogich kamieni (bi\u017cuterii);<br \/>\nd. krajowych i zagranicznych papier\u00f3w warto\u015bciowych oraz pieni\u0119dzy i kart bankowych.<\/p>\n<p style=\"text-align: center;\"><strong>\u00a73.<\/strong><\/p>\n<p>1. Klient sk\u0142adaj\u0105cy rzeczy do Depozytu w obecno\u015bci pracownika Przechowawcy wype\u0142nia tzw. kwit depozytowy (kt\u00f3rego wz\u00f3r stanowi za\u0142\u0105cznik nr 1 do niniejszego Regulaminu). Klient podpisuje si\u0119 w wyznaczonym na kwicie depozytowym miejscu, w zamian otrzymuj\u0105c opask\u0119 na r\u0119k\u0119 z numerem odpowiadaj\u0105cym numerowi przyporz\u0105dkowanemu przeznaczonym do przechowania rzeczom ruchomym, kt\u00f3ra to opaska musi zosta\u0107 okazana przez Klienta przy odbiorze rzeczy.<br \/>\n2. Kwit depozytowy zawiera:<br \/>\na. numer porz\u0105dkowy przyporz\u0105dkowany przedmiotom przekazanym do przechowania;<br \/>\nb. imi\u0119 i nazwisko Klienta, spis przedmiot\u00f3w oddanych do depozytu zawieraj\u0105cy ich opis i liczb\u0119, dat\u0119 wype\u0142nienia protoko\u0142u, w\u0142asnor\u0119czny podpis Klienta.<br \/>\n3. Przed przyj\u0119ciem rzeczy do Depozytu, pracownik Przechowawcy lub pracownik agencji ochrony ma prawo do sprawdzenia zawarto\u015bci rzeczy sk\u0142adanych do Depozytu.<\/p>\n<p style=\"text-align: center;\"><strong>\u00a74.<\/strong><\/p>\n<p>1. Przedmioty pozostawione w Depozycie nale\u017cy odebra\u0107 w tym samym dniu, gdy zosta\u0142y one przekazane do przechowania.<br \/>\n2. Wydanie przedmiot\u00f3w pozostawionych do przechowania odbywa si\u0119 na podstawie okazania otrzymanej opaski na r\u0119k\u0119 oraz po- kwitowania odbioru pozostawionych w Depozycie przedmiot\u00f3w poprzez z\u0142o\u017cenie stosownego podpisu na kwicie depozytowym.<br \/>\n3. W przypadku zagubienia otrzymanej opaski na r\u0119k\u0119 przedmioty z\u0142o\u017cone od przechowania mog\u0105 zosta\u0107 wydane na podstawie dokumentu ze zdj\u0119ciem umo\u017cliwiaj\u0105cego potwierdzenie to\u017csamo\u015bci.<br \/>\n4. Kwituj\u0105c odbi\u00f3r przedmiot\u00f3w podpisem na kwicie depozytowym klient potwierdza wydanie w\u0142a\u015bciwych przedmiot\u00f3w w nienaruszonym stanie.<br \/>\n5. Przechowawca nie odpowiada za wydanie rzeczy osobie nieupowa\u017cnionej w przypadku okazania przez ni\u0105 w\u0142a\u015bciwej opaski na r\u0119k\u0119 i z\u0142o\u017cenia podpisu na kwicie depozytowym.<br \/>\n6. Przechowawca nie ponosi odpowiedzialno\u015bci za szkod\u0119 wynik\u0142\u0105 z w\u0142a\u015bciwo\u015bci rzeczy przyj\u0119tej do Depozytu.<\/p>\n<p style=\"text-align: center;\"><strong>\u00a75.<\/strong><\/p>\n<p>1. Przedmioty nie odebrane z Depozytu w terminie wskazanym w \u00a74 ust. 1 b\u0119dzie mo\u017cna odebra\u0107 w siedzibie Przechowawcy w terminie jednego miesi\u0105ca od daty z\u0142o\u017cenia przedmiot\u00f3w do Depozytu. Po up\u0142ywie terminu wskazanego w zdaniu poprzednim przedmioty b\u0119d\u0105 niszczone lub przekazywane do Biura Rzeczy Znalezionych Starostwa Powiatowego w Poznaniu.<br \/>\n2. Przechowawca nie ponosi odpowiedzialno\u015bci za uszkodzenia od- danych do przechowania przedmiot\u00f3w nie odebranych w terminie wskazanym w \u00a74 ust.1, ani za szkody wynik\u0142e ze szczeg\u00f3lnych w\u0142a\u015bciwo\u015bci przedmiot\u00f3w z\u0142o\u017conych do przechowania<\/p>\n<p style=\"text-align: center;\"><strong>\u00a76.<\/strong><\/p>\n<p>1. Z\u0142o\u017cenie przedmiot\u00f3w do Depozytu oznacza jednocze\u015bnie akceptacj\u0119 postanowie\u0144 niniejszego Regulaminu i jest zobowi\u0105zaniem do jego przestrzegania.<br \/>\n2. Reklamacje mog\u0105 by\u0107 zg\u0142aszane w Depozycie lub Siedzibie Przechowawcy w terminie 7 dni od daty z\u0142o\u017cenia przedmiot\u00f3w w De- pozycie. Reklamacje sk\u0142adane w p\u00f3\u017aniejszym terminie nie zostan\u0105 uwzgl\u0119dnione. Wniesione w terminie reklamacje b\u0119d\u0105 rozpatrywane przez Przechowawc\u0119 w terminie 14 dni od daty ich pra- wid\u0142owego wniesienia. O rozpatrzeniu reklamacji zg\u0142aszaj\u0105cy zostanie poinformowany na pi\u015bmie w przypadku pozostawienia w\u0142a\u015bciwych danych adresowych.<br \/>\n3. W zakresie nieuregulowanym w niniejszym Regulaminie, zastosowanie znajd\u0105 w\u0142a\u015bciwe przepisy Kodeksu cywilnego (Dz. U. 1964, Nr 16, poz. 93 z p\u00f3\u017an. zm.)<\/p>\n","protected":false},"excerpt":{"rendered":"<p>\u00a71. 1. Niniejszy Regulamin okre\u015bla zasady przekazania do depozytu rzeczy ruchomych na czas trwania imprezy masowej organizowanej na Stadionie Warty&#8230;<\/p>\n","protected":false},"author":36,"featured_media":0,"parent":0,"menu_order":0,"comment_status":"closed","ping_status":"closed","template":"","meta":{"om_disable_all_campaigns":false,"inline_featured_image":false,"footnotes":"","_links_to":"","_links_to_target":""},"categories":[],"tags":[],"aioseo_notices":[],"_links":{"self":[{"href":"https:\/\/wartapoznan.pl\/index.php\/wp-json\/wp\/v2\/pages\/24063"}],"collection":[{"href":"https:\/\/wartapoznan.pl\/index.php\/wp-json\/wp\/v2\/pages"}],"about":[{"href":"https:\/\/wartapoznan.pl\/index.php\/wp-json\/wp\/v2\/types\/page"}],"author":[{"embeddable":true,"href":"https:\/\/wartapoznan.pl\/index.php\/wp-json\/wp\/v2\/users\/36"}],"replies":[{"embeddable":true,"href":"https:\/\/wartapoznan.pl\/index.php\/wp-json\/wp\/v2\/comments?post=24063"}],"version-history":[{"count":1,"href":"https:\/\/wartapoznan.pl\/index.php\/wp-json\/wp\/v2\/pages\/24063\/revisions"}],"predecessor-version":[{"id":24064,"href":"https:\/\/wartapoznan.pl\/index.php\/wp-json\/wp\/v2\/pages\/24063\/revisions\/24064"}],"wp:attachment":[{"href":"https:\/\/wartapoznan.pl\/index.php\/wp-json\/wp\/v2\/media?parent=24063"}],"wp:term":[{"taxonomy":"category","embeddable":true,"href":"https:\/\/wartapoznan.pl\/index.php\/wp-json\/wp\/v2\/categories?post=24063"},{"taxonomy":"post_tag","embeddable":true,"href":"https:\/\/wartapoznan.pl\/index.php\/wp-json\/wp\/v2\/tags?post=24063"}],"curies":[{"name":"wp","href":"https:\/\/api.w.org\/{rel}","templated":true}]}}