{"id":25147,"date":"2023-05-12T18:54:48","date_gmt":"2023-05-12T16:54:48","guid":{"rendered":"https:\/\/wartapoznan.pl\/?page_id=25147"},"modified":"2023-05-12T18:54:48","modified_gmt":"2023-05-12T16:54:48","slug":"iii-turniej-o-mistrzostwo-pzu-amp-futbol-ekstraklasy","status":"publish","type":"page","link":"https:\/\/wartapoznan.pl\/index.php\/iii-turniej-o-mistrzostwo-pzu-amp-futbol-ekstraklasy\/","title":{"rendered":"III Turniej o Mistrzostwo PZU AMP FUTBOL EKSTRAKLASY"},"content":{"rendered":"<p><strong>Warta Pozna\u0144 zaczyna walk\u0119 w grupie mistrzowskiej. W najbli\u017cszy weekend w Boguchwale odb\u0119dzie si\u0119 trzeci turniej PZU AMP Futbol Ekstraklasy.<\/strong><\/p>\n<p>\u201eZieloni\u201d s\u0105 ju\u017c pewni podium w tym sezonie. Po \u015bwietnej pierwszej cz\u0119\u015bci tegorocznych rozgrywek Warciarze awansowali do grupy Mistrzowskiej, w kt\u00f3rej razem z zespo\u0142ami TSP Kuloodporni Bielsko-Bia\u0142a oraz Wis\u0142a Krak\u00f3w powalcz\u0105 o tytu\u0142 najlepszej AMP futbolowej dru\u017cyny w kraju.<\/p>\n<p>O kolejno\u015bci na podium w tym sezonie zadecyduj\u0105 kolejne cztery turnieje. Pierwszy z nich ju\u017c w najbli\u017cszy weekend. Zieloni zagraj\u0105 po dwa mecze z Wis\u0142\u0105 oraz TSP Kuloodpornymi.<\/p>\n<p>Niestety, sytuacja kadrowa dru\u017cyny nie jest optymalna. W Boguchwale zabraknie kilku kontuzjowanych zawodnik\u00f3w. Dlatego te\u017c na zbli\u017caj\u0105cym si\u0119 turnieju Warciarze prawdopodobnie nie b\u0119d\u0105 faworytem w \u017cadnym spotkaniu.<span class=\"Apple-converted-space\"> Do zespo\u0142u Warciarzy na zbli\u017caj\u0105cy si\u0119 turniej do\u0142\u0105cz\u0105 Cezary Pokorski i Gracjan\u00a0<\/span>Lochowicz. W zielonych barwach zobaczymy r\u00f3wnie\u017c wypo\u017cyczonego z Podbeskidzia Bielsko-Bia\u0142a bramkarza Jana Makosza.<\/p>\n<p>Transmisje ze wszystkich spotka\u0144 mo\u017cna obejrze\u0107 w aplikacji TVP Sport oraz na profilu <a href=\"https:\/\/www.facebook.com\/AmpFutbolPolska?__cft__%5B0%5D=AZVy01DxwLd5selwhTxwTR5N7KLVh5dZP5ijSSKvYO634dly5DI0UMBJjjnudtWLsU848pCBOyORAZ1DWi7OrVP90UNapelf3pOb9-IiZJRj_P9bS9ya9UKHxaPDUkVTxX1GCIjV2kzES-k7QkICXFQZ3R3-c5rWxUNibdS5gQIdHRSuwxyqhwNVbTiao5OKvA4&amp;__tn__=-%5DK-R\">Amp Futbol Polska<\/a> na Facebooku.<span class=\"Apple-converted-space\">\u00a0<\/span><\/p>\n<p><b>Mecze Warty Pozna\u0144 w III Turnieju Amp Futbol Ekstraklasy sezonu 2023<\/b><\/p>\n<p><b>Sobota, 13 maja<\/b><br \/>\ngodz. 14:15 Warta Pozna\u0144 \u2013 Wis\u0142a Krak\u00f3w<br \/>\ngodz. 16:45 TSP Kuloodporni Bielsko-Bia\u0142a \u2013 Warta Pozna\u0144<\/p>\n<p><b>Niedziela, 14 maja<br \/>\n<\/b>godz. 10:15 Wis\u0142a Krak\u00f3w \u2013 Warta Pozna\u0144<br \/>\ngodz. 12:45 Warta Pozna\u0144 \u2013 TSP Kuloodporni Bielsko-Bia\u0142a<\/p>\n<p>Fot. Cyfrasport \/ PZU AMP Futbol Polska<\/p>\n","protected":false},"excerpt":{"rendered":"<p>Warta Pozna\u0144 zaczyna walk\u0119 w grupie mistrzowskiej. W najbli\u017cszy weekend w Boguchwale odb\u0119dzie si\u0119 trzeci turniej PZU AMP Futbol Ekstraklasy&#8230;.<\/p>\n","protected":false},"author":36,"featured_media":25143,"parent":0,"menu_order":0,"comment_status":"closed","ping_status":"closed","template":"","meta":{"om_disable_all_campaigns":false,"inline_featured_image":false,"footnotes":"","_links_to":"","_links_to_target":""},"categories":[184],"tags":[],"aioseo_notices":[],"_links":{"self":[{"href":"https:\/\/wartapoznan.pl\/index.php\/wp-json\/wp\/v2\/pages\/25147"}],"collection":[{"href":"https:\/\/wartapoznan.pl\/index.php\/wp-json\/wp\/v2\/pages"}],"about":[{"href":"https:\/\/wartapoznan.pl\/index.php\/wp-json\/wp\/v2\/types\/page"}],"author":[{"embeddable":true,"href":"https:\/\/wartapoznan.pl\/index.php\/wp-json\/wp\/v2\/users\/36"}],"replies":[{"embeddable":true,"href":"https:\/\/wartapoznan.pl\/index.php\/wp-json\/wp\/v2\/comments?post=25147"}],"version-history":[{"count":1,"href":"https:\/\/wartapoznan.pl\/index.php\/wp-json\/wp\/v2\/pages\/25147\/revisions"}],"predecessor-version":[{"id":25148,"href":"https:\/\/wartapoznan.pl\/index.php\/wp-json\/wp\/v2\/pages\/25147\/revisions\/25148"}],"wp:featuredmedia":[{"embeddable":true,"href":"https:\/\/wartapoznan.pl\/index.php\/wp-json\/wp\/v2\/media\/25143"}],"wp:attachment":[{"href":"https:\/\/wartapoznan.pl\/index.php\/wp-json\/wp\/v2\/media?parent=25147"}],"wp:term":[{"taxonomy":"category","embeddable":true,"href":"https:\/\/wartapoznan.pl\/index.php\/wp-json\/wp\/v2\/categories?post=25147"},{"taxonomy":"post_tag","embeddable":true,"href":"https:\/\/wartapoznan.pl\/index.php\/wp-json\/wp\/v2\/tags?post=25147"}],"curies":[{"name":"wp","href":"https:\/\/api.w.org\/{rel}","templated":true}]}}