{"id":27738,"date":"2023-11-07T17:02:37","date_gmt":"2023-11-07T16:02:37","guid":{"rendered":"https:\/\/wartapoznan.pl\/?page_id=27738"},"modified":"2023-11-07T17:03:06","modified_gmt":"2023-11-07T16:03:06","slug":"regulamin-konkursu-stworz-plakat-meczowy-i-zdobadz-ea-sports-fc-24","status":"publish","type":"page","link":"https:\/\/wartapoznan.pl\/index.php\/regulamin-konkursu-stworz-plakat-meczowy-i-zdobadz-ea-sports-fc-24\/","title":{"rendered":"Regulamin konkursu \u201eStw\u00f3rz plakat meczowy i zdob\u0105d\u017a EA SPORTS FC\u2122 24!\u201d"},"content":{"rendered":"<p>&nbsp;<\/p>\n<p><strong>\u00a7 1. POSTANOWIENIA OGO\u0301LNE<\/strong><\/p>\n<p>1. Organizatorem konkursu jest Warta Pozna\u0144 Sp\u00f3\u0142ka Akcyjna z siedzib\u0105 w<br \/>\nPoznaniu przy ul. Jana Spychalskiego 34, wpisana do rejestru Krajowego<br \/>\nRejestru S\u0105dowego prowadzonego przez S\u0105d Rejonowy m. st. Warszawy, VIII<br \/>\nWydzia\u0142 Gospodarczy Krajowego Rejestru S\u0105dowego, pod numerem KRS<br \/>\n0000394512, REGON 301775099, NIP: 7831676494 (dalej: \u201eOrganizator\u201d).<\/p>\n<p>2. Konkurs prowadzony jest na terytorium Rzeczypospolitej Polskiej.<\/p>\n<p>&nbsp;<\/p>\n<p><strong>\u00a72. WARUNKI UCZESTNICTWA W KONKURSIE<\/strong><\/p>\n<p>1. Uczestnikiem Konkursu mog\u0105 by\u0107 wy\u0142\u0105cznie osoby pe\u0142noletnie, posiadaj\u0105ce<br \/>\npe\u0142n\u0105 zdolno\u015b\u0107 do czynno\u015bci prawnych z zastrze\u017ceniem \u00a7 2 ust. 2. W razie ch\u0119ci<br \/>\nuczestnictwa os\u00f3b niepe\u0142noletnich, ich udzia\u0142 powinien by\u0107 potwierdzony przez<br \/>\nich opiekuna prawnego.<\/p>\n<p>2. W Konkursie nie mog\u0105 uczestniczy\u0107 pracownicy Organizatora oraz ich<br \/>\nma\u0142\u017conkowie, krewni lub powinowaci w linii prostej, a tak\u017ce osoby zwi\u0105zane z<br \/>\nnimi tytu\u0142em przysposobienia, opieki lub kurateli oraz osoby zamieszkuj\u0105ce z<br \/>\nnimi we wsp\u00f3lnym gospodarstwie domowym.<\/p>\n<p>3. Udzia\u0142 w Konkursie jest dobrowolny.<\/p>\n<p>4. Przyst\u0105pienie do Konkursu oznacza, \u017ce Uczestnik Konkursu zapozna\u0142 si\u0119 i<br \/>\nakceptuje udost\u0119pnione mu zasady Konkursu, okre\u015blone w Regulaminie.<\/p>\n<p>&nbsp;<\/p>\n<p><strong>\u00a73. ZASADY KONKURSU<\/strong><\/p>\n<p>1. Konkurs trwa\u0107 b\u0119dzie od dnia 7.11.2023 do dnia 9.11.2023 do godziny 11:59.<br \/>\nPowy\u017cszy okres nie obejmuje okresu trwania ewentualnych post\u0119powa\u0144<br \/>\nreklamacyjnych.<\/p>\n<p>2. Warunkiem wzi\u0119cia udzia\u0142u w Konkursie jest przygotowanie plakatu<br \/>\npromuj\u0105cego mecz 15. kolejki PKO BP Ekstraklasy: Warta Pozna\u0144 \u2013 Puszcza<br \/>\nNiepo\u0142omice i przes\u0142anie go na adres e-mail: info@wartapoznan.pl. Pod<br \/>\nuwag\u0119 b\u0119d\u0105 brane tylko spe\u0142niaj\u0105ce wymogi Konkursu materia\u0142y, kt\u00f3re zostan\u0105<br \/>\nprzes\u0142ane do dnia 9.11.2023, do godziny 11:59.<\/p>\n<p>3. Plakat mo\u017ce by\u0107 narysowany, wykonany przy pomocy program\u00f3w<br \/>\ngraficznych lub wygenerowany przy u\u017cyciu technologii AI. Autor zobowi\u0105zany<br \/>\njest do napisania w tre\u015bci maila techniki, kt\u00f3r\u0105 zastosowa\u0142 przy tworzeniu<br \/>\nplakatu oraz swojego imienia i nazwiska.<\/p>\n<p>4. O zwyci\u0119stwie zadecyduje komisja, kt\u00f3ra wybierze 3 ich zdaniem najbardziej<br \/>\nkreatywne propozycje.<\/p>\n<p>5. Ka\u017cdy Uczestnik mo\u017ce wys\u0142a\u0107 nie wi\u0119cej ni\u017c jedn\u0105 propozycj\u0119 konkursow\u0105.<br \/>\nZamieszczenie wi\u0119kszej liczby plakat\u00f3w pozbawia ich autora mo\u017cliwo\u015bci<br \/>\nuczestnictwa w Konkursie.<\/p>\n<p>6. Zwyci\u0119\u017cy 3 autor\u00f3w najciekawszych propozycji plakat\u00f3w.<\/p>\n<p>7. Zg\u0142oszenia konkursowe zawieraj\u0105ce tre\u015bci sprzeczne z przepisami prawa<br \/>\npowszechnie obowi\u0105zuj\u0105cego lub tre\u015bci wulgarne, drastyczne, propaguj\u0105ce<br \/>\nnienawi\u015b\u0107, nie b\u0119d\u0105 brane pod uwag\u0119 w Konkursie.<\/p>\n<p>&nbsp;<\/p>\n<p><strong>\u00a74. ROZSTRZYGNIE\u0328CIE KONKURSU. NAGRODY<\/strong><\/p>\n<p>1. Nad prawid\u0142owym przebiegiem Konkursu czuwa\u0107 b\u0119dzie komisja<br \/>\nkonkursowa z\u0142o\u017cona z przedstawicieli Organizatora (dalej \u201eKomisja\u201d). Komisja<br \/>\ndecydowa\u0107 b\u0119dzie o ostatecznym wyniku rywalizacji konkursowej oraz o<br \/>\nprzyznaniu nagr\u00f3d Uczestnikom spe\u0142niaj\u0105cym warunki Konkursu.<\/p>\n<p>2. Autorzy zwyci\u0119skich prac zostan\u0105 poinformowani o wygranej mailowo<br \/>\nnajp\u00f3\u017aniej do dnia 9.11.2023 do godziny 15:00.<\/p>\n<p>3. Nagroda\u0328 w Konkursie jest kod do pobrania gry EA SPORTS FC\u2122 24 na<br \/>\nwybran\u0105 przez Zwyci\u0119zc\u0119 platform\u0119 (PC, XBOX ka\u017cdy model, PlayStation<br \/>\nka\u017cdy model). Kod zostanie wys\u0142any do zwyci\u0119zc\u00f3w drog\u0105 mailow\u0105.<\/p>\n<p>4. Zwyci\u0119skie prace zostan\u0105 opublikowane na mediach spo\u0142eczno\u015bciowych<br \/>\nWarty Pozna\u0144 (Facebook, Instagram, X).<\/p>\n<p>5. Organizator informuje, \u017ce nie ma mo\u017cliwo\u015bci wymiany nagrody na inny<br \/>\nprodukt ani otrzymania jego ekwiwalentu w formie pieni\u0119\u017cnej.<\/p>\n<p>6. Zwyci\u0119zcy nie przys\u0142uguje prawo przeniesienia prawa do otrzymania<br \/>\nNagrody na osoby trzecie.<\/p>\n<p>&nbsp;<\/p>\n<p><strong>\u00a75. POSTE\u0328POWANIE REKLAMACYJNE<\/strong><\/p>\n<p>1. Reklamacje zg\u0142asza\u0107 nale\u017cy droga\u0328 e-mail na adres: k.berda@wartapoznan.pl,<br \/>\nnie p\u00f3\u017aniej ni\u017c\u0307 w terminie 14 dni od dnia zako\u0144czenia Konkursu lub w terminie<br \/>\n14 dni od dnia dor\u0119czenia przesy\u0142ki (w przypadku reklamowania nagrody),<br \/>\npodaj\u0105c dok\u0142adny opis i pow\u00f3d reklamacji oraz dane osoby zg\u0142aszaj\u0105cej, wraz ze<br \/>\nzdj\u0119ciami lub innymi dowodami.<\/p>\n<p>2. Podstaw\u0105 reklamacji mog\u0105 by\u0107 nieprawid\u0142owo\u015bci w przeprowadzeniu<br \/>\nKonkursu lub wady nagrody istniej\u0105ce w chwili wydania nagrody Zwyci\u0119zcy.<\/p>\n<p>3. Reklamacje rozpatrywane b\u0119d\u0105 przez Organizatora na podstawie niniejszego<br \/>\nregulaminu w terminie do 14 dni od ich otrzymania.<\/p>\n<p>4. Uczestnik zostanie powiadomiony o decyzji Organizatora droga\u0328 e-mail, w<br \/>\nterminie 3 dni od daty rozpatrzenia reklamacji.<\/p>\n<p>5. Organizator nie odpowiada za prawid\u0142owe dzia\u0142anie gry w razie niespe\u0142nienia<br \/>\nprzez Zwyci\u0119zc\u0119 minimalnych wymaga\u0144 sprz\u0119towych dla gry EA SPORTS<br \/>\nFC\u2122 24.<\/p>\n<p>&nbsp;<\/p>\n<p><strong>\u00a76. POSTANOWIENIA KON\u0301COWE<\/strong><\/p>\n<p>1. Zasady konkursu okre\u015bla wy\u0142\u0105cznie niniejszy regulamin. W kwestiach<br \/>\nnieuregulowanych regulaminem stosuje si\u0119 odpowiednie przepisy Kodeksu<br \/>\ncywilnego, ustawy o grach hazardowych, regulaminy obowi\u0105zuj\u0105ce u<br \/>\nOrganizatora oraz postanowienia Organizatora.<\/p>\n<p>2. Wszelkie materia\u0142y reklamowe lub promocyjne rozpowszechniane w zwi\u0105zku<br \/>\nz Konkursem maja\u0328 charakter wy\u0142\u0105cznie informacyjny.<\/p>\n<p>3. Regulamin konkursu dost\u0119pny jest w siedzibie Organizatora oraz na stronie<br \/>\ninternetowej Organizatora www.wartapoznan.pl.<\/p>\n<p>4. Organizator zastrzega sobie prawo do wprowadzenia zmian w niniejszym<br \/>\nregulaminie w dowolnym czasie w przypadku zmiany terminu Konkursu,<br \/>\nsprostowania oczywistych omy\u0142ek pisarskich lub u\u015bci\u015blenia niejasnych zapis\u00f3w<br \/>\nregulaminu. Zmiany wchodz\u0105 w \u017cycie w dniu nast\u0119pnym od ich og\u0142oszenia na<br \/>\nkanale.<\/p>\n<p>5. Organizator zastrzega sobie prawo podejmowania indywidualnych decyzji<br \/>\nwykluczaj\u0105cych poszczeg\u00f3lnych klient\u00f3w z udzia\u0142u w konkursie lub<br \/>\ndopuszczaj\u0105cych do udzia\u0142u w konkursie.<\/p>\n<p>&nbsp;<\/p>\n<p><strong>PRZETWARZANIE DANYCH OSOBOWYCH \u2013 KLAUZULA<\/strong><br \/>\n<strong>INFORMACYJNA<\/strong><\/p>\n<p>1. Administratorem danych osobowych Uczestnik\u00f3w jest Warta Pozna\u0144 S.A., ul.<br \/>\nJana Spychalskiego 34, 61-553 Pozna\u0144.<br \/>\n2. Podstaw\u0105 przetwarzania danych osobowych jest zgoda na przetwarzanie<br \/>\ndanych osobowych i swobodnego przep\u0142ywu takich danych, to jest art. 6 ust. 1<br \/>\nlit. a Rozporz\u0105dzenia Parlamentu Europejskiego i Rady (UE) 2016\/679 z dnia<br \/>\n27 kwietnia 2016 r. oraz uchylenia dyrektywy 95\/46\/WE (\u201eRODO\u201d). Zgoda<br \/>\nwyra\u017cana jest w zwi\u0105zku z udzia\u0142em w Konkursie na zasadach i w trybie<br \/>\nokre\u015blonym w Regulaminie.<br \/>\n3. Dane osobowe Uczestnik\u00f3w b\u0119d\u0105 przetwarzane w celach zwi\u0105zanych<br \/>\nprzedmiotowo z Konkursem, tj. w celach zwi\u0105zanych z ustaleniem prawa<br \/>\ndanego Uczestnika do uzyskania nagrody, wydania nagrody, przygotowania<br \/>\nstatystyk i zestawie\u0144 podsumowuj\u0105cych, rozpatrzenia ew. reklamacji oraz<br \/>\nsprawozdawczo\u015bci ksi\u0119gowej i podatkowej oraz w celach marketingowych, w<br \/>\nszczeg\u00f3lno\u015bci publicznego podzielenia si\u0119 zwyci\u0119skimi pracami z odbiorcami<br \/>\nprofili spo\u0142eczno\u015bciowych Warty Pozna\u0144 w serwisach Facebook, Instagram i X.<br \/>\n4. Na podstawie wyra\u017conej zgody Organizator przetwarza nast\u0119puj\u0105ce dane:<br \/>\nimi\u0119 i nazwisko, adres e-mail, wiek (dotyczy Zwyci\u0119zc\u00f3w Konkursu).<br \/>\n5. Wy\u0142\u0105cznym odbiorc\u0105 przetwarzanych danych osobowych jest Warta Pozna\u0144<br \/>\nS.A. oraz osoby upowa\u017cnione do przetwarzania danych osobowych w jego<br \/>\nimieniu, a tak\u017ce podmioty, z kt\u00f3rymi Warta Pozna\u0144 S.A zawar\u0142 umow\u0119 o<br \/>\npowierzeniu przetwarzania danych osobowych. Dane osobowe przetwarzane na<br \/>\npodstawie wyra\u017conej przez Pa\u0144stwa zgody w celach marketingowych mog\u0105 by\u0107<br \/>\nudost\u0119pniane do publicznej wiadomo\u015bci osobom trzecim, w szczeg\u00f3lno\u015bci na<br \/>\nstronach internetowych i mediach spo\u0142eczno\u015bciowych Klubu.<br \/>\n6. Wyra\u017cenie zgody na przetwarzanie danych osobowych jest warunkiem<br \/>\nuczestnictwa w Konkursie.<br \/>\n7. Ponadto informujemy, \u017ce posiadaj\u0105 Pa\u0144stwo prawo dost\u0119pu do przekazanych<br \/>\ndanych osobowych, prawo do ich sprostowania, usuni\u0119cia oraz prawo do<br \/>\nograniczenia ich przetwarzania, prawo do przenoszenia danych oraz prawo do<br \/>\nwniesienia sprzeciwu wobec przetwarzania danych osobowych, prawo do<br \/>\nwniesienia skargi do Prezesa Urz\u0119du Ochrony Danych Osobowych, w<br \/>\nprzypadku uznania, \u017ce przetwarzanie danych osobowych narusza przepisy<br \/>\nRODO oraz prawo do cofni\u0119cia tej\u017ce zgody w dowolnym momencie bez<br \/>\nwp\u0142ywu na zgodno\u015b\u0107 z prawem przetwarzania, kt\u00f3rego dokonano na podstawie<br \/>\nzgody przed jej cofni\u0119ciem.<br \/>\n8. Dane osobowe nie b\u0119d\u0105 przetwarzane w spos\u00f3b zautomatyzowany ani nie<br \/>\nb\u0119d\u0105 wysy\u0142ane do pa\u0144stwa trzeciego lub organizacji mi\u0119dzynarodowej.<br \/>\n9. Niniejszy regulamin okre\u015bla zasady przetwarzania danych osobowych<br \/>\nwy\u0142\u0105cznie w zwi\u0105zku z uczestnictwem w Konkursie.<\/p>\n","protected":false},"excerpt":{"rendered":"<p>&nbsp; \u00a7 1. POSTANOWIENIA OGO\u0301LNE 1. Organizatorem konkursu jest Warta Pozna\u0144 Sp\u00f3\u0142ka Akcyjna z siedzib\u0105 w Poznaniu przy ul. Jana&#8230;<\/p>\n","protected":false},"author":36,"featured_media":0,"parent":0,"menu_order":0,"comment_status":"closed","ping_status":"closed","template":"","meta":{"om_disable_all_campaigns":false,"inline_featured_image":false,"footnotes":"","_links_to":"","_links_to_target":""},"categories":[],"tags":[],"aioseo_notices":[],"_links":{"self":[{"href":"https:\/\/wartapoznan.pl\/index.php\/wp-json\/wp\/v2\/pages\/27738"}],"collection":[{"href":"https:\/\/wartapoznan.pl\/index.php\/wp-json\/wp\/v2\/pages"}],"about":[{"href":"https:\/\/wartapoznan.pl\/index.php\/wp-json\/wp\/v2\/types\/page"}],"author":[{"embeddable":true,"href":"https:\/\/wartapoznan.pl\/index.php\/wp-json\/wp\/v2\/users\/36"}],"replies":[{"embeddable":true,"href":"https:\/\/wartapoznan.pl\/index.php\/wp-json\/wp\/v2\/comments?post=27738"}],"version-history":[{"count":2,"href":"https:\/\/wartapoznan.pl\/index.php\/wp-json\/wp\/v2\/pages\/27738\/revisions"}],"predecessor-version":[{"id":27743,"href":"https:\/\/wartapoznan.pl\/index.php\/wp-json\/wp\/v2\/pages\/27738\/revisions\/27743"}],"wp:attachment":[{"href":"https:\/\/wartapoznan.pl\/index.php\/wp-json\/wp\/v2\/media?parent=27738"}],"wp:term":[{"taxonomy":"category","embeddable":true,"href":"https:\/\/wartapoznan.pl\/index.php\/wp-json\/wp\/v2\/categories?post=27738"},{"taxonomy":"post_tag","embeddable":true,"href":"https:\/\/wartapoznan.pl\/index.php\/wp-json\/wp\/v2\/tags?post=27738"}],"curies":[{"name":"wp","href":"https:\/\/api.w.org\/{rel}","templated":true}]}}