{"id":27837,"date":"2023-11-16T12:10:27","date_gmt":"2023-11-16T11:10:27","guid":{"rendered":"https:\/\/wartapoznan.pl\/?page_id=27837"},"modified":"2025-10-11T08:41:03","modified_gmt":"2025-10-11T06:41:03","slug":"regulaminy","status":"publish","type":"page","link":"https:\/\/wartapoznan.pl\/index.php\/regulaminy\/","title":{"rendered":"Regulaminy"},"content":{"rendered":"<p><a href=\"https:\/\/wartapoznan.pl\/index.php\/regulamin-konkursu-zielona-energia-z-respect-energy-podczas-meczu-z-legia-warszawa\/\">Regulamin konkursu \u201eZielona Energia z Respect Energy\u201d podczas meczu z Legi\u0105 Warszawa<\/a><\/p>\n<p><a href=\"https:\/\/wartapoznan.pl\/wp-content\/uploads\/2024\/03\/Regulamin_Maly_Warciarz.pdf\">Regulamin udzia\u0142u w akcji &#8222;Ma\u0142y Warciarz&#8221;<\/a><\/p>\n<p><a href=\"https:\/\/wartapoznan.pl\/index.php\/regulamin-konkursu-list-do-gwiazdora-z-king-cross-marcelin\/\">Regulamin konkursu \u201eList do Gwiazdora\u201d z King Cross Marcelin<\/a><\/p>\n<p><a href=\"https:\/\/wartapoznan.pl\/index.php\/regulamin-konkursu-zielona-energia-z-respect-energy\/\">Regulamin konkursu \u201eZielona Energia\u201d z Respect Energy<\/a><\/p>\n<p><a href=\"https:\/\/wartapoznan.pl\/index.php\/regulamin-konkursu-wejdz-w-buty-w-menedzera-ustal-taktyke-i-wygraj-football-manager-2024\/\">Regulamin konkursu \u201eWejd\u017a w buty w mened\u017cera, ustal taktyk\u0119 i wygraj Football Manager 2024\u201d<\/a><\/p>\n<p><a class=\"row-title\" href=\"https:\/\/wartapoznan.pl\/index.php\/regulamin-konkursu-stworz-plakat-meczowy-i-zdobadz-ea-sports-fc-24\/\" aria-label=\"\u201eRegulamin konkursu \u201eStw\u00f3rz plakat meczowy i zdob\u0105d\u017a EA SPORTS FC\u2122 24!\u201d\u201d (Edycja)\">Regulamin konkursu \u201eStw\u00f3rz plakat meczowy i zdob\u0105d\u017a EA SPORTS FC\u2122 24!\u201d<\/a><\/p>\n<p><a class=\"row-title\" href=\"https:\/\/wartapoznan.pl\/index.php\/regulamin-konkursu-wartoprzymierzyc-wygraj-ea-sports-fc-24\/\" aria-label=\"\u201eRegulamin konkursu \u201eWARTOprzymierzy\u0107 \u2013 wygraj EA SPORTS FC\u2122 24!\u201d\u201d (Edycja)\">Regulamin konkursu \u201eWARTOprzymierzy\u0107 \u2013 wygraj EA SPORTS FC\u2122 24!\u201d<\/a><\/p>\n<p><a href=\"https:\/\/wartapoznan.pl\/index.php\/regulamin-przekazywania-rzeczy-ruchomych-do-depozytu-na-stadionie-warty-poznan-s-a\/\">Regulamin przekazywania rzeczy ruchomych do depozytu na stadionie Warty Pozna\u0144 S.A.<\/a><\/p>\n<p><a href=\"https:\/\/wartapoznan.pl\/wp-content\/uploads\/2025\/10\/regulamin-stadionu.pdf\">Regulamin stadionu<\/a><\/p>\n<p><a href=\"https:\/\/wartapoznan.pl\/index.php\/regulamin-imprezy-masowej\/\">Regulamin imprezy masowej<\/a><\/p>\n<p><a class=\"row-title\" href=\"https:\/\/wartapoznan.pl\/index.php\/regulamin-konkursu-jestem-z-klubem-w-domu-i-na-wyjezdzie\/\" aria-label=\"\u201eRegulamin konkursu \u201eJestem z klubem \u2013 w domu i na wyje\u017adzie\u201d\u201d (Edycja)\">Regulamin konkursu \u201eJestem z klubem \u2013 w domu i na wyje\u017adzie\u201d<\/a><\/p>\n<p><a class=\"row-title\" href=\"https:\/\/wartapoznan.pl\/index.php\/akredytacje\/\" aria-label=\"\u201eRegulamin konkursu \u201eJestem z klubem \u2013 w domu i na wyje\u017adzie\u201d\u201d (Edycja)\">Regulamin procesu akredytacyjnego<\/a><\/p>\n","protected":false},"excerpt":{"rendered":"<p>Regulamin konkursu \u201eZielona Energia z Respect Energy\u201d podczas meczu z Legi\u0105 Warszawa Regulamin udzia\u0142u w akcji &#8222;Ma\u0142y Warciarz&#8221; Regulamin konkursu&#8230;<\/p>\n","protected":false},"author":36,"featured_media":0,"parent":0,"menu_order":0,"comment_status":"closed","ping_status":"closed","template":"","meta":{"om_disable_all_campaigns":false,"inline_featured_image":false,"footnotes":"","_links_to":"","_links_to_target":""},"categories":[],"tags":[],"aioseo_notices":[],"_links":{"self":[{"href":"https:\/\/wartapoznan.pl\/index.php\/wp-json\/wp\/v2\/pages\/27837"}],"collection":[{"href":"https:\/\/wartapoznan.pl\/index.php\/wp-json\/wp\/v2\/pages"}],"about":[{"href":"https:\/\/wartapoznan.pl\/index.php\/wp-json\/wp\/v2\/types\/page"}],"author":[{"embeddable":true,"href":"https:\/\/wartapoznan.pl\/index.php\/wp-json\/wp\/v2\/users\/36"}],"replies":[{"embeddable":true,"href":"https:\/\/wartapoznan.pl\/index.php\/wp-json\/wp\/v2\/comments?post=27837"}],"version-history":[{"count":12,"href":"https:\/\/wartapoznan.pl\/index.php\/wp-json\/wp\/v2\/pages\/27837\/revisions"}],"predecessor-version":[{"id":43382,"href":"https:\/\/wartapoznan.pl\/index.php\/wp-json\/wp\/v2\/pages\/27837\/revisions\/43382"}],"wp:attachment":[{"href":"https:\/\/wartapoznan.pl\/index.php\/wp-json\/wp\/v2\/media?parent=27837"}],"wp:term":[{"taxonomy":"category","embeddable":true,"href":"https:\/\/wartapoznan.pl\/index.php\/wp-json\/wp\/v2\/categories?post=27837"},{"taxonomy":"post_tag","embeddable":true,"href":"https:\/\/wartapoznan.pl\/index.php\/wp-json\/wp\/v2\/tags?post=27837"}],"curies":[{"name":"wp","href":"https:\/\/api.w.org\/{rel}","templated":true}]}}