{"id":28132,"date":"2023-12-12T22:33:54","date_gmt":"2023-12-12T21:33:54","guid":{"rendered":"https:\/\/wartapoznan.pl\/?page_id=28132"},"modified":"2023-12-12T22:33:54","modified_gmt":"2023-12-12T21:33:54","slug":"regulamin-konkursu-list-do-gwiazdora-z-king-cross-marcelin","status":"publish","type":"page","link":"https:\/\/wartapoznan.pl\/index.php\/regulamin-konkursu-list-do-gwiazdora-z-king-cross-marcelin\/","title":{"rendered":"Regulamin konkursu \u201eList do Gwiazdora\u201d z King Cross Marcelin"},"content":{"rendered":"<p>&nbsp;<\/p>\n<p><strong>\u00a71.POSTANOWIENIA OGO<\/strong><strong>\u0301<\/strong><strong>LNE<\/strong><\/p>\n<ol>\n<li>Organizatorem konkursu jest Warta Pozna\u0144 S.A. z siedzib\u0105 w Poznaniu przy ul. Jana Spychalskiego 34, wpisana do rejestru Krajowego Rejestru S\u0105dowego pod numerem KRS 0000394512, REGON 301775099, NIP: 7831676494 (dalej: \u201eOrganizator\u201d).<\/li>\n<li>Wsp\u00f3\u0142organizatorem konkursu jest EPP Property Management Sp. z o.o. z siedzib\u0105 w Kielcach przy ul. \u015awi\u0119tokrzyskiej 20, wpisana do rejestru Krajowego Rejestru S\u0105dowego pod numerem KRS 0000895580, REGON 291016840, NIP: 9591458349 (dalej: \u201eWsp\u00f3\u0142organizator\u201d).<\/li>\n<li>Konkurs prowadzony jest na terytorium Rzeczypospolitej Polskiej.<\/li>\n<\/ol>\n<p>&nbsp;<\/p>\n<p><strong>\u00a72.WARUNKI UCZESTNICTWA W KONKURSIE<\/strong><\/p>\n<ol>\n<li>Uczestnikiem Konkursu mog\u0105 by\u0107 wy\u0142\u0105cznie osoby pe\u0142noletnie, posiadaj\u0105ce pe\u0142n\u0105 zdolno\u015b\u0107 do czynno\u015bci prawnych z zastrze\u017ceniem \u00a7 2 ust. 2. W razie ch\u0119ci uczestnictwa os\u00f3b niepe\u0142noletnich, ich udzia\u0142 powinien by\u0107 potwierdzony przez ich opiekuna prawnego.<\/li>\n<li>W Konkursie nie mog\u0105 uczestniczy\u0107 pracownicy Organizatora i Wsp\u00f3\u0142organizatora oraz ich ma\u0142\u017conkowie, krewni lub powinowaci w linii prostej, a tak\u017ce osoby zwi\u0105zane z nimi tytu\u0142em przysposobienia, opieki lub kurateli oraz osoby zamieszkuj\u0105ce z nimi we wsp\u00f3lnym gospodarstwie domowym.<\/li>\n<li>Udzia\u0142 w Konkursie jest dobrowolny.<\/li>\n<li>Przyst\u0105pienie do Konkursu oznacza, \u017ce Uczestnik Konkursu zapozna\u0142 si\u0119 i akceptuje udost\u0119pnione mu zasady Konkursu, okre\u015blone w Regulaminie.<\/li>\n<\/ol>\n<p>&nbsp;<\/p>\n<p><strong>\u00a73.ZASADY KONKURSU<\/strong><\/p>\n<p>1.Konkurs odbywa si\u0119 na profilu Organizatora na Facebooku (www.facebook.com\/wartapoznan).<\/p>\n<p>2. Konkurs trwa do 16 grudnia 2023 roku do godz. 23:59.<\/p>\n<ol start=\"3\">\n<li>Warunkiem wzi\u0119cia udzia\u0142u w Konkursie jest zamieszczenie komentarza pod postem konkursowym z tre\u015bci\u0105 odpowiadaj\u0105c\u0105 listowi do Gwiazdora. W li\u015bcie musi pojawi\u0107 si\u0119 uzasadnienie, co Uczestnik chcia\u0142by dosta\u0107 pod choink\u0119 z Zielonej Wyspy Warty Pozna\u0144 w galerii King Cross Marcelin.<\/li>\n<li>O zwyci\u0119stwie zadecyduje komisja, kt\u00f3ra wybierze 3 ich zdaniem najciekawsze listy.<\/li>\n<li>Ka\u017cdy Uczestnik mo\u017ce zamie\u015bci\u0107 nie wi\u0119cej ni\u017c jeden komentarz konkursowy. Zamieszczenie wi\u0119kszej liczby komentarzy konkursowych pozbawia ich autora mo\u017cliwo\u015bci uczestnictwa w Konkursie.<\/li>\n<li>Komentarze edytowane nie b\u0119d\u0105 brane pod uwag\u0119 w Konkursie.<\/li>\n<li>Komentarze konkursowe zawieraj\u0105ce tre\u015bci sprzeczne z przepisami prawa powszechnie obowi\u0105zuj\u0105cego lub tre\u015bci wulgarne, drastyczne, propaguj\u0105ce nienawi\u015b\u0107, nie b\u0119d\u0105 brane pod uwag\u0119 w Konkursie.<\/li>\n<li>Komentarze zamieszczone pod postem konkursowym, opr\u00f3cz wymaga\u0144 przewidzianych w Regulaminie, powinny spe\u0142nia\u0107 wymagania przewidziane w regulaminach i zasadach portalu Facebook. Komentarze niespe\u0142niaj\u0105ce standard\u00f3w portalu Facebook nie b\u0119d\u0105 brane pod uwag\u0119 w Konkursie.<\/li>\n<\/ol>\n<p>&nbsp;<\/p>\n<p><strong>\u00a74.ROZSTRZYGNIE\u0328CIE KONKURSU. NAGRODY<\/strong><\/p>\n<ol>\n<li>Nad prawid\u0142owym przebiegiem Konkursu czuwa\u0107 b\u0119dzie komisja konkursowa z\u0142o\u017cona z przedstawicieli Organizatora i Wsp\u00f3\u0142organizatora (dalej \u201eKomisja\u201d). Komisja decydowa\u0107 b\u0119dzie o ostatecznym wyniku rywalizacji konkursowej oraz o przyznaniu nagr\u00f3d Uczestnikom spe\u0142niaj\u0105cym warunki Konkursu.<\/li>\n<li>Wyniki Konkursu zostan\u0105 og\u0142oszone w komentarzu pod postem konkursowym.<\/li>\n<li>Nagroda\u0328 w Konkursie s\u0105 karty podarunkowe King Cross Marcelin o warto\u015bci 150, 100 i 50 z\u0142.<\/li>\n<li>Zwyci\u0119zcy zobowi\u0105zani s\u0105 do kontaktu z Klubem przez wiadomo\u015b\u0107 e-mail na adres: <a href=\"mailto:m.kaczmarek@wartapoznan.pl\">m.kaczmarek@wartapoznan.pl<\/a> w ci\u0105gu 72 godzin od og\u0142oszenia wynik\u00f3w w celu odbioru nagrody.<\/li>\n<li>Niedope\u0142nienie tego kroku w wymaganym terminie poskutkuje utrata\u0328 nagrody.<\/li>\n<li>Organizator informuje, \u017ce nie ma mo\u017cliwo\u015bci wymiany nagrody na inny produkt ani otrzymania jego ekwiwalentu w formie pieni\u0119\u017cnej.<\/li>\n<li>Zwyci\u0119zcy nie przys\u0142uguje prawo przeniesienia prawa do otrzymania Nagrody na osoby trzecie.<\/li>\n<\/ol>\n<p><strong>\u00a0<\/strong><\/p>\n<p><strong>\u00a75.POSTE<\/strong><strong>\u0328<\/strong><strong>POWANIE REKLAMACYJNE<\/strong><\/p>\n<ol>\n<li>Reklamacje zg\u0142asza\u0107 nale\u017cy droga\u0328 e-mail na adres: info@wartapoznan.pl, nie p\u00f3\u017aniej ni\u017c\u0307 w terminie 14 dni od dnia zako\u0144czenia Konkursu lub w terminie 14 dni od dnia dor\u0119czenia przesy\u0142ki (w przypadku reklamowania nagrody), podaj\u0105c dok\u0142adny opis i pow\u00f3d reklamacji oraz dane osoby zg\u0142aszaj\u0105cej, wraz ze zdj\u0119ciami lub innymi dowodami.<\/li>\n<li>Podstaw\u0105 reklamacji mog\u0105 by\u0107 nieprawid\u0142owo\u015bci w przeprowadzeniu Konkursu lub wady nagrody istniej\u0105ce w chwili wydania nagrody Zwyci\u0119zcy.<\/li>\n<li>Reklamacje rozpatrywane b\u0119d\u0105 przez Organizatora na podstawie niniejszego regulaminu w terminie do 14 dni od ich otrzymania.<\/li>\n<li>Uczestnik zostanie powiadomiony o decyzji Organizatora droga\u0328 e-mail, w terminie 3 dni od daty rozpatrzenia reklamacji.<\/li>\n<\/ol>\n<p>&nbsp;<\/p>\n<p><strong>\u00a76.POSTANOWIENIA KON<\/strong><strong>\u0301<\/strong><strong>COWE<\/strong><\/p>\n<ol>\n<li>Zasady konkursu okre\u015bla wy\u0142\u0105cznie niniejszy regulamin. W kwestiach nie uregulowanych regulaminem stosuje si\u0119 odpowiednie przepisy Kodeksu cywilnego, ustawy o grach hazardowych, regulaminy obowi\u0105zuj\u0105ce u Organizatora oraz postanowienia Organizatora.<\/li>\n<li>Wszelkie materia\u0142y reklamowe lub promocyjne rozpowszechniane w zwi\u0105zku z Konkursem maja\u0328 charakter wy\u0142\u0105cznie informacyjny.<\/li>\n<li>Regulamin konkursu dost\u0119pny jest w siedzibie Klubu oraz na stronie internetowej Klubu www.wartapoznan.pl.<\/li>\n<li>Organizator zastrzega sobie prawo do wprowadzenia zmian w niniejszym regulaminie w dowolnym czasie w przypadku zmiany terminu Konkursu, sprostowania oczywistych omy\u0142ek pisarskich lub u\u015bci\u015blenia niejasnych zapis\u00f3w regulaminu. Zmiany wchodz\u0105 w \u017cycie w dniu nast\u0119pnym od ich og\u0142oszenia na kanale.<\/li>\n<li>Organizator zastrzega sobie prawo podejmowania indywidualnych decyzji wykluczaj\u0105cych poszczeg\u00f3lnych klient\u00f3w z udzia\u0142u w konkursie lub dopuszczaj\u0105cych do udzia\u0142u w konkursie.<\/li>\n<\/ol>\n<p>&nbsp;<\/p>\n<p><strong>PRZETWARZANIE DANYCH OSOBOWYCH <\/strong><strong>\u2013 <\/strong><strong>KLAUZULA INFORMACYJNA<\/strong><\/p>\n<ol>\n<li>Administratorem danych osobowych Uczestnik\u00f3w jest Warta Pozna\u0144 S.A., ul. Jana Spychalskiego 34, 61-553 Pozna\u0144.<\/li>\n<li>Podstaw\u0105 przetwarzania danych osobowych jest zgoda na przetwarzanie danych osobowych i swobodnego przep\u0142ywu takich danych, to jest art. 6 ust. 1 lit. a Rozporz\u0105dzenia Parlamentu Europejskiego i Rady (UE) 2016\/679 z dnia 27 kwietnia 2016 r. oraz uchylenia dyrektywy 95\/46\/WE (\u201eRODO\u201d). Zgoda wyra\u017cana jest w zwi\u0105zku z udzia\u0142em w Konkursie na zasadach i w trybie okre\u015blonym w Regulaminie.<\/li>\n<li>Dane osobowe Uczestnik\u00f3w b\u0119d\u0105 przetwarzane w celach zwi\u0105zanych przedmiotowo z Konkursem, tj. w celach zwi\u0105zanych z ustaleniem prawa danego Uczestnika do uzyskania nagrody, wydania nagrody, przygotowania statystyk i zestawie\u0144 podsumowuj\u0105cych, rozpatrzenia ew. reklamacji oraz sprawozdawczo\u015bci ksi\u0119gowej i podatkowej oraz w celach marketingowych, w szczeg\u00f3lno\u015bci publicznego poinformowania o wygranej oraz zamieszczenia zawarto\u015bci zwyci\u0119skiego komentarza na fanpage Warty Pozna\u0144.<\/li>\n<li>Na podstawie wyra\u017conej zgody Klub przetwarza nast\u0119puj\u0105ce dane: imi\u0119 i nazwisko, wizerunek (zgodnie z zamieszczonym zdj\u0119ciem konkursowym), PESEL (dotyczy Zwyci\u0119zc\u00f3w Konkursu).<\/li>\n<li>Wy\u0142\u0105cznym odbiorc\u0105 przetwarzanych danych osobowych jest Warta Pozna\u0144 S.A. oraz osoby upowa\u017cnione do przetwarzania danych osobowych w jego imieniu, a tak\u017ce podmioty, z kt\u00f3rymi Warta Pozna\u0144 S.A zawar\u0142 umow\u0119 o powierzeniu przetwarzania danych osobowych. Dane osobowe przetwarzane na podstawie wyra\u017conej przez Pa\u0144stwa zgody w celach marketingowych mog\u0105 by\u0107 udost\u0119pniane do publicznej wiadomo\u015bci osobom trzecim, w szczeg\u00f3lno\u015bci na stronach internetowych i mediach spo\u0142eczno\u015bciowych Klubu.<\/li>\n<li>Wyra\u017cenie zgody na przetwarzanie danych osobowych jest warunkiem uczestnictwa w Konkursie.<\/li>\n<li>Ponadto informujemy, \u017ce posiadaj\u0105 Pa\u0144stwo prawo dost\u0119pu do przekazanych danych osobowych, prawo do ich sprostowania, usuni\u0119cia oraz prawo do ograniczenia ich przetwarzania, prawo do przenoszenia danych oraz prawo do wniesienia sprzeciwu wobec przetwarzania danych osobowych, prawo do wniesienia skargi do Prezesa Urz\u0119du Ochrony Danych Osobowych, w przypadku uznania, \u017ce przetwarzanie danych osobowych narusza przepisy RODO oraz prawo do cofni\u0119cia tej\u017ce zgody w dowolnym momencie bez wp\u0142ywu na zgodno\u015b\u0107 z prawem przetwarzania, kt\u00f3rego dokonano na podstawie zgody przed jej cofni\u0119ciem.<\/li>\n<li>Dane osobowe nie b\u0119d\u0105 przetwarzane w spos\u00f3b zautomatyzowany ani nie b\u0119d\u0105 wysy\u0142ane do pa\u0144stwa trzeciego lub organizacji mi\u0119dzynarodowej.<\/li>\n<li>Niniejszy regulamin okre\u015bla zasady przetwarzania danych osobowych wy\u0142\u0105cznie w zwi\u0105zku z uczestnictwem w Konkursie.<\/li>\n<\/ol>\n","protected":false},"excerpt":{"rendered":"<p>&nbsp; \u00a71.POSTANOWIENIA OGO\u0301LNE Organizatorem konkursu jest Warta Pozna\u0144 S.A. z siedzib\u0105 w Poznaniu przy ul. Jana Spychalskiego 34, wpisana do&#8230;<\/p>\n","protected":false},"author":36,"featured_media":0,"parent":0,"menu_order":0,"comment_status":"closed","ping_status":"closed","template":"","meta":{"om_disable_all_campaigns":false,"inline_featured_image":false,"footnotes":"","_links_to":"","_links_to_target":""},"categories":[],"tags":[],"aioseo_notices":[],"_links":{"self":[{"href":"https:\/\/wartapoznan.pl\/index.php\/wp-json\/wp\/v2\/pages\/28132"}],"collection":[{"href":"https:\/\/wartapoznan.pl\/index.php\/wp-json\/wp\/v2\/pages"}],"about":[{"href":"https:\/\/wartapoznan.pl\/index.php\/wp-json\/wp\/v2\/types\/page"}],"author":[{"embeddable":true,"href":"https:\/\/wartapoznan.pl\/index.php\/wp-json\/wp\/v2\/users\/36"}],"replies":[{"embeddable":true,"href":"https:\/\/wartapoznan.pl\/index.php\/wp-json\/wp\/v2\/comments?post=28132"}],"version-history":[{"count":1,"href":"https:\/\/wartapoznan.pl\/index.php\/wp-json\/wp\/v2\/pages\/28132\/revisions"}],"predecessor-version":[{"id":28133,"href":"https:\/\/wartapoznan.pl\/index.php\/wp-json\/wp\/v2\/pages\/28132\/revisions\/28133"}],"wp:attachment":[{"href":"https:\/\/wartapoznan.pl\/index.php\/wp-json\/wp\/v2\/media?parent=28132"}],"wp:term":[{"taxonomy":"category","embeddable":true,"href":"https:\/\/wartapoznan.pl\/index.php\/wp-json\/wp\/v2\/categories?post=28132"},{"taxonomy":"post_tag","embeddable":true,"href":"https:\/\/wartapoznan.pl\/index.php\/wp-json\/wp\/v2\/tags?post=28132"}],"curies":[{"name":"wp","href":"https:\/\/api.w.org\/{rel}","templated":true}]}}