{"id":28292,"date":"2024-01-10T16:40:00","date_gmt":"2024-01-10T15:40:00","guid":{"rendered":"https:\/\/wartapoznan.pl\/?page_id=28292"},"modified":"2024-06-14T12:18:25","modified_gmt":"2024-06-14T10:18:25","slug":"franciszek-szyc","status":"publish","type":"page","link":"https:\/\/wartapoznan.pl\/index.php\/aleja-warciarzy\/franciszek-szyc\/","title":{"rendered":"Franciszek Szyc"},"content":{"rendered":"<p><strong>FRANCISZEK SZYC<\/strong><\/p>\n<p><strong>ur. 23.01.1893 \u2013 zm. ok.\u00a003.1915<\/strong><\/p>\n<p><img loading=\"lazy\" decoding=\"async\" width=\"565\" height=\"704\" class=\"alignnone wp-image-30143\" src=\"https:\/\/wartapoznan.pl\/wp-content\/uploads\/2024\/06\/Franciszek-Szyc.png\" alt=\"Franciszek Szyc - za\u0142o\u017cyciel Warty Pozna\u0144\" srcset=\"https:\/\/wartapoznan.pl\/wp-content\/uploads\/2024\/06\/Franciszek-Szyc.png 565w, https:\/\/wartapoznan.pl\/wp-content\/uploads\/2024\/06\/Franciszek-Szyc-241x300.png 241w, https:\/\/wartapoznan.pl\/wp-content\/uploads\/2024\/06\/Franciszek-Szyc-103x128.png 103w, https:\/\/wartapoznan.pl\/wp-content\/uploads\/2024\/06\/Franciszek-Szyc-26x32.png 26w\" sizes=\"(max-width: 565px) 100vw, 565px\" \/><\/p>\n<p>Za\u0142o\u017cyciel i pierwszy prezes Warty Pozna\u0144.<\/p>\n<p>By\u0142 najstarszy w gronie siedmiu za\u0142o\u017cycieli Warty Pozna\u0144 &#8211; 15 czerwca 1912 roku mia\u0142 niewiele ponad 19 lat. Zosta\u0142 pierwszym prezesem klubu. Starszy brat Edmunda Szyca.<\/p>\n<p>Uczestnik pierwszego, historycznego meczu \u201eZielonych\u201d \u2013 wygranego 9:2 z pozna\u0144sk\u0105 Herth\u0105 18 sierpnia 1912 roku. Jako zawodnik Warty Pozna\u0144 gra\u0142 w mistrzostwach Wielkopolski w latach 1913 oraz 1914 i dwukrotnie zdobywa\u0142 z dru\u017cyn\u0105 tytu\u0142 mistrzowski. W listopadzie 1913 roku wyst\u0105pi\u0142 w dw\u00f3ch pierwszych meczach pi\u0142karskiej reprezentacji Wielkopolski przeciwko Wi\u015ble Krak\u00f3w.<\/p>\n<p>Wcze\u015bniej, w styczniu 1913 roku Franciszek Szyc by\u0142 w\u015br\u00f3d dziesi\u0119ciu m\u0142odych przedstawicieli Warty Pozna\u0144 i Posnanii, kt\u00f3rzy powo\u0142ali do \u017cycia Zwi\u0105zek Polskich Towarzystw Sportowych. Jak informowa\u0142 pozna\u0144ski \u201eOr\u0119downik\u201d: <em>\u201eZwi\u0105zek ten ma na celu z\u0142\u0105czenie wszystkich polskich sportowc\u00f3w \u017cyj\u0105cych w Niemczech i przez wsp\u00f3lne \u0107wiczenia i zawody wydoskonali\u0107 ich w technice gry w pi\u0142k\u0119 no\u017cn\u0105 i pi\u0119st\u00f3wk\u0119<\/em> [gra przypominaj\u0105ca nieco dzisiejsz\u0105 siatk\u00f3wk\u0119]\u201d. Franciszek Szyc zosta\u0142 wiceprezesem ZPTS.<\/p>\n<p>Najstarszy z za\u0142o\u017cycieli \u201eZielonych\u201d zosta\u0142 powo\u0142any do armii pruskiej i s\u0142u\u017cy\u0142 jako muszkieter 256 rez. pu\u0142ku piechoty. Zgin\u0105\u0142 w czasie I wojny \u015bwiatowej, prawdopodobnie w marcu 1915 roku.<\/p>\n<p><em>fot. archiwum Klubu<\/em><\/p>\n","protected":false},"excerpt":{"rendered":"<p>FRANCISZEK SZYC ur. 23.01.1893 \u2013 zm. ok.\u00a003.1915 Za\u0142o\u017cyciel i pierwszy prezes Warty Pozna\u0144. By\u0142 najstarszy w gronie siedmiu za\u0142o\u017cycieli Warty&#8230;<\/p>\n","protected":false},"author":36,"featured_media":0,"parent":28290,"menu_order":0,"comment_status":"closed","ping_status":"closed","template":"","meta":{"om_disable_all_campaigns":false,"inline_featured_image":false,"footnotes":"","_links_to":"","_links_to_target":""},"categories":[],"tags":[],"aioseo_notices":[],"_links":{"self":[{"href":"https:\/\/wartapoznan.pl\/index.php\/wp-json\/wp\/v2\/pages\/28292"}],"collection":[{"href":"https:\/\/wartapoznan.pl\/index.php\/wp-json\/wp\/v2\/pages"}],"about":[{"href":"https:\/\/wartapoznan.pl\/index.php\/wp-json\/wp\/v2\/types\/page"}],"author":[{"embeddable":true,"href":"https:\/\/wartapoznan.pl\/index.php\/wp-json\/wp\/v2\/users\/36"}],"replies":[{"embeddable":true,"href":"https:\/\/wartapoznan.pl\/index.php\/wp-json\/wp\/v2\/comments?post=28292"}],"version-history":[{"count":6,"href":"https:\/\/wartapoznan.pl\/index.php\/wp-json\/wp\/v2\/pages\/28292\/revisions"}],"predecessor-version":[{"id":30186,"href":"https:\/\/wartapoznan.pl\/index.php\/wp-json\/wp\/v2\/pages\/28292\/revisions\/30186"}],"up":[{"embeddable":true,"href":"https:\/\/wartapoznan.pl\/index.php\/wp-json\/wp\/v2\/pages\/28290"}],"wp:attachment":[{"href":"https:\/\/wartapoznan.pl\/index.php\/wp-json\/wp\/v2\/media?parent=28292"}],"wp:term":[{"taxonomy":"category","embeddable":true,"href":"https:\/\/wartapoznan.pl\/index.php\/wp-json\/wp\/v2\/categories?post=28292"},{"taxonomy":"post_tag","embeddable":true,"href":"https:\/\/wartapoznan.pl\/index.php\/wp-json\/wp\/v2\/tags?post=28292"}],"curies":[{"name":"wp","href":"https:\/\/api.w.org\/{rel}","templated":true}]}}