{"id":28294,"date":"2024-01-10T16:42:56","date_gmt":"2024-01-10T15:42:56","guid":{"rendered":"https:\/\/wartapoznan.pl\/?page_id=28294"},"modified":"2024-06-14T12:17:14","modified_gmt":"2024-06-14T10:17:14","slug":"edmund-szyc","status":"publish","type":"page","link":"https:\/\/wartapoznan.pl\/index.php\/aleja-warciarzy\/edmund-szyc\/","title":{"rendered":"Edmund Szyc"},"content":{"rendered":"<p><strong>EDMUND SZYC<\/strong><\/p>\n<p><strong>ur. 11.11.1895 \u2013 zm. 23.02.1987<\/strong><\/p>\n<p><img loading=\"lazy\" decoding=\"async\" width=\"574\" height=\"711\" class=\"alignnone wp-image-30147\" src=\"https:\/\/wartapoznan.pl\/wp-content\/uploads\/2024\/06\/Edmund-Szyc.png\" alt=\"Edmund Szyc - za\u0142o\u017cyciel Warty Pozna\u0144\" srcset=\"https:\/\/wartapoznan.pl\/wp-content\/uploads\/2024\/06\/Edmund-Szyc.png 574w, https:\/\/wartapoznan.pl\/wp-content\/uploads\/2024\/06\/Edmund-Szyc-242x300.png 242w, https:\/\/wartapoznan.pl\/wp-content\/uploads\/2024\/06\/Edmund-Szyc-103x128.png 103w, https:\/\/wartapoznan.pl\/wp-content\/uploads\/2024\/06\/Edmund-Szyc-26x32.png 26w\" sizes=\"(max-width: 574px) 100vw, 574px\" \/><\/p>\n<p>Za\u0142o\u017cyciel, sekretarz, kronikarz i p\u00f3\u017aniejszy prezes Warty Pozna\u0144. Powstaniec Wielkopolski. Legenda klubu.<\/p>\n<p>15 czerwca 1912 roku, w dniu za\u0142o\u017cenia klubu, nie mia\u0142 jeszcze sko\u0144czonych 17 lat. Mimo to obj\u0105\u0142 stanowisko sekretarza pierwszego polskiego klubu pi\u0142karskiego w stolicy Wielkopolski. Jako zawodnik (by\u0142 bramkarzem, ale wyst\u0119powa\u0142 te\u017c w polu) zdoby\u0142 z Wart\u0105 Pozna\u0144 mistrzostwo Wielkopolski w latach 1913-1914 i 1921. By\u0142y prezes, kronikarz \u201eZielonych\u201d. Otrzyma\u0142 tytu\u0142 honorowego prezesa Warty Pozna\u0144, a jego imieniem nazwano stadion Warty w Poznaniu. Dzi\u015b nieistniej\u0105cy ju\u017c obiekt przy Dolnej Wildzie przez lata by\u0142 najwi\u0119kszym stadionem w mie\u015bcie.<\/p>\n<p>Edmund Szyc z pewno\u015bci\u0105 by\u0142 cz\u0142owiekiem, kt\u00f3ry wyprzedzi\u0142 swoj\u0105 epok\u0119. Z grupk\u0105 nastolatk\u00f3w mocno zaanga\u017cowanych w dzia\u0142ania patriotyczne, wsp\u00f3\u0142tworzy\u0142 \u2013 wbrew woli pruskiego zaborcy \u2013 polski klub pi\u0142karski. Aby dobrze odda\u0107 swoje intencje, m\u0142odzie\u017c wzi\u0119\u0142a nazw\u0119 klubu od rzeki przep\u0142ywaj\u0105cej przez Pozna\u0144. Ale Warta mia\u0142a te\u017c drugie znaczenie \u2013 stra\u017c. Cz\u0142onkowie organizacji zobowi\u0105zywali si\u0119 do stania na stra\u017cy polsko\u015bci i walki o niepodleg\u0142o\u015b\u0107 przy pierwszej, nadarzaj\u0105cej si\u0119 okazji. To dlatego m.in. 27 grudnia 1918 roku \u017cycie klubu w\u0142a\u015bciwie usta\u0142o, gdy\u017c wszyscy sportowcy stan\u0119li do walki w powstaniu wielkopolskim. Bi\u0142 si\u0119 w nim tak\u017ce Edmund Szyc. By\u0142 dow\u00f3dc\u0105 plutonu. Z broni\u0105 w r\u0119ku uczestniczy\u0142 np. w odbijaniu z pruskich r\u0105k budynku prezydium policji w Poznaniu. Za sw\u0105 postaw\u0119 zosta\u0142 odznaczony m.in. Wielkopolskim Krzy\u017cem Powsta\u0144czym.<\/p>\n<p>O tym, czym by\u0142a Warta Pozna\u0144 dla Edmunda Szyca opowiada\u0142a kiedy\u015b jego c\u00f3rka, zmar\u0142a w 2019 roku, Krystyna Hofman: &#8211; <em>Pracowa\u0142 jako urz\u0119dnik, bo musia\u0142 przecie\u017c z czego\u015b \u017cy\u0107, ale to, co by\u0142o dla niego naprawd\u0119 istotne, to by\u0142a tylko Warta. W chwili czu\u0142o\u015bci nazywa\u0142 \u201eWarciuchn\u0105\u201d, m\u00f3wi\u0142 \u201eMoja Warciuchna\u201d. By\u0142 bardzo dumny z ka\u017cdego zwyci\u0119stwa. Nawet w tych najci\u0119\u017cszych czasach, ze swojej biednej urz\u0119dniczej pensji powojennej, kupowa\u0142 po zwyci\u0119stwie po tabliczce czekolady dla zawodnik\u00f3w. I oni byli z tego zadowoleni. Ja nie uprawia\u0142am sportu, ale interesowa\u0142am si\u0119 nim zawsze. Mo\u017cna powiedzie\u0107, \u017ce nie mia\u0142am wyj\u015bcia, bo ojciec \u017cy\u0142 tylko sportem. Warta Pozna\u0144 by\u0142a jego wielk\u0105 mi\u0142o\u015bci\u0105. Ca\u0142e \u017cycie by\u0142 z niej dumny, a ka\u017cde zwyci\u0119stwo pi\u0142karzy by\u0142o jego ogromnym szcz\u0119\u015bciem.<\/em><\/p>\n<p>Bez w\u0105tpienia, Edmund Szyc by\u0142 jednym z najwybitniejszych dzia\u0142aczy w dziejach wielkopolskiej pi\u0142ki no\u017cnej. Gdy w 1913 roku powsta\u0142 Zwi\u0105zek Polskich Towarzystw Sportowych, jako przedstawiciel Warty Pozna\u0144, zosta\u0142 sekretarzem zwi\u0105zku. To wtedy powsta\u0142a te\u017c pi\u0142karska reprezentacja Wielkopolski, a wyst\u0119powa\u0142 w niej m.in. tak\u017ce Edmund Szyc. Gdy powo\u0142ano do \u017cycia Pozna\u0144ski Okr\u0119gowy Zwi\u0105zek Pi\u0142ki No\u017cnej, Edmund Szyc pe\u0142ni\u0142 w nim r\u00f3\u017cne funkcje: sekretarza, skarbnika, cz\u0142onka Wydzia\u0142u S\u0119dziowskiego, przewodnicz\u0105cego Wydzia\u0142u Gier i Dyscypliny.<\/p>\n<p>Jedn\u0105 z pasji Edmunda Szyca by\u0142o te\u017c dziennikarstwo. By\u0142 redaktorem \u201eDwutygodnika Sportowego\u201d i \u201eSportu Polskiego\u201d. To dzi\u0119ki jego staraniom Warta Pozna\u0144 mia\u0142a te\u017c swoj\u0105 gazetk\u0119 klubow\u0105 pt. \u201eWarciarz\u201d. W latach 1929-39 ukaza\u0142o si\u0119 ok. 90 numer\u00f3w tego pisma, co by\u0142o osi\u0105gni\u0119ciem bez precedensu w realiach polskiego futbolu w latach mi\u0119dzywojennych. To dzi\u0119ki kronikarskiemu zaci\u0119ciu Edmunda Szyca tak dobrze s\u0105 udokumentowane losy Warty Pozna\u0144 do 1939 roku.<\/p>\n<p>Edmund Szyc jest niezwykle szanowan\u0105 postaci\u0105 nie tylko w Poznaniu, ale tak\u017ce m.in. w Bydgoszczy czy Lesznie. W obu tych miastach by\u0142 inicjatorem powstania klub\u00f3w o nazwie Polonia.<\/p>\n<p><em>fot. archiwum Klubu<\/em><\/p>\n","protected":false},"excerpt":{"rendered":"<p>EDMUND SZYC ur. 11.11.1895 \u2013 zm. 23.02.1987 Za\u0142o\u017cyciel, sekretarz, kronikarz i p\u00f3\u017aniejszy prezes Warty Pozna\u0144. Powstaniec Wielkopolski. Legenda klubu. 15&#8230;<\/p>\n","protected":false},"author":36,"featured_media":0,"parent":28290,"menu_order":0,"comment_status":"closed","ping_status":"closed","template":"","meta":{"om_disable_all_campaigns":false,"inline_featured_image":false,"footnotes":"","_links_to":"","_links_to_target":""},"categories":[],"tags":[],"aioseo_notices":[],"_links":{"self":[{"href":"https:\/\/wartapoznan.pl\/index.php\/wp-json\/wp\/v2\/pages\/28294"}],"collection":[{"href":"https:\/\/wartapoznan.pl\/index.php\/wp-json\/wp\/v2\/pages"}],"about":[{"href":"https:\/\/wartapoznan.pl\/index.php\/wp-json\/wp\/v2\/types\/page"}],"author":[{"embeddable":true,"href":"https:\/\/wartapoznan.pl\/index.php\/wp-json\/wp\/v2\/users\/36"}],"replies":[{"embeddable":true,"href":"https:\/\/wartapoznan.pl\/index.php\/wp-json\/wp\/v2\/comments?post=28294"}],"version-history":[{"count":4,"href":"https:\/\/wartapoznan.pl\/index.php\/wp-json\/wp\/v2\/pages\/28294\/revisions"}],"predecessor-version":[{"id":30185,"href":"https:\/\/wartapoznan.pl\/index.php\/wp-json\/wp\/v2\/pages\/28294\/revisions\/30185"}],"up":[{"embeddable":true,"href":"https:\/\/wartapoznan.pl\/index.php\/wp-json\/wp\/v2\/pages\/28290"}],"wp:attachment":[{"href":"https:\/\/wartapoznan.pl\/index.php\/wp-json\/wp\/v2\/media?parent=28294"}],"wp:term":[{"taxonomy":"category","embeddable":true,"href":"https:\/\/wartapoznan.pl\/index.php\/wp-json\/wp\/v2\/categories?post=28294"},{"taxonomy":"post_tag","embeddable":true,"href":"https:\/\/wartapoznan.pl\/index.php\/wp-json\/wp\/v2\/tags?post=28294"}],"curies":[{"name":"wp","href":"https:\/\/api.w.org\/{rel}","templated":true}]}}