{"id":28300,"date":"2024-01-10T17:07:36","date_gmt":"2024-01-10T16:07:36","guid":{"rendered":"https:\/\/wartapoznan.pl\/?page_id=28300"},"modified":"2024-06-14T13:05:02","modified_gmt":"2024-06-14T11:05:02","slug":"stefan-morkowski","status":"publish","type":"page","link":"https:\/\/wartapoznan.pl\/index.php\/aleja-warciarzy\/stefan-morkowski\/","title":{"rendered":"Stefan M\u00f3rkowski"},"content":{"rendered":"<p><strong>STEFAN M\u00d3RKOWSKI<\/strong><\/p>\n<p><strong>ur. 26.08.1894 \u2013 zm. 08.05.1951<\/strong><\/p>\n<p><img loading=\"lazy\" decoding=\"async\" width=\"569\" height=\"706\" class=\"alignnone  wp-image-30221\" src=\"https:\/\/wartapoznan.pl\/wp-content\/uploads\/2024\/06\/Stefan-Morkowski.png\" alt=\"Stefan M\u00f3rkowski - za\u0142o\u017cyciel Warty Pozna\u0144\" srcset=\"https:\/\/wartapoznan.pl\/wp-content\/uploads\/2024\/06\/Stefan-Morkowski.png 569w, https:\/\/wartapoznan.pl\/wp-content\/uploads\/2024\/06\/Stefan-Morkowski-242x300.png 242w, https:\/\/wartapoznan.pl\/wp-content\/uploads\/2024\/06\/Stefan-Morkowski-103x128.png 103w, https:\/\/wartapoznan.pl\/wp-content\/uploads\/2024\/06\/Stefan-Morkowski-26x32.png 26w\" sizes=\"(max-width: 569px) 100vw, 569px\" \/><\/p>\n<p>Za\u0142o\u017cyciel Warty Pozna\u0144.<\/p>\n<p>Jeden z siedmiu nastolatk\u00f3w, ch\u0142opak\u00f3w w wieku 16-19 lat, kt\u00f3rzy 12 czerwca 1912 roku podpisali si\u0119 pod protoko\u0142em powo\u0142uj\u0105cym do \u017cycia Wart\u0119 Pozna\u0144, pierwszy polski klub pi\u0142karski w mie\u015bcie.<\/p>\n<p><em>fot. archiwum Klubu<\/em><\/p>\n","protected":false},"excerpt":{"rendered":"<p>STEFAN M\u00d3RKOWSKI ur. 26.08.1894 \u2013 zm. 08.05.1951 Za\u0142o\u017cyciel Warty Pozna\u0144. Jeden z siedmiu nastolatk\u00f3w, ch\u0142opak\u00f3w w wieku 16-19 lat, kt\u00f3rzy&#8230;<\/p>\n","protected":false},"author":36,"featured_media":0,"parent":28290,"menu_order":0,"comment_status":"closed","ping_status":"closed","template":"","meta":{"om_disable_all_campaigns":false,"inline_featured_image":false,"footnotes":"","_links_to":"","_links_to_target":""},"categories":[],"tags":[],"aioseo_notices":[],"_links":{"self":[{"href":"https:\/\/wartapoznan.pl\/index.php\/wp-json\/wp\/v2\/pages\/28300"}],"collection":[{"href":"https:\/\/wartapoznan.pl\/index.php\/wp-json\/wp\/v2\/pages"}],"about":[{"href":"https:\/\/wartapoznan.pl\/index.php\/wp-json\/wp\/v2\/types\/page"}],"author":[{"embeddable":true,"href":"https:\/\/wartapoznan.pl\/index.php\/wp-json\/wp\/v2\/users\/36"}],"replies":[{"embeddable":true,"href":"https:\/\/wartapoznan.pl\/index.php\/wp-json\/wp\/v2\/comments?post=28300"}],"version-history":[{"count":3,"href":"https:\/\/wartapoznan.pl\/index.php\/wp-json\/wp\/v2\/pages\/28300\/revisions"}],"predecessor-version":[{"id":30222,"href":"https:\/\/wartapoznan.pl\/index.php\/wp-json\/wp\/v2\/pages\/28300\/revisions\/30222"}],"up":[{"embeddable":true,"href":"https:\/\/wartapoznan.pl\/index.php\/wp-json\/wp\/v2\/pages\/28290"}],"wp:attachment":[{"href":"https:\/\/wartapoznan.pl\/index.php\/wp-json\/wp\/v2\/media?parent=28300"}],"wp:term":[{"taxonomy":"category","embeddable":true,"href":"https:\/\/wartapoznan.pl\/index.php\/wp-json\/wp\/v2\/categories?post=28300"},{"taxonomy":"post_tag","embeddable":true,"href":"https:\/\/wartapoznan.pl\/index.php\/wp-json\/wp\/v2\/tags?post=28300"}],"curies":[{"name":"wp","href":"https:\/\/api.w.org\/{rel}","templated":true}]}}