{"id":28306,"date":"2024-01-10T17:14:16","date_gmt":"2024-01-10T16:14:16","guid":{"rendered":"https:\/\/wartapoznan.pl\/?page_id=28306"},"modified":"2024-06-14T12:57:16","modified_gmt":"2024-06-14T10:57:16","slug":"marian-fontowicz","status":"publish","type":"page","link":"https:\/\/wartapoznan.pl\/index.php\/aleja-warciarzy\/marian-fontowicz\/","title":{"rendered":"Marian Fontowicz"},"content":{"rendered":"<p><strong>MARIAN FONTOWICZ<\/strong><\/p>\n<p><strong>ur. 13.07.1907 \u2013 zm. 20.11.1988<\/strong><\/p>\n<p><img loading=\"lazy\" decoding=\"async\" width=\"1500\" height=\"1000\" class=\"alignnone  wp-image-30209\" src=\"https:\/\/wartapoznan.pl\/wp-content\/uploads\/2024\/06\/Fontowicz_NAC.jpg\" alt=\"Marian Fontowicz - fot. Narodowe Archiwum Cyfrowe\" srcset=\"https:\/\/wartapoznan.pl\/wp-content\/uploads\/2024\/06\/Fontowicz_NAC.jpg 1500w, https:\/\/wartapoznan.pl\/wp-content\/uploads\/2024\/06\/Fontowicz_NAC-300x200.jpg 300w, https:\/\/wartapoznan.pl\/wp-content\/uploads\/2024\/06\/Fontowicz_NAC-128x85.jpg 128w, https:\/\/wartapoznan.pl\/wp-content\/uploads\/2024\/06\/Fontowicz_NAC-32x21.jpg 32w\" sizes=\"(max-width: 1500px) 100vw, 1500px\" \/><\/p>\n<p>Pi\u0142karz Warty Pozna\u0144, mistrz Polski z 1929 roku, reprezentant Polski. W mistrzowskim sezonie zagra\u0142 we wszystkich 24 meczach, pu\u015bci\u0142 33 gole.<\/p>\n<p>Bramkarz mistrzowskiej dru\u017cyny z 1929 roku by\u0142 zwi\u0105zany z Wart\u0105 Pozna\u0144 przez ca\u0142\u0105 swoj\u0105 karier\u0119 pi\u0142karsk\u0105 i rozegra\u0142 w barwach \u201eZielonych\u201d blisko 600 spotka\u0144 (dok\u0142adnie 578 mecz\u00f3w, z czego 221 ligowych)! Do Warty Pozna\u0144 trafi\u0142 jako 15-latek, pocz\u0105tkowo by\u0142 napastnikiem, ale od 1924 roku wyst\u0119powa\u0142 ju\u017c wy\u0142\u0105cznie na w roli bramkarza i by\u0142 jednym z najlepszych pi\u0142karzy na tej pozycji w Polsce okresu mi\u0119dzywojennego. Cho\u0107 karier\u0119 zako\u0144czy\u0142 pierwotnie w 1938 roku, to jeszcze w 1945 roku da\u0142 si\u0119 nam\u00f3wi\u0107 na powr\u00f3t do bramki Warty Pozna\u0144 i rozegranie 11 mecz\u00f3w.<\/p>\n<p>Na niekt\u00f3rych zdj\u0119ciach Marian Fontowicz ma na g\u0142owie charakterystyczn\u0105 czapk\u0119, ale to nie z jej powodu wyr\u00f3\u017cnia\u0142 si\u0119 na boisku. Kibicom pi\u0142karskim by\u0142 znany ze swojej niezwykle widowiskowej gry, dzi\u0119ki czemu by\u0142 nazywany \u201ekr\u00f3lem przedpola\u201d. Ten styl nieco odbiega\u0142 od utartej roli bramkarzy tamtych czas\u00f3w. Pozna\u0144ski golkiper nie trzyma\u0142 si\u0119 kurczowo linii bramkowej, anga\u017cowa\u0142 si\u0119 w walk\u0119 nawet kilka metr\u00f3w przed ni\u0105, przecina\u0142 do\u015brodkowania, blokowa\u0142 strza\u0142y. Gra\u0142 tak, mimo \u017ce nie by\u0142 wysokim zawodnikiem, mia\u0142 bowiem 172 cm wzrostu.<\/p>\n<p>Do historii przeszed\u0142 nie tylko jako widowiskowo graj\u0105cy bramkarz mocnej w tamtym okresie Warty Pozna\u0144. Marian Fontowicz jako pierwszy gracz na tej pozycji zaliczy\u0142 seri\u0119 co najmniej 500 minut bez straconej bramki w Ekstraklasie. By\u0142o to w okresie mi\u0119dzy 22 wrze\u015bnia 1929 a 30 marca 1930 roku. Wcze\u015bniej, bo 7 sierpnia 1927 roku, w premierowym sezonie ligowym w Polsce, bramkarz \u201eZielonych\u201d obroni\u0142 strza\u0142 z rzutu karnego wykonywanego przez\u2026 golkipera Legii Warszawa, Wac\u0142awa Adamowicza. By\u0142 to pierwszy tego typu przypadek w historii polskiej ligi. Warta wygra\u0142a 8:1.<\/p>\n<p>Jak na czo\u0142owego bramkarza w kraju przysta\u0142o, Marian Fontowicz w latach 1930-35 wyst\u0105pi\u0142 13 razy w reprezentacji Polski (5 z tych spotka\u0144 uznano p\u00f3\u017aniej za nieoficjalne). W 1936 roku, a wi\u0119c u schy\u0142ku kariery, bramkarz Warty Pozna\u0144 zosta\u0142 obj\u0119ty programem przygotowa\u0144 do Igrzysk Olimpijskich, ale do Berlina nie pojecha\u0142, w przeciwie\u0144stwie do Fryderyka Scherfke, asa ofensywnego \u201eZielonych\u201d.<\/p>\n<p>Marian Fontowicz walczy\u0142 w kampanii wrze\u015bniowej 1939 roku, trafi\u0142 do niemieckiej niewoli, z kt\u00f3rej wyswobodzi\u0142 go kolega z boiska, Fryderyk Scherfke.<\/p>\n<p><em>fot. Narodowe Archiwum Cyfrowe<\/em><\/p>\n","protected":false},"excerpt":{"rendered":"<p>MARIAN FONTOWICZ ur. 13.07.1907 \u2013 zm. 20.11.1988 Pi\u0142karz Warty Pozna\u0144, mistrz Polski z 1929 roku, reprezentant Polski. W mistrzowskim sezonie&#8230;<\/p>\n","protected":false},"author":36,"featured_media":0,"parent":28290,"menu_order":0,"comment_status":"closed","ping_status":"closed","template":"","meta":{"om_disable_all_campaigns":false,"inline_featured_image":false,"footnotes":"","_links_to":"","_links_to_target":""},"categories":[],"tags":[],"aioseo_notices":[],"_links":{"self":[{"href":"https:\/\/wartapoznan.pl\/index.php\/wp-json\/wp\/v2\/pages\/28306"}],"collection":[{"href":"https:\/\/wartapoznan.pl\/index.php\/wp-json\/wp\/v2\/pages"}],"about":[{"href":"https:\/\/wartapoznan.pl\/index.php\/wp-json\/wp\/v2\/types\/page"}],"author":[{"embeddable":true,"href":"https:\/\/wartapoznan.pl\/index.php\/wp-json\/wp\/v2\/users\/36"}],"replies":[{"embeddable":true,"href":"https:\/\/wartapoznan.pl\/index.php\/wp-json\/wp\/v2\/comments?post=28306"}],"version-history":[{"count":4,"href":"https:\/\/wartapoznan.pl\/index.php\/wp-json\/wp\/v2\/pages\/28306\/revisions"}],"predecessor-version":[{"id":30211,"href":"https:\/\/wartapoznan.pl\/index.php\/wp-json\/wp\/v2\/pages\/28306\/revisions\/30211"}],"up":[{"embeddable":true,"href":"https:\/\/wartapoznan.pl\/index.php\/wp-json\/wp\/v2\/pages\/28290"}],"wp:attachment":[{"href":"https:\/\/wartapoznan.pl\/index.php\/wp-json\/wp\/v2\/media?parent=28306"}],"wp:term":[{"taxonomy":"category","embeddable":true,"href":"https:\/\/wartapoznan.pl\/index.php\/wp-json\/wp\/v2\/categories?post=28306"},{"taxonomy":"post_tag","embeddable":true,"href":"https:\/\/wartapoznan.pl\/index.php\/wp-json\/wp\/v2\/tags?post=28306"}],"curies":[{"name":"wp","href":"https:\/\/api.w.org\/{rel}","templated":true}]}}