{"id":28312,"date":"2024-01-10T17:20:14","date_gmt":"2024-01-10T16:20:14","guid":{"rendered":"https:\/\/wartapoznan.pl\/?page_id=28312"},"modified":"2024-06-14T13:08:15","modified_gmt":"2024-06-14T11:08:15","slug":"witold-przykucki","status":"publish","type":"page","link":"https:\/\/wartapoznan.pl\/index.php\/aleja-warciarzy\/witold-przykucki\/","title":{"rendered":"Witold Przykucki"},"content":{"rendered":"<p><strong>WITOLD PRZYKUCKI<\/strong><\/p>\n<p><strong>ur. 04.03.1907 \u2013\u00a0 zm. 14.05.1940<\/strong><\/p>\n<p><img loading=\"lazy\" decoding=\"async\" width=\"1500\" height=\"1000\" class=\"alignnone  wp-image-30225\" src=\"https:\/\/wartapoznan.pl\/wp-content\/uploads\/2024\/06\/Przykucki_NAC.jpg\" alt=\"Witold Przykucki - fot. Narodowe Archiwum Cyfrowe\" srcset=\"https:\/\/wartapoznan.pl\/wp-content\/uploads\/2024\/06\/Przykucki_NAC.jpg 1500w, https:\/\/wartapoznan.pl\/wp-content\/uploads\/2024\/06\/Przykucki_NAC-300x200.jpg 300w, https:\/\/wartapoznan.pl\/wp-content\/uploads\/2024\/06\/Przykucki_NAC-128x85.jpg 128w, https:\/\/wartapoznan.pl\/wp-content\/uploads\/2024\/06\/Przykucki_NAC-32x21.jpg 32w\" sizes=\"(max-width: 1500px) 100vw, 1500px\" \/><\/p>\n<p>Pi\u0142karz Warty Pozna\u0144, mistrz Polski z 1929 roku. W mistrzowskim sezonie: 22 mecze. Reprezentant Polski<\/p>\n<p>Rodowity poznaniak, zwi\u0105zany z Wart\u0105 przez ca\u0142\u0105 swoj\u0105 karier\u0119 \u2013 w latach 1924-1935. Rozegra\u0142 w tym czasie 184 ligowe mecze. Na boisku wyst\u0119powa\u0142 jako lewy pomocnik.<\/p>\n<p>Ma na koncie jeden mecz w reprezentacji Polski. Zagra\u0142 bowiem przez ostatni kwadrans w wyjazdowym pojedynku z Czechos\u0142owacj\u0105 w Pradze (3:2 dla gospodarzy) w pa\u017adzierniku 1928 roku.<\/p>\n<p><em>fot. Narodowe Archiwum Cyfrowe<\/em><\/p>\n","protected":false},"excerpt":{"rendered":"<p>WITOLD PRZYKUCKI ur. 04.03.1907 \u2013\u00a0 zm. 14.05.1940 Pi\u0142karz Warty Pozna\u0144, mistrz Polski z 1929 roku. W mistrzowskim sezonie: 22 mecze&#8230;.<\/p>\n","protected":false},"author":36,"featured_media":0,"parent":28290,"menu_order":0,"comment_status":"closed","ping_status":"closed","template":"","meta":{"om_disable_all_campaigns":false,"inline_featured_image":false,"footnotes":"","_links_to":"","_links_to_target":""},"categories":[],"tags":[],"aioseo_notices":[],"_links":{"self":[{"href":"https:\/\/wartapoznan.pl\/index.php\/wp-json\/wp\/v2\/pages\/28312"}],"collection":[{"href":"https:\/\/wartapoznan.pl\/index.php\/wp-json\/wp\/v2\/pages"}],"about":[{"href":"https:\/\/wartapoznan.pl\/index.php\/wp-json\/wp\/v2\/types\/page"}],"author":[{"embeddable":true,"href":"https:\/\/wartapoznan.pl\/index.php\/wp-json\/wp\/v2\/users\/36"}],"replies":[{"embeddable":true,"href":"https:\/\/wartapoznan.pl\/index.php\/wp-json\/wp\/v2\/comments?post=28312"}],"version-history":[{"count":3,"href":"https:\/\/wartapoznan.pl\/index.php\/wp-json\/wp\/v2\/pages\/28312\/revisions"}],"predecessor-version":[{"id":30226,"href":"https:\/\/wartapoznan.pl\/index.php\/wp-json\/wp\/v2\/pages\/28312\/revisions\/30226"}],"up":[{"embeddable":true,"href":"https:\/\/wartapoznan.pl\/index.php\/wp-json\/wp\/v2\/pages\/28290"}],"wp:attachment":[{"href":"https:\/\/wartapoznan.pl\/index.php\/wp-json\/wp\/v2\/media?parent=28312"}],"wp:term":[{"taxonomy":"category","embeddable":true,"href":"https:\/\/wartapoznan.pl\/index.php\/wp-json\/wp\/v2\/categories?post=28312"},{"taxonomy":"post_tag","embeddable":true,"href":"https:\/\/wartapoznan.pl\/index.php\/wp-json\/wp\/v2\/tags?post=28312"}],"curies":[{"name":"wp","href":"https:\/\/api.w.org\/{rel}","templated":true}]}}