{"id":28314,"date":"2024-01-10T17:24:38","date_gmt":"2024-01-10T16:24:38","guid":{"rendered":"https:\/\/wartapoznan.pl\/?page_id=28314"},"modified":"2024-06-14T12:44:45","modified_gmt":"2024-06-14T10:44:45","slug":"jan-wojciechowski","status":"publish","type":"page","link":"https:\/\/wartapoznan.pl\/index.php\/aleja-warciarzy\/jan-wojciechowski\/","title":{"rendered":"Jan Wojciechowski"},"content":{"rendered":"<p><strong>JAN WOJCIECHOWSKI<\/strong><\/p>\n<p><strong>ur. 7.10.1904 \u2013 zm. 23.4.1986<\/strong><\/p>\n<p><img loading=\"lazy\" decoding=\"async\" width=\"1500\" height=\"1000\" class=\"alignnone  wp-image-30193\" src=\"https:\/\/wartapoznan.pl\/wp-content\/uploads\/2024\/06\/Wojciechowski_NAC.jpg\" alt=\"Jan Wojciechowski - fot. Narodowe Archiwum Cyfrowe\" srcset=\"https:\/\/wartapoznan.pl\/wp-content\/uploads\/2024\/06\/Wojciechowski_NAC.jpg 1500w, https:\/\/wartapoznan.pl\/wp-content\/uploads\/2024\/06\/Wojciechowski_NAC-300x200.jpg 300w, https:\/\/wartapoznan.pl\/wp-content\/uploads\/2024\/06\/Wojciechowski_NAC-128x85.jpg 128w, https:\/\/wartapoznan.pl\/wp-content\/uploads\/2024\/06\/Wojciechowski_NAC-32x21.jpg 32w\" sizes=\"(max-width: 1500px) 100vw, 1500px\" \/><\/p>\n<p>Pi\u0142karz Warty Pozna\u0144, mistrz Polski z 1929 roku. W mistrzowskim sezonie: 24 wyst\u0119py i 2 gole. Reprezentant Polski<\/p>\n<p>Pochodzi\u0142 z Czarnotek, ko\u0142o Zaniemy\u015bla. Ca\u0142\u0105 swoj\u0105 pi\u0142karsk\u0105 karier\u0119 sp\u0119dzi\u0142 w Warcie Pozna\u0144, dla kt\u00f3rej rozegra\u0142 148 spotka\u0144 w latach 1924-1934. W sezonie 1929, w kt\u00f3rym \u201eZieloni\u201d si\u0119gn\u0119li po sw\u00f3j pierwszy tytu\u0142 najlepszej dru\u017cyny w kraju, jako jedyny zawodnik z pola wyst\u0105pi\u0142 we wszystkich 24 meczach. Obok niego takim osi\u0105gni\u0119ciem mo\u017ce si\u0119 pochwali\u0107 tylko bramkarz mistrzowskiej Warty, Marian Fontowicz.<\/p>\n<p>By\u0142 pomocnikiem, ma na koncie dwa wyst\u0119py w reprezentacji narodowej \u2013 1928 roku przeciwko Czechos\u0142owacji w Pradze i dwa lata p\u00f3\u017aniej w Warszawie, w pojedynku z \u0141otw\u0105. Zagra\u0142 te\u017c w trzech innych pojedynkach z or\u0142em na piersi, ale dzi\u015b s\u0105 one uznawane za mecze nieoficjalne.<\/p>\n<p><em>fot. Narodowe Archiwum Cyfrowe<\/em><\/p>\n","protected":false},"excerpt":{"rendered":"<p>JAN WOJCIECHOWSKI ur. 7.10.1904 \u2013 zm. 23.4.1986 Pi\u0142karz Warty Pozna\u0144, mistrz Polski z 1929 roku. W mistrzowskim sezonie: 24 wyst\u0119py&#8230;<\/p>\n","protected":false},"author":36,"featured_media":0,"parent":28290,"menu_order":0,"comment_status":"closed","ping_status":"closed","template":"","meta":{"om_disable_all_campaigns":false,"inline_featured_image":false,"footnotes":"","_links_to":"","_links_to_target":""},"categories":[],"tags":[],"aioseo_notices":[],"_links":{"self":[{"href":"https:\/\/wartapoznan.pl\/index.php\/wp-json\/wp\/v2\/pages\/28314"}],"collection":[{"href":"https:\/\/wartapoznan.pl\/index.php\/wp-json\/wp\/v2\/pages"}],"about":[{"href":"https:\/\/wartapoznan.pl\/index.php\/wp-json\/wp\/v2\/types\/page"}],"author":[{"embeddable":true,"href":"https:\/\/wartapoznan.pl\/index.php\/wp-json\/wp\/v2\/users\/36"}],"replies":[{"embeddable":true,"href":"https:\/\/wartapoznan.pl\/index.php\/wp-json\/wp\/v2\/comments?post=28314"}],"version-history":[{"count":4,"href":"https:\/\/wartapoznan.pl\/index.php\/wp-json\/wp\/v2\/pages\/28314\/revisions"}],"predecessor-version":[{"id":30195,"href":"https:\/\/wartapoznan.pl\/index.php\/wp-json\/wp\/v2\/pages\/28314\/revisions\/30195"}],"up":[{"embeddable":true,"href":"https:\/\/wartapoznan.pl\/index.php\/wp-json\/wp\/v2\/pages\/28290"}],"wp:attachment":[{"href":"https:\/\/wartapoznan.pl\/index.php\/wp-json\/wp\/v2\/media?parent=28314"}],"wp:term":[{"taxonomy":"category","embeddable":true,"href":"https:\/\/wartapoznan.pl\/index.php\/wp-json\/wp\/v2\/categories?post=28314"},{"taxonomy":"post_tag","embeddable":true,"href":"https:\/\/wartapoznan.pl\/index.php\/wp-json\/wp\/v2\/tags?post=28314"}],"curies":[{"name":"wp","href":"https:\/\/api.w.org\/{rel}","templated":true}]}}