{"id":28316,"date":"2024-01-10T17:27:30","date_gmt":"2024-01-10T16:27:30","guid":{"rendered":"https:\/\/wartapoznan.pl\/?page_id=28316"},"modified":"2024-06-14T12:42:27","modified_gmt":"2024-06-14T10:42:27","slug":"henryk-nowicki","status":"publish","type":"page","link":"https:\/\/wartapoznan.pl\/index.php\/aleja-warciarzy\/henryk-nowicki\/","title":{"rendered":"Henryk Nowicki"},"content":{"rendered":"<p><strong>HENRYK NOWICKI<\/strong><\/p>\n<p><strong>ur. 23.11.1905 \u2013 zm. 08.1945<\/strong><\/p>\n<p><img loading=\"lazy\" decoding=\"async\" width=\"2560\" height=\"1950\" class=\"alignnone  wp-image-30191\" src=\"https:\/\/wartapoznan.pl\/wp-content\/uploads\/2024\/06\/zdjecie-grupowe-2-scaled.jpg\" alt=\"Henryk Nowicki - pi\u0142karz Warty Pozna\u0144\" srcset=\"https:\/\/wartapoznan.pl\/wp-content\/uploads\/2024\/06\/zdjecie-grupowe-2-scaled.jpg 2560w, https:\/\/wartapoznan.pl\/wp-content\/uploads\/2024\/06\/zdjecie-grupowe-2-1536x1170.jpg 1536w, https:\/\/wartapoznan.pl\/wp-content\/uploads\/2024\/06\/zdjecie-grupowe-2-2048x1560.jpg 2048w, https:\/\/wartapoznan.pl\/wp-content\/uploads\/2024\/06\/zdjecie-grupowe-2-300x229.jpg 300w, https:\/\/wartapoznan.pl\/wp-content\/uploads\/2024\/06\/zdjecie-grupowe-2-128x97.jpg 128w, https:\/\/wartapoznan.pl\/wp-content\/uploads\/2024\/06\/zdjecie-grupowe-2-32x24.jpg 32w\" sizes=\"(max-width: 2560px) 100vw, 2560px\" \/><\/p>\n<p><em>Na zdj\u0119ciu: pierwszy z prawej. Fot. archiwum Klubu.<\/em><\/p>\n<p>Pi\u0142karz Warty Pozna\u0144, mistrz Polski z 1929 roku. W mistrzowskim sezonie: 7 wyst\u0119p\u00f3w.<\/p>\n<p>Wychowanek Stelli Gniezno gra\u0142 jako prawy obro\u0144ca, ale by\u0142 te\u017c wykorzystywany na boisku w roli prawego pomocnika. W mistrzowskim dla Warty Pozna\u0144 roku 1929 zacz\u0105\u0142 si\u0119 pojawia\u0107 w sk\u0142adzie dopiero w drugiej cz\u0119\u015bci sezonu, by na finiszu sta\u0107 si\u0119 podstawowym graczem.<\/p>\n<p><em>\u201eZjawi\u0142 si\u0119 na widowni ligowej dopiero w ostatniej serii rozgrywek. W pi\u0119ciu jednak grach, w kt\u00f3rych bra\u0142 on udzia\u0142, zaprezentowa\u0142 si\u0119 jako gracz maj\u0105cy pe\u0142ne dane zar\u00f3wno fizyczne, jak i techniczne do godnego zast\u0105pienia \u015amiglaka&#8221; \u2013 <\/em>tak Henryka Nowickiego opisa\u0142 dziennikarz \u201ePrzegl\u0105du Sportowego\u201d w podsumowaniu sezonu 1929.<\/p>\n","protected":false},"excerpt":{"rendered":"<p>HENRYK NOWICKI ur. 23.11.1905 \u2013 zm. 08.1945 Na zdj\u0119ciu: pierwszy z prawej. Fot. archiwum Klubu. Pi\u0142karz Warty Pozna\u0144, mistrz Polski&#8230;<\/p>\n","protected":false},"author":36,"featured_media":0,"parent":28290,"menu_order":0,"comment_status":"closed","ping_status":"closed","template":"","meta":{"om_disable_all_campaigns":false,"inline_featured_image":false,"footnotes":"","_links_to":"","_links_to_target":""},"categories":[],"tags":[],"aioseo_notices":[],"_links":{"self":[{"href":"https:\/\/wartapoznan.pl\/index.php\/wp-json\/wp\/v2\/pages\/28316"}],"collection":[{"href":"https:\/\/wartapoznan.pl\/index.php\/wp-json\/wp\/v2\/pages"}],"about":[{"href":"https:\/\/wartapoznan.pl\/index.php\/wp-json\/wp\/v2\/types\/page"}],"author":[{"embeddable":true,"href":"https:\/\/wartapoznan.pl\/index.php\/wp-json\/wp\/v2\/users\/36"}],"replies":[{"embeddable":true,"href":"https:\/\/wartapoznan.pl\/index.php\/wp-json\/wp\/v2\/comments?post=28316"}],"version-history":[{"count":4,"href":"https:\/\/wartapoznan.pl\/index.php\/wp-json\/wp\/v2\/pages\/28316\/revisions"}],"predecessor-version":[{"id":30192,"href":"https:\/\/wartapoznan.pl\/index.php\/wp-json\/wp\/v2\/pages\/28316\/revisions\/30192"}],"up":[{"embeddable":true,"href":"https:\/\/wartapoznan.pl\/index.php\/wp-json\/wp\/v2\/pages\/28290"}],"wp:attachment":[{"href":"https:\/\/wartapoznan.pl\/index.php\/wp-json\/wp\/v2\/media?parent=28316"}],"wp:term":[{"taxonomy":"category","embeddable":true,"href":"https:\/\/wartapoznan.pl\/index.php\/wp-json\/wp\/v2\/categories?post=28316"},{"taxonomy":"post_tag","embeddable":true,"href":"https:\/\/wartapoznan.pl\/index.php\/wp-json\/wp\/v2\/tags?post=28316"}],"curies":[{"name":"wp","href":"https:\/\/api.w.org\/{rel}","templated":true}]}}