{"id":28320,"date":"2024-01-10T17:29:32","date_gmt":"2024-01-10T16:29:32","guid":{"rendered":"https:\/\/wartapoznan.pl\/?page_id=28320"},"modified":"2024-06-14T12:16:00","modified_gmt":"2024-06-14T10:16:00","slug":"edmund-rochowicz","status":"publish","type":"page","link":"https:\/\/wartapoznan.pl\/index.php\/aleja-warciarzy\/edmund-rochowicz\/","title":{"rendered":"Edmund Rochowicz"},"content":{"rendered":"<p><strong>EDMUND ROCHOWICZ<\/strong><\/p>\n<p><strong>ur. 28.02.1907 \u2013 zm. 18.11.2008<\/strong><\/p>\n<p><img loading=\"lazy\" decoding=\"async\" width=\"140\" height=\"160\" class=\"alignnone size-full wp-image-30182\" src=\"https:\/\/wartapoznan.pl\/wp-content\/uploads\/2024\/06\/Edmund-Rochowicz.jpg\" alt=\"Edmund Rochowicz - pi\u0142karz Warty Pozna\u0144\" srcset=\"https:\/\/wartapoznan.pl\/wp-content\/uploads\/2024\/06\/Edmund-Rochowicz.jpg 140w, https:\/\/wartapoznan.pl\/wp-content\/uploads\/2024\/06\/Edmund-Rochowicz-112x128.jpg 112w, https:\/\/wartapoznan.pl\/wp-content\/uploads\/2024\/06\/Edmund-Rochowicz-28x32.jpg 28w\" sizes=\"(max-width: 140px) 100vw, 140px\" \/><\/p>\n<p>Pi\u0142karz Warty Pozna\u0144, mistrz Polski z 1929 roku. W mistrzowskim sezonie: 15 wyst\u0119p\u00f3w i 1 gol.<\/p>\n<p>Urodzony w Bninie (dzi\u015b cz\u0119\u015b\u0107 K\u00f3rnika) napastnik reprezentowa\u0142 barwy Warty Pozna\u0144 w latach 1924-30. Co ciekawe, by\u0142 nie tylko pi\u0142karzem, ale tak\u017ce lekkoatlet\u0105. Biega\u0142 na \u015brednich i d\u0142ugich dystansach. Uprawianie sportu godzi\u0142 z prac\u0105 w banku Zwi\u0105zku Sp\u00f3\u0142dzielni Zarobkowych.<\/p>\n<p>W sierpniu 1929 roku Edmund Rochowicz strzeli\u0142 trzy gole w towarzyskim spotkaniu z Philipsem Eindhoven (5:2). Pojedynek na stadionie przy ul. Rolnej przeszed\u0142 do historii, jako pierwszy mecz pi\u0142karski w Polsce, z kt\u00f3rego zosta\u0142a przeprowadzona transmisja radiowa.<\/p>\n<p>W 1934 roku wyprowadzi\u0142 si\u0119 do \u017bnina, gdzie pracowa\u0142 w Banku Ludowym. Bra\u0142 udzia\u0142 w II wojnie \u015bwiatowej, a po jej zako\u0144czeniu mieszka\u0142 w Mi\u0144sku Mazowieckim, a nast\u0119pnie w Bydgoszczy, gdzie do\u017cy\u0142 imponuj\u0105cych 101 lat.<\/p>\n<p><em>fot. archiwum Klubu<\/em><\/p>\n","protected":false},"excerpt":{"rendered":"<p>EDMUND ROCHOWICZ ur. 28.02.1907 \u2013 zm. 18.11.2008 Pi\u0142karz Warty Pozna\u0144, mistrz Polski z 1929 roku. W mistrzowskim sezonie: 15 wyst\u0119p\u00f3w&#8230;<\/p>\n","protected":false},"author":36,"featured_media":0,"parent":28290,"menu_order":0,"comment_status":"closed","ping_status":"closed","template":"","meta":{"om_disable_all_campaigns":false,"inline_featured_image":false,"footnotes":"","_links_to":"","_links_to_target":""},"categories":[],"tags":[],"aioseo_notices":[],"_links":{"self":[{"href":"https:\/\/wartapoznan.pl\/index.php\/wp-json\/wp\/v2\/pages\/28320"}],"collection":[{"href":"https:\/\/wartapoznan.pl\/index.php\/wp-json\/wp\/v2\/pages"}],"about":[{"href":"https:\/\/wartapoznan.pl\/index.php\/wp-json\/wp\/v2\/types\/page"}],"author":[{"embeddable":true,"href":"https:\/\/wartapoznan.pl\/index.php\/wp-json\/wp\/v2\/users\/36"}],"replies":[{"embeddable":true,"href":"https:\/\/wartapoznan.pl\/index.php\/wp-json\/wp\/v2\/comments?post=28320"}],"version-history":[{"count":4,"href":"https:\/\/wartapoznan.pl\/index.php\/wp-json\/wp\/v2\/pages\/28320\/revisions"}],"predecessor-version":[{"id":30184,"href":"https:\/\/wartapoznan.pl\/index.php\/wp-json\/wp\/v2\/pages\/28320\/revisions\/30184"}],"up":[{"embeddable":true,"href":"https:\/\/wartapoznan.pl\/index.php\/wp-json\/wp\/v2\/pages\/28290"}],"wp:attachment":[{"href":"https:\/\/wartapoznan.pl\/index.php\/wp-json\/wp\/v2\/media?parent=28320"}],"wp:term":[{"taxonomy":"category","embeddable":true,"href":"https:\/\/wartapoznan.pl\/index.php\/wp-json\/wp\/v2\/categories?post=28320"},{"taxonomy":"post_tag","embeddable":true,"href":"https:\/\/wartapoznan.pl\/index.php\/wp-json\/wp\/v2\/tags?post=28320"}],"curies":[{"name":"wp","href":"https:\/\/api.w.org\/{rel}","templated":true}]}}