{"id":28322,"date":"2024-01-10T17:32:23","date_gmt":"2024-01-10T16:32:23","guid":{"rendered":"https:\/\/wartapoznan.pl\/?page_id=28322"},"modified":"2024-06-14T13:11:18","modified_gmt":"2024-06-14T11:11:18","slug":"wladyslaw-przybysz","status":"publish","type":"page","link":"https:\/\/wartapoznan.pl\/index.php\/aleja-warciarzy\/wladyslaw-przybysz\/","title":{"rendered":"W\u0142adys\u0142aw Przybysz"},"content":{"rendered":"<p><strong>W\u0141ADYS\u0141AW PRZYBYSZ<\/strong><\/p>\n<p><strong>ur. 26.05.1900 \u2013 zm. 31.12.1975<\/strong><\/p>\n<p><img loading=\"lazy\" decoding=\"async\" width=\"1500\" height=\"1000\" class=\"alignnone  wp-image-30227\" src=\"https:\/\/wartapoznan.pl\/wp-content\/uploads\/2024\/06\/Przybysz_trzeci_z_lewej_NAC.jpg\" alt=\"W\u0142adys\u0142aw Przybysz - pi\u0142karz Warty Pozna\u0144\" srcset=\"https:\/\/wartapoznan.pl\/wp-content\/uploads\/2024\/06\/Przybysz_trzeci_z_lewej_NAC.jpg 1500w, https:\/\/wartapoznan.pl\/wp-content\/uploads\/2024\/06\/Przybysz_trzeci_z_lewej_NAC-300x200.jpg 300w, https:\/\/wartapoznan.pl\/wp-content\/uploads\/2024\/06\/Przybysz_trzeci_z_lewej_NAC-128x85.jpg 128w, https:\/\/wartapoznan.pl\/wp-content\/uploads\/2024\/06\/Przybysz_trzeci_z_lewej_NAC-32x21.jpg 32w\" sizes=\"(max-width: 1500px) 100vw, 1500px\" \/><\/p>\n<p><em>Na zdj\u0119ciu: trzeci z lewej. Fot. Narodowe Archiwum Cyfrowe.<\/em><\/p>\n<p>Pi\u0142karz Warty Pozna\u0144, mistrz Polski z 1929 roku. W mistrzowskim sezonie: 20 wyst\u0119p\u00f3w i 22 zdobyte bramki! Reprezentant Polski. P\u00f3\u017aniej trener i s\u0119dzia pi\u0142karski.<\/p>\n<p>Jeden z najbardziej do\u015bwiadczonych pi\u0142karzy Warty Pozna\u0144 z sezonu 1929, w kt\u00f3rym zdoby\u0142a ona pierwsze w historii klubu mistrzostwo Polski. Urodzony w Inowroc\u0142awiu pi\u0142karz, kt\u00f3ry przed przyj\u015bciem do \u201eZielonych\u201d (1922) wyst\u0119powa\u0142 w Posnanii, strzeli\u0142 w mistrzowskim sezonie a\u017c 22 gole i zosta\u0142 wicekr\u00f3lem strzelc\u00f3w ligi. Wi\u0119cej trafie\u0144 \u2013 24 \u2013 mia\u0142 w\u00f3wczas tylko Roch Nastula z Czarnych Lw\u00f3w.<\/p>\n<p>W\u0142adys\u0142aw Przybysz by\u0142 ofensywnym zawodnikiem, wyst\u0119powa\u0142 na pozycji lewego \u0142\u0105cznika. Wyr\u00f3\u017cnia\u0142 si\u0119 dynamik\u0105, waleczno\u015bci\u0105, umiej\u0119tno\u015bci\u0105 dryblowania, szybko\u015bci\u0105 i skoczno\u015bci\u0105, a tak\u017ce skuteczno\u015bci\u0105 w pojedynkach g\u0142\u00f3wkowych. W podsumowaniu sezonu na \u0142amach \u201ePrzegl\u0105du Sportowego\u201d pojawia si\u0119 taki opis pozna\u0144skiego snajpera: <em>\u201ePrzybysz, jeden z najstarszych graczy Warty i reprezentacyjny napastnik Polski, wnosi do napadu dru\u017cyny pozna\u0144skiej pierwiastek wielkich umiej\u0119tno\u015bci po\u0142\u0105czonych z kolosaln\u0105 doz\u0105 rutyny. W obecnem stadium rozwoju Warty Przybysz jest niew\u0105tpliwie jej bardzo istotn\u0105 cz\u0119\u015bci\u0105 sk\u0142adow\u0105, kt\u00f3rej brak da\u0142by si\u0119 bardzo bole\u015bnie odczu\u0107. W miar\u0119 szybki, dobry technicznie, spokojny, posiada on cechy charakterystyczne dla starych wyjadaczy boiskowych &#8211; potrafi robi\u0107 bramki&#8221;.<\/em><\/p>\n<p>Wsp\u00f3lnie z Wawrzy\u0144cem Stali\u0144skim tworzy\u0142 niezwykle gro\u017any duet snajper\u00f3w, szanowany w ca\u0142ej Polsce lat 20. Opr\u00f3cz tytu\u0142u z 1929 roku ma na koncie tak\u017ce trzy wicemistrzostwa (1922, 1925 i 1928) oraz dwa sezony zako\u0144czone z Wart\u0105 Pozna\u0144 na trzecim miejscu w kraju (1926, 1927). Dla \u201eZielonych zdoby\u0142 85 bramek (z czego a\u017c 71 w rozgrywkach ligowych) w 118 meczach, w latach 1922-1930.<\/p>\n<p>W lipcu 1928 roku W\u0142adys\u0142aw Przybysz wyst\u0105pi\u0142 w towarzyskim meczu Polski ze Szwecj\u0105 (2:1 w Katowicach) i by\u0142 to jego jedyny mecz w reprezentacji.<\/p>\n<p>Po wyje\u017adzie z Poznania trafi\u0142 do Bydgoszczy, gdzie pracowa\u0142 jako agent ubezpieczeniowy. W 1933 roku zosta\u0142 zawodnikiem i graj\u0105cym trenerem Polonii Bydgoszcz, z kt\u00f3r\u0105 awansowa\u0142 do fina\u0142\u00f3w rywalizacji o awans do Ekstraklasy. W latach 1948-1952 by\u0142 s\u0119dzi\u0105 ligowym.<\/p>\n","protected":false},"excerpt":{"rendered":"<p>W\u0141ADYS\u0141AW PRZYBYSZ ur. 26.05.1900 \u2013 zm. 31.12.1975 Na zdj\u0119ciu: trzeci z lewej. Fot. Narodowe Archiwum Cyfrowe. Pi\u0142karz Warty Pozna\u0144, mistrz&#8230;<\/p>\n","protected":false},"author":36,"featured_media":0,"parent":28290,"menu_order":0,"comment_status":"closed","ping_status":"closed","template":"","meta":{"om_disable_all_campaigns":false,"inline_featured_image":false,"footnotes":"","_links_to":"","_links_to_target":""},"categories":[],"tags":[],"aioseo_notices":[],"_links":{"self":[{"href":"https:\/\/wartapoznan.pl\/index.php\/wp-json\/wp\/v2\/pages\/28322"}],"collection":[{"href":"https:\/\/wartapoznan.pl\/index.php\/wp-json\/wp\/v2\/pages"}],"about":[{"href":"https:\/\/wartapoznan.pl\/index.php\/wp-json\/wp\/v2\/types\/page"}],"author":[{"embeddable":true,"href":"https:\/\/wartapoznan.pl\/index.php\/wp-json\/wp\/v2\/users\/36"}],"replies":[{"embeddable":true,"href":"https:\/\/wartapoznan.pl\/index.php\/wp-json\/wp\/v2\/comments?post=28322"}],"version-history":[{"count":4,"href":"https:\/\/wartapoznan.pl\/index.php\/wp-json\/wp\/v2\/pages\/28322\/revisions"}],"predecessor-version":[{"id":30229,"href":"https:\/\/wartapoznan.pl\/index.php\/wp-json\/wp\/v2\/pages\/28322\/revisions\/30229"}],"up":[{"embeddable":true,"href":"https:\/\/wartapoznan.pl\/index.php\/wp-json\/wp\/v2\/pages\/28290"}],"wp:attachment":[{"href":"https:\/\/wartapoznan.pl\/index.php\/wp-json\/wp\/v2\/media?parent=28322"}],"wp:term":[{"taxonomy":"category","embeddable":true,"href":"https:\/\/wartapoznan.pl\/index.php\/wp-json\/wp\/v2\/categories?post=28322"},{"taxonomy":"post_tag","embeddable":true,"href":"https:\/\/wartapoznan.pl\/index.php\/wp-json\/wp\/v2\/tags?post=28322"}],"curies":[{"name":"wp","href":"https:\/\/api.w.org\/{rel}","templated":true}]}}