{"id":28326,"date":"2024-01-10T17:35:29","date_gmt":"2024-01-10T16:35:29","guid":{"rendered":"https:\/\/wartapoznan.pl\/?page_id=28326"},"modified":"2024-06-14T13:06:55","modified_gmt":"2024-06-14T11:06:55","slug":"wawrzyniec-stalinski","status":"publish","type":"page","link":"https:\/\/wartapoznan.pl\/index.php\/aleja-warciarzy\/wawrzyniec-stalinski\/","title":{"rendered":"Wawrzyniec Stali\u0144ski"},"content":{"rendered":"<p><strong>WAWRZYNIEC STALI\u0143SKI<\/strong><\/p>\n<p><strong>ur. 28.07.1899 \u2013 zm. 03.06.1985<\/strong><\/p>\n<p><img loading=\"lazy\" decoding=\"async\" width=\"1500\" height=\"1000\" class=\"alignnone  wp-image-30223\" src=\"https:\/\/wartapoznan.pl\/wp-content\/uploads\/2024\/06\/Stalinski_NAC.jpg\" alt=\"Wawrzyniec Stali\u0144ski - fot. Narodowe Archiwum Cyfrowe\" srcset=\"https:\/\/wartapoznan.pl\/wp-content\/uploads\/2024\/06\/Stalinski_NAC.jpg 1500w, https:\/\/wartapoznan.pl\/wp-content\/uploads\/2024\/06\/Stalinski_NAC-300x200.jpg 300w, https:\/\/wartapoznan.pl\/wp-content\/uploads\/2024\/06\/Stalinski_NAC-128x85.jpg 128w, https:\/\/wartapoznan.pl\/wp-content\/uploads\/2024\/06\/Stalinski_NAC-32x21.jpg 32w\" sizes=\"(max-width: 1500px) 100vw, 1500px\" \/><\/p>\n<p>Pi\u0142karz Warty Pozna\u0144, mistrz Polski z 1929 roku. W mistrzowskim sezonie: 15 wyst\u0119p\u00f3w i 4 gole. Reprezentant Polski. Legenda \u201eZielonych\u201d.<\/p>\n<p>Wawrzyniec Stali\u0144ski jest uwa\u017cany za najwybitniejszego pozna\u0144skiego pi\u0142karza w okresie mi\u0119dzywojennym. Na pewno by\u0142 jednym z najlepszych snajper\u00f3w na pi\u0142karskich boiskach w latach 20. w Polsce.<\/p>\n<p>Urodzi\u0142 si\u0119 w 1899 roku na Wildzie, kt\u00f3ra by\u0142a w\u00f3wczas podpozna\u0144sk\u0105 wsi\u0105. Czynnym zawodnikiem by\u0142 ju\u017c jako nastolatek i pod koniec drugiej dekady XX wieku mia\u0142 ju\u017c na koncie gr\u0119 w dw\u00f3ch klubach: Sparcie Pozna\u0144 i Posnanii. Z tej drugiej dru\u017cyny trafi\u0142 w 1919 roku do \u201eZielonych\u201d. Mia\u0142 w\u00f3wczas 20 lat i wi\u0105za\u0142 si\u0119 z klubem, w kt\u00f3rym sp\u0119dzi\u0142 reszt\u0119 sportowej kariery. Wyst\u0105pi\u0142 w 374 meczach, z czego co najmniej 84 w Ekstraklasie.<\/p>\n<p>Zanim powsta\u0142a liga pi\u0142karska w Polsce (1927 rok) medalist\u00f3w mistrzostw kraju wy\u0142aniano na drodze lokalnych eliminacji i og\u00f3lnopolskich fina\u0142\u00f3w. Wawrzyniec Stali\u0144ski mia\u0142 w tym okresie najwi\u0119cej rozegranych mecz\u00f3w i najwi\u0119cej strzelonych goli spo\u015br\u00f3d wszystkich \u201eWarciarzy\u201d. Mia\u0142 ogromny udzia\u0142 w zdobyciu wicemistrzostwa Polski w 1922 i 1925 roku oraz dwukrotnie br\u0105zowych medali.<\/p>\n<p>Gdy nasta\u0142y czasy ligi, to w\u0142a\u015bnie Wawrzyniec Stali\u0144ski zdoby\u0142 pierwsz\u0105 bramk\u0119 dla poznaniak\u00f3w (mecz z \u0141KS \u0141\u00f3d\u017a z 10 kwietnia 1927 roku). Po si\u0119gni\u0119ciu po kolejne srebro (1928) i br\u0105z (1927) mia\u0142 m\u00f3g\u0142 wreszcie \u015bwi\u0119towa\u0107 pierwsze mistrzostwo w historii dla Warty Pozna\u0144.<\/p>\n<p>Tak snajpera \u201eZielonych\u201d opisuj\u0105 autorzy monografii \u201eHistoria wielkopolskiego futbolu\u201d: <em>\u201eCharakteryzowa\u0142 si\u0119 siln\u0105 budow\u0105 cia\u0142a, wielk\u0105 sprawno\u015bci\u0105 fizyczn\u0105, przebojowo\u015bci\u0105 i ofensywnym stylem gry. Perfekcyjnie opanowa\u0142 sztuk\u0119 zdobywania bramek. By\u0142 napastnikiem, kt\u00f3ry potrafi\u0142 zagra\u0107 na pozycji kierownika ataku, tak na \u0142\u0105czniku, jak i na pozycji skrzyd\u0142owego. To w du\u017cej mierze jego widowiskowa gra, \u015bci\u0105ga\u0142a t\u0142umy kibic\u00f3w na stadiony ca\u0142ej Polski\u201d.<\/em><\/p>\n<p>Do dzi\u015b jest rekordzist\u0105 Warty Pozna\u0144 pod wzgl\u0119dem liczby bramek w reprezentacji kraju \u2013 11 trafie\u0144 w 13 spotkaniach. Warto te\u017c podkre\u015bli\u0107, i\u017c Wawrzyniec Stali\u0144ski jest autorem pierwszego hat-tricka ustrzelonego przez reprezentanta Polski. W sierpniu 1926 roku na stadionie Warty przy ul. Rolnej strzeli\u0142 gole na 1:0, 4:1 i 5:1 w wygranym 7:1 meczu z Finlandi\u0105.<\/p>\n<p>\u201eJe\u015bli dzisiaj z perspektywy kilkunastu lat przebiegam w pami\u0119ci moje pierwsze boje w zawodach mi\u0119dzypa\u0144stwowych, to stwierdzi\u0107 musz\u0119, \u017ce droga wiod\u0105ca nas Warciarzy do kariery reprezentant\u00f3w kraju nie by\u0142a bynajmniej \u0142atw\u0105 do przebycia. Trzeba by\u0142o rzetelnego wysi\u0142ku, samozaparcia i opanowania nerwowego aby jednym nieudanym wyst\u0119pem nie straci\u0107 bezpowrotnie uzyskanej ju\u017c pozycji. Byli\u015bmy przecie\u017c w obliczu hegemonii stolic pi\u0142karskich Polski &#8211; Krakowa i Lwowa z ich mn\u00f3stwem uznawanych wielko\u015bci pi\u0142karskich &#8211; tylko&#8230; pi\u0142karzami prowincjonalnymi. Ale \u00f3wczesna dobra postawa sportowa ca\u0142ej naszej I dru\u017cyny, kt\u00f3ra zyskiwa\u0142a sobie nale\u017cne uznanie wszystkich boisk Polski oraz d\u0142ugoletnia pozycja wicemistrza Polski nie pozwala\u0142y trzyma\u0107 nas w cieniu, a przeciwnie zwraca\u0142y uwag\u0119 czynnik\u00f3w kieruj\u0105cych pi\u0142karstwem na nasze mo\u017cliwo\u015bci sportowe\u201d \u2013 pisa\u0142 w swoich wspomnieniach as Warty Pozna\u0144.<\/p>\n<p>Za swoje osi\u0105gni\u0119cia sportowe Wawrzyniec Stali\u0144ski zosta\u0142 w 1931 roku odznaczony Srebrnym Krzy\u017cem Zas\u0142ugi przez premiera Walerego S\u0142awka.<\/p>\n<p>Po zako\u0144czeniu kariery pi\u0142karskiej napastnik \u201eZielonych\u201d zosta\u0142 s\u0119dzi\u0105 pi\u0142karskim i do 1939 roku poprowadzi\u0142 \u0142\u0105cznie 21 mecz\u00f3w Ekstraklasy.<\/p>\n<p><em>fot. Narodowe Archiwum Cyfrowe<\/em><\/p>\n","protected":false},"excerpt":{"rendered":"<p>WAWRZYNIEC STALI\u0143SKI ur. 28.07.1899 \u2013 zm. 03.06.1985 Pi\u0142karz Warty Pozna\u0144, mistrz Polski z 1929 roku. W mistrzowskim sezonie: 15 wyst\u0119p\u00f3w&#8230;<\/p>\n","protected":false},"author":36,"featured_media":0,"parent":28290,"menu_order":0,"comment_status":"closed","ping_status":"closed","template":"","meta":{"om_disable_all_campaigns":false,"inline_featured_image":false,"footnotes":"","_links_to":"","_links_to_target":""},"categories":[],"tags":[],"aioseo_notices":[],"_links":{"self":[{"href":"https:\/\/wartapoznan.pl\/index.php\/wp-json\/wp\/v2\/pages\/28326"}],"collection":[{"href":"https:\/\/wartapoznan.pl\/index.php\/wp-json\/wp\/v2\/pages"}],"about":[{"href":"https:\/\/wartapoznan.pl\/index.php\/wp-json\/wp\/v2\/types\/page"}],"author":[{"embeddable":true,"href":"https:\/\/wartapoznan.pl\/index.php\/wp-json\/wp\/v2\/users\/36"}],"replies":[{"embeddable":true,"href":"https:\/\/wartapoznan.pl\/index.php\/wp-json\/wp\/v2\/comments?post=28326"}],"version-history":[{"count":4,"href":"https:\/\/wartapoznan.pl\/index.php\/wp-json\/wp\/v2\/pages\/28326\/revisions"}],"predecessor-version":[{"id":30224,"href":"https:\/\/wartapoznan.pl\/index.php\/wp-json\/wp\/v2\/pages\/28326\/revisions\/30224"}],"up":[{"embeddable":true,"href":"https:\/\/wartapoznan.pl\/index.php\/wp-json\/wp\/v2\/pages\/28290"}],"wp:attachment":[{"href":"https:\/\/wartapoznan.pl\/index.php\/wp-json\/wp\/v2\/media?parent=28326"}],"wp:term":[{"taxonomy":"category","embeddable":true,"href":"https:\/\/wartapoznan.pl\/index.php\/wp-json\/wp\/v2\/categories?post=28326"},{"taxonomy":"post_tag","embeddable":true,"href":"https:\/\/wartapoznan.pl\/index.php\/wp-json\/wp\/v2\/tags?post=28326"}],"curies":[{"name":"wp","href":"https:\/\/api.w.org\/{rel}","templated":true}]}}