{"id":28328,"date":"2024-01-10T17:38:57","date_gmt":"2024-01-10T16:38:57","guid":{"rendered":"https:\/\/wartapoznan.pl\/?page_id=28328"},"modified":"2024-06-14T12:48:26","modified_gmt":"2024-06-14T10:48:26","slug":"leon-radojewski","status":"publish","type":"page","link":"https:\/\/wartapoznan.pl\/index.php\/aleja-warciarzy\/leon-radojewski\/","title":{"rendered":"Leon Radojewski"},"content":{"rendered":"<p><strong>LEON RADOJEWSKI<\/strong><\/p>\n<p><strong>ur. 29.01.1909 \u2013 zm. 02.04.1984<\/strong><\/p>\n<p><img loading=\"lazy\" decoding=\"async\" width=\"1500\" height=\"1000\" class=\"alignnone  wp-image-30199\" src=\"https:\/\/wartapoznan.pl\/wp-content\/uploads\/2024\/06\/Radojewski_NAC.jpg\" alt=\"Leon Radojewski - fot. Narodowe Archiwum Cyfrowe\" srcset=\"https:\/\/wartapoznan.pl\/wp-content\/uploads\/2024\/06\/Radojewski_NAC.jpg 1500w, https:\/\/wartapoznan.pl\/wp-content\/uploads\/2024\/06\/Radojewski_NAC-300x200.jpg 300w, https:\/\/wartapoznan.pl\/wp-content\/uploads\/2024\/06\/Radojewski_NAC-128x85.jpg 128w, https:\/\/wartapoznan.pl\/wp-content\/uploads\/2024\/06\/Radojewski_NAC-32x21.jpg 32w\" sizes=\"(max-width: 1500px) 100vw, 1500px\" \/><\/p>\n<p>Pi\u0142karz Warty Pozna\u0144, mistrz Polski z 1929 roku. W mistrzowskim sezonie: 23 wyst\u0119py i 3 zdobyte bramki.<\/p>\n<p>Urodzi\u0142 si\u0119 w niemieckim miasteczku Datteln, w Nadrenii P\u00f3\u0142nocnej-Westfalii. Karier\u0119 pi\u0142karsk\u0105 rozpocz\u0105\u0142 w wieku 14 lat w nieistniej\u0105cym ju\u017c dzi\u015b klubie pi\u0142karskim Unia Pozna\u0144. Dwa lata p\u00f3\u017aniej by\u0142 ju\u017c zawodnikiem Warty Pozna\u0144 (w latach 1925-26 u\u017cywa\u0142 nazwiska Ratajczak) i pozosta\u0142 wierny jej barwom a\u017c do 1935 roku. Ma na koncie 180 wyst\u0119p\u00f3w dla \u201eZielonych\u201d.<\/p>\n<p>Napastnik Warty Pozna\u0144 sw\u00f3j jedyny oficjalny wyst\u0119p w reprezentacji kraju uczci\u0142 golem \u2013 w pa\u017adzierniku 1932 roku pokona\u0142 bramkarza \u0141otwy w przedostatniej minucie i zapewni\u0142 Polsce wygran\u0105 2:1. <em>\u201ePatrzymy na zegar za dwie minuty koniec. Remis z \u0141otw\u0105, przecie\u017c to wstyd i wprost kl\u0119ska. Nasi jednak nie trac\u0105 animuszu: pracowity Wypijewski wywalcza zn\u00f3w pi\u0142k\u0119, weksluje do Kossoka, ten \u015ble j\u0105 do nieobstawionego Radojewskiego &#8211; przyci\u0119ty strza\u0142 z 12-tu metr\u00f3w w prawy r\u00f3g &#8211; pi\u0142ka trzepocze w siatce. Brawo, wygrali\u015bmy!&#8221;<\/em> \u2013 czytamy w sprawozdaniu z tego meczu, kt\u00f3re ukaza\u0142o si\u0119 na \u0142amach \u201ePrzegl\u0105du Sportowego\u201d.<\/p>\n<p><em>fot. Narodowe Archiwum Cyfrowe<\/em><\/p>\n","protected":false},"excerpt":{"rendered":"<p>LEON RADOJEWSKI ur. 29.01.1909 \u2013 zm. 02.04.1984 Pi\u0142karz Warty Pozna\u0144, mistrz Polski z 1929 roku. W mistrzowskim sezonie: 23 wyst\u0119py&#8230;<\/p>\n","protected":false},"author":36,"featured_media":0,"parent":28290,"menu_order":0,"comment_status":"closed","ping_status":"closed","template":"","meta":{"om_disable_all_campaigns":false,"inline_featured_image":false,"footnotes":"","_links_to":"","_links_to_target":""},"categories":[],"tags":[],"aioseo_notices":[],"_links":{"self":[{"href":"https:\/\/wartapoznan.pl\/index.php\/wp-json\/wp\/v2\/pages\/28328"}],"collection":[{"href":"https:\/\/wartapoznan.pl\/index.php\/wp-json\/wp\/v2\/pages"}],"about":[{"href":"https:\/\/wartapoznan.pl\/index.php\/wp-json\/wp\/v2\/types\/page"}],"author":[{"embeddable":true,"href":"https:\/\/wartapoznan.pl\/index.php\/wp-json\/wp\/v2\/users\/36"}],"replies":[{"embeddable":true,"href":"https:\/\/wartapoznan.pl\/index.php\/wp-json\/wp\/v2\/comments?post=28328"}],"version-history":[{"count":4,"href":"https:\/\/wartapoznan.pl\/index.php\/wp-json\/wp\/v2\/pages\/28328\/revisions"}],"predecessor-version":[{"id":30201,"href":"https:\/\/wartapoznan.pl\/index.php\/wp-json\/wp\/v2\/pages\/28328\/revisions\/30201"}],"up":[{"embeddable":true,"href":"https:\/\/wartapoznan.pl\/index.php\/wp-json\/wp\/v2\/pages\/28290"}],"wp:attachment":[{"href":"https:\/\/wartapoznan.pl\/index.php\/wp-json\/wp\/v2\/media?parent=28328"}],"wp:term":[{"taxonomy":"category","embeddable":true,"href":"https:\/\/wartapoznan.pl\/index.php\/wp-json\/wp\/v2\/categories?post=28328"},{"taxonomy":"post_tag","embeddable":true,"href":"https:\/\/wartapoznan.pl\/index.php\/wp-json\/wp\/v2\/tags?post=28328"}],"curies":[{"name":"wp","href":"https:\/\/api.w.org\/{rel}","templated":true}]}}