{"id":29441,"date":"2024-04-16T14:43:42","date_gmt":"2024-04-16T12:43:42","guid":{"rendered":"https:\/\/wartapoznan.pl\/?page_id=29441"},"modified":"2025-03-31T10:55:31","modified_gmt":"2025-03-31T08:55:31","slug":"wartopobrac","status":"publish","type":"page","link":"https:\/\/wartapoznan.pl\/index.php\/wartopobrac\/","title":{"rendered":"#WARTOpobra\u0107"},"content":{"rendered":"<p>[vc_row][vc_column][vc_empty_space][vc_column_text]<\/p>\n<h4>Kliknij w wybran\u0105 tapet\u0119 i po otwarciu w nowym okienku, pobierz j\u0105 na swoje urz\u0105dzenie!<\/h4>\n<p>[\/vc_column_text][vc_empty_space][\/vc_column][\/vc_row][vc_row][vc_column][vc_column_text]<\/p>\n<h3>WERSJA NA LAPTOPA<\/h3>\n<p>[\/vc_column_text][vc_gallery type=&#8221;image_grid&#8221; images=&#8221;29590,29589,29587&#8243; img_size=&#8221;320&#215;270&#8243; onclick=&#8221;img_link_large&#8221; custom_links_target=&#8221;_blank&#8221;][vc_empty_space height=&#8221;48px&#8221;][\/vc_column][\/vc_row][vc_row][vc_column][vc_column_text]<\/p>\n<h3>WERSJA NA SMARTFONA<\/h3>\n<p>[\/vc_column_text][vc_gallery type=&#8221;image_grid&#8221; images=&#8221;29588,29586,29585&#8243; img_size=&#8221;270&#215;320&#8243; onclick=&#8221;img_link_large&#8221; custom_links_target=&#8221;_blank&#8221;][\/vc_column][\/vc_row]<\/p>\n","protected":false},"excerpt":{"rendered":"<p>[vc_row][vc_column][vc_empty_space][vc_column_text] Kliknij w wybran\u0105 tapet\u0119 i po otwarciu w nowym okienku, pobierz j\u0105 na swoje urz\u0105dzenie! [\/vc_column_text][vc_empty_space][\/vc_column][\/vc_row][vc_row][vc_column][vc_column_text] WERSJA NA LAPTOPA&#8230;<\/p>\n","protected":false},"author":36,"featured_media":0,"parent":0,"menu_order":0,"comment_status":"closed","ping_status":"closed","template":"","meta":{"om_disable_all_campaigns":false,"inline_featured_image":false,"footnotes":"","_links_to":"","_links_to_target":""},"categories":[],"tags":[],"aioseo_notices":[],"_links":{"self":[{"href":"https:\/\/wartapoznan.pl\/index.php\/wp-json\/wp\/v2\/pages\/29441"}],"collection":[{"href":"https:\/\/wartapoznan.pl\/index.php\/wp-json\/wp\/v2\/pages"}],"about":[{"href":"https:\/\/wartapoznan.pl\/index.php\/wp-json\/wp\/v2\/types\/page"}],"author":[{"embeddable":true,"href":"https:\/\/wartapoznan.pl\/index.php\/wp-json\/wp\/v2\/users\/36"}],"replies":[{"embeddable":true,"href":"https:\/\/wartapoznan.pl\/index.php\/wp-json\/wp\/v2\/comments?post=29441"}],"version-history":[{"count":34,"href":"https:\/\/wartapoznan.pl\/index.php\/wp-json\/wp\/v2\/pages\/29441\/revisions"}],"predecessor-version":[{"id":41657,"href":"https:\/\/wartapoznan.pl\/index.php\/wp-json\/wp\/v2\/pages\/29441\/revisions\/41657"}],"wp:attachment":[{"href":"https:\/\/wartapoznan.pl\/index.php\/wp-json\/wp\/v2\/media?parent=29441"}],"wp:term":[{"taxonomy":"category","embeddable":true,"href":"https:\/\/wartapoznan.pl\/index.php\/wp-json\/wp\/v2\/categories?post=29441"},{"taxonomy":"post_tag","embeddable":true,"href":"https:\/\/wartapoznan.pl\/index.php\/wp-json\/wp\/v2\/tags?post=29441"}],"curies":[{"name":"wp","href":"https:\/\/api.w.org\/{rel}","templated":true}]}}