{"id":39379,"date":"2021-08-27T12:32:49","date_gmt":"2021-08-27T10:32:49","guid":{"rendered":"https:\/\/wartapoznan.pl\/index.php\/club\/"},"modified":"2024-09-12T14:32:16","modified_gmt":"2024-09-12T12:32:16","slug":"club","status":"publish","type":"page","link":"https:\/\/wartapoznan.pl\/index.php\/club\/?lang=en","title":{"rendered":"Club"},"content":{"rendered":"<p>[vc_section full_width=&#8221;stretch_row&#8221; disable_element=&#8221;yes&#8221; el_class=&#8221;club_bg&#8221; css=&#8221;.vc_custom_1726143093582{background-image: url(https:\/\/wartapoznan.pl\/wp-content\/uploads\/2021\/08\/Mask-Group-1-2.png?id=14750) !important;}&#8221;][vc_row][vc_column offset=&#8221;vc_col-lg-offset-0&#8243; el_class=&#8221;global_hero&#8221;][vc_raw_html]PGRpdiBjbGFzcz0icm93Ij4KCTxkaXYgY2xhc3M9ImNsdWJfaGVybyBoZXJvLXVuaXRfX2NvbnRlbnQtLWxlZnQtY2VudGVyIj4KCQk8ZGl2IGNsYXNzPSJjbHViX2hlcm8tLXdyYXBwZXIiPgoJCQk8ZGl2IGNsYXNzPSJoYXNodGFncyI+CgkJCQk8YSBocmVmPSIjIj48YSBocmVmPSIjIj4jd2FydG9wYW1pZXQgI3dhcnRvcGF0dGVybnMuPC9hPjwvYT4KCQkJPC9kaXY+CgkJCTxoMyBjbGFzcz0iYnVzaW5lc3NfaGVyby0taGVhZGluZyI+V2UgcmVtZW1iZXIgaGlzdG9yeSwgPGJyPiBsb29rIHRvIHRoZSBmdXR1cmUuLi4uPC9oMz4KICAgICAgICAgICAgPHAgY2xhc3M9ImJ1c2luZXNzX2hlcm8tLXF1b3RlIj5TcG9ydCBhbmQgYnVzaW5lc3MgaGF2ZSBhbHdheXMgZ29uZSBoYW5kIGluIGhhbmQgYWNoaWV2aW5nIGNvbW1vbiBnb2FscyByZXN1bHRpbmcgZnJvbSBzcG9uc29yc2hpcCBhZ3JlZW1lbnRzLgpXZSB3b3VsZCBsaWtlIGNvb3BlcmF0aW9uIHdpdGggV2FydGEgdG8gYmUgYW4gYWRkZWQgdmFsdWUgZm9yIGNvbXBhbmllcyBhbmQgYnJhbmRzLgpJdCBpcyB3b3J0aCBjaGVja2luZyBvdXQhICA8L3A+CiAgICAgICAgICAgIDxkaXYgY2xhc3M9ImJ0bi1jb250YWluZXIgYnVzaW5lc3NfYnV0dG9uIj4gPGEgY2xhc3M9ImJ0biBidG4td2hpdGUiIHRhYmluZGV4PSItMSIgaHJlZj0iI25hdi0xIj5HZXQgdG8ga25vdyB1cyBtb3JlPC9hPjwvZGl2PgoJCTwvZGl2PgkKCTwvZGl2PgoJPC9kaXY+[\/vc_raw_html][\/vc_column][\/vc_row][\/vc_section][vc_row full_width=&#8221;stretch_row_content_no_spaces&#8221; disable_element=&#8221;yes&#8221; css=&#8221;.vc_custom_1726143103003{background-color: #0d7646 !important;}&#8221;][vc_column el_class=&#8221;row business_nav&#8221;][vc_raw_html]PGRpdiBjbGFzcz0iY29udGFpbmVyIj4KPGRpdiBjbGFzcz0icm93Ij4KPGRpdiBjbGFzcz0iY29sLWxnLTMgdGV4dC1jZW50ZXIiIHN0eWxlPSJwYWRkaW5nLXRvcDoyNXB4OyBmb250LXNpemU6MTZweDsgbGluZS1oZWlnaHQ6MjNweDsiPgo8YSBocmVmPSIjIiBjbGFzcz0iY29udGVudF9uYXYtLWl0ZW0taW5uZXItaGlzdG9yeV9zaXRlIj48YSBocmVmPSIjIj5DbHViPC9hPjwvYT4KPC9kaXY+CjxkaXYgY2xhc3M9ImNvbC1sZy0zIHRleHQtY2VudGVyIiBzdHlsZT0icGFkZGluZy10b3A6MjVweDsgZm9udC1zaXplOjE2cHg7IGxpbmUtaGVpZ2h0OjIzcHg7Ij4KPGEgaHJlZj0iaHR0cHM6Ly93YXJ0YXBvem5hbi5wbC9pbmRleC5waHAvaGlzdG9yaWEtMi8iIGNsYXNzPSJjb250ZW50X25hdi0taXRlbSI+PGEgaHJlZj0iaHR0cHM6Ly93YXJ0YXBvem5hbi5wbC9pbmRleC5waHAvaGlzdG9yaWEtMi8iPkhpc3Rvcnk8L2E+PC9hPgo8L2Rpdj4KPGRpdiBjbGFzcz0iY29sLWxnLTMgdGV4dC1jZW50ZXIiIHN0eWxlPSJwYWRkaW5nLXRvcDoyNXB4OyBmb250LXNpemU6MTZweDsgbGluZS1oZWlnaHQ6MjNweDsiPgo8YSBocmVmPSIjIiBjbGFzcz0iY29udGVudF9uYXYtLWl0ZW0iPjxhIGhyZWY9IiMiPlNoYXJlaG9sZGVyczwvYT48L2E+CjwvZGl2Pgo8ZGl2IGNsYXNzPSJjb2wtbGctMyB0ZXh0LWNlbnRlciIgc3R5bGU9InBhZGRpbmctdG9wOjI1cHg7IGZvbnQtc2l6ZToxNnB4OyBsaW5lLWhlaWdodDoyM3B4OyI+CjxhIGhyZWY9Imh0dHBzOi8vd2FydGFwb3puYW4ucGwvaW5kZXgucGhwL2NhdGVnb3J5L25vd3lvZ3JvZGVrLyIgY2xhc3M9ImNvbnRlbnRfbmF2LS1pdGVtIj4jTm93eU9ncsOzZGVrPC9hPgo8L2Rpdj4KPC9kaXY+CjwvZGl2Pgo=[\/vc_raw_html][\/vc_column][\/vc_row][vc_section full_width=&#8221;stretch_row&#8221; el_class=&#8221;mb-0&#8243; css=&#8221;.vc_custom_1631524881272{background-image: url(https:\/\/wartapoznan.pl\/wp-content\/uploads\/2021\/08\/Image-18.png?id=14722) !important;background-position: center !important;background-repeat: no-repeat !important;background-size: cover !important;}&#8221;][vc_row css=&#8221;.vc_custom_1637761694123{background-position: center !important;background-repeat: no-repeat !important;background-size: cover !important;}&#8221; el_id=&#8221;nav-1&#8243;][vc_column][vc_custom_heading text=&#8221;From the beginning.&#8221; font_container=&#8221;tag:h3|font_size:36px|text_align:center|color:%23ffffff&#8221; google_fonts=&#8221;font_family:Montserrat%3Aregular%2C700|font_style:700%20bold%20regular%3A700%3Anormal&#8221; css=&#8221;.vc_custom_1630048827080{margin-top: 60px !important;margin-bottom: 50px !important;}&#8221; el_class=&#8221;global__heading&#8221;][vc_column_text el_class=&#8221;cbbutton_marginone club_mobile&#8211;spacer&#8221; css=&#8221;.vc_custom_1640084061018{margin-bottom: 100px !important;}&#8221;]<\/p>\n<p class=\"main_quote--white\">Warta Poznan is the oldest existing football club in the capital of Wielkopolska region and one of the oldest in the country.<br \/>\nFootballers of the &#8222;Greens&#8221; were wherever important things happened for Polish soccer, they represented Poland at the Olympic Games and World Championships.<br \/>\nIn 1927 Warta Poznan was one of the founders of the football league in Poland, today&#8217;s Ekstraklasa.<\/p>\n<p class=\"main_quote--white\">Two Polish championships (1929 and 1947), five runner-up titles and seven seasons finishing on the third step of the podium in the Ekstraklasa give Warta Poznan a place in the top ten of the most successful Polish clubs.<\/p>\n<p>[\/vc_column_text][\/vc_column][\/vc_row][\/vc_section][vc_section full_width=&#8221;stretch_row&#8221; css=&#8221;.vc_custom_1640096145601{background-image: url(https:\/\/wartapoznan.pl\/wp-content\/uploads\/2021\/08\/Group-715.png?id=14723) !important;}&#8221; el_class=&#8221;mb-0 mission_section&#8221;][vc_row el_id=&#8221;nav-3&#8243;][vc_column][vc_custom_heading text=&#8221;#It&#8217;sworthhavingmissions&#8221; font_container=&#8221;tag:h2|font_size:36px|text_align:center|color:%230d7646&#8243; google_fonts=&#8221;font_family:Montserrat%3Aregular%2C700|font_style:700%20bold%20regular%3A700%3Anormal&#8221; el_class=&#8221;global__heading mission_heading&#8221;][vc_column_text el_class=&#8221;club_spacer&#8211;inner clubmission_quote&#8221;]<\/p>\n<p style=\"text-align: center;\"><span class=\"main_heading--centered\">We use the strength of the Warta Pozna\u0144 brand on and off the field &#8211; changing the life of Pozna\u0144 and the region for the better.<\/span><\/p>\n<p>[\/vc_column_text][vc_column_text css=&#8221;.vc_custom_1639405686179{padding-bottom: 100px !important;}&#8221;]<\/p>\n<p class=\"main_quote--black\">We assume that a modern football club should not focus solely on competition on the pitch.<br \/>\nKeeping this in mind and cherishing its beautiful history, Warta Pozna\u0144 is creating its new image.<br \/>\nIn its &#8222;Development Plan 2020-23,&#8221; published in 2020, it describes itself as a socially engaged club, fighting exclusions, and caring for the needs of seniors, children and people with disabilities.<br \/>\nThe traditional nickname &#8222;Greens,&#8221; in turn, is a challenge to take action to protect the environment.<\/p>\n<p class=\"main_quote--black\">Therefore, in addition to competing for league points and trying to refer to the greatest moments in the history of Warta Poznan, the Club also carries out a number of initiatives arising from corporate social responsibility. We believe that these activities can be coherently reconciled with each other. One example is the &#8222;But he planted!&#8221; campaign, very well received among fans, in which Warta Poznan has pledged to plant 100 trees for each goal scored by our players during the season.<\/p>\n<p class=\"main_quote--black\">In addition, we carry out numerous projects, such as &#8222;Green Apiary,&#8221; &#8222;Active Senior,&#8221; &#8222;Alley of the Warriors,&#8221; and participate in Earth cleanup campaigns.<\/p>\n<p>[\/vc_column_text][\/vc_column][\/vc_row][\/vc_section][vc_section full_width=&#8221;stretch_row&#8221; el_class=&#8221;mb-0&#8243;][vc_row full_width=&#8221;stretch_row_content_no_spaces&#8221;][vc_column][vc_raw_html]W21ldGFzbGlkZXIgaWQ9IjE0Nzc0Il0=[\/vc_raw_html][\/vc_column][\/vc_row][\/vc_section][vc_row full_width=&#8221;stretch_row_content_no_spaces&#8221; css=&#8221;.vc_custom_1629978305174{background-image: url(https:\/\/wartapoznan.pl\/wp-content\/uploads\/2021\/08\/Mask-Group-22.png?id=14742) !important;background-position: center !important;background-repeat: no-repeat !important;background-size: cover !important;}&#8221; el_id=&#8221;nav-6&#8243;][vc_column el_class=&#8221;row&#8221;][vc_custom_heading text=&#8221;Warta Pozna\u0144 as a Club is based on values and social commitment.&#8221; font_container=&#8221;tag:h3|font_size:24px|text_align:center|color:%23ffffff|line_height:28px&#8221; use_theme_fonts=&#8221;yes&#8221; css=&#8221;.vc_custom_1640262239113{margin-bottom: 50px !important;}&#8221; el_class=&#8221;value_heading mission_heading&#8221;][vc_single_image image=&#8221;14782&#8243; img_size=&#8221;full&#8221; alignment=&#8221;center&#8221; css=&#8221;.vc_custom_1640087276386{margin-bottom: 74px !important;}&#8221; el_class=&#8221;mdnone&#8221;][vc_single_image image=&#8221;15801&#8243; img_size=&#8221;full&#8221; alignment=&#8221;center&#8221; el_class=&#8221;mdblock&#8221;][\/vc_column][\/vc_row][vc_section full_width=&#8221;stretch_row&#8221; css=&#8221;.vc_custom_1631524902568{background-image: url(https:\/\/wartapoznan.pl\/wp-content\/uploads\/2021\/08\/Image-22.png?id=14745) !important;background-position: center !important;background-repeat: no-repeat !important;background-size: cover !important;}&#8221; el_class=&#8221;mb-0&#8243;][vc_row][vc_column][vc_custom_heading text=&#8221;#It&#8217;sworthhavingavision&#8221; font_container=&#8221;tag:h2|font_size:36px|text_align:center|color:%230d7646&#8243; google_fonts=&#8221;font_family:Montserrat%3Aregular%2C700|font_style:700%20bold%20regular%3A700%3Anormal&#8221; el_class=&#8221;global__heading mission_heading&#8221;][vc_column_text css=&#8221;.vc_custom_1640087519085{margin-bottom: 75px !important;}&#8221; el_class=&#8221;cbbutton_margintwo club_mobile&#8211;spacer&#8221;]<\/p>\n<p style=\"text-align: center;\"><span class=\"main_heading--centered\">We are creating a meeting place for sports and community, which inspires and motivates various social groups.<br \/>\nWe are creating an &#8222;alternative&#8221; club, for people who are not all the same.<br \/>\nWith this approach, we will be able to do well in the market.<br \/>\nWe show that you can go your own way.   <\/span><\/p>\n<p>[\/vc_column_text][vc_btn title=&#8221;DOWNLOAD DEVELOPMENT PLAN IN PDF FILE&#8221; style=&#8221;custom&#8221; custom_background=&#8221;#0d7646&#8243; custom_text=&#8221;#ffffff&#8221; shape=&#8221;square&#8221; align=&#8221;center&#8221; css=&#8221;.vc_custom_1641193743987{margin-bottom: 80px !important;}&#8221; el_class=&#8221;business_specialbutton button_white&#8211;arrow&#8221; link=&#8221;url:https%3A%2F%2Fwartapoznan.pl%2Fwp-content%2Fuploads%2F2022%2F01%2FPlan_Rozwoju_Warta_Poznan_2020_2023.pdf|&#8221;][vc_column_text css=&#8221;.vc_custom_1713368370641{margin-bottom: 75px !important;}&#8221; el_class=&#8221;cbbutton_margintwo club_mobile&#8211;spacer&#8221;]<\/p>\n<p style=\"text-align: center;\"><span class=\"main_heading--centered\">Download the company&#8217;s current financial statements.<\/span><\/p>\n<p>[\/vc_column_text][vc_btn title=&#8221;DOWNLOAD&#8221; style=&#8221;custom&#8221; custom_background=&#8221;#0d7646&#8243; custom_text=&#8221;#ffffff&#8221; shape=&#8221;square&#8221; align=&#8221;center&#8221; css=&#8221;.vc_custom_1713368471442{margin-bottom: 80px !important;}&#8221; el_class=&#8221;business_specialbutton button_white&#8211;arrow&#8221; link=&#8221;url:https%3A%2F%2Fwartapoznan.pl%2Fwp-content%2Fuploads%2F2024%2F03%2Fsprawozdanie-finansowe-2023.pdf|&#8221;][\/vc_column][\/vc_row][\/vc_section][vc_row full_width=&#8221;stretch_row&#8221; css=&#8221;.vc_custom_1629288740747{background-image: url(https:\/\/wartapoznan.pl\/wp-content\/uploads\/2021\/08\/Group-713.svg?id=14597) !important;background-position: center !important;background-repeat: no-repeat !important;background-size: cover !important;}&#8221;][vc_column el_class=&#8221;container&#8221;][vc_custom_heading text=&#8221;Contact us&#8221; font_container=&#8221;tag:h3|font_size:36px|text_align:center|color:%23ffffff&#8221; google_fonts=&#8221;font_family:Montserrat%3Aregular%2C700|font_style:700%20bold%20regular%3A700%3Anormal&#8221; css=&#8221;.vc_custom_1629357821119{padding-top: 61px !important;padding-bottom: 41px !important;}&#8221; el_class=&#8221;global__heading&#8221;]\n<div class=\"wpcf7 no-js\" id=\"wpcf7-f14550-o1\" lang=\"pl-PL\" dir=\"ltr\">\n<div class=\"screen-reader-response\"><p role=\"status\" aria-live=\"polite\" aria-atomic=\"true\"><\/p> <ul><\/ul><\/div>\n<form action=\"\/index.php\/wp-json\/wp\/v2\/pages\/39379#wpcf7-f14550-o1\" method=\"post\" class=\"wpcf7-form init\" aria-label=\"Formularz kontaktowy\" novalidate=\"novalidate\" data-status=\"init\">\n<div style=\"display: none;\">\n<input type=\"hidden\" name=\"_wpcf7\" value=\"14550\" \/>\n<input type=\"hidden\" name=\"_wpcf7_version\" value=\"5.9.8\" \/>\n<input type=\"hidden\" name=\"_wpcf7_locale\" value=\"pl_PL\" \/>\n<input type=\"hidden\" name=\"_wpcf7_unit_tag\" value=\"wpcf7-f14550-o1\" \/>\n<input type=\"hidden\" name=\"_wpcf7_container_post\" value=\"0\" \/>\n<input type=\"hidden\" name=\"_wpcf7_posted_data_hash\" value=\"\" \/>\n<input type=\"hidden\" name=\"_wpcf7_recaptcha_response\" value=\"\" \/>\n<\/div>\n<div class=\"row\">\n\t<div class=\"col-md-6 business-form\">\n\t\t<div class=\"form-group\">\n\t\t\t<p><label for \"nazwafirmy\">Nazwa firmy <span class=\"required\"><\/span><\/label><br \/>\n<span class=\"wpcf7-form-control-wrap\" data-name=\"input-brand\"><input size=\"40\" maxlength=\"25\" class=\"wpcf7-form-control wpcf7-text wpcf7-validates-as-required form-control\" id=\"nazwafirmy\" aria-required=\"true\" aria-invalid=\"false\" value=\"\" type=\"text\" name=\"input-brand\" \/><\/span>\n\t\t\t<\/p>\n\t\t<\/div>\n\t<\/div>\n\t<div class=\"col-md-6 business-form\">\n\t\t<div class=\"form-group\">\n\t\t\t<p><label for \"numertelefonu\">Numer telefonu<span class=\"required\"><\/span><\/label><br \/>\n<span class=\"wpcf7-form-control-wrap\" data-name=\"input-tel\"><input size=\"40\" maxlength=\"25\" class=\"wpcf7-form-control wpcf7-text wpcf7-validates-as-required form-control\" id=\"numertelefonu\" aria-required=\"true\" aria-invalid=\"false\" value=\"\" type=\"text\" name=\"input-tel\" \/><\/span>\n\t\t\t<\/p>\n\t\t<\/div>\n\t<\/div>\n\t<div class=\"col-md-6 business-form\">\n\t\t<div class=\"form-group\">\n\t\t\t<p><label for \"imieinazwisko\">Imi\u0119 i nazwisko <span class=\"required\"><\/span><\/label><br \/>\n<span class=\"wpcf7-form-control-wrap\" data-name=\"input-name\"><input size=\"40\" maxlength=\"25\" class=\"wpcf7-form-control wpcf7-text wpcf7-validates-as-required form-control\" id=\"imieinazwisko\" aria-required=\"true\" aria-invalid=\"false\" value=\"\" type=\"text\" name=\"input-name\" \/><\/span>\n\t\t\t<\/p>\n\t\t<\/div>\n\t<\/div>\n\t<div class=\"col-md-6 business-form\">\n\t\t<div class=\"form-group\">\n\t\t\t<p><label for \"adresemail\">Adres email <span class=\"required\"><\/span><\/label><br \/>\n<span class=\"wpcf7-form-control-wrap\" data-name=\"input-email\"><input size=\"40\" maxlength=\"25\" class=\"wpcf7-form-control wpcf7-text wpcf7-validates-as-required form-control\" id=\"adresemail\" aria-required=\"true\" aria-invalid=\"false\" value=\"\" type=\"text\" name=\"input-email\" \/><\/span>\n\t\t\t<\/p>\n\t\t<\/div>\n\t<\/div>\n\t<div class=\"col-md-6 business-form\">\n\t\t<div class=\"form-group\">\n\t\t\t<p><label for \"jakipakiet\">Jaki pakiet wybierasz?<span class=\"required\"><\/span><\/label><br \/>\n<span class=\"wpcf7-form-control-wrap\" data-name=\"pakiet\"><select class=\"wpcf7-form-control wpcf7-select\" id=\"jakipakiet\" aria-invalid=\"false\" name=\"pakiet\"><option value=\"\">Wybierz pakiet, kt\u00f3ry Ci\u0119 interesuje<\/option><option value=\"Sponsor strategiczny\">Sponsor strategiczny<\/option><option value=\"Sponsor g\u0142\u00f3wny\">Sponsor g\u0142\u00f3wny<\/option><option value=\"Sponsor premium\">Sponsor premium<\/option><option value=\"Sponsor biznes\">Sponsor biznes<\/option><option value=\"Klub Biznesu Platynowy\">Klub Biznesu Platynowy<\/option><option value=\"Klub Biznesu Z\u0142oty\">Klub Biznesu Z\u0142oty<\/option><option value=\"Klub Biznesu Srebrny\">Klub Biznesu Srebrny<\/option><option value=\"Przyjaciel Warty\">Przyjaciel Warty<\/option><\/select><\/span>\n\t\t\t<\/p>\n\t\t<\/div>\n\t<\/div>\n\t<div class=\"col-md-6 business-form\">\n\t\t<div class=\"form-group\">\n\t\t\t<p><label for \"jakicel\">Jaki cel chcesz wesprze\u0107?<span class=\"required\"><\/span><\/label><br \/>\n<span class=\"wpcf7-form-control-wrap\" data-name=\"Cel\"><select class=\"wpcf7-form-control wpcf7-select\" id=\"jakicel\" aria-invalid=\"false\" name=\"Cel\"><option value=\"\">Wybierz cel, jaki chcesz wesprze\u0107<\/option><option value=\"Szkolenie dzieci i m\u0142odzie\u017cy\">Szkolenie dzieci i m\u0142odzie\u017cy<\/option><option value=\"AMP Futbol\">AMP Futbol<\/option><option value=\"Pi\u0142ka no\u017cna kobiet\">Pi\u0142ka no\u017cna kobiet<\/option><option value=\"Ekologia\">Ekologia<\/option><\/select><\/span>\n\t\t\t<\/p>\n\t\t<\/div>\n\t<\/div>\n\t<div class=\"col-md-12 business-form\">\n\t\t<div class=\"form-group\">\n\t\t\t<p><span class=\"wpcf7-form-control-wrap\" data-name=\"acceptance-568\"><span class=\"wpcf7-form-control wpcf7-acceptance\"><span class=\"wpcf7-list-item\"><label><input type=\"checkbox\" name=\"acceptance-568\" value=\"1\" aria-invalid=\"false\" \/><span class=\"wpcf7-list-item-label\">Uwaga! Przesy\u0142aj\u0105c formularz wyra\u017casz zgod\u0119 na \u015bwiadczenie us\u0142ug drog\u0105 elektroniczn\u0105, a tak\u017ce na przetwarzanie danych osobowych. Polityka prywatno\u015bci dost\u0119pna pod <a href=\"\/index.php\/polityka-prywatnosci\/\">tym linkiem<\/a><\/span><\/label><\/span><\/span><\/span>\n\t\t\t<\/p>\n\t\t<\/div>\n\t<\/div>\n\t<div class=\"col-md-12 text-center mt-5\">\n\t\t<div class=\"form-group\">\n\t\t\t<p><button type=\"submit\" class=\"wpcf7-submit business-form_button\">Wy\u015blij formularz<\/button><br \/>\n<img decoding=\"async\" class=\"ajax-loader\" src=\"\/wp-content\/plugins\/contact-form-7\/images\/ajax-loader.gif\" alt=\"Sending ...\" style=\"visibility: hidden; opacity: 1;\" \/>\n\t\t\t<\/p>\n\t\t<\/div>\n\t<\/div>\n<\/div><div class=\"wpcf7-response-output\" aria-hidden=\"true\"><\/div>\n<\/form>\n<\/div>\n[\/vc_column][\/vc_row][vc_section full_width=&#8221;stretch_row&#8221; disable_element=&#8221;yes&#8221; el_class=&#8221;newsletter-section mb-0&#8243; css=&#8221;.vc_custom_1631613209554{background-image: url(https:\/\/wartapoznan.pl\/wp-content\/uploads\/2021\/07\/Mask-Group-10.png?id=14379) !important;}&#8221;][vc_row][vc_column][vc_raw_html]PGgyPlN0YXkgdXAgdG8gZGF0ZSEKU2lnbiB1cCBmb3IgdGhlIG5ld3NsZXR0ZXIuIDwvaDI+CjxkaXYgY2xhc3M9InRucCB0bnAtc3Vic2NyaXB0aW9uIj4KPGZvcm0gbWV0aG9kPSJwb3N0IiBhY3Rpb249Imh0dHBzOi8vd2FydGEuY2ZvbGtzLnBsLz9uYT1zIj4KCjxpbnB1dCB0eXBlPSJoaWRkZW4iIG5hbWU9Im5sYW5nIiB2YWx1ZT0iIj48ZGl2IGNsYXNzPSJ0bnAtZmllbGQgdG5wLWZpZWxkLWVtYWlsIj4KPGlucHV0IGNsYXNzPSJ0bnAtZW1haWwiIHR5cGU9ImVtYWlsIiBuYW1lPSJuZSIgdmFsdWU9IiIgcmVxdWlyZWQ9IiIgcGxhY2Vob2xkZXI9IkVudGVyIHlvdXIgZW1haWwgYWRkcmVzcyBpbiB0aGlzIHNwYWNlIj48L2Rpdj4KPGRpdiBjbGFzcz0idG5wLWZpZWxkIHRucC1wcml2YWN5LWZpZWxkIj48bGFiZWw+QXR0ZW50aW9uLgpCeSBzdWJtaXR0aW5nIHRoZSBmb3JtIHlvdSBhZ3JlZSB0byB0aGUgcHJvdmlzaW9uIG9mIGVsZWN0cm9uaWMgc2VydmljZXMsIGFzIHdlbGwgYXMgdGhlIHByb2Nlc3Npbmcgb2YgcGVyc29uYWwgZGF0YS4KUHJpdmFjeSBwb2xpY3kgYXZhaWxhYmxlIGF0IDxhIGhyZWY9IiMiPnRoaXMgbGluazwvYT4gIDwvbGFiZWw+PC9kaXY+CjxkaXYgY2xhc3M9InRucC1maWVsZCB0bnAtZmllbGQtYnV0dG9uIGJ0bi1jb250YWluZXIiPjxpbnB1dCBjbGFzcz0idG5wLXN1Ym1pdCBidG4gYnRuLWdyZWVuLXJldmVyc2VkIiB0eXBlPSJzdWJtaXQiIHZhbHVlPSJTVUJTQ1JJQkUgVE8gT1VSIE5FV1NMRVRURVIiPgo8L2Rpdj4KPC9mb3JtPgo8L2Rpdj4=[\/vc_raw_html][\/vc_column][\/vc_row][\/vc_section]<\/p>\n","protected":false},"excerpt":{"rendered":"<p>[vc_section full_width=&#8221;stretch_row&#8221; disable_element=&#8221;yes&#8221; el_class=&#8221;club_bg&#8221; css=&#8221;.vc_custom_1726143093582{background-image: url(https:\/\/wartapoznan.pl\/wp-content\/uploads\/2021\/08\/Mask-Group-1-2.png?id=14750) !important;}&#8221;][vc_row][vc_column offset=&#8221;vc_col-lg-offset-0&#8243; el_class=&#8221;global_hero&#8221;][vc_raw_html]PGRpdiBjbGFzcz0icm93Ij4KCTxkaXYgY2xhc3M9ImNsdWJfaGVybyBoZXJvLXVuaXRfX2NvbnRlbnQtLWxlZnQtY2VudGVyIj4KCQk8ZGl2IGNsYXNzPSJjbHViX2hlcm8tLXdyYXBwZXIiPgoJCQk8ZGl2IGNsYXNzPSJoYXNodGFncyI+CgkJCQk8YSBocmVmPSIjIj48YSBocmVmPSIjIj4jd2FydG9wYW1pZXQgI3dhcnRvcGF0dGVybnMuPC9hPjwvYT4KCQkJPC9kaXY+CgkJCTxoMyBjbGFzcz0iYnVzaW5lc3NfaGVyby0taGVhZGluZyI+V2UgcmVtZW1iZXIgaGlzdG9yeSwgPGJyPiBsb29rIHRvIHRoZSBmdXR1cmUuLi4uPC9oMz4KICAgICAgICAgICAgPHAgY2xhc3M9ImJ1c2luZXNzX2hlcm8tLXF1b3RlIj5TcG9ydCBhbmQgYnVzaW5lc3MgaGF2ZSBhbHdheXMgZ29uZSBoYW5kIGluIGhhbmQgYWNoaWV2aW5nIGNvbW1vbiBnb2FscyByZXN1bHRpbmcgZnJvbSBzcG9uc29yc2hpcCBhZ3JlZW1lbnRzLgpXZSB3b3VsZCBsaWtlIGNvb3BlcmF0aW9uIHdpdGggV2FydGEgdG8gYmUgYW4gYWRkZWQgdmFsdWUgZm9yIGNvbXBhbmllcyBhbmQgYnJhbmRzLgpJdCBpcyB3b3J0aCBjaGVja2luZyBvdXQhICA8L3A+CiAgICAgICAgICAgIDxkaXYgY2xhc3M9ImJ0bi1jb250YWluZXIgYnVzaW5lc3NfYnV0dG9uIj4gPGEgY2xhc3M9ImJ0biBidG4td2hpdGUiIHRhYmluZGV4PSItMSIgaHJlZj0iI25hdi0xIj5HZXQgdG8ga25vdyB1cyBtb3JlPC9hPjwvZGl2PgoJCTwvZGl2PgkKCTwvZGl2PgoJPC9kaXY+[\/vc_raw_html][\/vc_column][\/vc_row][\/vc_section][vc_row full_width=&#8221;stretch_row_content_no_spaces&#8221; disable_element=&#8221;yes&#8221; css=&#8221;.vc_custom_1726143103003{background-color: #0d7646 !important;}&#8221;][vc_column el_class=&#8221;row business_nav&#8221;][vc_raw_html]PGRpdiBjbGFzcz0iY29udGFpbmVyIj4KPGRpdiBjbGFzcz0icm93Ij4KPGRpdiBjbGFzcz0iY29sLWxnLTMgdGV4dC1jZW50ZXIiIHN0eWxlPSJwYWRkaW5nLXRvcDoyNXB4OyBmb250LXNpemU6MTZweDsgbGluZS1oZWlnaHQ6MjNweDsiPgo8YSBocmVmPSIjIiBjbGFzcz0iY29udGVudF9uYXYtLWl0ZW0taW5uZXItaGlzdG9yeV9zaXRlIj48YSBocmVmPSIjIj5DbHViPC9hPjwvYT4KPC9kaXY+CjxkaXYgY2xhc3M9ImNvbC1sZy0zIHRleHQtY2VudGVyIiBzdHlsZT0icGFkZGluZy10b3A6MjVweDsgZm9udC1zaXplOjE2cHg7IGxpbmUtaGVpZ2h0OjIzcHg7Ij4KPGEgaHJlZj0iaHR0cHM6Ly93YXJ0YXBvem5hbi5wbC9pbmRleC5waHAvaGlzdG9yaWEtMi8iIGNsYXNzPSJjb250ZW50X25hdi0taXRlbSI+PGEgaHJlZj0iaHR0cHM6Ly93YXJ0YXBvem5hbi5wbC9pbmRleC5waHAvaGlzdG9yaWEtMi8iPkhpc3Rvcnk8L2E+PC9hPgo8L2Rpdj4KPGRpdiBjbGFzcz0iY29sLWxnLTMgdGV4dC1jZW50ZXIiIHN0eWxlPSJwYWRkaW5nLXRvcDoyNXB4OyBmb250LXNpemU6MTZweDsgbGluZS1oZWlnaHQ6MjNweDsiPgo8YSBocmVmPSIjIiBjbGFzcz0iY29udGVudF9uYXYtLWl0ZW0iPjxhIGhyZWY9IiMiPlNoYXJlaG9sZGVyczwvYT48L2E+CjwvZGl2Pgo8ZGl2IGNsYXNzPSJjb2wtbGctMyB0ZXh0LWNlbnRlciIgc3R5bGU9InBhZGRpbmctdG9wOjI1cHg7IGZvbnQtc2l6ZToxNnB4OyBsaW5lLWhlaWdodDoyM3B4OyI+CjxhIGhyZWY9Imh0dHBzOi8vd2FydGFwb3puYW4ucGwvaW5kZXgucGhwL2NhdGVnb3J5L25vd3lvZ3JvZGVrLyIgY2xhc3M9ImNvbnRlbnRfbmF2LS1pdGVtIj4jTm93eU9ncsOzZGVrPC9hPgo8L2Rpdj4KPC9kaXY+CjwvZGl2Pgo=[\/vc_raw_html][\/vc_column][\/vc_row][vc_section full_width=&#8221;stretch_row&#8221; el_class=&#8221;mb-0&#8243; css=&#8221;.vc_custom_1631524881272{background-image: url(https:\/\/wartapoznan.pl\/wp-content\/uploads\/2021\/08\/Image-18.png?id=14722)&#8230;<\/p>\n","protected":false},"author":36,"featured_media":0,"parent":0,"menu_order":0,"comment_status":"closed","ping_status":"closed","template":"templates\/klub.php","meta":{"om_disable_all_campaigns":false,"inline_featured_image":false,"footnotes":"","_links_to":"","_links_to_target":""},"categories":[],"tags":[],"aioseo_notices":[],"_links":{"self":[{"href":"https:\/\/wartapoznan.pl\/index.php\/wp-json\/wp\/v2\/pages\/39379"}],"collection":[{"href":"https:\/\/wartapoznan.pl\/index.php\/wp-json\/wp\/v2\/pages"}],"about":[{"href":"https:\/\/wartapoznan.pl\/index.php\/wp-json\/wp\/v2\/types\/page"}],"author":[{"embeddable":true,"href":"https:\/\/wartapoznan.pl\/index.php\/wp-json\/wp\/v2\/users\/36"}],"replies":[{"embeddable":true,"href":"https:\/\/wartapoznan.pl\/index.php\/wp-json\/wp\/v2\/comments?post=39379"}],"version-history":[{"count":7,"href":"https:\/\/wartapoznan.pl\/index.php\/wp-json\/wp\/v2\/pages\/39379\/revisions"}],"predecessor-version":[{"id":39386,"href":"https:\/\/wartapoznan.pl\/index.php\/wp-json\/wp\/v2\/pages\/39379\/revisions\/39386"}],"wp:attachment":[{"href":"https:\/\/wartapoznan.pl\/index.php\/wp-json\/wp\/v2\/media?parent=39379"}],"wp:term":[{"taxonomy":"category","embeddable":true,"href":"https:\/\/wartapoznan.pl\/index.php\/wp-json\/wp\/v2\/categories?post=39379"},{"taxonomy":"post_tag","embeddable":true,"href":"https:\/\/wartapoznan.pl\/index.php\/wp-json\/wp\/v2\/tags?post=39379"}],"curies":[{"name":"wp","href":"https:\/\/api.w.org\/{rel}","templated":true}]}}