{"id":39388,"date":"2017-09-19T12:31:37","date_gmt":"2017-09-19T10:31:37","guid":{"rendered":"https:\/\/wartapoznan.pl\/index.php\/contact\/"},"modified":"2024-09-12T14:53:16","modified_gmt":"2024-09-12T12:53:16","slug":"contact","status":"publish","type":"page","link":"https:\/\/wartapoznan.pl\/index.php\/contact\/?lang=en","title":{"rendered":"Contact"},"content":{"rendered":"<p>[vc_section full_width=&#8221;stretch_row&#8221; el_class=&#8221;special_background mb-0&#8243;][vc_row css=&#8221;.vc_custom_1632909755419{margin-bottom: 101px !important;}&#8221;][vc_column][vc_custom_heading text=&#8221;Contact information&#8221; font_container=&#8221;tag:h2|text_align:center|color:%230d7646&#8243; use_theme_fonts=&#8221;yes&#8221; el_class=&#8221;global__heading main__header&#8211;homepage&#8221;][vc_row_inner][vc_column_inner width=&#8221;1\/2&#8243;][vc_column_text]<\/p>\n<p class=\"contact__details\" style=\"text-align: center;\"><span class=\"contact_letter\">T:<\/span> +48 512 482 203<\/p>\n<p>[\/vc_column_text][\/vc_column_inner][vc_column_inner width=&#8221;1\/2&#8243;][vc_column_text]<\/p>\n<p class=\"contact__details\" style=\"text-align: center;\"><span class=\"contact_letter\">E:<\/span> info@wartapoznan.pl<\/p>\n<p>[\/vc_column_text][\/vc_column_inner][\/vc_row_inner][\/vc_column][\/vc_row][vc_row][vc_column width=&#8221;1\/3&#8243;][vc_column_text]<\/p>\n<p class=\"contact__details\" style=\"text-align: center;\"><span class=\"contact_letter\">office:<\/span> +48 795 142 855<\/p>\n<p>[\/vc_column_text][\/vc_column][vc_column width=&#8221;1\/3&#8243;][vc_column_text]<\/p>\n<p class=\"contact__details\" style=\"text-align: center;\"><span class=\"contact_letter\">finances:<\/span> +48 795 128 924<\/p>\n<p>[\/vc_column_text][\/vc_column][vc_column width=&#8221;1\/3&#8243;][vc_column_text]<\/p>\n<p class=\"contact__details\" style=\"text-align: center;\"><span class=\"contact_letter\">tickets:<\/span> +48 795 146 784<\/p>\n<p>[\/vc_column_text][\/vc_column][\/vc_row][\/vc_section][vc_section full_width=&#8221;stretch_row&#8221; el_class=&#8221;mb-0 background_ff&#8221;][vc_row css=&#8221;.vc_custom_1632919688501{margin-top: 100px !important;}&#8221;][vc_column width=&#8221;1\/2&#8243; el_class=&#8221;contact_mobile&#8221;][vc_custom_heading text=&#8221;Media contact&#8221; font_container=&#8221;tag:h2|text_align:center&#8221; use_theme_fonts=&#8221;yes&#8221; el_class=&#8221;global__heading contact_custom&#8211;heading contact_spacer contact_custom&#8211;heading&#8221;][vc_single_image image=&#8221;30865&#8243; img_size=&#8221;medium&#8221; alignment=&#8221;center&#8221;][vc_column_text]<\/p>\n<p class=\"contact_name--quote\" style=\"text-align: center;\">Piotr Komorowski <span style=\"text-align: center; font-size: 20px; line-height: 27px; font-weight: 400; color: #0d7646;\">Press Officer<\/span><\/p>\n<p class=\"contact_email--quote\" style=\"text-align: center;\">p.komorowski@wartapoznan.pl +48 602 77 01 08<\/p>\n<p>[\/vc_column_text][vc_row_inner][vc_column_inner][vc_custom_heading text=&#8221;Organization Department&#8221; font_container=&#8221;tag:h2|text_align:center&#8221; use_theme_fonts=&#8221;yes&#8221; el_class=&#8221;global__heading contact_custom&#8211;heading contact_spacer contact_custom&#8211;heading&#8221;][vc_single_image image=&#8221;15064&#8243; img_size=&#8221;full&#8221; alignment=&#8221;center&#8221;][vc_column_text]<\/p>\n<p class=\"contact_name--quote\" style=\"text-align: center;\">Konrad Majewski <span style=\"text-align: center; font-size: 20px; line-height: 27px; font-weight: 400; color: #0d7646;\">Director of Organizing <\/span><\/p>\n<p class=\"contact_email--quote\" style=\"text-align: center;\">k.majewski@wartapoznan.pl +48 512 482 203<\/p>\n<p>[\/vc_column_text][\/vc_column_inner][\/vc_row_inner][\/vc_column][vc_column width=&#8221;1\/2&#8243; el_class=&#8221;contact_mobile&#8221;][vc_custom_heading text=&#8221;B2B Cooperation | Sponsorship&#8221; font_container=&#8221;tag:h2|text_align:center&#8221; use_theme_fonts=&#8221;yes&#8221; el_class=&#8221;global__heading contact_custom&#8211;heading contact_spacer contact_custom&#8211;heading&#8221;][vc_single_image image=&#8221;23600&#8243; img_size=&#8221;full&#8221; alignment=&#8221;center&#8221;][vc_column_text]<\/p>\n<p class=\"contact_name--quote\" style=\"text-align: center;\">Jan Jezierski <span style=\"text-align: center; font-size: 20px; line-height: 27px; font-weight: 400; color: #0d7646;\">Sales Director<\/span><\/p>\n<p class=\"contact_email--quote\" style=\"text-align: center;\">j.jezierski@wartapoznan.pl +48 730 921 015<\/p>\n<p>[\/vc_column_text][vc_row_inner][vc_column_inner][vc_custom_heading text=&#8221;Marketing | Communication&#8221; font_container=&#8221;tag:h2|text_align:center&#8221; use_theme_fonts=&#8221;yes&#8221; el_class=&#8221;global__heading contact_custom&#8211;heading contact_spacer contact_custom&#8211;heading&#8221;][vc_single_image image=&#8221;28086&#8243; img_size=&#8221;full&#8221; alignment=&#8221;center&#8221;][vc_column_text]<\/p>\n<p class=\"contact_name--quote\" style=\"text-align: center;\">Marcin Kozubski <span style=\"text-align: center; font-size: 20px; line-height: 27px; font-weight: 400; color: #0d7646;\">Director of Marketing and Communications<\/span><\/p>\n<p class=\"contact_email--quote\" style=\"text-align: center;\">marketing@wartapoznan.pl +48 507 141 015<\/p>\n<p>[\/vc_column_text][\/vc_column_inner][\/vc_row_inner][\/vc_column][\/vc_row][vc_row][vc_column][vc_custom_heading text=&#8221;Sports Department&#8221; font_container=&#8221;tag:h2|text_align:center&#8221; use_theme_fonts=&#8221;yes&#8221; el_class=&#8221;global__heading contact_custom&#8211;heading contact_spacer&#8221;][vc_row_inner][vc_column_inner el_class=&#8221;contact_mobile&#8221; width=&#8221;1\/2&#8243;][vc_single_image image=&#8221;15063&#8243; img_size=&#8221;full&#8221; alignment=&#8221;center&#8221;][vc_column_text]<\/p>\n<p class=\"contact_name--quote\" style=\"text-align: center;\">Karol Majewski <span style=\"text-align: center; font-size: 20px; line-height: 27px; font-weight: 400; color: #0d7646;\">Team Leader<\/span><\/p>\n<p class=\"contact_email--quote\" style=\"text-align: center;\">k.majewski-warta@wp.pl +48 601 876 800<\/p>\n<p>[\/vc_column_text][\/vc_column_inner][vc_column_inner el_class=&#8221;contact_mobile&#8221; width=&#8221;1\/2&#8243;][vc_single_image image=&#8221;15066&#8243; img_size=&#8221;full&#8221; alignment=&#8221;center&#8221;][vc_column_text]<\/p>\n<p class=\"contact_name--quote\" style=\"text-align: center;\">Wojciech Tomaszewski <span style=\"text-align: center; font-size: 20px; line-height: 27px; font-weight: 400; color: #0d7646;\">Director of the Academy<\/span><\/p>\n<p class=\"contact_email--quote\" style=\"text-align: center;\">w.tomaszewski@wartapoznan.pl +48 502 222 393<\/p>\n<p>[\/vc_column_text][\/vc_column_inner][\/vc_row_inner][\/vc_column][\/vc_row][vc_row css=&#8221;.vc_custom_1632919682386{margin-bottom: 100px !important;}&#8221;][vc_column][vc_custom_heading text=&#8221;Authorities and Board of the Club&#8221; font_container=&#8221;tag:h2|text_align:center&#8221; use_theme_fonts=&#8221;yes&#8221; el_class=&#8221;global__heading contact_custom&#8211;heading contact_spacer&#8221;][vc_row_inner][vc_column_inner el_class=&#8221;contact_mobile&#8221; width=&#8221;1\/2&#8243;][vc_single_image image=&#8221;15062&#8243; img_size=&#8221;full&#8221; alignment=&#8221;center&#8221;][vc_column_text]<\/p>\n<p class=\"contact_name--quote\" style=\"text-align: center;\">Bart\u0142omiej Farjaszewski <span style=\"text-align: center; font-size: 20px; line-height: 27px; font-weight: 400; color: #0d7646;\">Club Owner<\/span><\/p>\n<p class=\"contact_email--quote\" style=\"text-align: center;\">b.farjaszewski@wartapoznan.pl<\/p>\n<p>[\/vc_column_text][\/vc_column_inner][vc_column_inner width=&#8221;1\/2&#8243;][vc_single_image image=&#8221;28252&#8243; img_size=&#8221;full&#8221; alignment=&#8221;center&#8221;][vc_column_text]<\/p>\n<p class=\"contact_name--quote\" style=\"text-align: center;\">Artur Meissner <span style=\"text-align: center; font-size: 20px; line-height: 27px; font-weight: 400; color: #0d7646;\">CEO<\/span><\/p>\n<p class=\"contact_email--quote\" style=\"text-align: center;\">a.meissner@wartapoznan.pl<\/p>\n<p>[\/vc_column_text][\/vc_column_inner][\/vc_row_inner][\/vc_column][\/vc_row][vc_row][vc_column width=&#8221;1\/2&#8243;][vc_single_image image=&#8221;25771&#8243; img_size=&#8221;full&#8221; alignment=&#8221;center&#8221;][vc_column_text]<\/p>\n<p class=\"contact_name--quote\" style=\"text-align: center;\">Maciej Wojdy\u0142o <span style=\"text-align: center; font-size: 20px; line-height: 27px; font-weight: 400; color: #0d7646;\">Member of the Board<\/span><\/p>\n<p class=\"contact_email--quote\" style=\"text-align: center;\">m.wojdylo@wartapoznan.pl<\/p>\n<p>[\/vc_column_text][\/vc_column][\/vc_row][\/vc_section][vc_section full_width=&#8221;stretch_row&#8221; el_class=&#8221;special_background mb-0&#8243;][vc_row css=&#8221;.vc_custom_1632909718012{margin-bottom: 90px !important;}&#8221;][vc_column][vc_custom_heading text=&#8221;Address and company details&#8221; font_container=&#8221;tag:h2|text_align:center&#8221; use_theme_fonts=&#8221;yes&#8221; el_class=&#8221;main__header&#8211;homepage&#8221;][vc_row_inner][vc_column_inner width=&#8221;1\/2&#8243;][vc_column_text]<\/p>\n<p class=\"history_quote\" style=\"text-align: left; font-weight: 500;\">As of 2021, Warta Pozna\u0144 S.A. has its headquarters at 34 Jana Spychalskiego Street.This is about 300 meters from the \u201cGarden\u201d, which is the stadium at 12 D\u0119bi\u0144ska Road, adjacent to which there are also training fields.  <\/p>\n<p>[\/vc_column_text][vc_column_text]<\/p>\n<p class=\"history_quote\" style=\"text-align: left;\"> <span style=\"color: #0d7646; font-weight: bold;\"> Warta Pozna\u0144 Sp\u00f3\u0142ka Akcyjna<\/span> ul. Jana Spychalskiego 34 61-553 Pozna\u0144 <\/p>\n<p class=\"history_quote\" style=\"text-align: left; font-weight: 400;\">NIP: 783-167-64-94 REGON: 301775099 KRS: 0000394512<\/p>\n<p class=\"history_quote\" style=\"text-align: left; font-weight: 400;\">Account No. PKO BP: 78 1020 4027 0000 1602 1497 4853 IBAN: PL78 1020 4027 0000 1602 1497 4853 SWIFT: BPKOPLPW<\/p>\n<p>[\/vc_column_text][\/vc_column_inner][vc_column_inner width=&#8221;1\/2&#8243;][vc_gmaps link=&#8221;#E-8_JTNDaWZyYW1lJTIwc3JjJTNEJTIyaHR0cHMlM0ElMkYlMkZ3d3cuZ29vZ2xlLmNvbSUyRm1hcHMlMkZlbWJlZCUzRnBiJTNEJTIxMW0xOCUyMTFtMTIlMjExbTMlMjExZDI0MzQuNjc0OTQ3MDEzMTE2MyUyMTJkMTYuOTI1MjY1NDE1ODAyNzklMjEzZDUyLjM5NDQ0MjY3OTc5MDcxJTIxMm0zJTIxMWYwJTIxMmYwJTIxM2YwJTIxM20yJTIxMWkxMDI0JTIxMmk3NjglMjE0ZjEzLjElMjEzbTMlMjExbTIlMjExczB4NDcwNDViMjNiYmVjNGM0NSUyNTNBMHg2NDMwNjliNGIxZWNmJTIxMnNKYW5hJTI1MjBTcHljaGFsc2tpZWdvJTI1MjAzNCUyNTJDJTI1MjA2MS01NTMlMjUyMFBvem5hJTI1QzUlMjU4NCUyMTVlMCUyMTNtMiUyMTFzcGwlMjEyc3BsJTIxNHYxNjMyOTA3MDM3NTIwJTIxNW0yJTIxMXNwbCUyMTJzcGwlMjIlMjB3aWR0aCUzRCUyMjYwMCUyMiUyMGhlaWdodCUzRCUyMjQ2MCUyMiUyMHN0eWxlJTNEJTIyYm9yZGVyJTNBMCUzQiUyMiUyMGFsbG93ZnVsbHNjcmVlbiUzRCUyMiUyMiUyMGxvYWRpbmclM0QlMjJsYXp5JTIyJTNFJTNDJTJGaWZyYW1lJTNF&#8221;][\/vc_column_inner][\/vc_row_inner][\/vc_column][\/vc_row][\/vc_section][vc_section full_width=&#8221;stretch_row&#8221; el_class=&#8221;contact_background mb-0&#8243;][vc_row][vc_column][vc_column_text css=&#8221;.vc_custom_1639568942414{margin-top: 51px !important;margin-bottom: 49px !important;}&#8221;]<\/p>\n<p class=\"contact_zip--heading\" style=\"text-align: center;\">Do you need the crest of Warta Poznan? <span class=\"zip__quote\"> Download a .zip package with the crest of our Club in various formats.<\/span><\/p>\n<p>[\/vc_column_text][vc_btn title=&#8221;DOWNLOAD THE CREST PACKAGE&#8221; style=&#8221;custom&#8221; custom_background=&#8221;#ffffff&#8221; custom_text=&#8221;#0d7646&#8243; shape=&#8221;square&#8221; align=&#8221;center&#8221; el_class=&#8221;business_specialbutton button_green&#8211;arrow&#8221; css=&#8221;.vc_custom_1694079702114{margin-bottom: 71px !important;}&#8221; link=&#8221;url:https%3A%2F%2Fwartapoznan.pl%2Fwp-content%2Fuploads%2F2023%2F09%2FWarta-Poznan-HERB.zip|&#8221;][\/vc_column][\/vc_row][\/vc_section][vc_section full_width=&#8221;stretch_row&#8221; el_class=&#8221;contact_background&#8211;inner mb-0&#8243;][vc_row][vc_column][vc_custom_heading text=&#8221;Contact us&#8221; font_container=&#8221;tag:h2|text_align:center&#8221; use_theme_fonts=&#8221;yes&#8221; el_class=&#8221;main__header&#8211;homepage&#8221;]\n<div class=\"wpcf7 no-js\" id=\"wpcf7-f15072-o1\" lang=\"pl-PL\" dir=\"ltr\">\n<div class=\"screen-reader-response\"><p role=\"status\" aria-live=\"polite\" aria-atomic=\"true\"><\/p> <ul><\/ul><\/div>\n<form action=\"\/index.php\/wp-json\/wp\/v2\/pages\/39388#wpcf7-f15072-o1\" method=\"post\" class=\"wpcf7-form init\" aria-label=\"Formularz kontaktowy\" novalidate=\"novalidate\" data-status=\"init\">\n<div style=\"display: none;\">\n<input type=\"hidden\" name=\"_wpcf7\" value=\"15072\" \/>\n<input type=\"hidden\" name=\"_wpcf7_version\" value=\"5.9.8\" \/>\n<input type=\"hidden\" name=\"_wpcf7_locale\" value=\"pl_PL\" \/>\n<input type=\"hidden\" name=\"_wpcf7_unit_tag\" value=\"wpcf7-f15072-o1\" \/>\n<input type=\"hidden\" name=\"_wpcf7_container_post\" value=\"0\" \/>\n<input type=\"hidden\" name=\"_wpcf7_posted_data_hash\" value=\"\" \/>\n<input type=\"hidden\" name=\"_wpcf7_recaptcha_response\" value=\"\" \/>\n<\/div>\n<div class=\"row\">\n\t<div class=\"col-md-6 contact-form\">\n\t\t<div class=\"form-group\">\n\t\t\t<p><label for \"imieinazwisko\">Imi\u0119 i nazwisko <span class=\"required\"><\/span><\/label><br \/>\n<span class=\"wpcf7-form-control-wrap\" data-name=\"input-name\"><input size=\"40\" maxlength=\"25\" class=\"wpcf7-form-control wpcf7-text wpcf7-validates-as-required form-control\" id=\"imieinazwisko\" aria-required=\"true\" aria-invalid=\"false\" value=\"\" type=\"text\" name=\"input-name\" \/><\/span>\n\t\t\t<\/p>\n\t\t<\/div>\n\t<\/div>\n\t<div class=\"col-md-6 contact-form\">\n\t\t<div class=\"form-group\">\n\t\t\t<p><label for \"jakipakiet\">W jakiej sprawie piszesz?<span class=\"required\"><\/span><\/label><br \/>\n<span class=\"wpcf7-form-control-wrap\" data-name=\"pakiet\"><select class=\"wpcf7-form-control wpcf7-select\" id=\"jakipakiet\" aria-invalid=\"false\" name=\"pakiet\"><option value=\"\">Wybierz kategori\u0119 sprawy<\/option><option value=\"Sprzeda\u017c bilet\u00f3w\">Sprzeda\u017c bilet\u00f3w<\/option><option value=\"Reklama i marketing\">Reklama i marketing<\/option><option value=\"Dla biznesu\">Dla biznesu<\/option><option value=\"Inne\">Inne<\/option><\/select><\/span>\n\t\t\t<\/p>\n\t\t<\/div>\n\t<\/div>\n\t<div class=\"col-md-6 contact-form\">\n\t\t<div class=\"form-group\">\n\t\t\t<p><label for \"numertelefonu\">Numer telefonu <span class=\"required\"><\/span><\/label><br \/>\n<span class=\"wpcf7-form-control-wrap\" data-name=\"input-brand\"><input size=\"40\" maxlength=\"25\" class=\"wpcf7-form-control wpcf7-text wpcf7-validates-as-required form-control\" id=\"numertelefonu\" aria-required=\"true\" aria-invalid=\"false\" value=\"\" type=\"text\" name=\"input-brand\" \/><\/span>\n\t\t\t<\/p>\n\t\t<\/div>\n\t<\/div>\n\t<div class=\"col-md-6 contact-form\">\n\t\t<div class=\"form-group\">\n\t\t\t<p><label for \"adresemail\">Adres e-mail <span class=\"required\"><\/span><\/label><br \/>\n<span class=\"wpcf7-form-control-wrap\" data-name=\"input-email\"><input size=\"40\" maxlength=\"25\" class=\"wpcf7-form-control wpcf7-text wpcf7-validates-as-required form-control\" id=\"adresemail\" aria-required=\"true\" aria-invalid=\"false\" value=\"\" type=\"text\" name=\"input-email\" \/><\/span>\n\t\t\t<\/p>\n\t\t<\/div>\n\t<\/div>\n\t<div class=\"col-md-12 contact-form\">\n\t\t<div class=\"form-group\">\n\t\t\t<p><label for \"textarea\">Tre\u015b\u0107 wiadomo\u015bci <span class=\"required\"><\/span><\/label><br \/>\n<span class=\"wpcf7-form-control-wrap\" data-name=\"textarea-427\"><textarea cols=\"40\" rows=\"10\" maxlength=\"500\" minlength=\"10\" class=\"wpcf7-form-control wpcf7-textarea form-control\" id=\"textarea\" aria-invalid=\"false\" name=\"textarea-427\">Wpisz tre\u015b\u0107 wiadomo\u015bci...<\/textarea><\/span>\n\t\t\t<\/p>\n\t\t<\/div>\n\t<\/div>\n\t<div class=\"col-md-12 contact-form\">\n\t\t<div class=\"form-group\">\n\t\t\t<p><span class=\"wpcf7-form-control-wrap\" data-name=\"acceptance-568\"><span class=\"wpcf7-form-control wpcf7-acceptance\"><span class=\"wpcf7-list-item\"><label><input type=\"checkbox\" name=\"acceptance-568\" value=\"1\" aria-invalid=\"false\" \/><span class=\"wpcf7-list-item-label\">Uwaga! Przesy\u0142aj\u0105c formularz wyra\u017casz zgod\u0119 na \u015bwiadczenie us\u0142ug drog\u0105 elektroniczn\u0105, a tak\u017ce na przetwarzanie danych osobowych. Polityka prywatno\u015bci dost\u0119pna pod <a href=\"\/index.php\/polityka-prywatnosci\/\">tym linkiem<\/a><\/span><\/label><\/span><\/span><\/span>\n\t\t\t<\/p>\n\t\t<\/div>\n\t<\/div>\n\t<div class=\"col-md-12 text-center mt-5\">\n\t\t<div class=\"form-group\">\n\t\t\t<p><button type=\"submit\" class=\"wpcf7-submit contact-form_button\">Wy\u015blij formularz<\/button><br \/>\n<img decoding=\"async\" class=\"ajax-loader\" src=\"\/wp-content\/plugins\/contact-form-7\/images\/ajax-loader.gif\" alt=\"Sending ...\" style=\"visibility: hidden; opacity: 1;\" \/>\n\t\t\t<\/p>\n\t\t<\/div>\n\t<\/div>\n<\/div><div class=\"wpcf7-response-output\" aria-hidden=\"true\"><\/div>\n<\/form>\n<\/div>\n[\/vc_column][\/vc_row][\/vc_section]<\/p>\n","protected":false},"excerpt":{"rendered":"<p>[vc_section full_width=&#8221;stretch_row&#8221; el_class=&#8221;special_background mb-0&#8243;][vc_row css=&#8221;.vc_custom_1632909755419{margin-bottom: 101px !important;}&#8221;][vc_column][vc_custom_heading text=&#8221;Contact information&#8221; font_container=&#8221;tag:h2|text_align:center|color:%230d7646&#8243; use_theme_fonts=&#8221;yes&#8221; el_class=&#8221;global__heading main__header&#8211;homepage&#8221;][vc_row_inner][vc_column_inner width=&#8221;1\/2&#8243;][vc_column_text] T: +48 512 482 203 [\/vc_column_text][\/vc_column_inner][vc_column_inner&#8230;<\/p>\n","protected":false},"author":36,"featured_media":0,"parent":0,"menu_order":0,"comment_status":"closed","ping_status":"closed","template":"templates\/kontakt.php","meta":{"om_disable_all_campaigns":false,"inline_featured_image":false,"footnotes":"","_links_to":"","_links_to_target":""},"categories":[],"tags":[],"aioseo_notices":[],"_links":{"self":[{"href":"https:\/\/wartapoznan.pl\/index.php\/wp-json\/wp\/v2\/pages\/39388"}],"collection":[{"href":"https:\/\/wartapoznan.pl\/index.php\/wp-json\/wp\/v2\/pages"}],"about":[{"href":"https:\/\/wartapoznan.pl\/index.php\/wp-json\/wp\/v2\/types\/page"}],"author":[{"embeddable":true,"href":"https:\/\/wartapoznan.pl\/index.php\/wp-json\/wp\/v2\/users\/36"}],"replies":[{"embeddable":true,"href":"https:\/\/wartapoznan.pl\/index.php\/wp-json\/wp\/v2\/comments?post=39388"}],"version-history":[{"count":3,"href":"https:\/\/wartapoznan.pl\/index.php\/wp-json\/wp\/v2\/pages\/39388\/revisions"}],"predecessor-version":[{"id":39391,"href":"https:\/\/wartapoznan.pl\/index.php\/wp-json\/wp\/v2\/pages\/39388\/revisions\/39391"}],"wp:attachment":[{"href":"https:\/\/wartapoznan.pl\/index.php\/wp-json\/wp\/v2\/media?parent=39388"}],"wp:term":[{"taxonomy":"category","embeddable":true,"href":"https:\/\/wartapoznan.pl\/index.php\/wp-json\/wp\/v2\/categories?post=39388"},{"taxonomy":"post_tag","embeddable":true,"href":"https:\/\/wartapoznan.pl\/index.php\/wp-json\/wp\/v2\/tags?post=39388"}],"curies":[{"name":"wp","href":"https:\/\/api.w.org\/{rel}","templated":true}]}}