{"id":40030,"date":"2021-10-14T09:43:46","date_gmt":"2021-10-14T07:43:46","guid":{"rendered":"https:\/\/wartapoznan.pl\/index.php\/amp-futbol\/"},"modified":"2024-09-13T10:52:18","modified_gmt":"2024-09-13T08:52:18","slug":"amp-futbol","status":"publish","type":"page","link":"https:\/\/wartapoznan.pl\/index.php\/amp-futbol\/?lang=en","title":{"rendered":"Amp-Futbol"},"content":{"rendered":"<p>[vc_section full_width=&#8221;stretch_row&#8221; el_class=&#8221;mb-0&#8243;][vc_row el_id=&#8221;nav-1&#8243;][vc_column css=&#8221;.vc_custom_1640180581170{margin-top: 50px !important;}&#8221; el_class=&#8221;team_spacer&#8221;][vc_custom_heading text=&#8221;Play in AMP Futbol Warta Poznan&#8221; font_container=&#8221;tag:h3|font_size:36px|text_align:center|color:%230d7646&#8243; use_theme_fonts=&#8221;yes&#8221; el_class=&#8221;global__heading energy_switcher&#8211;heading&#8221; css=&#8221;.vc_custom_1634206284834{margin-bottom: 50px !important;}&#8221;][vc_column_text]<\/p>\n<p class=\"history_quote\">Soccer for amputees or people with limb dysfunction is a rapidly growing sport. The amp soccer section of Warta Poznan was established in December 2019 and is the first of its kind in the capital of Greater Poland. The \u201cGreens\u201d team plays in the Ekstraklasa, where it competes against, among others, teams that have in their ranks representatives of Poland, the third team of the 2021 European Championships.   <\/p>\n<p>[\/vc_column_text][vc_video link=&#8221;https:\/\/www.youtube.com\/watch?v=0FXlbTNrL3Y&#8221; align=&#8221;center&#8221;][vc_column_text]<\/p>\n<p class=\"history_quote\">The league games receive media attention, and the matches are broadcast on TV, including online by TVP Sport. This is an excellent opportunity for the project to gain publicity and help get people with disabilities interested in physical activity. At Warta Poznan, we support such athletes, thus implementing one of the program points included in the \u201cDevelopment Plan 2020-23\u201d. If you have undergone a leg or arm amputation or have a deformed one of your limbs, you are an ideal candidate to play amp soccer with us in Warta Poznan! Don&#8217;t sit at home, we are already playing. You don&#8217;t have to be a player! Ba, you may not even know the rules of the game! You can join us,supporting our fight for medals and independence! We train in a downhill system, every 2 weeks. We provide our incoming players with accommodation on site, we try to help with the financing of travel.          <\/p>\n<p>[\/vc_column_text][\/vc_column][\/vc_row][\/vc_section][vc_section full_width=&#8221;stretch_row&#8221; css=&#8221;.vc_custom_1634208292186{background-color: #0d7646 !important;}&#8221; el_class=&#8221;mb-0&#8243;][vc_row][vc_column][vc_custom_heading text=&#8221;Send us an application&#8221; font_container=&#8221;tag:h3|font_size:36px|text_align:center|color:%23ffffff&#8221; use_theme_fonts=&#8221;yes&#8221; el_class=&#8221;global__heading energy_switcher&#8211;heading&#8221; css=&#8221;.vc_custom_1634207238581{margin-top: 60px !important;margin-bottom: 40px !important;}&#8221;]\n<div class=\"wpcf7 no-js\" id=\"wpcf7-f15126-o1\" lang=\"pl-PL\" dir=\"ltr\">\n<div class=\"screen-reader-response\"><p role=\"status\" aria-live=\"polite\" aria-atomic=\"true\"><\/p> <ul><\/ul><\/div>\n<form action=\"\/index.php\/wp-json\/wp\/v2\/pages\/40030#wpcf7-f15126-o1\" method=\"post\" class=\"wpcf7-form init\" aria-label=\"Formularz kontaktowy\" novalidate=\"novalidate\" data-status=\"init\">\n<div style=\"display: none;\">\n<input type=\"hidden\" name=\"_wpcf7\" value=\"15126\" \/>\n<input type=\"hidden\" name=\"_wpcf7_version\" value=\"5.9.8\" \/>\n<input type=\"hidden\" name=\"_wpcf7_locale\" value=\"pl_PL\" \/>\n<input type=\"hidden\" name=\"_wpcf7_unit_tag\" value=\"wpcf7-f15126-o1\" \/>\n<input type=\"hidden\" name=\"_wpcf7_container_post\" value=\"0\" \/>\n<input type=\"hidden\" name=\"_wpcf7_posted_data_hash\" value=\"\" \/>\n<input type=\"hidden\" name=\"_wpcf7_recaptcha_response\" value=\"\" \/>\n<\/div>\n<div class=\"row\">\n\t<div class=\"col-md-12 business-form\">\n\t\t<div class=\"form-group\">\n\t\t\t<p><label for \"imieinazwisko\">Imi\u0119 i nazwisko <span class=\"required\"><\/span><\/label><br \/>\n<span class=\"wpcf7-form-control-wrap\" data-name=\"input-name\"><input size=\"40\" maxlength=\"25\" class=\"wpcf7-form-control wpcf7-text wpcf7-validates-as-required form-control\" id=\"imieinazwisko\" aria-required=\"true\" aria-invalid=\"false\" value=\"\" type=\"text\" name=\"input-name\" \/><\/span>\n\t\t\t<\/p>\n\t\t<\/div>\n\t<\/div>\n\t<div class=\"col-md-6 business-form\">\n\t\t<div class=\"form-group\">\n\t\t\t<p><label for \"numertelefonu\">Numer telefonu <span class=\"required\"><\/span><\/label><br \/>\n<span class=\"wpcf7-form-control-wrap\" data-name=\"input-brand\"><input size=\"40\" maxlength=\"25\" class=\"wpcf7-form-control wpcf7-text wpcf7-validates-as-required form-control\" id=\"numertelefonu\" aria-required=\"true\" aria-invalid=\"false\" value=\"\" type=\"text\" name=\"input-brand\" \/><\/span>\n\t\t\t<\/p>\n\t\t<\/div>\n\t<\/div>\n\t<div class=\"col-md-6 business-form\">\n\t\t<div class=\"form-group\">\n\t\t\t<p><label for \"adresemail\">Adres e-mail <span class=\"required\"><\/span><\/label><br \/>\n<span class=\"wpcf7-form-control-wrap\" data-name=\"input-email\"><input size=\"40\" maxlength=\"25\" class=\"wpcf7-form-control wpcf7-text wpcf7-validates-as-required form-control\" id=\"adresemail\" aria-required=\"true\" aria-invalid=\"false\" value=\"\" type=\"text\" name=\"input-email\" \/><\/span>\n\t\t\t<\/p>\n\t\t<\/div>\n\t<\/div>\n\t<div class=\"col-md-12 business-form\">\n\t\t<div class=\"form-group\">\n\t\t\t<p><label for \"textarea\">Tre\u015b\u0107 wiadomo\u015bci <span class=\"required\"><\/span><\/label><br \/>\n<span class=\"wpcf7-form-control-wrap\" data-name=\"textarea-427\"><textarea cols=\"40\" rows=\"10\" maxlength=\"500\" minlength=\"10\" class=\"wpcf7-form-control wpcf7-textarea form-control\" id=\"textarea\" aria-invalid=\"false\" name=\"textarea-427\">Wpisz tre\u015b\u0107 wiadomo\u015bci...<\/textarea><\/span>\n\t\t\t<\/p>\n\t\t<\/div>\n\t<\/div>\n\t<div class=\"col-md-12 business-form\">\n\t\t<div class=\"form-group\">\n\t\t\t<p><span class=\"wpcf7-form-control-wrap\" data-name=\"acceptance-568\"><span class=\"wpcf7-form-control wpcf7-acceptance\"><span class=\"wpcf7-list-item\"><label><input type=\"checkbox\" name=\"acceptance-568\" value=\"1\" aria-invalid=\"false\" \/><span class=\"wpcf7-list-item-label\">Uwaga! Przesy\u0142aj\u0105c formularz wyra\u017casz zgod\u0119 na \u015bwiadczenie us\u0142ug drog\u0105 elektroniczn\u0105, a tak\u017ce na przetwarzanie danych osobowych. Polityka prywatno\u015bci dost\u0119pna pod <a href=\"\/index.php\/polityka-prywatnosci\/\">tym linkiem<\/a><\/span><\/label><\/span><\/span><\/span>\n\t\t\t<\/p>\n\t\t<\/div>\n\t<\/div>\n\t<div class=\"col-md-12 text-center mt-5\">\n\t\t<div class=\"form-group\">\n\t\t\t<p><button type=\"submit\" class=\"wpcf7-submit business-form_button\">Wy\u015blij formularz<\/button><br \/>\n<img decoding=\"async\" class=\"ajax-loader\" src=\"\/wp-content\/plugins\/contact-form-7\/images\/ajax-loader.gif\" alt=\"Sending ...\" style=\"visibility: hidden; opacity: 1;\" \/>\n\t\t\t<\/p>\n\t\t<\/div>\n\t<\/div>\n<\/div><div class=\"wpcf7-response-output\" aria-hidden=\"true\"><\/div>\n<\/form>\n<\/div>\n[\/vc_column][\/vc_row][\/vc_section][vc_section full_width=&#8221;stretch_row&#8221; el_class=&#8221;mb-0 special_background&#8221;][vc_row el_class=&#8221;amp-posts-row&#8221; css=&#8221;.vc_custom_1634208558607{margin-bottom: 80px !important;}&#8221;][vc_column][vc_custom_heading text=&#8221;AMP Futbol &#8211; news&#8221; font_container=&#8221;tag:h3|font_size:36px|text_align:center|color:%230d7646&#8243; use_theme_fonts=&#8221;yes&#8221; el_class=&#8221;global__heading energy_switcher&#8211;heading&#8221; css=&#8221;.vc_custom_1634213996648{margin-top: 50px !important;margin-bottom: 60px !important;}&#8221;][alc_post_loop items_per_page=&#8221;3&#8243; taxonomies_categories=&#8221;amp-futbol&#8221;][vc_column_text]<\/p>\n<div class=\"btn-container\" style=\"text-align: center;\"><a class=\"btn btn-green\" href=\"https:\/\/wartapoznan.pl\/index.php\/wpisy\/amp-futbol-wpisy\/\"><a href=\"https:\/\/wartapoznan.pl\/index.php\/wpisy\/amp-futbol-wpisy\/\">SHOW MORE ARTICLES<\/a><\/a><\/div>\n<p>[\/vc_column_text][\/vc_column][\/vc_row][\/vc_section]<\/p>\n","protected":false},"excerpt":{"rendered":"<p>[vc_section full_width=&#8221;stretch_row&#8221; el_class=&#8221;mb-0&#8243;][vc_row el_id=&#8221;nav-1&#8243;][vc_column css=&#8221;.vc_custom_1640180581170{margin-top: 50px !important;}&#8221; el_class=&#8221;team_spacer&#8221;][vc_custom_heading text=&#8221;Play in AMP Futbol Warta Poznan&#8221; font_container=&#8221;tag:h3|font_size:36px|text_align:center|color:%230d7646&#8243; use_theme_fonts=&#8221;yes&#8221; el_class=&#8221;global__heading energy_switcher&#8211;heading&#8221; css=&#8221;.vc_custom_1634206284834{margin-bottom: 50px&#8230;<\/p>\n","protected":false},"author":36,"featured_media":0,"parent":0,"menu_order":0,"comment_status":"closed","ping_status":"closed","template":"templates\/amp-futbol.php","meta":{"om_disable_all_campaigns":false,"inline_featured_image":false,"footnotes":"","_links_to":"","_links_to_target":""},"categories":[],"tags":[],"aioseo_notices":[],"_links":{"self":[{"href":"https:\/\/wartapoznan.pl\/index.php\/wp-json\/wp\/v2\/pages\/40030"}],"collection":[{"href":"https:\/\/wartapoznan.pl\/index.php\/wp-json\/wp\/v2\/pages"}],"about":[{"href":"https:\/\/wartapoznan.pl\/index.php\/wp-json\/wp\/v2\/types\/page"}],"author":[{"embeddable":true,"href":"https:\/\/wartapoznan.pl\/index.php\/wp-json\/wp\/v2\/users\/36"}],"replies":[{"embeddable":true,"href":"https:\/\/wartapoznan.pl\/index.php\/wp-json\/wp\/v2\/comments?post=40030"}],"version-history":[{"count":3,"href":"https:\/\/wartapoznan.pl\/index.php\/wp-json\/wp\/v2\/pages\/40030\/revisions"}],"predecessor-version":[{"id":40033,"href":"https:\/\/wartapoznan.pl\/index.php\/wp-json\/wp\/v2\/pages\/40030\/revisions\/40033"}],"wp:attachment":[{"href":"https:\/\/wartapoznan.pl\/index.php\/wp-json\/wp\/v2\/media?parent=40030"}],"wp:term":[{"taxonomy":"category","embeddable":true,"href":"https:\/\/wartapoznan.pl\/index.php\/wp-json\/wp\/v2\/categories?post=40030"},{"taxonomy":"post_tag","embeddable":true,"href":"https:\/\/wartapoznan.pl\/index.php\/wp-json\/wp\/v2\/tags?post=40030"}],"curies":[{"name":"wp","href":"https:\/\/api.w.org\/{rel}","templated":true}]}}