{"id":42117,"date":"2025-05-21T12:41:16","date_gmt":"2025-05-21T10:41:16","guid":{"rendered":"https:\/\/wartapoznan.pl\/?page_id=42117"},"modified":"2025-05-21T12:45:25","modified_gmt":"2025-05-21T10:45:25","slug":"prowizja-posrednikow-transakcyjnych","status":"publish","type":"page","link":"https:\/\/wartapoznan.pl\/index.php\/prowizja-posrednikow-transakcyjnych\/","title":{"rendered":"Prowizja po\u015brednik\u00f3w transakcyjnych"},"content":{"rendered":"<p style=\"text-align: center;\"><img loading=\"lazy\" decoding=\"async\" width=\"1516\" height=\"875\" class=\"size-full wp-image-41833 aligncenter\" src=\"https:\/\/wartapoznan.pl\/wp-content\/uploads\/2025\/04\/pzpn.png\" alt=\"\" srcset=\"https:\/\/wartapoznan.pl\/wp-content\/uploads\/2025\/04\/pzpn.png 1516w, https:\/\/wartapoznan.pl\/wp-content\/uploads\/2025\/04\/pzpn-300x173.png 300w, https:\/\/wartapoznan.pl\/wp-content\/uploads\/2025\/04\/pzpn-128x74.png 128w, https:\/\/wartapoznan.pl\/wp-content\/uploads\/2025\/04\/pzpn-32x18.png 32w\" sizes=\"(max-width: 1516px) 100vw, 1516px\" \/><strong><span style=\"color: #000000;\">Zgodnie z obowi\u0105zkiem wynikaj\u0105cym z podr\u0119cznika licencyjnego PZPN, Warta Pozna\u0144 Sp\u00f3\u0142ka Akcyjna informuje, \u017ce w roku 2024 ponios\u0142a koszty w wysoko\u015bci\u00a0 225 911,68 PLN zwi\u0105zane z wyp\u0142aceniem nale\u017cno\u015bci agentom pi\u0142karskim oraz po\u015brednikom transakcyjnym.<\/span><\/strong><\/p>\n","protected":false},"excerpt":{"rendered":"<p>Zgodnie z obowi\u0105zkiem wynikaj\u0105cym z podr\u0119cznika licencyjnego PZPN, Warta Pozna\u0144 Sp\u00f3\u0142ka Akcyjna informuje, \u017ce w roku 2024 ponios\u0142a koszty w&#8230;<\/p>\n","protected":false},"author":38,"featured_media":0,"parent":0,"menu_order":0,"comment_status":"closed","ping_status":"closed","template":"","meta":{"om_disable_all_campaigns":false,"inline_featured_image":false,"footnotes":"","_links_to":"","_links_to_target":""},"categories":[],"tags":[],"aioseo_notices":[],"_links":{"self":[{"href":"https:\/\/wartapoznan.pl\/index.php\/wp-json\/wp\/v2\/pages\/42117"}],"collection":[{"href":"https:\/\/wartapoznan.pl\/index.php\/wp-json\/wp\/v2\/pages"}],"about":[{"href":"https:\/\/wartapoznan.pl\/index.php\/wp-json\/wp\/v2\/types\/page"}],"author":[{"embeddable":true,"href":"https:\/\/wartapoznan.pl\/index.php\/wp-json\/wp\/v2\/users\/38"}],"replies":[{"embeddable":true,"href":"https:\/\/wartapoznan.pl\/index.php\/wp-json\/wp\/v2\/comments?post=42117"}],"version-history":[{"count":5,"href":"https:\/\/wartapoznan.pl\/index.php\/wp-json\/wp\/v2\/pages\/42117\/revisions"}],"predecessor-version":[{"id":42123,"href":"https:\/\/wartapoznan.pl\/index.php\/wp-json\/wp\/v2\/pages\/42117\/revisions\/42123"}],"wp:attachment":[{"href":"https:\/\/wartapoznan.pl\/index.php\/wp-json\/wp\/v2\/media?parent=42117"}],"wp:term":[{"taxonomy":"category","embeddable":true,"href":"https:\/\/wartapoznan.pl\/index.php\/wp-json\/wp\/v2\/categories?post=42117"},{"taxonomy":"post_tag","embeddable":true,"href":"https:\/\/wartapoznan.pl\/index.php\/wp-json\/wp\/v2\/tags?post=42117"}],"curies":[{"name":"wp","href":"https:\/\/api.w.org\/{rel}","templated":true}]}}