{"id":6357,"date":"2019-09-03T13:00:34","date_gmt":"2019-09-03T11:00:34","guid":{"rendered":"https:\/\/wartapoznan.pl\/?page_id=6357"},"modified":"2020-09-29T23:31:33","modified_gmt":"2020-09-29T21:31:33","slug":"zostan-przyjacielem-warty-poznan","status":"publish","type":"page","link":"https:\/\/wartapoznan.pl\/index.php\/zostan-przyjacielem-warty-poznan\/","title":{"rendered":"Zosta\u0144 Przyjacielem Warty Pozna\u0144"},"content":{"rendered":"<p>[vc_row][vc_column css=&#8221;.vc_custom_1548149561490{background-color: #ffffff !important;}&#8221;][vc_column_text css=&#8221;.vc_custom_1548149525647{background-color: #ffffff !important;}&#8221;]<img loading=\"lazy\" decoding=\"async\" width=\"1000\" height=\"1000\" class=\"aligncenter size-full wp-image-6364\" src=\"https:\/\/wartapoznan.pl\/wp-content\/uploads\/2019\/09\/Przyjaciel_Warty_fb_2.jpg\" alt=\"Przyjaciel Warty Pozna\u0144\" srcset=\"https:\/\/wartapoznan.pl\/wp-content\/uploads\/2019\/09\/Przyjaciel_Warty_fb_2.jpg 1000w, https:\/\/wartapoznan.pl\/wp-content\/uploads\/2019\/09\/Przyjaciel_Warty_fb_2-150x150.jpg 150w, https:\/\/wartapoznan.pl\/wp-content\/uploads\/2019\/09\/Przyjaciel_Warty_fb_2-300x300.jpg 300w, https:\/\/wartapoznan.pl\/wp-content\/uploads\/2019\/09\/Przyjaciel_Warty_fb_2-768x768.jpg 768w, https:\/\/wartapoznan.pl\/wp-content\/uploads\/2019\/09\/Przyjaciel_Warty_fb_2-128x128.jpg 128w, https:\/\/wartapoznan.pl\/wp-content\/uploads\/2019\/09\/Przyjaciel_Warty_fb_2-32x32.jpg 32w, https:\/\/wartapoznan.pl\/wp-content\/uploads\/2019\/09\/Przyjaciel_Warty_fb_2-80x80.jpg 80w, https:\/\/wartapoznan.pl\/wp-content\/uploads\/2019\/09\/Przyjaciel_Warty_fb_2-356x356.jpg 356w, https:\/\/wartapoznan.pl\/wp-content\/uploads\/2019\/09\/Przyjaciel_Warty_fb_2-470x470.jpg 470w, https:\/\/wartapoznan.pl\/wp-content\/uploads\/2019\/09\/Przyjaciel_Warty_fb_2-70x70.jpg 70w, https:\/\/wartapoznan.pl\/wp-content\/uploads\/2019\/09\/Przyjaciel_Warty_fb_2-100x100.jpg 100w, https:\/\/wartapoznan.pl\/wp-content\/uploads\/2019\/09\/Przyjaciel_Warty_fb_2-40x40.jpg 40w, https:\/\/wartapoznan.pl\/wp-content\/uploads\/2019\/09\/Przyjaciel_Warty_fb_2-600x600.jpg 600w\" sizes=\"(max-width: 1000px) 100vw, 1000px\" \/><\/p>\n<p>Zosta\u0144 Przyjacielem Warty! Kreuj z nami przysz\u0142o\u015b\u0107 &#8222;Zielonych&#8221;. Wspieraj najstarszy pi\u0142karski klub w Poznaniu, wybieraj\u0105c jeden z dw\u00f3ch pakiet\u00f3w. Ich ceny zaczynaj\u0105 si\u0119 od 500 z\u0142 miesi\u0119cznie .<\/p>\n<p>&#8222;PRZYJACIEL WARTY&#8221; to oferta skierowana do os\u00f3b fizycznych oraz ma\u0142ych firm i przedsi\u0119biorc\u00f3w, sympatyzuj\u0105cych z Wart\u0105 Pozna\u0144. Wspieraj\u0105c klub kwot\u0105 500 lub 1000 z\u0142 netto, mo\u017cna do\u0142\u0105czy\u0107 do Klubu Biznesu Warty Pozna\u0144 i decydowa\u0107 o tym, na jaki obszar dzia\u0142alno\u015bci klubu zostan\u0105 przeznaczone pieni\u0105dze.<\/p>\n<h5>To Ty decydujesz, co finansujesz<\/h5>\n<p>Do wyboru s\u0105 nast\u0119puj\u0105ce opcje:<br \/>\n&#8211; Amp futbol<br \/>\n&#8211; Szkolenie dzieci i m\u0142odzie\u017cy<br \/>\n&#8211; Pierwszy zesp\u00f3\u0142<br \/>\n&#8211; Inicjatywy ekologiczne<\/p>\n<p>Wart\u0119 Pozna\u0144 tworz\u0105 ludzie skupieni wok\u00f3\u0142 idei przyjaznego, pozna\u0144skiego klubu sportowego. Wizja funkcjonowania Warty jest \u015bci\u015ble powi\u0105zana z potrzebami mieszka\u0144c\u00f3w Poznania &#8211; dzieci, rodzin, senior\u00f3w. Klub chce spe\u0142nia\u0107 oczekiwania swoich sympatyk\u00f3w i fan\u00f3w, anga\u017cuj\u0105c si\u0119 w dzia\u0142ania lokalne. Pozna\u0144 zas\u0142uguje na klub &#8222;optymalny&#8221;, w kt\u00f3rym ka\u017cdy b\u0119dzie czu\u0142 si\u0119 dobrze.<\/p>\n<h5>Fakty na temat Warty Pozna\u0144<\/h5>\n<p>&#8211; Jeden z najbardziej zas\u0142u\u017conych klub\u00f3w w Polsce<br \/>\n&#8211; Najstarszy klub pi\u0142karski w Poznaniu<br \/>\n&#8211; Druga si\u0142a pi\u0142karska w Wielkopolsce (PKO Ekstraklasa)<br \/>\n&#8211; Nowe w\u0142adze i koncepcja funkcjonowania klubu<br \/>\n&#8211; Wdra\u017canie element\u00f3w strategii rozwoju organizacji<\/p>\n<h5>Plany Warty Pozna\u0144<\/h5>\n<p>&#8211; Anga\u017cowanie spo\u0142eczno\u015bci lokalnej w funkcjonowanie klubu<br \/>\n&#8211; Budowa stabilnej przysz\u0142o\u015bci &#8222;Zielonych&#8221;<br \/>\n&#8211; Stawianie na zawodnik\u00f3w szkolonych przez klub<br \/>\n&#8211; Rozw\u00f3j nowoczesnej infrastruktury w centrum Poznania<\/p>\n<h5>Zosta\u0144 Przyjacielem Warty Pozna\u0144 &#8211; Twoje korzy\u015bci<\/h5>\n<p>Wybierz jeden z dw\u00f3ch pakiet\u00f3w i wspieraj &#8222;Zielonych&#8221;. Dowiedz si\u0119, co otrzymasz w zamian.<\/p>\n<h6>PAKIET: Przyjaciel Warty &#8211; 500 z\u0142 netto \/ miesi\u0105c<\/h6>\n<p>&#8211; tytu\u0142 &#8222;Przyjaciela Warty Pozna\u0144&#8221;<br \/>\n&#8211; zaproszenie VIP na jeden mecz w rundzie<br \/>\n&#8211; informacja na stronie internetowej klubu<br \/>\n&#8211; obecno\u015b\u0107 w kana\u0142ach spo\u0142eczno\u015bciowych Warty Pozna\u0144<\/p>\n<h6>PAKIET Przyjaciel Warty+ &#8211; 1000 z\u0142 netto \/ miesi\u0105c<\/h6>\n<p>&#8211; tytu\u0142 &#8222;Przyjaciela Warty Pozna\u0144&#8221;<br \/>\n&#8211; zaproszenie VIP na dwa mecze w rundzie<br \/>\n&#8211; informacja na stronie internetowej klubu<br \/>\n&#8211; obecno\u015b\u0107 w kana\u0142ach spo\u0142eczno\u015bciowych Warty Pozna\u0144<br \/>\n&#8211; materia\u0142 reklamowy dla kibic\u00f3w (jeden raz na rund\u0119)<br \/>\n&#8211; spotkanie po rundzie z przedstawicielami klubu<br \/>\n&#8211; reklama LED podczas meczu transmitowanego w TV<\/p>\n<p><center><a href=\"https:\/\/wartapoznan.pl\/wp-content\/uploads\/2020\/09\/Przyjaciel-Warty_oferta.pdf\" target=\"_blank\" rel=\"noopener noreferrer\">PRZYJACIEL WARTY &#8211; POBIERZ OFERT\u0118<\/a><\/center><\/p>\n<p>Ju\u017c dzi\u015b zosta\u0144 Przyjacielem Warty Pozna\u0144! Czekamy na Ciebie pod adresem <a href=\"mailto:biznes@wartapoznan.pl\" target=\"_blank\" rel=\"noopener noreferrer\">biznes@wartapoznan.pl <\/a><\/p>\n<hr \/>\n<p><center><iframe loading=\"lazy\" src=\"https:\/\/wartapoznan.pl\/przyjaciel\/donate\/\" width=\"500px\" height=\"500px\"><\/iframe><\/center><\/p>\n<hr \/>\n<p>[\/vc_column_text][\/vc_column][\/vc_row][vc_row][vc_column][\/vc_column][\/vc_row]<\/p>\n","protected":false},"excerpt":{"rendered":"<p>[vc_row][vc_column css=&#8221;.vc_custom_1548149561490{background-color: #ffffff !important;}&#8221;][vc_column_text css=&#8221;.vc_custom_1548149525647{background-color: #ffffff !important;}&#8221;] Zosta\u0144 Przyjacielem Warty! Kreuj z nami przysz\u0142o\u015b\u0107 &#8222;Zielonych&#8221;. Wspieraj najstarszy pi\u0142karski klub w&#8230;<\/p>\n","protected":false},"author":36,"featured_media":6364,"parent":0,"menu_order":0,"comment_status":"closed","ping_status":"closed","template":"","meta":{"om_disable_all_campaigns":false,"inline_featured_image":false,"footnotes":"","_links_to":"","_links_to_target":""},"categories":[],"tags":[],"aioseo_notices":[],"_links":{"self":[{"href":"https:\/\/wartapoznan.pl\/index.php\/wp-json\/wp\/v2\/pages\/6357"}],"collection":[{"href":"https:\/\/wartapoznan.pl\/index.php\/wp-json\/wp\/v2\/pages"}],"about":[{"href":"https:\/\/wartapoznan.pl\/index.php\/wp-json\/wp\/v2\/types\/page"}],"author":[{"embeddable":true,"href":"https:\/\/wartapoznan.pl\/index.php\/wp-json\/wp\/v2\/users\/36"}],"replies":[{"embeddable":true,"href":"https:\/\/wartapoznan.pl\/index.php\/wp-json\/wp\/v2\/comments?post=6357"}],"version-history":[{"count":31,"href":"https:\/\/wartapoznan.pl\/index.php\/wp-json\/wp\/v2\/pages\/6357\/revisions"}],"predecessor-version":[{"id":11015,"href":"https:\/\/wartapoznan.pl\/index.php\/wp-json\/wp\/v2\/pages\/6357\/revisions\/11015"}],"wp:featuredmedia":[{"embeddable":true,"href":"https:\/\/wartapoznan.pl\/index.php\/wp-json\/wp\/v2\/media\/6364"}],"wp:attachment":[{"href":"https:\/\/wartapoznan.pl\/index.php\/wp-json\/wp\/v2\/media?parent=6357"}],"wp:term":[{"taxonomy":"category","embeddable":true,"href":"https:\/\/wartapoznan.pl\/index.php\/wp-json\/wp\/v2\/categories?post=6357"},{"taxonomy":"post_tag","embeddable":true,"href":"https:\/\/wartapoznan.pl\/index.php\/wp-json\/wp\/v2\/tags?post=6357"}],"curies":[{"name":"wp","href":"https:\/\/api.w.org\/{rel}","templated":true}]}}