{"id":7303,"date":"2019-11-07T16:26:34","date_gmt":"2019-11-07T15:26:34","guid":{"rendered":"https:\/\/wartapoznan.pl\/?page_id=7303"},"modified":"2019-11-07T16:26:34","modified_gmt":"2019-11-07T15:26:34","slug":"zostan-sponsorem-meczu-pilkarzy-warty-poznan","status":"publish","type":"page","link":"https:\/\/wartapoznan.pl\/index.php\/zostan-sponsorem-meczu-pilkarzy-warty-poznan\/","title":{"rendered":"Zosta\u0144 sponsorem meczu pi\u0142karzy Warty Pozna\u0144"},"content":{"rendered":"<p><img loading=\"lazy\" decoding=\"async\" width=\"1000\" height=\"667\" src=\"https:\/\/wartapoznan.pl\/wp-content\/uploads\/2019\/11\/Zaglebie-S-8632-web.jpg\" alt=\"Bandy LED na meczu Warty Pozna\u0144 z Zag\u0142\u0119biem Sosnowiec\" class=\"aligncenter size-full wp-image-7304\" srcset=\"https:\/\/wartapoznan.pl\/wp-content\/uploads\/2019\/11\/Zaglebie-S-8632-web.jpg 1000w, https:\/\/wartapoznan.pl\/wp-content\/uploads\/2019\/11\/Zaglebie-S-8632-web-300x200.jpg 300w, https:\/\/wartapoznan.pl\/wp-content\/uploads\/2019\/11\/Zaglebie-S-8632-web-768x512.jpg 768w, https:\/\/wartapoznan.pl\/wp-content\/uploads\/2019\/11\/Zaglebie-S-8632-web-128x85.jpg 128w, https:\/\/wartapoznan.pl\/wp-content\/uploads\/2019\/11\/Zaglebie-S-8632-web-32x21.jpg 32w, https:\/\/wartapoznan.pl\/wp-content\/uploads\/2019\/11\/Zaglebie-S-8632-web-356x237.jpg 356w, https:\/\/wartapoznan.pl\/wp-content\/uploads\/2019\/11\/Zaglebie-S-8632-web-470x313.jpg 470w, https:\/\/wartapoznan.pl\/wp-content\/uploads\/2019\/11\/Zaglebie-S-8632-web-70x47.jpg 70w, https:\/\/wartapoznan.pl\/wp-content\/uploads\/2019\/11\/Zaglebie-S-8632-web-100x67.jpg 100w, https:\/\/wartapoznan.pl\/wp-content\/uploads\/2019\/11\/Zaglebie-S-8632-web-600x400.jpg 600w\" sizes=\"(max-width: 1000px) 100vw, 1000px\" \/><\/p>\n<p>Ju\u017c za 800 z\u0142 mo\u017cna zareklamowa\u0107 si\u0119 na meczu Warty Pozna\u0144. Tytu\u0142 \u201eSponsora Meczu\u201d w Fortuna 1 Lidze to wydatek 5 tys. z\u0142.<\/p>\n<p>W zwi\u0105zku z transmisjami telewizyjnymi z meczu pi\u0142karzy Warty Pozna\u0144 pojawia si\u0119 mo\u017cliwo\u015b\u0107 ekspozycji reklamowych na dynamicznych no\u015bnikach LED (reklama animowana). Mecze Fortuna 1 Ligi pokazywane na \u017cywo w kana\u0142ach Polsatu ogl\u0105da ponad 50 tys. os\u00f3b, a hitowe pojedynki zaplecza ekstraklasy \u015bci\u0105gaj\u0105 przed ekrany ponad 100 tys. widz\u00f3w. To \u015bwietna okazja do tego, \u017ceby dotrze\u0107 z przekazem reklamowym do szerokiego grona zaanga\u017cowanych odbiorc\u00f3w.<\/p>\n<p>Zach\u0119camy do skorzystania z naszej oferty. Jeste\u015bmy przekonani, \u017ce znajd\u0105 Pa\u0144stwo pakiet odpowiedni dla siebie.<\/p>\n<h6>CENY PAKIET\u00d3W<\/h6>\n<p><strong>1 minuta ekspozycji<\/strong> w czasie meczu plus zaproszenie na trybun\u0119 VIP &#8211; <strong>800 z\u0142<\/strong><br \/>\n<strong>3 minuty<\/strong> ekspozycji plus 2 zaproszenia na trybun\u0119 VIP &#8211; <strong>1800 z\u0142<\/strong><br \/>\n<strong>6 minut<\/strong> ekspozycji plus 4 zaproszenia na trybun\u0119 VIP &#8211; <strong>3000 z\u0142<\/strong><br \/>\n<strong>12 minut<\/strong> ekspozycji, 8 zaprosze\u0144 na trybun\u0119 VIP, roll-up w strefie VIP, informacja na stronie wartapoznan.pl plus tytu\u0142 &#8222;Sponsora Meczu&#8221; \u2013 <strong>5000 z\u0142<\/strong><\/p>\n<hr>\n<p><small>Wszystkie ceny netto<\/small><\/p>\n<p>W razie pyta\u0144, jeste\u015bmy do dyspozycji. W przypadku mecz\u00f3w, z kt\u00f3rych nie jest przeprowadzana transmisja TV, \u015bwiadczenia mo\u017cna ustali\u0107 indywidualnie.<br \/>\nZach\u0119camy do kontaktu pod adresem: <a href=\"mailto:biznes@wartapoznan.pl\" rel=\"noopener noreferrer\" target=\"_blank\">biznes@wartapoznan.pl<\/a>.<\/p>\n","protected":false},"excerpt":{"rendered":"<p>Ju\u017c za 800 z\u0142 mo\u017cna zareklamowa\u0107 si\u0119 na meczu Warty Pozna\u0144. Tytu\u0142 \u201eSponsora Meczu\u201d w Fortuna 1 Lidze to wydatek&#8230;<\/p>\n","protected":false},"author":36,"featured_media":7304,"parent":0,"menu_order":0,"comment_status":"closed","ping_status":"closed","template":"","meta":{"om_disable_all_campaigns":false,"inline_featured_image":false,"footnotes":"","_links_to":"","_links_to_target":""},"categories":[],"tags":[],"aioseo_notices":[],"_links":{"self":[{"href":"https:\/\/wartapoznan.pl\/index.php\/wp-json\/wp\/v2\/pages\/7303"}],"collection":[{"href":"https:\/\/wartapoznan.pl\/index.php\/wp-json\/wp\/v2\/pages"}],"about":[{"href":"https:\/\/wartapoznan.pl\/index.php\/wp-json\/wp\/v2\/types\/page"}],"author":[{"embeddable":true,"href":"https:\/\/wartapoznan.pl\/index.php\/wp-json\/wp\/v2\/users\/36"}],"replies":[{"embeddable":true,"href":"https:\/\/wartapoznan.pl\/index.php\/wp-json\/wp\/v2\/comments?post=7303"}],"version-history":[{"count":3,"href":"https:\/\/wartapoznan.pl\/index.php\/wp-json\/wp\/v2\/pages\/7303\/revisions"}],"predecessor-version":[{"id":11991,"href":"https:\/\/wartapoznan.pl\/index.php\/wp-json\/wp\/v2\/pages\/7303\/revisions\/11991"}],"wp:featuredmedia":[{"embeddable":true,"href":"https:\/\/wartapoznan.pl\/index.php\/wp-json\/wp\/v2\/media\/7304"}],"wp:attachment":[{"href":"https:\/\/wartapoznan.pl\/index.php\/wp-json\/wp\/v2\/media?parent=7303"}],"wp:term":[{"taxonomy":"category","embeddable":true,"href":"https:\/\/wartapoznan.pl\/index.php\/wp-json\/wp\/v2\/categories?post=7303"},{"taxonomy":"post_tag","embeddable":true,"href":"https:\/\/wartapoznan.pl\/index.php\/wp-json\/wp\/v2\/tags?post=7303"}],"curies":[{"name":"wp","href":"https:\/\/api.w.org\/{rel}","templated":true}]}}